{"id":789,"date":"2021-06-23T07:32:23","date_gmt":"2021-06-23T05:32:23","guid":{"rendered":"https:\/\/aivie.ch\/product\/schulung-sicher-unterwegs-als-mautic-anwender\/"},"modified":"2023-04-11T00:00:06","modified_gmt":"2023-04-10T22:00:06","slug":"workshop-sicher-unterwegs-als-aivie-mautic-anwender","status":"publish","type":"product","link":"https:\/\/aivie.ch\/it\/prodotto\/workshop-sicher-unterwegs-als-aivie-mautic-anwender\/","title":{"rendered":"Workshop \u201cWie bin ich sicher unterwegs als Aivie\/Mautic Anwender:in?\u201d"},"content":{"rendered":"<p>Datenschutz-konform kommunizieren oder einfach auch deine Kontakte fair behandeln.<\/p>\n<ul>\n<li>E-Mail Marketing, was geht und was nicht<\/li>\n<li>Fair Data Policy<\/li>\n<li>Datenschutz- und Nutzungsbestimmungen<\/li>\n<\/ul>\n<p>Du bekommst eine Vorlage f\u00fcr deine Datenschutzbestimmungen und bist so nach dem Workshop bestens ausger\u00fcstet.<\/p>\n<p>Zweist\u00fcndiger Workshop, inklusive aller Unterlagen. Es gelten unsere <a href=\"https:\/\/www.idea2.ch\/allgemeine-geschaeftsbedingungen\/\" target=\"_blank\" rel=\"noopener noreferrer\">AGB<\/a>.<\/p>\n","protected":false},"excerpt":{"rendered":"<p>Datenschutz-konform kommunizieren oder einfach auch deine Kontakte fair behandeln. E-Mail Marketing, was geht und was nicht Fair Data Policy Datenschutz- und Nutzungsbestimmungen Du bekommst eine Vorlage f\u00fcr deine Datenschutzbestimmungen und bist so nach dem Workshop bestens ausger\u00fcstet. Zweist\u00fcndiger Workshop, inklusive aller Unterlagen. Es gelten unsere AGB.<\/p>\n","protected":false},"featured_media":4150,"comment_status":"closed","ping_status":"closed","template":"","meta":{"_acf_changed":false},"product_brand":[],"product_cat":[32,489],"product_tag":[],"class_list":{"0":"post-789","1":"product","2":"type-product","3":"status-publish","4":"has-post-thumbnail","6":"product_cat-workshops-schulungen","7":"product_cat-datenschutz","9":"first","10":"instock","11":"virtual","12":"taxable","13":"purchasable","14":"product-type-simple"},"acf":[],"featured_image_urls_v2":{"full":["https:\/\/cdn.aivie.ch\/media\/wp\/2021\/06\/19131424\/workshop5.png",800,800,false],"thumbnail":["https:\/\/cdn.aivie.ch\/media\/wp\/2021\/06\/19131424\/workshop5-240x240.png",240,240,true],"medium":["https:\/\/cdn.aivie.ch\/media\/wp\/2021\/06\/19131424\/workshop5.png",800,800,false],"medium_large":["https:\/\/cdn.aivie.ch\/media\/wp\/2021\/06\/19131424\/workshop5-768x768.png",768,768,true],"large":["https:\/\/cdn.aivie.ch\/media\/wp\/2021\/06\/19131424\/workshop5.png",800,800,false],"post-thumbnail":["https:\/\/cdn.aivie.ch\/media\/wp\/2021\/06\/19131424\/workshop5.png",800,800,false],"aiv_480w":["https:\/\/cdn.aivie.ch\/media\/wp\/2021\/06\/19131424\/workshop5-480x480.png",480,480,true],"woocommerce_thumbnail":["https:\/\/cdn.aivie.ch\/media\/wp\/2021\/06\/19131424\/workshop5-240x240.png",240,240,true],"woocommerce_single":["https:\/\/cdn.aivie.ch\/media\/wp\/2021\/06\/19131424\/workshop5.png",800,800,false],"woocommerce_gallery_thumbnail":["https:\/\/cdn.aivie.ch\/media\/wp\/2021\/06\/19131424\/workshop5-240x240.png",240,240,true]},"post_excerpt_stackable_v2":"<p>Datenschutz-konform kommunizieren oder einfach auch deine Kontakte fair behandeln. E-Mail Marketing, was geht und was nicht Fair Data Policy Datenschutz- und Nutzungsbestimmungen Du bekommst eine Vorlage f\u00fcr deine Datenschutzbestimmungen und bist so nach dem Workshop bestens ausger\u00fcstet. Zweist\u00fcndiger Workshop, inklusive aller Unterlagen. Es gelten unsere AGB.<\/p>\n","category_list_v2":"","author_info_v2":{"name":"","url":""},"comments_num_v2":"0 commento","_links":{"self":[{"href":"https:\/\/aivie.ch\/it\/wp-json\/wp\/v2\/product\/789","targetHints":{"allow":["GET"]}}],"collection":[{"href":"https:\/\/aivie.ch\/it\/wp-json\/wp\/v2\/product"}],"about":[{"href":"https:\/\/aivie.ch\/it\/wp-json\/wp\/v2\/types\/product"}],"replies":[{"embeddable":true,"href":"https:\/\/aivie.ch\/it\/wp-json\/wp\/v2\/comments?post=789"}],"wp:featuredmedia":[{"embeddable":true,"href":"https:\/\/aivie.ch\/it\/wp-json\/wp\/v2\/media\/4150"}],"wp:attachment":[{"href":"https:\/\/aivie.ch\/it\/wp-json\/wp\/v2\/media?parent=789"}],"wp:term":[{"taxonomy":"product_brand","embeddable":true,"href":"https:\/\/aivie.ch\/it\/wp-json\/wp\/v2\/product_brand?post=789"},{"taxonomy":"product_cat","embeddable":true,"href":"https:\/\/aivie.ch\/it\/wp-json\/wp\/v2\/product_cat?post=789"},{"taxonomy":"product_tag","embeddable":true,"href":"https:\/\/aivie.ch\/it\/wp-json\/wp\/v2\/product_tag?post=789"}],"curies":[{"name":"wp","href":"https:\/\/api.w.org\/{rel}","templated":true}]}}