{"id":30246,"date":"2026-05-09T15:09:52","date_gmt":"2026-05-09T13:09:52","guid":{"rendered":"https:\/\/aivie.ch\/product\/aivie-per-woocommerce-usa-gli-ordini-woocommerce-per-la-marketing-automation-con-aivie-e-mautic\/"},"modified":"2026-05-09T15:16:09","modified_gmt":"2026-05-09T13:16:09","slug":"aivie-per-woocommerce-usa-gli-ordini-woocommerce-per-la-marketing-automation-con-aivie-e-mautic","status":"publish","type":"product","link":"https:\/\/aivie.ch\/it\/prodotto\/aivie-per-woocommerce-usa-gli-ordini-woocommerce-per-la-marketing-automation-con-aivie-e-mautic\/","title":{"rendered":"Setup Aivie per WooCommerce: usa gli ordini WooCommerce per la marketing automation con Aivie e Mautic"},"content":{"rendered":"<h3 data-section-id=\"1g37gtx\" data-start=\"605\" data-end=\"662\">Marketing automation per WooCommerce con dati d&#8217;acquisto reali<\/h3>\n<p data-start=\"664\" data-end=\"894\">Il <strong data-start=\"668\" data-end=\"703\">plugin Aivie Mautic WooCommerce<\/strong> collega il tuo shop WooCommerce ad Aivie\/Mautic. Non appena un ordine viene creato, pagato o fallisce, i contatti e i dati dell&#8217;ordine vengono trasferiti automaticamente ad <a href=\"https:\/\/aivie.ch\/it\/prodotto\/plugin-e-commerce-aivie-mautic-usa-finalmente-i-dati-e-commerce-nelle-campagne-di-marketing-automation\/\">Aivie Commerce<\/a>. <\/p>\n<p data-start=\"896\" data-end=\"1144\">In questo modo puoi attivare campagne di marketing automation mirate dai dati di WooCommerce: percorsi di benvenuto, riattivazioni, follow-up post-acquisto, promemoria per pagamenti falliti o segmenti basati su prodotti, fatturato e cronologia ordini.<\/p>\n<p data-start=\"1146\" data-end=\"1313\">Per i team di marketing, questo significa meno esportazioni manuali e comunicazioni pi\u00f9 pertinenti. Per i CTO, l&#8217;integrazione rimane pulita, tracciabile e controllabile. <\/p>\n<h3 data-section-id=\"lsgol7\" data-start=\"1315\" data-end=\"1381\">Sincronizzare automaticamente gli ordini WooCommerce con Aivie\/Mautic<\/h3>\n<p data-start=\"1383\" data-end=\"1578\">Il plugin trasferisce i dati rilevanti dei clienti da WooCommerce ad Aivie\/Mautic. Questi includono informazioni di contatto, stato dell&#8217;ordine, valori del carrello, metodo di pagamento, abbonamenti, valuta, prodotti e metadati sicuri. <\/p>\n<p data-start=\"1580\" data-end=\"1824\">Se il tracciamento Mautic \u00e8 gi\u00e0 attivo sul sito web, il plugin pu\u00f2 acquisire la <code data-start=\"1667\" data-end=\"1675\">mtc_id<\/code> esistente dalla sessione del browser. In questo modo, un ordine viene assegnato a un contatto esistente, evitando la creazione di inutili duplicati. <\/p>\n<p data-start=\"1826\" data-end=\"1962\">Questo \u00e8 particolarmente prezioso quando i visitatori interagiscono inizialmente in modo anonimo con il tuo sito e acquistano successivamente tramite il checkout di WooCommerce.<\/p>\n<h3 data-section-id=\"1gfhnah\" data-start=\"1964\" data-end=\"2051\">Usa ordini, prodotti e abbonamenti per la marketing automation e-commerce<\/h3>\n<p data-start=\"2053\" data-end=\"2207\">Il plugin invia le voci d&#8217;ordine di WooCommerce come Aivie Commerce Order Items. In questo modo, prodotti, varianti e attributi rilevanti diventano utilizzabili per le campagne. <\/p>\n<p data-start=\"2209\" data-end=\"2242\">Tra le altre cose, sono supportati:<\/p>\n<ul data-start=\"2244\" data-end=\"2453\">\n<li data-section-id=\"1sbe31z\" data-start=\"2244\" data-end=\"2270\">Ordini WooCommerce<\/li>\n<li data-section-id=\"10ax51a\" data-start=\"2271\" data-end=\"2298\">pagamenti falliti<\/li>\n<li data-section-id=\"54pmno\" data-start=\"2299\" data-end=\"2322\">ordini pagati<\/li>\n<li data-section-id=\"3hfstx\" data-start=\"2323\" data-end=\"2350\">WooCommerce Subscriptions<\/li>\n<li data-section-id=\"16gvyl0\" data-start=\"2351\" data-end=\"2367\">ordini di rinnovo<\/li>\n<li data-section-id=\"1xuu8pb\" data-start=\"2368\" data-end=\"2387\">prodotti variabili<\/li>\n<li data-section-id=\"15bl515\" data-start=\"2388\" data-end=\"2412\">abbonamenti variabili<\/li>\n<li data-section-id=\"imuvjf\" data-start=\"2413\" data-end=\"2453\">attributi prodotto e metadati sicuri<\/li>\n<\/ul>\n<p data-start=\"2455\" data-end=\"2602\">In questo modo \u00e8 possibile segmentare i contatti in Aivie\/Mautic, ad esempio, in base ai prodotti acquistati, al valore dell&#8217;ordine, allo stato dell&#8217;abbonamento o al comportamento d&#8217;acquisto.<\/p>\n<h3 data-section-id=\"rhroe9\" data-start=\"2604\" data-end=\"2664\">Connessione sicura tra WooCommerce e Aivie\/Mautic<\/h3>\n<p data-start=\"2666\" data-end=\"2802\">La connessione avviene tramite OAuth 2.0 Authorization Code Flow. Per le configurazioni API, \u00e8 disponibile in alternativa un Bearer Token manuale. <\/p>\n<p data-start=\"2804\" data-end=\"2974\">Il plugin non invia dati finch\u00e9 la connessione non \u00e8 stata configurata da un amministratore e la sincronizzazione automatica non \u00e8 stata attivata.<\/p>\n<p data-start=\"2976\" data-end=\"3159\">Inoltre, i metadati sensibili vengono esclusi automaticamente. Questi includono, ad esempio, password, token, segreti, chiavi API, numeri di carta, valori CVV, IBAN o numeri di conto. <\/p>\n<h3 data-section-id=\"543llu\" data-start=\"3161\" data-end=\"3208\">Funzionamento stabile con retry, log e WP CLI<\/h3>\n<p data-start=\"3210\" data-end=\"3372\">Se l&#8217;API di Aivie\/Mautic \u00e8 temporaneamente irraggiungibile, gli errori di rete e di server vengono riprovati automaticamente tramite il WooCommerce Action Scheduler.<\/p>\n<p data-start=\"3374\" data-end=\"3413\">Per i team tecnici, il plugin offre:<\/p>\n<ul data-start=\"3415\" data-end=\"3717\">\n<li data-section-id=\"16n50yu\" data-start=\"3415\" data-end=\"3460\">pulsante Test Connection nelle impostazioni<\/li>\n<li data-section-id=\"293x3x\" data-start=\"3461\" data-end=\"3514\">sincronizzazione manuale per ogni ordine WooCommerce<\/li>\n<li data-section-id=\"d5cnwp\" data-start=\"3515\" data-end=\"3555\">log in WooCommerce &gt; Stato &gt; Log<\/li>\n<li data-section-id=\"18q9qr0\" data-start=\"3556\" data-end=\"3601\">comandi WP CLI per debugging e backfill<\/li>\n<li data-section-id=\"b62p6m\" data-start=\"3602\" data-end=\"3639\">compatibilit\u00e0 con WooCommerce HPOS<\/li>\n<li data-section-id=\"10qik5h\" data-start=\"3640\" data-end=\"3717\">partecipazione ai processi di esportazione e cancellazione di WordPress per i dati personali<\/li>\n<\/ul>\n<h3 data-section-id=\"h7p27p\" data-start=\"3719\" data-end=\"3780\">A chi \u00e8 rivolto il plugin Aivie Mautic WooCommerce?<\/h3>\n<p data-start=\"3782\" data-end=\"3892\">Il plugin \u00e8 adatto agli shop WooCommerce che desiderano utilizzare i propri dati e-commerce direttamente in Aivie\/Mautic.<\/p>\n<p data-start=\"3894\" data-end=\"3913\">Casi d&#8217;uso tipici:<\/p>\n<ul data-start=\"3915\" data-end=\"4240\">\n<li data-section-id=\"1rq1olv\" data-start=\"3915\" data-end=\"3950\">E-mail di follow-up dopo un acquisto<\/li>\n<li data-section-id=\"iw5wsm\" data-start=\"3951\" data-end=\"3987\">riattivazione di clienti inattivi<\/li>\n<li data-section-id=\"qx805t\" data-start=\"3988\" data-end=\"4021\">campagne per categoria di prodotto<\/li>\n<li data-section-id=\"1uo3sqd\" data-start=\"4022\" data-end=\"4072\">segmentazione per fatturato o frequenza d&#8217;ordine<\/li>\n<li data-section-id=\"ibsyfk\" data-start=\"4073\" data-end=\"4114\">promemoria per pagamenti falliti<\/li>\n<li data-section-id=\"5szpke\" data-start=\"4115\" data-end=\"4149\">campagne sul ciclo di vita degli abbonamenti<\/li>\n<li data-section-id=\"1r0dc9y\" data-start=\"4150\" data-end=\"4196\">migliore attribuzione tramite l&#8217;ID di tracciamento Mautic<\/li>\n<li data-section-id=\"18xb4jc\" data-start=\"4197\" data-end=\"4240\">monitoraggio delle conversioni con i dati di WooCommerce<\/li>\n<\/ul>\n<h3 data-section-id=\"1ro5ah4\" data-start=\"4242\" data-end=\"4293\">Aivie\/Mautic invece di una comunicazione isolata dello shop<\/h3>\n<p data-start=\"4295\" data-end=\"4409\">WooCommerce gestisce gli ordini. Aivie\/Mautic li trasforma in comunicazioni utilizzabili lungo il customer journey. <\/p>\n<p data-start=\"4411\" data-end=\"4576\">Cos\u00ec i dati dello shop diventano trigger concreti per la marketing automation: acquistato, non acquistato, rinnovato, annullato, fallito, riacquistato o di particolare valore.<\/p>\n<p data-start=\"4578\" data-end=\"4705\">Il plugin Aivie Mautic WooCommerce unisce cos\u00ec e-commerce, CRM e marketing automation in una configurazione aperta e flessibile.<\/p>\n<h2 data-section-id=\"1d7mrtu\" data-start=\"4707\" data-end=\"4718\">Funzionalit\u00e0<\/h2>\n<ul data-start=\"4720\" data-end=\"5485\">\n<li data-section-id=\"ounbg\" data-start=\"4720\" data-end=\"4793\">Sincronizzazione automatica di contatti e ordini WooCommerce<\/li>\n<li data-section-id=\"sfl4uu\" data-start=\"4794\" data-end=\"4865\">Supporto per gli eventi Payment Complete, Failed Order e New Order<\/li>\n<li data-section-id=\"fnpczm\" data-start=\"4866\" data-end=\"4914\">Supporto opzionale per WooCommerce Subscriptions<\/li>\n<li data-section-id=\"1su5d0h\" data-start=\"4915\" data-end=\"4965\">Ordini di rinnovo ed eventi del ciclo di vita degli abbonamenti<\/li>\n<li data-section-id=\"e1vp2e\" data-start=\"4966\" data-end=\"5012\">Prodotti variabili e abbonamenti variabili<\/li>\n<li data-section-id=\"1eknoy3\" data-start=\"5013\" data-end=\"5081\">Trasferimento delle voci d&#8217;ordine di WooCommerce come Aivie Commerce Order Items<\/li>\n<li data-section-id=\"ky68u0\" data-start=\"5082\" data-end=\"5123\">Utilizzo dell&#8217;ID di tracciamento Mautic <code data-start=\"5115\" data-end=\"5123\">mtc_id<\/code><\/li>\n<li data-section-id=\"69k7sh\" data-start=\"5124\" data-end=\"5156\">Protezione dai contatti duplicati<\/li>\n<li data-section-id=\"jmmk58\" data-start=\"5157\" data-end=\"5195\">Metadati sicuri in <code data-start=\"5183\" data-end=\"5195\">attributes<\/code><\/li>\n<li data-section-id=\"133ajjt\" data-start=\"5196\" data-end=\"5238\">Esclusione automatica dei dati sensibili<\/li>\n<li data-section-id=\"tiwz14\" data-start=\"5239\" data-end=\"5261\">Connessione OAuth 2.0<\/li>\n<li data-section-id=\"1exuryz\" data-start=\"5262\" data-end=\"5285\">Fallback Bearer Token<\/li>\n<li data-section-id=\"yydbmh\" data-start=\"5286\" data-end=\"5310\">Pulsante Test Connection<\/li>\n<li data-section-id=\"1ciiifr\" data-start=\"5311\" data-end=\"5352\">Sincronizzazione manuale per ordine<\/li>\n<li data-section-id=\"18o87s2\" data-start=\"5353\" data-end=\"5401\">Logica di retry automatica tramite Action Scheduler<\/li>\n<li data-section-id=\"kgajay\" data-start=\"5402\" data-end=\"5419\">Comandi WP CLI<\/li>\n<li data-section-id=\"32cl39\" data-start=\"5420\" data-end=\"5437\">Compatibile con HPOS<\/li>\n<li data-section-id=\"1g17m91\" data-start=\"5438\" data-end=\"5485\">Integrazione con l&#8217;esportazione e la cancellazione GDPR di WordPress<\/li>\n<\/ul>\n<h2 data-section-id=\"1hryhf7\" data-start=\"5487\" data-end=\"5493\">FAQ<\/h2>\n<h3 data-section-id=\"ccaiv4\" data-start=\"5495\" data-end=\"5540\">Devo acquistare il plugin?<\/h3>\n<p data-start=\"5542\" data-end=\"5592\">No. Il plugin \u00e8 disponibile gratuitamente nel negozio WordPress. Con questo prodotto acquisti il supporto per il setup da parte di Aivie.  <\/p>\n<h3 data-section-id=\"ccaiv4\" data-start=\"5495\" data-end=\"5540\">Il plugin funziona senza WooCommerce?<\/h3>\n<p data-start=\"5542\" data-end=\"5592\">No. WooCommerce deve essere installato e attivo. <\/p>\n<h3 data-section-id=\"ang585\" data-start=\"5594\" data-end=\"5651\">Il plugin funziona con Mautic self-hosted?<\/h3>\n<p data-start=\"5653\" data-end=\"5863\">In parte. I contatti possono essere creati e aggiornati. La sincronizzazione completa degli ordini \u00e8 progettata per Aivie Commerce. Per le configurazioni self-hosted, il plugin Aivie Commerce \u00e8 disponibile separatamente.   <\/p>\n<h3 data-section-id=\"3juuhy\" data-start=\"5865\" data-end=\"5914\">Quali dati vengono inviati ad Aivie\/Mautic?<\/h3>\n<p data-start=\"5916\" data-end=\"6103\">Campi di contatto dall&#8217;ordine, totali dell&#8217;ordine, valuta, metodo di pagamento, voci di prodotto, stato, metadati sicuri dell&#8217;ordine e metadati sicuri dell&#8217;articolo. I dati sensibili sono esclusi. <\/p>\n<h3 data-section-id=\"e883b3\" data-start=\"6105\" data-end=\"6140\">Cos&#8217;\u00e8 l&#8217;ID di tracciamento Mautic?<\/h3>\n<p data-start=\"6142\" data-end=\"6327\">L&#8217;ID di tracciamento Mautic \u00e8 un ID contatto memorizzato nel browser tramite il tracciamento Mautic. Il plugin pu\u00f2 acquisire questo ID al checkout e inviarlo insieme all&#8217;ordine. <\/p>\n<h3 data-section-id=\"1omahap\" data-start=\"6329\" data-end=\"6373\">Il plugin supporta WooCommerce HPOS?<\/h3>\n<p data-start=\"6375\" data-end=\"6452\">S\u00ec. Il plugin \u00e8 compatibile con WooCommerce High Performance Order Storage. <\/p>\n<h3 data-section-id=\"hx7il2\" data-start=\"6454\" data-end=\"6519\">Cosa succede se l&#8217;API di Aivie\/Mautic non \u00e8 raggiungibile?<\/h3>\n<p data-start=\"6521\" data-end=\"6683\">Gli errori temporanei di rete e di server vengono riprovati automaticamente. Gli errori di validazione e di autenticazione non vengono ripetuti automaticamente. <\/p>\n<h2 data-section-id=\"trhtn1\" data-start=\"6685\" data-end=\"6706\">Prova ora<\/h2>\n<p data-start=\"6708\" data-end=\"6764\">Usa Aivie gratuitamente per 30 giorni<br data-start=\"6742\" data-end=\"6745\">\n<div class=\"alignfull wp-block-ugb-columns ugb-columns ugb-091e990 ugb-columns--design-plain ugb-columns--columns-2 ugb-main-block ugb-main-block--inner-center ugb--has-block-background\"><style>.ugb-091e990-content-wrapper{grid-column-gap:60px !important}.ugb-091e990.ugb-columns{background-color:#cfe7e1}.ugb-091e990.ugb-columns:before{background-color:#cfe7e1}<\/style><div class=\"ugb-inner-block ugb-inner-block--center\"><div class=\"ugb-block-content\"><div class=\"ugb-columns__item ugb-091e990-content-wrapper\">\n<div class=\"wp-block-ugb-column ugb-column ugb-d6f33f0 ugb-column--design-plain ugb-main-block\"><style>@media screen and (min-width:768px){.ugb-d6f33f0.ugb-column{margin-top:0px !important}.ugb-d6f33f0 > .ugb-inner-block > .ugb-block-content > *{justify-content:flex-end}}.ugb-d6f33f0 > .ugb-inner-block > .ugb-block-content > *{justify-content:flex-end !important}@media screen and (min-width:768px){.ugb-d6f33f0 > .ugb-inner-block > .ugb-block-content > *{padding-top:0px !important;padding-bottom:0px !important;padding-right:0px !important;padding-left:0px !important}}<\/style><div class=\"ugb-inner-block\"><div class=\"ugb-block-content\"><div class=\"ugb-column__item ugb-d6f33f0-column-wrapper\"><div class=\"ugb-column__content-wrapper\">\n<div class=\"wp-block-ugb-heading ugb-heading ugb-48550e9 ugb-main-block\"><div class=\"ugb-inner-block\"><div class=\"ugb-block-content\"><h2 class=\"ugb-heading__title\"><span style=\"color: #e63312;\" class=\"stk-highlight\">Lass deine Kontakte nicht warten.<\/span><\/h2><\/div><\/div><\/div>\n\n\n\n<figure class=\"wp-block-image size-full is-style-default\"><img decoding=\"async\" src=\"https:\/\/cdn.aivie.ch\/media\/wp\/2022\/09\/06100554\/Aivie-Free.webp\" alt=\"Marketing Automation Aivie-Free\" class=\"wp-image-11417\" title=\"\"><\/figure>\n<\/div><\/div><\/div><\/div><\/div>\n\n\n\n<div class=\"wp-block-ugb-column ugb-column ugb-6da6590 ugb-column--design-plain ugb-main-block\"><div class=\"ugb-inner-block\"><div class=\"ugb-block-content\"><div class=\"ugb-column__item ugb-6da6590-column-wrapper\"><div class=\"ugb-column__content-wrapper\">\n<div class=\"wp-block-ugb-heading ugb-heading ugb-dab8255 ugb-main-block\"><style>.ugb-dab8255 .ugb-heading__title{color:#283e4c}<\/style><div class=\"ugb-inner-block\"><div class=\"ugb-block-content\"><h2 class=\"ugb-heading__title\"><span style=\"color: #283e4c;\" class=\"ugb-highlight\">Kostenlos mit Aivie starten<\/span>.<\/h2><p class=\"ugb-heading__subtitle\">Nutze Aivie 30 Tage lang kostenlos und pr\u00fcfe wie du dank Aivie deine Kontakte gezielt erreichen kannst. Aivie bietet dir schon im Trial alle M\u00f6glichkeiten der Vollversion.<br><br>Probier es jetzt einfach aus.<\/p><\/div><\/div><\/div>\n\n\n\n<div class=\"wp-block-ugb-button ugb-button-wrapper ugb-f7ceaee ugb-main-block\"><style>.ugb-f7ceaee .ugb-block-content{justify-content:flex-start !important}.ugb-f7ceaee .ugb-inner-block{text-align:left}<\/style><div class=\"ugb-inner-block\"><div class=\"ugb-block-content\"><div class=\"ugb-button-container\"><a class=\"ugb-button1 ugb-button ugb-button--size-normal\" href=\"https:\/\/aivie.ch\/preise-pakete\/#price\" rel=\"\" title=\"\"><span class=\"ugb-button--inner\">Kostenlos starten<\/span><\/a><\/div><div class=\"ugb-button-container\"><a class=\"ugb-button2 ugb-button ugb-button--size-normal ugb-button--design-plain\" href=\"https:\/\/aivie.ch\/author\/martin\/\" rel=\"\" title=\"\"><span class=\"ugb-button--inner\">Demo vereinbaren<\/span><\/a><\/div><\/div><\/div><\/div>\n<\/div><\/div><\/div><\/div><\/div>\n<\/div><\/div><\/div><\/div>\n<\/p>\n<p data-start=\"6766\" data-end=\"6838\" data-is-last-node=\"\" data-is-only-node=\"\">Si applicano le nostre Condizioni Generali: <a class=\"decorated-link\" href=\"https:\/\/aivie.ch\/it\/termini-e-condizioni-generali\/\" target=\"_new\" rel=\"noopener\" data-start=\"6788\" data-end=\"6838\" data-is-last-node=\"\">https:\/\/aivie.ch\/allgemeine-geschaeftsbedingungen\/<\/a><\/p>\n","protected":false},"excerpt":{"rendered":"<p>Collega il tuo shop WooCommerce ad Aivie\/Mautic e usa i dati dei clienti, gli ordini, i prodotti e gli abbonamenti direttamente per la tua marketing automation. Crea cos\u00ec follow-up, segmenti e campagne basate su dati d&#8217;acquisto reali. <\/p>\n","protected":false},"featured_media":30249,"comment_status":"closed","ping_status":"closed","template":"","meta":{"_acf_changed":false},"product_brand":[],"product_cat":[936],"product_tag":[],"class_list":{"0":"post-30246","1":"product","2":"type-product","3":"status-publish","4":"has-post-thumbnail","6":"product_cat-servizi-istantanei","8":"first","9":"instock","10":"virtual","11":"taxable","12":"purchasable","13":"product-type-simple"},"acf":[],"featured_image_urls_v2":{"full":["https:\/\/cdn.aivie.ch\/media\/wp\/2026\/05\/09151233\/aivie-woocommerce-settings-wordpress.png",2000,1100,false],"thumbnail":["https:\/\/cdn.aivie.ch\/media\/wp\/2026\/05\/09151233\/aivie-woocommerce-settings-wordpress-240x240.png",240,240,true],"medium":["https:\/\/cdn.aivie.ch\/media\/wp\/2026\/05\/09151233\/aivie-woocommerce-settings-wordpress-960x528.png",960,528,true],"medium_large":["https:\/\/cdn.aivie.ch\/media\/wp\/2026\/05\/09151233\/aivie-woocommerce-settings-wordpress-768x422.png",768,422,true],"large":["https:\/\/cdn.aivie.ch\/media\/wp\/2026\/05\/09151233\/aivie-woocommerce-settings-wordpress-1920x1056.png",990,545,true],"post-thumbnail":["https:\/\/cdn.aivie.ch\/media\/wp\/2026\/05\/09151233\/aivie-woocommerce-settings-wordpress-1200x660.png",1200,660,true],"aiv_480w":["https:\/\/cdn.aivie.ch\/media\/wp\/2026\/05\/09151233\/aivie-woocommerce-settings-wordpress-480x264.png",480,264,true],"woocommerce_thumbnail":["https:\/\/cdn.aivie.ch\/media\/wp\/2026\/05\/09151233\/aivie-woocommerce-settings-wordpress-240x240.png",240,240,true],"woocommerce_single":["https:\/\/cdn.aivie.ch\/media\/wp\/2026\/05\/09151233\/aivie-woocommerce-settings-wordpress-960x528.png",960,528,true],"woocommerce_gallery_thumbnail":["https:\/\/cdn.aivie.ch\/media\/wp\/2026\/05\/09151233\/aivie-woocommerce-settings-wordpress-240x240.png",240,240,true]},"post_excerpt_stackable_v2":"<p>Collega il tuo shop WooCommerce ad Aivie\/Mautic e usa i dati dei clienti, gli ordini, i prodotti e gli abbonamenti direttamente per la tua marketing automation. Crea cos\u00ec follow-up, segmenti e campagne basate su dati d&#8217;acquisto reali. <\/p>\n","category_list_v2":"","author_info_v2":{"name":"","url":""},"comments_num_v2":"0 commento","_links":{"self":[{"href":"https:\/\/aivie.ch\/it\/wp-json\/wp\/v2\/product\/30246","targetHints":{"allow":["GET"]}}],"collection":[{"href":"https:\/\/aivie.ch\/it\/wp-json\/wp\/v2\/product"}],"about":[{"href":"https:\/\/aivie.ch\/it\/wp-json\/wp\/v2\/types\/product"}],"replies":[{"embeddable":true,"href":"https:\/\/aivie.ch\/it\/wp-json\/wp\/v2\/comments?post=30246"}],"wp:featuredmedia":[{"embeddable":true,"href":"https:\/\/aivie.ch\/it\/wp-json\/wp\/v2\/media\/30249"}],"wp:attachment":[{"href":"https:\/\/aivie.ch\/it\/wp-json\/wp\/v2\/media?parent=30246"}],"wp:term":[{"taxonomy":"product_brand","embeddable":true,"href":"https:\/\/aivie.ch\/it\/wp-json\/wp\/v2\/product_brand?post=30246"},{"taxonomy":"product_cat","embeddable":true,"href":"https:\/\/aivie.ch\/it\/wp-json\/wp\/v2\/product_cat?post=30246"},{"taxonomy":"product_tag","embeddable":true,"href":"https:\/\/aivie.ch\/it\/wp-json\/wp\/v2\/product_tag?post=30246"}],"curies":[{"name":"wp","href":"https:\/\/api.w.org\/{rel}","templated":true}]}}