{"id":29322,"date":"2026-03-11T22:15:15","date_gmt":"2026-03-11T20:15:15","guid":{"rendered":"https:\/\/aivie.ch\/product\/mautic-crm-mobile-app-il-tuo-mautic-crm-in-mobilita\/"},"modified":"2026-04-08T19:46:12","modified_gmt":"2026-04-08T17:46:12","slug":"mautic-crm-mobile-app-il-tuo-mautic-crm-in-mobilita","status":"publish","type":"product","link":"https:\/\/aivie.ch\/it\/prodotto\/mautic-crm-mobile-app-il-tuo-mautic-crm-in-mobilita\/","title":{"rendered":"Aivie Mautic App \u2013 Il tuo CRM Mautic sempre con te"},"content":{"rendered":"<p data-start=\"353\" data-end=\"554\">Con la <strong data-start=\"361\" data-end=\"382\">Mautic App<\/strong> di Aivie, il tuo <strong data-start=\"403\" data-end=\"417\">CRM Mautic<\/strong> diventa davvero mobile. Gestisci i contatti, registra note o aggiorna lo stato di un lead: tutto direttamente da smartphone o tablet. <\/p>\n<p data-start=\"556\" data-end=\"858\">Oggi molti team di marketing e vendita non lavorano pi\u00f9 solo al desktop. Conversazioni con i clienti, eventi o meeting improvvisati avvengono in mobilit\u00e0. \u00c8 qui che la Mautic Mobile App fa la differenza: porta le funzioni principali del tuo CRM Mautic in un\u2019interfaccia chiara e ottimizzata per il mobile.  <\/p>\n<p data-start=\"860\" data-end=\"1088\">Dopo una conversazione con un cliente puoi salvare subito una nota, aggiornare lo stato del funnel o modificare l&#8217;owner responsabile. In questo modo i tuoi dati CRM restano aggiornati e il tuo team lavora con le stesse informazioni. <\/p>\n<p data-start=\"1090\" data-end=\"1298\">L&#8217;applicazione pu\u00f2 essere installata come Web App sullo smartphone e si comporta come un&#8217;app nativa. Cos\u00ec hai il tuo Mautic CRM sempre a portata di mano \u2013 che tu sia in ufficio, in treno o dal cliente. <\/p>\n<h2 data-section-id=\"1ylugqj\" data-start=\"1305\" data-end=\"1349\">Funzioni principali della Mautic App<\/h2>\n<p data-start=\"1351\" data-end=\"1473\"><strong data-start=\"1351\" data-end=\"1378\">Trova rapidamente i contatti<\/strong><br data-start=\"1378\" data-end=\"1381\">Cerca contatti tramite una ricerca typeahead veloce e apri i loro dettagli con pochi clic.<\/p>\n<p data-start=\"1475\" data-end=\"1631\"><strong data-start=\"1475\" data-end=\"1510\">Panoramica delle attivit\u00e0 dei contatti<\/strong><br data-start=\"1510\" data-end=\"1513\">Visualizza attivit\u00e0 rilevanti come interazioni e-mail, visite alle pagine o azioni sui form in ordine cronologico.<\/p>\n<p data-start=\"1633\" data-end=\"1765\"><strong data-start=\"1633\" data-end=\"1673\">Registra note direttamente sul contatto<\/strong><br data-start=\"1673\" data-end=\"1676\">Salva note di conversazione subito dopo un meeting e modificale successivamente se necessario.<\/p>\n<p data-start=\"1767\" data-end=\"1892\"><strong data-start=\"1767\" data-end=\"1804\">Gestisci Sales Funnel e Stage<\/strong><br data-start=\"1804\" data-end=\"1807\">Modifica lo stato di un lead in modo rapido e semplice tramite una selezione stage ottimizzata.<\/p>\n<p data-start=\"1894\" data-end=\"2016\"><strong data-start=\"1894\" data-end=\"1944\">Cambia owner e adatta le responsabilit\u00e0<\/strong><br data-start=\"1944\" data-end=\"1947\">Assegna contatti a un altro owner direttamente dalla vista mobile.<\/p>\n<p data-start=\"2018\" data-end=\"2176\"><strong data-start=\"2018\" data-end=\"2049\">Gestisci tag e segmenti<\/strong><br data-start=\"2049\" data-end=\"2052\">Aggiungi o rimuovi tag tramite una ricerca intelligente. I contatti possono anche essere aggiunti direttamente ai segmenti. <\/p>\n<p data-start=\"2178\" data-end=\"2285\"><strong data-start=\"2178\" data-end=\"2205\">Modifica dati contatto<\/strong><br data-start=\"2205\" data-end=\"2208\">Modifica campi importanti come nome, e-mail o altre informazioni di contatto.<\/p>\n<p data-start=\"2287\" data-end=\"2399\"><strong data-start=\"2287\" data-end=\"2312\">Apri direttamente l&#8217;indirizzo<\/strong><br data-start=\"2312\" data-end=\"2315\">Apri indirizzi salvati direttamente in Google Maps e naviga verso il prossimo appuntamento.<\/p>\n<p data-start=\"2401\" data-end=\"2513\"><strong data-start=\"2401\" data-end=\"2442\">Command Palette per azioni rapide<\/strong><br data-start=\"2442\" data-end=\"2445\">Accedi rapidamente alle funzioni principali tramite una Command Palette.<\/p>\n<p data-start=\"2515\" data-end=\"2641\"><strong data-start=\"2515\" data-end=\"2544\">Mobile App installabile<\/strong><br data-start=\"2544\" data-end=\"2547\">L&#8217;applicazione pu\u00f2 essere installata sullo smartphone e si comporta come un&#8217;app nativa.<\/p>\n<p data-start=\"2515\" data-end=\"2641\"><strong>Arricchisci i contatti con l\u2019AI<\/strong><br \/>\nAcquisisci contatti completi con Aivie Contact Enrichment con Gemini AI.<\/p>\n<h2 data-section-id=\"vmvucs\" data-start=\"0\" data-end=\"60\">Comprendi davvero i tuoi contatti \u2013 senza sforzo manuale<\/h2>\n<p data-start=\"62\" data-end=\"561\">Dati di contatto incompleti rendono difficili le campagne mirate e fanno perdere tempo nella ricerca manuale. Con la funzione Arricchimento Contatti Aivie basata su Gemini AI, i tuoi contatti vengono arricchiti automaticamente con informazioni rilevanti ed espansi in profili significativi. Cos\u00ec puoi segmentare meglio, personalizzare e prendere decisioni informate \u2013 senza sforzo aggiuntivo e direttamente nei tuoi processi di marketing esistenti  <\/p>\n<h2 data-section-id=\"113mv85\" data-start=\"2648\" data-end=\"2692\">Perch\u00e9 una Mautic App ha senso<\/h2>\n<p data-start=\"2694\" data-end=\"2851\">Molte aziende utilizzano Mautic con successo per la Marketing Automation. Nella quotidianit\u00e0 per\u00f2 manca spesso un modo semplice per modificare i contatti in mobilit\u00e0. <\/p>\n<p data-start=\"2853\" data-end=\"2989\">La Mautic Mobile App colma proprio questa lacuna. Integra il tuo <strong data-start=\"2921\" data-end=\"2935\">Mautic CRM<\/strong> con un&#8217;interfaccia mobile per vendite e marketing. <\/p>\n<p data-start=\"2991\" data-end=\"3004\">Questo porta a:<\/p>\n<ul data-start=\"3006\" data-end=\"3162\">\n<li data-section-id=\"yr1au4\" data-start=\"3006\" data-end=\"3031\">\n<p data-start=\"3008\" data-end=\"3031\">dati CRM pi\u00f9 aggiornati<\/p>\n<\/li>\n<li data-section-id=\"bjx36p\" data-start=\"3032\" data-end=\"3069\">\n<p data-start=\"3034\" data-end=\"3069\">gestione pi\u00f9 rapida dei lead<\/p>\n<\/li>\n<li data-section-id=\"3e0nh1\" data-start=\"3070\" data-end=\"3129\">\n<p data-start=\"3072\" data-end=\"3129\">migliore collaborazione tra marketing e vendite<\/p>\n<\/li>\n<li data-section-id=\"s7y1yh\" data-start=\"3130\" data-end=\"3162\">\n<p data-start=\"3132\" data-end=\"3162\">meno follow up dimenticati<\/p>\n<\/li>\n<\/ul>\n<h2 data-section-id=\"qmxusn\" data-start=\"3169\" data-end=\"3214\">Per chi \u00e8 adatta la Mautic App<\/h2>\n<p data-start=\"3216\" data-end=\"3264\">La Mautic Mobile App \u00e8 particolarmente adatta per:<\/p>\n<ul data-start=\"3266\" data-end=\"3514\">\n<li data-section-id=\"19u3jkq\" data-start=\"3266\" data-end=\"3321\">\n<p data-start=\"3268\" data-end=\"3321\">Marketing Manager che gestiscono lead e contatti<\/p>\n<\/li>\n<li data-section-id=\"hge5mz\" data-start=\"3322\" data-end=\"3378\">\n<p data-start=\"3324\" data-end=\"3378\">Team di vendita che conducono conversazioni con clienti in mobilit\u00e0<\/p>\n<\/li>\n<li data-section-id=\"1188po8\" data-start=\"3379\" data-end=\"3448\">\n<p data-start=\"3381\" data-end=\"3448\">Aziende che utilizzano attivamente il loro <strong data-start=\"3402\" data-end=\"3416\">Mautic CRM<\/strong> nel processo di vendita<\/p>\n<\/li>\n<li data-section-id=\"8n4j6x\" data-start=\"3449\" data-end=\"3514\">\n<p data-start=\"3451\" data-end=\"3514\">Team che vogliono aggiornare i dati CRM direttamente dopo i meeting<\/p>\n<\/li>\n<\/ul>\n<h2 data-section-id=\"zvf36w\" data-start=\"3521\" data-end=\"3536\">Modello di licenza<\/h2>\n<p data-start=\"3538\" data-end=\"3621\">La <strong data-start=\"3542\" data-end=\"3563\">Mautic Mobile App<\/strong> viene offerta come <strong data-start=\"3573\" data-end=\"3610\">licenza per utente al mese<\/strong>.<\/p>\n<p data-start=\"3623\" data-end=\"3834\">Ogni persona che usa l\u2019app e ha accesso alla Mautic-CRM App necessita di una licenza propria. In questo modo l\u2019utilizzo resta trasparente e pu\u00f2 essere adattato con flessibilit\u00e0 alle dimensioni del tuo team. <\/p>\n<p data-start=\"3836\" data-end=\"3904\">Il numero di licenze pu\u00f2 essere aumentato o ridotto in qualsiasi momento.<\/p>\n<p data-start=\"3836\" data-end=\"3904\">Si applicano i nostri <a href=\"https:\/\/aivie.ch\/it\/termini-e-condizioni-generali\/\" target=\"_blank\" rel=\"noopener noreferrer\">termini e condizioni generali<\/a>.<\/p>\n","protected":false},"excerpt":{"rendered":"<p>Con l\u2019Aivie Mautic App usi il tuo CRM Mautic anche in mobilit\u00e0. Accedi ai contatti, aggiorna i lead, registra note dopo i meeting e tieni sempre sotto controllo il tuo funnel di vendita, ottimizzato per smartphone e tablet. <\/p>\n","protected":false},"featured_media":29323,"comment_status":"closed","ping_status":"closed","template":"","meta":{"_acf_changed":false},"product_brand":[],"product_cat":[1280,829,1364],"product_tag":[1648,1360,1647,1361],"class_list":{"0":"post-29322","1":"product","2":"type-product","3":"status-publish","4":"has-post-thumbnail","6":"product_cat-add-on","7":"product_cat-plugin-mautic-it","8":"product_cat-white-label","9":"product_tag-app","10":"product_tag-crm","11":"product_tag-mobile","12":"product_tag-vendite","14":"first","15":"instock","16":"virtual","17":"taxable","18":"purchasable","19":"product-type-subscription"},"acf":[],"featured_image_urls_v2":{"full":["https:\/\/cdn.aivie.ch\/media\/wp\/2026\/03\/11221449\/mobile-crm-mautic-aivie-app-robert.png",1200,800,false],"thumbnail":["https:\/\/cdn.aivie.ch\/media\/wp\/2026\/03\/11221449\/mobile-crm-mautic-aivie-app-robert-240x240.png",240,240,true],"medium":["https:\/\/cdn.aivie.ch\/media\/wp\/2026\/03\/11221449\/mobile-crm-mautic-aivie-app-robert-960x640.png",960,640,true],"medium_large":["https:\/\/cdn.aivie.ch\/media\/wp\/2026\/03\/11221449\/mobile-crm-mautic-aivie-app-robert-768x512.png",768,512,true],"large":["https:\/\/cdn.aivie.ch\/media\/wp\/2026\/03\/11221449\/mobile-crm-mautic-aivie-app-robert.png",990,660,false],"post-thumbnail":["https:\/\/cdn.aivie.ch\/media\/wp\/2026\/03\/11221449\/mobile-crm-mautic-aivie-app-robert.png",1200,800,false],"aiv_480w":["https:\/\/cdn.aivie.ch\/media\/wp\/2026\/03\/11221449\/mobile-crm-mautic-aivie-app-robert-480x320.png",480,320,true],"woocommerce_thumbnail":["https:\/\/cdn.aivie.ch\/media\/wp\/2026\/03\/11221449\/mobile-crm-mautic-aivie-app-robert-240x240.png",240,240,true],"woocommerce_single":["https:\/\/cdn.aivie.ch\/media\/wp\/2026\/03\/11221449\/mobile-crm-mautic-aivie-app-robert-960x640.png",960,640,true],"woocommerce_gallery_thumbnail":["https:\/\/cdn.aivie.ch\/media\/wp\/2026\/03\/11221449\/mobile-crm-mautic-aivie-app-robert-240x240.png",240,240,true]},"post_excerpt_stackable_v2":"<p>Con l\u2019Aivie Mautic App usi il tuo CRM Mautic anche in mobilit\u00e0. Accedi ai contatti, aggiorna i lead, registra note dopo i meeting e tieni sempre sotto controllo il tuo funnel di vendita, ottimizzato per smartphone e tablet. <\/p>\n","category_list_v2":"","author_info_v2":{"name":"","url":""},"comments_num_v2":"0 commento","_links":{"self":[{"href":"https:\/\/aivie.ch\/it\/wp-json\/wp\/v2\/product\/29322","targetHints":{"allow":["GET"]}}],"collection":[{"href":"https:\/\/aivie.ch\/it\/wp-json\/wp\/v2\/product"}],"about":[{"href":"https:\/\/aivie.ch\/it\/wp-json\/wp\/v2\/types\/product"}],"replies":[{"embeddable":true,"href":"https:\/\/aivie.ch\/it\/wp-json\/wp\/v2\/comments?post=29322"}],"wp:featuredmedia":[{"embeddable":true,"href":"https:\/\/aivie.ch\/it\/wp-json\/wp\/v2\/media\/29323"}],"wp:attachment":[{"href":"https:\/\/aivie.ch\/it\/wp-json\/wp\/v2\/media?parent=29322"}],"wp:term":[{"taxonomy":"product_brand","embeddable":true,"href":"https:\/\/aivie.ch\/it\/wp-json\/wp\/v2\/product_brand?post=29322"},{"taxonomy":"product_cat","embeddable":true,"href":"https:\/\/aivie.ch\/it\/wp-json\/wp\/v2\/product_cat?post=29322"},{"taxonomy":"product_tag","embeddable":true,"href":"https:\/\/aivie.ch\/it\/wp-json\/wp\/v2\/product_tag?post=29322"}],"curies":[{"name":"wp","href":"https:\/\/api.w.org\/{rel}","templated":true}]}}