{"id":27352,"date":"2022-05-05T15:59:54","date_gmt":"2022-05-05T13:59:54","guid":{"rendered":"https:\/\/aivie.ch\/product\/google-ads-da-un-professionista\/"},"modified":"2026-01-11T14:53:08","modified_gmt":"2026-01-11T12:53:08","slug":"google-ads-da-un-professionista","status":"publish","type":"product","link":"https:\/\/aivie.ch\/it\/prodotto\/google-ads-da-un-professionista\/","title":{"rendered":"Google Ads da un professionista"},"content":{"rendered":"<p>Sfrutta tutta la tua potenza e combina la marketing automation con Google Ads. Con Aivie hai accesso a esperti di CloudWEB. Questa soluzione \u00e8 ideale per le PMI.<\/p>\n<p>In questo modo puoi raccogliere con successo i tuoi contatti tramite Google Ads e poi rivolgerti a loro in modo personalizzato in Aivie. Con la combinazione dei servizi CloudWEB e Aivie \u00e8 possibile, in modo completamente automatico! <\/p>\n<p><a href=\"https:\/\/www.cloudweb.ch\/\" target=\"_blank\" rel=\"noopener\">CloudWEB<\/a> ti offre tutto ci\u00f2 che riguarda l&#8217;ottimizzazione dei tuoi Google Ads. Da singole attivit\u00e0, come l&#8217;impostazione di una campagna Shopping, l&#8217;impostazione di una campagna di remarketing dinamico o consigli di ottimizzazione. In Aivie memorizzi i dati di tutti i contatti e lead per valutarli ed elaborarli ulteriormente lungo l&#8217;intero customer journey.  <\/p>\n<p>I costi ricorrenti si intendono al mese. Non desideri costi ricorrenti? Nessun problema, possiamo anche semplicemente configurare il tuo account e poi potrai attivare e gestire le campagne in autonomia. &#x1f642; Di norma, l&#8217;assistenza \u00e8 particolarmente utile nei primi mesi, poich\u00e9 l&#8217;ottimizzazione \u00e8 particolarmente importante in questo periodo. Sei tu a decidere per quanto tempo dobbiamo assistere le tue campagne. I nostri pacchetti possono essere disdetti in qualsiasi momento. Siamo infatti convinti che una collaborazione di successo a lungo termine si basi sul fatto che abbiamo successo insieme.      <\/p>\n","protected":false},"excerpt":{"rendered":"<p>Google Ads configurati da un professionista. A prezzo forfettario. <\/p>\n","protected":false},"featured_media":10678,"comment_status":"open","ping_status":"closed","template":"","meta":{"_acf_changed":false},"product_brand":[],"product_cat":[936],"product_tag":[],"class_list":{"0":"post-27352","1":"product","2":"type-product","3":"status-publish","4":"has-post-thumbnail","6":"product_cat-servizi-istantanei","8":"first","9":"instock","10":"taxable","11":"shipping-taxable","12":"purchasable","13":"product-type-variable-subscription"},"acf":[],"featured_image_urls_v2":{"full":["https:\/\/cdn.aivie.ch\/media\/wp\/2022\/05\/22105713\/Woocommerce-Product-Pic-8.jpeg",800,800,false],"thumbnail":["https:\/\/cdn.aivie.ch\/media\/wp\/2022\/05\/22105713\/Woocommerce-Product-Pic-8-240x240.jpeg",240,240,true],"medium":["https:\/\/cdn.aivie.ch\/media\/wp\/2022\/05\/22105713\/Woocommerce-Product-Pic-8.jpeg",800,800,false],"medium_large":["https:\/\/cdn.aivie.ch\/media\/wp\/2022\/05\/22105713\/Woocommerce-Product-Pic-8-768x768.jpeg",768,768,true],"large":["https:\/\/cdn.aivie.ch\/media\/wp\/2022\/05\/22105713\/Woocommerce-Product-Pic-8.jpeg",800,800,false],"post-thumbnail":["https:\/\/cdn.aivie.ch\/media\/wp\/2022\/05\/22105713\/Woocommerce-Product-Pic-8.jpeg",800,800,false],"aiv_480w":["https:\/\/cdn.aivie.ch\/media\/wp\/2022\/05\/22105713\/Woocommerce-Product-Pic-8-480x480.jpeg",480,480,true],"woocommerce_thumbnail":["https:\/\/cdn.aivie.ch\/media\/wp\/2022\/05\/22105713\/Woocommerce-Product-Pic-8-240x240.jpeg",240,240,true],"woocommerce_single":["https:\/\/cdn.aivie.ch\/media\/wp\/2022\/05\/22105713\/Woocommerce-Product-Pic-8.jpeg",800,800,false],"woocommerce_gallery_thumbnail":["https:\/\/cdn.aivie.ch\/media\/wp\/2022\/05\/22105713\/Woocommerce-Product-Pic-8-240x240.jpeg",240,240,true]},"post_excerpt_stackable_v2":"<p>Google Ads configurati da un professionista. A prezzo forfettario. <\/p>\n","category_list_v2":"","author_info_v2":{"name":"","url":""},"comments_num_v2":"0 commento","_links":{"self":[{"href":"https:\/\/aivie.ch\/it\/wp-json\/wp\/v2\/product\/27352","targetHints":{"allow":["GET"]}}],"collection":[{"href":"https:\/\/aivie.ch\/it\/wp-json\/wp\/v2\/product"}],"about":[{"href":"https:\/\/aivie.ch\/it\/wp-json\/wp\/v2\/types\/product"}],"replies":[{"embeddable":true,"href":"https:\/\/aivie.ch\/it\/wp-json\/wp\/v2\/comments?post=27352"}],"wp:featuredmedia":[{"embeddable":true,"href":"https:\/\/aivie.ch\/it\/wp-json\/wp\/v2\/media\/10678"}],"wp:attachment":[{"href":"https:\/\/aivie.ch\/it\/wp-json\/wp\/v2\/media?parent=27352"}],"wp:term":[{"taxonomy":"product_brand","embeddable":true,"href":"https:\/\/aivie.ch\/it\/wp-json\/wp\/v2\/product_brand?post=27352"},{"taxonomy":"product_cat","embeddable":true,"href":"https:\/\/aivie.ch\/it\/wp-json\/wp\/v2\/product_cat?post=27352"},{"taxonomy":"product_tag","embeddable":true,"href":"https:\/\/aivie.ch\/it\/wp-json\/wp\/v2\/product_tag?post=27352"}],"curies":[{"name":"wp","href":"https:\/\/api.w.org\/{rel}","templated":true}]}}