{"id":27171,"date":"2024-02-27T19:36:36","date_gmt":"2024-02-27T17:36:36","guid":{"rendered":"https:\/\/aivie.ch\/product\/add-on-aggiornamento-piu-frequente-delle-campagne\/"},"modified":"2026-04-01T10:11:00","modified_gmt":"2026-04-01T08:11:00","slug":"add-on-aggiornamento-piu-frequente-delle-campagne","status":"publish","type":"product","link":"https:\/\/aivie.ch\/it\/prodotto\/add-on-aggiornamento-piu-frequente-delle-campagne\/","title":{"rendered":"Add-on: Aggiornamento pi\u00f9 frequente delle campagne"},"content":{"rendered":"<p>Mentre l&#8217;aggiornamento ogni 15 minuti pu\u00f2 essere sufficiente per molti utenti, i professionisti del marketing con esigenze pi\u00f9 elevate ne riconoscono rapidamente i limiti. In un mondo digitale frenetico, dove ogni secondo conta, anche piccoli ritardi possono fare la differenza tra successo e opportunit\u00e0 mancate. L&#8217;incapacit\u00e0 di reagire rapidamente alle interazioni pu\u00f2 portare a uno svantaggio competitivo.  <\/p>\n<p>Il nostro add-on \u00e8 la soluzione perfetta per chi si aspetta di pi\u00f9 ed \u00e8 disposto a investire per questo vantaggio. Con la possibilit\u00e0 di eseguire cron job ogni minuto o ogni due minuti, questo upgrade offre una velocit\u00e0 di reazione senza pari. <\/p>\n<p>Puoi adattare le tue campagne quasi in tempo reale, reagire immediatamente alle interazioni dei clienti e massimizzare cos\u00ec l&#8217;efficacia delle tue strategie di marketing.<\/p>\n<p>D\u00ec addio alle limitazioni degli intervalli di 15 minuti e sfrutta la potenza degli aggiornamenti rapidi. Fai il passo, investi nell&#8217;add-on e scopri come le tue campagne e il tuo successo aziendale raggiungono nuove vette! <\/p>\n<p>Prezzi esclusi. IVA. Fino a 10&#8217;000 contatti.  Si applicano i nostri <a href=\"https:\/\/aivie.ch\/it\/termini-e-condizioni-generali\/\" target=\"_blank\" rel=\"noopener noreferrer\">termini e condizioni generali<\/a>.<\/p>\n","protected":false},"excerpt":{"rendered":"<p>Porta le tue campagne di marketing automation al livello successivo e passa dalla frequenza standard di 15 minuti a un aggiornamento quasi in tempo reale.<\/p>\n","protected":false},"featured_media":18010,"comment_status":"closed","ping_status":"closed","template":"","meta":{"_acf_changed":false},"product_brand":[],"product_cat":[1280],"product_tag":[],"class_list":{"0":"post-27171","1":"product","2":"type-product","3":"status-publish","4":"has-post-thumbnail","6":"product_cat-add-on","8":"first","9":"instock","10":"taxable","11":"shipping-taxable","12":"purchasable","13":"product-type-variable-subscription","14":"has-default-attributes"},"acf":[],"featured_image_urls_v2":{"full":["https:\/\/cdn.aivie.ch\/media\/wp\/2024\/02\/28133208\/more-marketing-automation-campaign-speed.jpg",800,800,false],"thumbnail":["https:\/\/cdn.aivie.ch\/media\/wp\/2024\/02\/28133208\/more-marketing-automation-campaign-speed-240x240.jpg",240,240,true],"medium":["https:\/\/cdn.aivie.ch\/media\/wp\/2024\/02\/28133208\/more-marketing-automation-campaign-speed.jpg",800,800,false],"medium_large":["https:\/\/cdn.aivie.ch\/media\/wp\/2024\/02\/28133208\/more-marketing-automation-campaign-speed-768x768.jpg",768,768,true],"large":["https:\/\/cdn.aivie.ch\/media\/wp\/2024\/02\/28133208\/more-marketing-automation-campaign-speed.jpg",800,800,false],"post-thumbnail":["https:\/\/cdn.aivie.ch\/media\/wp\/2024\/02\/28133208\/more-marketing-automation-campaign-speed.jpg",800,800,false],"aiv_480w":["https:\/\/cdn.aivie.ch\/media\/wp\/2024\/02\/28133208\/more-marketing-automation-campaign-speed-480x480.jpg",480,480,true],"woocommerce_thumbnail":["https:\/\/cdn.aivie.ch\/media\/wp\/2024\/02\/28133208\/more-marketing-automation-campaign-speed-240x240.jpg",240,240,true],"woocommerce_single":["https:\/\/cdn.aivie.ch\/media\/wp\/2024\/02\/28133208\/more-marketing-automation-campaign-speed.jpg",800,800,false],"woocommerce_gallery_thumbnail":["https:\/\/cdn.aivie.ch\/media\/wp\/2024\/02\/28133208\/more-marketing-automation-campaign-speed-240x240.jpg",240,240,true]},"post_excerpt_stackable_v2":"<p>Porta le tue campagne di marketing automation al livello successivo e passa dalla frequenza standard di 15 minuti a un aggiornamento quasi in tempo reale.<\/p>\n","category_list_v2":"","author_info_v2":{"name":"","url":""},"comments_num_v2":"0 commento","_links":{"self":[{"href":"https:\/\/aivie.ch\/it\/wp-json\/wp\/v2\/product\/27171","targetHints":{"allow":["GET"]}}],"collection":[{"href":"https:\/\/aivie.ch\/it\/wp-json\/wp\/v2\/product"}],"about":[{"href":"https:\/\/aivie.ch\/it\/wp-json\/wp\/v2\/types\/product"}],"replies":[{"embeddable":true,"href":"https:\/\/aivie.ch\/it\/wp-json\/wp\/v2\/comments?post=27171"}],"wp:featuredmedia":[{"embeddable":true,"href":"https:\/\/aivie.ch\/it\/wp-json\/wp\/v2\/media\/18010"}],"wp:attachment":[{"href":"https:\/\/aivie.ch\/it\/wp-json\/wp\/v2\/media?parent=27171"}],"wp:term":[{"taxonomy":"product_brand","embeddable":true,"href":"https:\/\/aivie.ch\/it\/wp-json\/wp\/v2\/product_brand?post=27171"},{"taxonomy":"product_cat","embeddable":true,"href":"https:\/\/aivie.ch\/it\/wp-json\/wp\/v2\/product_cat?post=27171"},{"taxonomy":"product_tag","embeddable":true,"href":"https:\/\/aivie.ch\/it\/wp-json\/wp\/v2\/product_tag?post=27171"}],"curies":[{"name":"wp","href":"https:\/\/api.w.org\/{rel}","templated":true}]}}