{"id":26780,"date":"2022-08-11T17:03:16","date_gmt":"2022-08-11T15:03:16","guid":{"rendered":"https:\/\/aivie.ch\/product\/add-on-gestisci-piu-domini-e-siti-web\/"},"modified":"2026-01-11T14:25:04","modified_gmt":"2026-01-11T12:25:04","slug":"add-on-gestisci-piu-domini-e-siti-web","status":"publish","type":"product","link":"https:\/\/aivie.ch\/it\/prodotto\/add-on-gestisci-piu-domini-e-siti-web\/","title":{"rendered":"Add-on: Gestisci pi\u00f9 domini e siti web"},"content":{"rendered":"<p>La tua attivit\u00e0 ha pi\u00f9 di un sito web e invia e-mail tramite pi\u00f9 domini? Nessun problema.<\/p>\n<p>Con Aivie Pro o Aivie Enterprise puoi gestire pi\u00f9 domini e siti web e tracciare il traffico da pi\u00f9 pagine web. In questo modo, puoi unire il percorso del cliente su pi\u00f9 domini in Aivie. <\/p>\n<p>Inoltre, puoi verificare pi\u00f9 domini mittente e quindi comunicare da un unico Aivie tramite diversi marchi.<\/p>\n<p><strong><a href=\"https:\/\/aivie.ch\/it\/contatto\/\">Contattaci<\/a><\/strong> per maggiori informazioni.<\/p>\n","protected":false},"excerpt":{"rendered":"<p>Traccia i tuoi contatti su pi\u00f9 siti web e invia e-mail tramite pi\u00f9 domini.<\/p>\n","protected":false},"featured_media":10482,"comment_status":"open","ping_status":"closed","template":"","meta":{"_acf_changed":false},"product_brand":[],"product_cat":[1280],"product_tag":[],"class_list":{"0":"post-26780","1":"product","2":"type-product","3":"status-publish","4":"has-post-thumbnail","6":"product_cat-add-on","8":"first","9":"instock","10":"taxable","11":"shipping-taxable","12":"purchasable","13":"product-type-variable-subscription"},"acf":[],"featured_image_urls_v2":{"full":["https:\/\/cdn.aivie.ch\/media\/wp\/2022\/06\/15161631\/angela-smile-working-on-aivie-marketing-automation-1920w-960x640-1.webp",800,800,false],"thumbnail":["https:\/\/cdn.aivie.ch\/media\/wp\/2022\/06\/15161631\/angela-smile-working-on-aivie-marketing-automation-1920w-960x640-1-240x240.webp",240,240,true],"medium":["https:\/\/cdn.aivie.ch\/media\/wp\/2022\/06\/15161631\/angela-smile-working-on-aivie-marketing-automation-1920w-960x640-1.webp",800,800,false],"medium_large":["https:\/\/cdn.aivie.ch\/media\/wp\/2022\/06\/15161631\/angela-smile-working-on-aivie-marketing-automation-1920w-960x640-1-768x768.webp",768,768,true],"large":["https:\/\/cdn.aivie.ch\/media\/wp\/2022\/06\/15161631\/angela-smile-working-on-aivie-marketing-automation-1920w-960x640-1.webp",800,800,false],"post-thumbnail":["https:\/\/cdn.aivie.ch\/media\/wp\/2022\/06\/15161631\/angela-smile-working-on-aivie-marketing-automation-1920w-960x640-1.webp",800,800,false],"aiv_480w":["https:\/\/cdn.aivie.ch\/media\/wp\/2022\/06\/15161631\/angela-smile-working-on-aivie-marketing-automation-1920w-960x640-1-480x480.webp",480,480,true],"woocommerce_thumbnail":["https:\/\/cdn.aivie.ch\/media\/wp\/2022\/06\/15161631\/angela-smile-working-on-aivie-marketing-automation-1920w-960x640-1-240x240.webp",240,240,true],"woocommerce_single":["https:\/\/cdn.aivie.ch\/media\/wp\/2022\/06\/15161631\/angela-smile-working-on-aivie-marketing-automation-1920w-960x640-1.webp",800,800,false],"woocommerce_gallery_thumbnail":["https:\/\/cdn.aivie.ch\/media\/wp\/2022\/06\/15161631\/angela-smile-working-on-aivie-marketing-automation-1920w-960x640-1-240x240.webp",240,240,true]},"post_excerpt_stackable_v2":"<p>Traccia i tuoi contatti su pi\u00f9 siti web e invia e-mail tramite pi\u00f9 domini.<\/p>\n","category_list_v2":"","author_info_v2":{"name":"","url":""},"comments_num_v2":"0 commento","_links":{"self":[{"href":"https:\/\/aivie.ch\/it\/wp-json\/wp\/v2\/product\/26780","targetHints":{"allow":["GET"]}}],"collection":[{"href":"https:\/\/aivie.ch\/it\/wp-json\/wp\/v2\/product"}],"about":[{"href":"https:\/\/aivie.ch\/it\/wp-json\/wp\/v2\/types\/product"}],"replies":[{"embeddable":true,"href":"https:\/\/aivie.ch\/it\/wp-json\/wp\/v2\/comments?post=26780"}],"wp:featuredmedia":[{"embeddable":true,"href":"https:\/\/aivie.ch\/it\/wp-json\/wp\/v2\/media\/10482"}],"wp:attachment":[{"href":"https:\/\/aivie.ch\/it\/wp-json\/wp\/v2\/media?parent=26780"}],"wp:term":[{"taxonomy":"product_brand","embeddable":true,"href":"https:\/\/aivie.ch\/it\/wp-json\/wp\/v2\/product_brand?post=26780"},{"taxonomy":"product_cat","embeddable":true,"href":"https:\/\/aivie.ch\/it\/wp-json\/wp\/v2\/product_cat?post=26780"},{"taxonomy":"product_tag","embeddable":true,"href":"https:\/\/aivie.ch\/it\/wp-json\/wp\/v2\/product_tag?post=26780"}],"curies":[{"name":"wp","href":"https:\/\/api.w.org\/{rel}","templated":true}]}}