{"id":26767,"date":"2023-03-28T14:22:57","date_gmt":"2023-03-28T12:22:57","guid":{"rendered":"https:\/\/aivie.ch\/product\/pacchetto-protezione-dati-sito-web-lexr\/"},"modified":"2026-01-11T14:24:20","modified_gmt":"2026-01-11T12:24:20","slug":"pacchetto-protezione-dati-sito-web-lexr","status":"publish","type":"product","link":"https:\/\/aivie.ch\/it\/prodotto\/pacchetto-protezione-dati-sito-web-lexr\/","title":{"rendered":"Pacchetto protezione dati sito web LEXR"},"content":{"rendered":"<p>La protezione dei dati sui siti web \u00e8 un tema centrale non solo per le autorit\u00e0 di controllo, ma anche per i visitatori dei siti. Verifichiamo la conformit\u00e0 del sito web aziendale alle disposizioni sulla protezione dei dati del GDPR e della nuova legge svizzera sulla protezione dei dati e redigiamo i documenti necessari. <\/p>\n<p>Il pacchetto include:<\/p>\n<ul>\n<li>Colloquio di 30 minuti con i nostri esperti legali, durante il quale analizzeremo insieme la necessit\u00e0 di modifiche e raccoglieremo tutte le informazioni necessarie per la creazione dei documenti.<\/li>\n<li>Creazione o adeguamento di un&#8217;informativa sulla privacy del sito web.<\/li>\n<li>Creazione o adeguamento di una Cookie Policy e, in caso di utilizzo di un banner cookie, del testo necessario.<\/li>\n<li>Creazione di un colophon.<\/li>\n<li>Colloquio finale di 30 minuti per chiarire eventuali domande.<\/li>\n<\/ul>\n<p>Si applicano le <a href=\"https:\/\/www.lexr.com\/de-ch\/allgemeine-geschaeftsbedingungen\/\" target=\"_blank\" rel=\"noopener\">Condizioni Generali di Contratto di LEXR<\/a><\/p>\n","protected":false},"excerpt":{"rendered":"<p>Tutte le questioni relative alla protezione dei dati del sito web aziendale in un unico pacchetto completo: dall&#8217;informativa sulla privacy alla cookie policy, fino al colophon.<\/p>\n","protected":false},"featured_media":13631,"comment_status":"open","ping_status":"closed","template":"","meta":{"_acf_changed":false},"product_brand":[],"product_cat":[984],"product_tag":[],"class_list":{"0":"post-26767","1":"product","2":"type-product","3":"status-publish","4":"has-post-thumbnail","6":"product_cat-protezione-dei-dati","8":"first","9":"instock","10":"taxable","11":"shipping-taxable","12":"purchasable","13":"product-type-simple"},"acf":[],"featured_image_urls_v2":{"full":["https:\/\/cdn.aivie.ch\/media\/wp\/2023\/03\/14104239\/LEXR-Visual-1.png",800,800,false],"thumbnail":["https:\/\/cdn.aivie.ch\/media\/wp\/2023\/03\/14104239\/LEXR-Visual-1-240x240.png",240,240,true],"medium":["https:\/\/cdn.aivie.ch\/media\/wp\/2023\/03\/14104239\/LEXR-Visual-1.png",800,800,false],"medium_large":["https:\/\/cdn.aivie.ch\/media\/wp\/2023\/03\/14104239\/LEXR-Visual-1-768x768.png",768,768,true],"large":["https:\/\/cdn.aivie.ch\/media\/wp\/2023\/03\/14104239\/LEXR-Visual-1.png",800,800,false],"post-thumbnail":["https:\/\/cdn.aivie.ch\/media\/wp\/2023\/03\/14104239\/LEXR-Visual-1.png",800,800,false],"aiv_480w":["https:\/\/cdn.aivie.ch\/media\/wp\/2023\/03\/14104239\/LEXR-Visual-1-480x480.png",480,480,true],"woocommerce_thumbnail":["https:\/\/cdn.aivie.ch\/media\/wp\/2023\/03\/14104239\/LEXR-Visual-1-240x240.png",240,240,true],"woocommerce_single":["https:\/\/cdn.aivie.ch\/media\/wp\/2023\/03\/14104239\/LEXR-Visual-1.png",800,800,false],"woocommerce_gallery_thumbnail":["https:\/\/cdn.aivie.ch\/media\/wp\/2023\/03\/14104239\/LEXR-Visual-1-240x240.png",240,240,true]},"post_excerpt_stackable_v2":"<p>Tutte le questioni relative alla protezione dei dati del sito web aziendale in un unico pacchetto completo: dall&#8217;informativa sulla privacy alla cookie policy, fino al colophon.<\/p>\n","category_list_v2":"","author_info_v2":{"name":"","url":""},"comments_num_v2":"0 commento","_links":{"self":[{"href":"https:\/\/aivie.ch\/it\/wp-json\/wp\/v2\/product\/26767","targetHints":{"allow":["GET"]}}],"collection":[{"href":"https:\/\/aivie.ch\/it\/wp-json\/wp\/v2\/product"}],"about":[{"href":"https:\/\/aivie.ch\/it\/wp-json\/wp\/v2\/types\/product"}],"replies":[{"embeddable":true,"href":"https:\/\/aivie.ch\/it\/wp-json\/wp\/v2\/comments?post=26767"}],"wp:featuredmedia":[{"embeddable":true,"href":"https:\/\/aivie.ch\/it\/wp-json\/wp\/v2\/media\/13631"}],"wp:attachment":[{"href":"https:\/\/aivie.ch\/it\/wp-json\/wp\/v2\/media?parent=26767"}],"wp:term":[{"taxonomy":"product_brand","embeddable":true,"href":"https:\/\/aivie.ch\/it\/wp-json\/wp\/v2\/product_brand?post=26767"},{"taxonomy":"product_cat","embeddable":true,"href":"https:\/\/aivie.ch\/it\/wp-json\/wp\/v2\/product_cat?post=26767"},{"taxonomy":"product_tag","embeddable":true,"href":"https:\/\/aivie.ch\/it\/wp-json\/wp\/v2\/product_tag?post=26767"}],"curies":[{"name":"wp","href":"https:\/\/api.w.org\/{rel}","templated":true}]}}