{"id":26733,"date":"2024-01-02T11:47:40","date_gmt":"2024-01-02T09:47:40","guid":{"rendered":"https:\/\/aivie.ch\/product\/template-per-landing-page-mautic-register\/"},"modified":"2026-01-11T14:22:43","modified_gmt":"2026-01-11T12:22:43","slug":"template-per-landing-page-mautic-register","status":"publish","type":"product","link":"https:\/\/aivie.ch\/it\/prodotto\/template-per-landing-page-mautic-register\/","title":{"rendered":"Template per landing page Mautic \u201cRegister\u201d"},"content":{"rendered":"<p>Risparmiare tempo senza rinunciare alla variet\u00e0 e alle possibilit\u00e0 creative. Con il nostro template puoi creare in modo semplice e veloce la tua landing page desiderata.<\/p>\n<p>Il template per landing page viene fornito come tema Mautic standard in formato ZIP. \u00c8 compatibile al 100% con il nuovo editor di landing page Mautic (a partire dalla versione 4). <\/p>\n<p>Tutti i contenuti sono progettati per essere visualizzati bene su tutti i dispositivi. Sono reattivi e ottimizzati per la visualizzazione su display Retina.<\/p>\n<p>I template per landing page sono sviluppati in conformit\u00e0 con i pi\u00f9 recenti standard e best practice e sono sottoposti a controlli di qualit\u00e0.<\/p>\n<p>\u00c8 garantita la semplice modifica ed espansione autonoma dei template.<\/p>\n<h3>Incluso nel template<\/h3>\n<ol>\n<li>Landing page<\/li>\n<li>Adattamento della landing page alla tua CI\/CD<\/li>\n<li>Stili per i moduli<\/li>\n<li>Istruzioni per la creazione dei moduli<\/li>\n<li>Supporto via e-mail<\/li>\n<\/ol>\n<h3>I vostri vantaggi<\/h3>\n<ul>\n<li>Ottimizzato per l&#8217;attuale builder di landing page Mautic (GrapesJs)<\/li>\n<li>Creazione di landing page semplice e veloce.<\/li>\n<li>Migliore esperienza utente<\/li>\n<li>Supporto per immagini Retina ad alta risoluzione<\/li>\n<li>HTML di alta qualit\u00e0<\/li>\n<li>6 mesi di aggiornamenti e supporto gratuiti<\/li>\n<li>Non sono necessarie competenze da esperto IT o di codice<\/li>\n<\/ul>\n<h3>Il pi\u00f9 rapidamente possibile al tuo nuovo template per landing page Mautic<\/h3>\n<ol>\n<li>Acquista i tuoi template<\/li>\n<li>Fare le specifiche appropriate per il colore, il logo, il carattere, ecc.<\/li>\n<li>Ti invieremo i template entro pochi giorni lavorativi. Normalmente entro 24 ore. <\/li>\n<li>Creerai nuove, fantastiche landing page in un batter d&#8217;occhio.<\/li>\n<\/ol>\n<p>Si applicano i nostri <a href=\"https:\/\/www.idea2.ch\/allgemeine-geschaeftsbedingungen\/\" target=\"_blank\" rel=\"noopener noreferrer\">termini e condizioni generali<\/a>.<\/p>\n","protected":false},"excerpt":{"rendered":"<p>Template per landing page Mautic ottimizzato per la registrazione.<\/p>\n","protected":false},"featured_media":17777,"comment_status":"closed","ping_status":"closed","template":"","meta":{"_acf_changed":false},"product_brand":[],"product_cat":[1277],"product_tag":[],"class_list":{"0":"post-26733","1":"product","2":"type-product","3":"status-publish","4":"has-post-thumbnail","6":"product_cat-template-per-landing-page-mautic","8":"first","9":"instock","10":"virtual","11":"taxable","12":"purchasable","13":"product-type-simple"},"acf":[],"featured_image_urls_v2":{"full":["https:\/\/cdn.aivie.ch\/media\/wp\/2024\/01\/02115921\/landing-page-thumbnail.png",800,800,false],"thumbnail":["https:\/\/cdn.aivie.ch\/media\/wp\/2024\/01\/02115921\/landing-page-thumbnail-240x240.png",240,240,true],"medium":["https:\/\/cdn.aivie.ch\/media\/wp\/2024\/01\/02115921\/landing-page-thumbnail.png",800,800,false],"medium_large":["https:\/\/cdn.aivie.ch\/media\/wp\/2024\/01\/02115921\/landing-page-thumbnail-768x768.png",768,768,true],"large":["https:\/\/cdn.aivie.ch\/media\/wp\/2024\/01\/02115921\/landing-page-thumbnail.png",800,800,false],"post-thumbnail":["https:\/\/cdn.aivie.ch\/media\/wp\/2024\/01\/02115921\/landing-page-thumbnail.png",800,800,false],"aiv_480w":["https:\/\/cdn.aivie.ch\/media\/wp\/2024\/01\/02115921\/landing-page-thumbnail-480x480.png",480,480,true],"woocommerce_thumbnail":["https:\/\/cdn.aivie.ch\/media\/wp\/2024\/01\/02115921\/landing-page-thumbnail-240x240.png",240,240,true],"woocommerce_single":["https:\/\/cdn.aivie.ch\/media\/wp\/2024\/01\/02115921\/landing-page-thumbnail.png",800,800,false],"woocommerce_gallery_thumbnail":["https:\/\/cdn.aivie.ch\/media\/wp\/2024\/01\/02115921\/landing-page-thumbnail-240x240.png",240,240,true]},"post_excerpt_stackable_v2":"<p>Template per landing page Mautic ottimizzato per la registrazione.<\/p>\n","category_list_v2":"","author_info_v2":{"name":"","url":""},"comments_num_v2":"0 commento","_links":{"self":[{"href":"https:\/\/aivie.ch\/it\/wp-json\/wp\/v2\/product\/26733","targetHints":{"allow":["GET"]}}],"collection":[{"href":"https:\/\/aivie.ch\/it\/wp-json\/wp\/v2\/product"}],"about":[{"href":"https:\/\/aivie.ch\/it\/wp-json\/wp\/v2\/types\/product"}],"replies":[{"embeddable":true,"href":"https:\/\/aivie.ch\/it\/wp-json\/wp\/v2\/comments?post=26733"}],"wp:featuredmedia":[{"embeddable":true,"href":"https:\/\/aivie.ch\/it\/wp-json\/wp\/v2\/media\/17777"}],"wp:attachment":[{"href":"https:\/\/aivie.ch\/it\/wp-json\/wp\/v2\/media?parent=26733"}],"wp:term":[{"taxonomy":"product_brand","embeddable":true,"href":"https:\/\/aivie.ch\/it\/wp-json\/wp\/v2\/product_brand?post=26733"},{"taxonomy":"product_cat","embeddable":true,"href":"https:\/\/aivie.ch\/it\/wp-json\/wp\/v2\/product_cat?post=26733"},{"taxonomy":"product_tag","embeddable":true,"href":"https:\/\/aivie.ch\/it\/wp-json\/wp\/v2\/product_tag?post=26733"}],"curies":[{"name":"wp","href":"https:\/\/api.w.org\/{rel}","templated":true}]}}