{"id":26514,"date":"2025-08-19T14:38:19","date_gmt":"2025-08-19T12:38:19","guid":{"rendered":"https:\/\/aivie.ch\/product\/servizi-per-la-crescita\/"},"modified":"2026-01-11T14:15:01","modified_gmt":"2026-01-11T12:15:01","slug":"servizi-per-la-crescita","status":"publish","type":"product","link":"https:\/\/aivie.ch\/it\/prodotto\/servizi-per-la-crescita\/","title":{"rendered":"Servizi per la crescita"},"content":{"rendered":"<p><span style=\"font-weight: 400;\">L&#8217;online \u00e8 diventato uno dei canali pi\u00f9 importanti nel mondo degli affari di oggi.<\/span><\/p>\n<p><span style=\"font-weight: 400;\">Con i nostri Growth Services, offriamo ai nostri clienti la tranquillit\u00e0 di sapere che qualcuno si prende cura della loro presenza online e si assicura che contribuisca agli obiettivi aziendali.<\/span><\/p>\n<p><span style=\"font-weight: 400;\">I pacchetti sono offerti in tre configurazioni standard, ma sono personalizzabili in base alle esigenze specifiche di ogni azienda. <\/span><\/p>\n<h2><b>Growth Services per i contenuti<\/b><\/h2>\n<ul>\n<li style=\"font-weight: 400;\" aria-level=\"1\"><b>Consulenza strategica e supporto:<\/b> <span style=\"font-weight: 400;\">Per avere un referente digitale che conosca a fondo la tua attivit\u00e0<\/span><\/li>\n<li style=\"font-weight: 400;\" aria-level=\"1\"><b>Marketing online:<\/b> <span style=\"font-weight: 400;\">Per avere pubblicit\u00e0 pertinente dove si trovano i tuoi clienti<\/span><\/li>\n<li style=\"font-weight: 400;\" aria-level=\"1\"><b>Content Marketing:<\/b> <span style=\"font-weight: 400;\">Per ottenere un flusso costante di lead tramite i motori di ricerca<\/span> <\/li>\n<li style=\"font-weight: 400;\" aria-level=\"1\"><b>Marketing Automation:<\/b> <span style=\"font-weight: 400;\">Per raggiungere i tuoi clienti con contenuti personalizzati<\/span><\/li>\n<li style=\"font-weight: 400;\" aria-level=\"1\"><b>Analisi e report:<\/b> <span style=\"font-weight: 400;\">Per sapere come sta andando la tua attivit\u00e0 digitale<\/span><\/li>\n<li style=\"font-weight: 400;\" aria-level=\"1\"><b>Funzionalit\u00e0 e correzioni al sito web:<\/b> <span style=\"font-weight: 400;\">Per poter gestire la tua attivit\u00e0 digitale e migliorarla costantemente<\/span><\/li>\n<\/ul>\n","protected":false},"excerpt":{"rendered":"<p>L&#8217;online \u00e8 diventato uno dei canali pi\u00f9 importanti nel mondo degli affari di oggi. Con i nostri Growth Services, offriamo ai nostri clienti la tranquillit\u00e0 di sapere che qualcuno si prende cura della loro presenza online e si assicura che contribuisca agli obiettivi aziendali. I pacchetti sono offerti in tre configurazioni standard, ma sono personalizzabili &hellip; <a href=\"https:\/\/aivie.ch\/it\/prodotto\/servizi-per-la-crescita\/\" class=\"more-link\">Continua a leggere <span class=\"screen-reader-text\">Servizi per la crescita<\/span><\/a><\/p>\n","protected":false},"featured_media":0,"comment_status":"closed","ping_status":"closed","template":"","meta":{"_acf_changed":false},"product_brand":[],"product_cat":[1224],"product_tag":[],"class_list":{"0":"post-26514","1":"product","2":"type-product","3":"status-publish","5":"product_cat-senza-categoria","7":"first","8":"instock","9":"virtual","10":"taxable","11":"purchasable","12":"product-type-simple"},"acf":[],"featured_image_urls_v2":{"full":"","thumbnail":"","medium":"","medium_large":"","large":"","post-thumbnail":"","aiv_480w":"","woocommerce_thumbnail":"","woocommerce_single":"","woocommerce_gallery_thumbnail":""},"post_excerpt_stackable_v2":"<p>L&#8217;online \u00e8 diventato uno dei canali pi\u00f9 importanti nel mondo degli affari di oggi. Con i nostri Growth Services, offriamo ai nostri clienti la tranquillit\u00e0 di sapere che qualcuno si prende cura della loro presenza online e si assicura che contribuisca agli obiettivi aziendali. I pacchetti sono offerti in tre configurazioni standard, ma sono personalizzabili in base alle esigenze specifiche di ogni azienda. Growth Services per i contenuti Consulenza strategica e supporto: Per avere un referente digitale che conosca a fondo la tua attivit\u00e0 Marketing online: Per avere pubblicit\u00e0 pertinente dove si trovano i tuoi clienti Content Marketing: Per ottenere\u2026<\/p>\n","category_list_v2":"","author_info_v2":{"name":"","url":""},"comments_num_v2":"0 commento","_links":{"self":[{"href":"https:\/\/aivie.ch\/it\/wp-json\/wp\/v2\/product\/26514","targetHints":{"allow":["GET"]}}],"collection":[{"href":"https:\/\/aivie.ch\/it\/wp-json\/wp\/v2\/product"}],"about":[{"href":"https:\/\/aivie.ch\/it\/wp-json\/wp\/v2\/types\/product"}],"replies":[{"embeddable":true,"href":"https:\/\/aivie.ch\/it\/wp-json\/wp\/v2\/comments?post=26514"}],"wp:attachment":[{"href":"https:\/\/aivie.ch\/it\/wp-json\/wp\/v2\/media?parent=26514"}],"wp:term":[{"taxonomy":"product_brand","embeddable":true,"href":"https:\/\/aivie.ch\/it\/wp-json\/wp\/v2\/product_brand?post=26514"},{"taxonomy":"product_cat","embeddable":true,"href":"https:\/\/aivie.ch\/it\/wp-json\/wp\/v2\/product_cat?post=26514"},{"taxonomy":"product_tag","embeddable":true,"href":"https:\/\/aivie.ch\/it\/wp-json\/wp\/v2\/product_tag?post=26514"}],"curies":[{"name":"wp","href":"https:\/\/api.w.org\/{rel}","templated":true}]}}