{"id":21954,"date":"2025-02-07T12:03:57","date_gmt":"2025-02-07T13:15:07","guid":{"rendered":"https:\/\/aivie.ch\/product\/creare-le-voci-dns-cname-dkim-e-spf\/"},"modified":"2025-02-07T15:15:07","modified_gmt":"2025-02-07T13:15:07","slug":"creare-le-voci-dns-cname-dkim-e-spf","status":"publish","type":"product","link":"https:\/\/aivie.ch\/it\/prodotto\/creare-le-voci-dns-cname-dkim-e-spf\/","title":{"rendered":"Creare le voci DNS CNAME, DKIM e SPF"},"content":{"rendered":"<h2>Consegna perfetta delle e-mail: configura correttamente CNAME, DKIM e SPF DNS<\/h2>\n<p>La corretta configurazione delle voci DNS CNAME, DKIM e SPF pu\u00f2 rappresentare una sfida. Le impostazioni errate spesso fanno s\u00ec che le e-mail finiscano nella cartella dello spam o non vengano consegnate affatto. Senza la giusta autenticazione, non solo rischi una scarsa percentuale di consegna, ma anche un impatto negativo sulla reputazione del tuo dominio.  <\/p>\n<p>L&#8217;impostazione \u00e8 noiosa e tecnicamente difficile. L&#8217;impostazione varia a seconda del provider DNS, il che pu\u00f2 rendere la configurazione ancora pi\u00f9 complicata. <\/p>\n<h2>Aivie lo rende facile: imposta CNAME, DKIM e SPF DNS<\/h2>\n<p>Con il supporto degli esperti di Aivie, questo problema appartiene al passato. Ci occupiamo di configurare i record DNS CNAME, DKIM e SPF in modo che le tue e-mail vengano recapitate in modo sicuro e affidabile. Questo non solo migliora la deliverability, ma protegge anche il tuo marchio da abusi e tentativi di phishing.  <\/p>\n<p>Lascia a noi la tecnologia e concentrati completamente sul tuo marketing. Con Aivie hai un partner che ti aiuter\u00e0 a realizzare le tue campagne con successo e senza ostacoli tecnici. <\/p>\n<h2>Procedura<\/h2>\n<ol>\n<li>Acquista questo servizio.<\/li>\n<li>Prenota un appuntamento per discutere delle tue esigenze.<\/li>\n<li>Aivie imposta le voci DNS per te e le controlla.<\/li>\n<li>Le tue iscrizioni saranno pubblicate dopo un massimo di 24 ore.<\/li>\n<\/ol>\n","protected":false},"excerpt":{"rendered":"<p>Aivie si occupa della corretta impostazione dei <strong>record DNS CNAME, DKIM e SPF<\/strong> \u2013 indipendentemente dal provider DNS \u2013 e garantisce cos\u00ec una consegna sicura delle email senza ostacoli tecnici.<\/p>\n","protected":false},"featured_media":12369,"comment_status":"closed","ping_status":"closed","template":"","meta":{"_acf_changed":false},"product_brand":[],"product_cat":[936],"product_tag":[938,937,940,941,939],"class_list":{"0":"post-21954","1":"product","2":"type-product","3":"status-publish","4":"has-post-thumbnail","6":"product_cat-servizi-istantanei","7":"product_tag-cname-it","8":"product_tag-dkim-it","9":"product_tag-dns-it","10":"product_tag-spam-it","11":"product_tag-spf-it","13":"first","14":"instock","15":"downloadable","16":"virtual","17":"taxable","18":"purchasable","19":"product-type-simple"},"acf":[],"featured_image_urls_v2":{"full":["https:\/\/cdn.aivie.ch\/media\/wp\/2022\/11\/16122426\/6.webp",800,800,false],"thumbnail":["https:\/\/cdn.aivie.ch\/media\/wp\/2022\/11\/16122426\/6-240x240.webp",240,240,true],"medium":["https:\/\/cdn.aivie.ch\/media\/wp\/2022\/11\/16122426\/6.webp",800,800,false],"medium_large":["https:\/\/cdn.aivie.ch\/media\/wp\/2022\/11\/16122426\/6-768x768.webp",768,768,true],"large":["https:\/\/cdn.aivie.ch\/media\/wp\/2022\/11\/16122426\/6.webp",800,800,false],"post-thumbnail":["https:\/\/cdn.aivie.ch\/media\/wp\/2022\/11\/16122426\/6.webp",800,800,false],"aiv_480w":["https:\/\/cdn.aivie.ch\/media\/wp\/2022\/11\/16122426\/6-480x480.webp",480,480,true],"woocommerce_thumbnail":["https:\/\/cdn.aivie.ch\/media\/wp\/2022\/11\/16122426\/6-240x240.webp",240,240,true],"woocommerce_single":["https:\/\/cdn.aivie.ch\/media\/wp\/2022\/11\/16122426\/6.webp",800,800,false],"woocommerce_gallery_thumbnail":["https:\/\/cdn.aivie.ch\/media\/wp\/2022\/11\/16122426\/6-240x240.webp",240,240,true]},"post_excerpt_stackable_v2":"<p>Aivie si occupa della corretta impostazione dei <strong>record DNS CNAME, DKIM e SPF<\/strong> \u2013 indipendentemente dal provider DNS \u2013 e garantisce cos\u00ec una consegna sicura delle email senza ostacoli tecnici.<\/p>\n","category_list_v2":"","author_info_v2":{"name":"","url":""},"comments_num_v2":"0 commento","_links":{"self":[{"href":"https:\/\/aivie.ch\/it\/wp-json\/wp\/v2\/product\/21954","targetHints":{"allow":["GET"]}}],"collection":[{"href":"https:\/\/aivie.ch\/it\/wp-json\/wp\/v2\/product"}],"about":[{"href":"https:\/\/aivie.ch\/it\/wp-json\/wp\/v2\/types\/product"}],"replies":[{"embeddable":true,"href":"https:\/\/aivie.ch\/it\/wp-json\/wp\/v2\/comments?post=21954"}],"wp:featuredmedia":[{"embeddable":true,"href":"https:\/\/aivie.ch\/it\/wp-json\/wp\/v2\/media\/12369"}],"wp:attachment":[{"href":"https:\/\/aivie.ch\/it\/wp-json\/wp\/v2\/media?parent=21954"}],"wp:term":[{"taxonomy":"product_brand","embeddable":true,"href":"https:\/\/aivie.ch\/it\/wp-json\/wp\/v2\/product_brand?post=21954"},{"taxonomy":"product_cat","embeddable":true,"href":"https:\/\/aivie.ch\/it\/wp-json\/wp\/v2\/product_cat?post=21954"},{"taxonomy":"product_tag","embeddable":true,"href":"https:\/\/aivie.ch\/it\/wp-json\/wp\/v2\/product_tag?post=21954"}],"curies":[{"name":"wp","href":"https:\/\/api.w.org\/{rel}","templated":true}]}}