{"id":16377,"date":"2021-06-23T07:31:39","date_gmt":"2021-06-23T05:31:39","guid":{"rendered":"https:\/\/aivie.ch\/product\/3-template-e-mail-di-mautic-contenuto\/"},"modified":"2026-01-11T14:16:20","modified_gmt":"2026-01-11T12:16:20","slug":"3-template-e-mail-di-mautic-contenuto","status":"publish","type":"product","link":"https:\/\/aivie.ch\/it\/prodotto\/3-template-e-mail-di-mautic-contenuto\/","title":{"rendered":"3 template e-mail Mautic \u201cContenuto\u201d"},"content":{"rendered":"<p>Risparmia tempo senza dover rinunciare alla variet\u00e0 e alle possibilit\u00e0 di creativit\u00e0.<br \/>\nUtilizza i template e-mail Aivie nella tua istanza Mautic. Crea in modo semplice e veloce l&#8217;e-mail desiderata. <\/p>\n<p>I template sono stati ottimizzati per tutti i client di posta elettronica pi\u00f9 comuni e hanno un aspetto eccellente. Anche con Outlook. Tutti i contenuti sono progettati per essere visualizzati bene su tutti i dispositivi. Sono reattivi e ottimizzati per la visualizzazione su display Retina.<\/p>\n<p>I template e-mail sono conformi agli standard pi\u00f9 recenti e sono sviluppati secondo le migliori pratiche comuni e sono stati sottoposti a controlli di qualit\u00e0. Si presta particolare attenzione affinch\u00e9 non suscitino inutili sospetti di spam.<\/p>\n<p>I template e-mail vengono utilizzati quotidianamente dai clienti Aivie.<\/p>\n<p>I template e-mail Mautic vengono forniti come file tema Mautic.<\/p>\n<p>\u00c8 garantita la facilit\u00e0 di modifica e di espansione dei template.<\/p>\n<p>I template delle e-mail sono testati per tutti i dispositivi. Qui \u00e8 possibile<a href=\"https:\/\/cdn.aivie.ch\/media\/wp\/2021\/06\/13160219\/blank-two-choices-c1d9060a-5393-4808-872c-8fa6315a046d-3.zip\"><strong> scaricare un&#8217;anteprima del template su diversi dispositivi.<\/strong><\/a><\/p>\n<h3>I vostri vantaggi<\/h3>\n<ul>\n<li>Ottimizzato per il builder di e-mail Mautic 4 (GrapesJs, MJML)<\/li>\n<li>Creare e-mail in modo facile e veloce.<\/li>\n<li>Migliore esperienza utente<\/li>\n<li>Le e-mail hanno un bell&#8217;aspetto sui programmi di posta elettronica pi\u00f9 diffusi (Responsive)<\/li>\n<li>Supporto per immagini Retina ad alta risoluzione<\/li>\n<li>MJML\/HTML di alta qualit\u00e0<\/li>\n<li>Ottimizzato per la riduzione del sospetto di SPAM<\/li>\n<li>6 mesi di aggiornamenti e supporto gratuiti<\/li>\n<li>Non sono necessarie conoscenze informatiche o di codice<\/li>\n<\/ul>\n<h3>Il modo pi\u00f9 veloce per il nuovo template email di Mautic<\/h3>\n<ol>\n<li>Acquista i tuoi 3 template e-mail Mautic<\/li>\n<li>Fare le specifiche appropriate per il colore, il logo, il carattere, ecc.<\/li>\n<li>Lo installeremo entro il tempo richiesto (o vi invieremo il file ZIP per l&#8217;installazione indipendente se l&#8217;hosting non \u00e8 presso di noi).<\/li>\n<li>Creare nuove e fantastiche e-mail<\/li>\n<\/ol>\n<p>Si applicano i nostri <a href=\"https:\/\/www.idea2.ch\/allgemeine-geschaeftsbedingungen\/\" target=\"_blank\" rel=\"noopener noreferrer\">termini e condizioni generali<\/a>.<\/p>\n","protected":false},"excerpt":{"rendered":"<p>Modelli di email Mautic ottimizzati per i contenuti<\/p>\n","protected":false},"featured_media":10421,"comment_status":"closed","ping_status":"closed","template":"","meta":{"_acf_changed":false},"product_brand":[],"product_cat":[499],"product_tag":[],"class_list":{"0":"post-16377","1":"product","2":"type-product","3":"status-publish","4":"has-post-thumbnail","6":"product_cat-modelli-di-e-mail-aivie","7":"pa_brand-aivie-it","8":"pa_manufacturer-idea2-it","10":"first","11":"instock","12":"sale","13":"virtual","14":"taxable","15":"purchasable","16":"product-type-simple"},"acf":[],"featured_image_urls_v2":{"full":["https:\/\/cdn.aivie.ch\/media\/wp\/2021\/06\/14161704\/Woocommerce-Product-Pic-Mautic-Email-Template.webp",800,800,false],"thumbnail":["https:\/\/cdn.aivie.ch\/media\/wp\/2021\/06\/14161704\/Woocommerce-Product-Pic-Mautic-Email-Template-240x240.webp",240,240,true],"medium":["https:\/\/cdn.aivie.ch\/media\/wp\/2021\/06\/14161704\/Woocommerce-Product-Pic-Mautic-Email-Template.webp",800,800,false],"medium_large":["https:\/\/cdn.aivie.ch\/media\/wp\/2021\/06\/14161704\/Woocommerce-Product-Pic-Mautic-Email-Template-768x768.webp",768,768,true],"large":["https:\/\/cdn.aivie.ch\/media\/wp\/2021\/06\/14161704\/Woocommerce-Product-Pic-Mautic-Email-Template.webp",800,800,false],"post-thumbnail":["https:\/\/cdn.aivie.ch\/media\/wp\/2021\/06\/14161704\/Woocommerce-Product-Pic-Mautic-Email-Template.webp",800,800,false],"aiv_480w":["https:\/\/cdn.aivie.ch\/media\/wp\/2021\/06\/14161704\/Woocommerce-Product-Pic-Mautic-Email-Template-480x480.webp",480,480,true],"woocommerce_thumbnail":["https:\/\/cdn.aivie.ch\/media\/wp\/2021\/06\/14161704\/Woocommerce-Product-Pic-Mautic-Email-Template-240x240.webp",240,240,true],"woocommerce_single":["https:\/\/cdn.aivie.ch\/media\/wp\/2021\/06\/14161704\/Woocommerce-Product-Pic-Mautic-Email-Template.webp",800,800,false],"woocommerce_gallery_thumbnail":["https:\/\/cdn.aivie.ch\/media\/wp\/2021\/06\/14161704\/Woocommerce-Product-Pic-Mautic-Email-Template-240x240.webp",240,240,true]},"post_excerpt_stackable_v2":"<p>Modelli di email Mautic ottimizzati per i contenuti<\/p>\n","category_list_v2":"","author_info_v2":{"name":"","url":""},"comments_num_v2":"0 commento","_links":{"self":[{"href":"https:\/\/aivie.ch\/it\/wp-json\/wp\/v2\/product\/16377","targetHints":{"allow":["GET"]}}],"collection":[{"href":"https:\/\/aivie.ch\/it\/wp-json\/wp\/v2\/product"}],"about":[{"href":"https:\/\/aivie.ch\/it\/wp-json\/wp\/v2\/types\/product"}],"replies":[{"embeddable":true,"href":"https:\/\/aivie.ch\/it\/wp-json\/wp\/v2\/comments?post=16377"}],"wp:featuredmedia":[{"embeddable":true,"href":"https:\/\/aivie.ch\/it\/wp-json\/wp\/v2\/media\/10421"}],"wp:attachment":[{"href":"https:\/\/aivie.ch\/it\/wp-json\/wp\/v2\/media?parent=16377"}],"wp:term":[{"taxonomy":"product_brand","embeddable":true,"href":"https:\/\/aivie.ch\/it\/wp-json\/wp\/v2\/product_brand?post=16377"},{"taxonomy":"product_cat","embeddable":true,"href":"https:\/\/aivie.ch\/it\/wp-json\/wp\/v2\/product_cat?post=16377"},{"taxonomy":"product_tag","embeddable":true,"href":"https:\/\/aivie.ch\/it\/wp-json\/wp\/v2\/product_tag?post=16377"}],"curies":[{"name":"wp","href":"https:\/\/api.w.org\/{rel}","templated":true}]}}