{"id":28392,"date":"2026-02-12T13:07:40","date_gmt":"2026-02-12T11:07:40","guid":{"rendered":"https:\/\/aivie.ch\/managed-mautic-hosting-vale-la-pena-passare-per-voi\/"},"modified":"2026-02-12T13:42:31","modified_gmt":"2026-02-12T11:42:31","slug":"managed-mautic-hosting-vale-la-pena-passare-per-voi","status":"publish","type":"page","link":"https:\/\/aivie.ch\/it\/managed-mautic-hosting-vale-la-pena-passare-per-voi\/","title":{"rendered":"Managed Mautic hosting \u2013 Vale la pena passare per voi?"},"content":{"rendered":"\n<div class=\"alignfull wp-block-ugb-columns ugb-columns ugb-f174274 ugb-columns--design-plain ugb-columns--columns-2 ugb-main-block ugb-main-block--inner-center ugb--has-block-background ugb--has-background-overlay\"><style>.ugb-f174274 > .ugb-inner-block > .ugb-block-content > .ugb-columns__item{grid-template-columns:0.88fr 1.12fr !important}.ugb-f174274.ugb-columns{background-image:url(https:\/\/cdn.aivie.ch\/media\/wp\/2021\/06\/19131702\/pattern-company-960w.png);background-position:top left;background-repeat:no-repeat;background-size:47% !important}.ugb-f174274.ugb-columns:before{opacity:0.5}<\/style><div class=\"ugb-inner-block ugb-inner-block--center\"><div class=\"ugb-block-content\"><div class=\"ugb-columns__item ugb-f174274-content-wrapper\">\n<div class=\"wp-block-ugb-column ugb-column ugb-3b6a10a ugb-column--design-plain ugb-main-block\"><div class=\"ugb-inner-block\"><div class=\"ugb-block-content\"><div class=\"ugb-column__item ugb-3b6a10a-column-wrapper\"><div class=\"ugb-column__content-wrapper\">\n<figure class=\"wp-block-image size-full\"><img loading=\"lazy\" decoding=\"async\" width=\"600\" height=\"400\" src=\"https:\/\/cdn.aivie.ch\/media\/wp\/2021\/09\/24102203\/DoubleOptIn_03.png\" alt=\"Semplice double opt-in con Aivie\" class=\"wp-image-5552\" title=\"\" srcset=\"https:\/\/cdn.aivie.ch\/media\/wp\/2021\/09\/24102203\/DoubleOptIn_03.png 600w, https:\/\/cdn.aivie.ch\/media\/wp\/2021\/09\/24102203\/DoubleOptIn_03-480x320.png 480w\" sizes=\"auto, (max-width: 600px) 100vw, 600px\" \/><\/figure>\n<\/div><\/div><\/div><\/div><\/div>\n\n\n\n<div class=\"wp-block-ugb-column ugb-column ugb-e4b2525 ugb-column--design-plain ugb-main-block\"><style>@media screen and (min-width:768px){.ugb-e4b2525 > .ugb-inner-block > .ugb-block-content > *{justify-content:center}}.ugb-e4b2525 > .ugb-inner-block > .ugb-block-content > *{justify-content:center !important}@media screen and (min-width:768px){.ugb-e4b2525 > .ugb-inner-block > .ugb-block-content > *{padding-top:20px !important;padding-bottom:20px !important;padding-right:20px !important;padding-left:20px !important}}<\/style><div class=\"ugb-inner-block\"><div class=\"ugb-block-content\"><div class=\"ugb-column__item ugb-e4b2525-column-wrapper\"><div class=\"ugb-column__content-wrapper\">\n<div class=\"wp-block-ugb-heading ugb-heading ugb-e1026e4 ugb-main-block\"><div class=\"ugb-inner-block\"><div class=\"ugb-block-content\"><h1 class=\"ugb-heading__title\">Managed Mautic hosting \u2013 Vale la pena passare per voi?<\/h1><p class=\"ugb-heading__subtitle\">Usate Mautic in self-hosting. Funziona \u2013 quasi sempre. <br\/><br\/>Ma la vera domanda \u00e8:<br\/>Managed Mautic Hosting vi farebbe risparmiare tempo, rischi e costi nascosti?<br\/><br\/>\u00c8 proprio questo che scoprirete con questa breve analisi del potenziale.<\/p><\/div><\/div><\/div>\n\n\n\n<div class=\"wp-block-stackable-button-group stk-block-button-group stk-block stk-46caa18\" data-block-id=\"46caa18\"><div class=\"stk-row stk-inner-blocks stk-block-content stk-button-group\">\n<div class=\"wp-block-stackable-button stk-block-button stk-block stk-66de1a8\" data-block-id=\"66de1a8\"><a class=\"stk-link stk-button stk--hover-effect-darken\" href=\"#start\"><span class=\"stk-button__inner-text\">Fai l\u2019analisi del potenziale<\/span><\/a><\/div>\n<\/div><\/div>\n\n\n\n<div class=\"aligncenter wp-block-ugb-container ugb-container ugb-f74cc05 ugb-container--v2 ugb-container--design-basic ugb-main-block\"><style>.ugb-f74cc05-wrapper.ugb-container__wrapper{background-color:#283e4c !important}.ugb-f74cc05-wrapper.ugb-container__wrapper:before{background-color:#283e4c !important}.ugb-f74cc05-content-wrapper > h1,.ugb-f74cc05-content-wrapper > h2,.ugb-f74cc05-content-wrapper > h3,.ugb-f74cc05-content-wrapper > h4,.ugb-f74cc05-content-wrapper > h5,.ugb-f74cc05-content-wrapper > h6{color:#ffffff}.ugb-f74cc05-content-wrapper > p,.ugb-f74cc05-content-wrapper > ol li,.ugb-f74cc05-content-wrapper > ul li{color:#ffffff}<\/style><div class=\"ugb-inner-block\"><div class=\"ugb-block-content\"><div class=\"ugb-container__wrapper ugb-f74cc05-wrapper\"><div class=\"ugb-container__side\"><div class=\"ugb-container__content-wrapper ugb-f74cc05-content-wrapper\">\n<div class=\"alignfull wp-block-ugb-icon-list ugb-icon-list ugb-c71e24a ugb-icon-list--v2 ugb-main-block ugb-main-block--inner-center ugb--has-block-background\"><style>.ugb-c71e24a li{color:#ffffff;--icon-size:8px !important}.ugb-c71e24a li::before{width:8px !important;height:8px !important;background-image:url('data:image\/svg+xml;base64,PHN2ZyBkYXRhLXByZWZpeD0iZmFzIiBkYXRhLWljb249ImNpcmNsZSIgY2xhc3M9InN2Zy1pbmxpbmUtLWZhIGZhLWNpcmNsZSBmYS13LTE2IiByb2xlPSJpbWciIHhtbG5zPSJodHRwOi8vd3d3LnczLm9yZy8yMDAwL3N2ZyIgdmlld0JveD0iMCAwIDUxMiA1MTIiIHN0eWxlPSJmaWxsOiAjZTYzMzEyICFpbXBvcnRhbnQ7IGNvbG9yOiAjZTYzMzEyICFpbXBvcnRhbnQiPjxwYXRoIGZpbGw9IiNlNjMzMTIiIGQ9Ik0yNTYgOEMxMTkgOCA4IDExOSA4IDI1NnMxMTEgMjQ4IDI0OCAyNDggMjQ4LTExMSAyNDgtMjQ4UzM5MyA4IDI1NiA4eiIgc3Ryb2tlPSIjZTYzMzEyIiBzdHlsZT0iZmlsbDogcmdiKDIzMCwgNTEsIDE4KTsgc3Ryb2tlOiByZ2IoMjMwLCA1MSwgMTgpOyIvPjwvc3ZnPg==')}.ugb-c71e24a.ugb-icon-list ul{columns:1}.ugb-c71e24a.ugb-icon-list{background-color:#283e4c}.ugb-c71e24a{padding:0 !important}.ugb-c71e24a.ugb-icon-list:before{background-color:#283e4c}.ugb-c71e24a .ugb-block-title{color:#ffffff;text-align:left}<\/style><div class=\"ugb-inner-block ugb-inner-block--center\"><h3 class=\"ugb-block-title\">Dopo aver compilato, saprete:<\/h3><div class=\"ugb-block-content\"><ul><li>Se il vostro self-hosting \u00e8 stabile e professionale<\/li><li>Se ci sono rischi nascosti<\/li><li>Se il managed Mautic hosting avrebbe senso per voi a livello strategico<\/li><li>Quanto \u00e8 alto il vostro potenziale di ottimizzazione<\/li><\/ul><\/div><\/div><\/div>\n<\/div><\/div><\/div><\/div><\/div><\/div>\n<\/div><\/div><\/div><\/div><\/div>\n<\/div><\/div><\/div><\/div>\n\n<div class=\"alignfull wp-block-ugb-columns ugb-columns aiv-lead-center ugb-c288156 ugb-columns--design-plain ugb-columns--columns-3 ugb-main-block ugb-main-block--inner-center ugb--has-block-background ugb--has-background-overlay\"><style>.ugb-c288156 > .ugb-inner-block > .ugb-block-content > .ugb-columns__item{grid-template-columns:1.20fr 1.20fr 0.60fr !important}.ugb-c288156.ugb-columns{background-color:#EFF0F1;background-image:url(https:\/\/cdn.aivie.ch\/media\/wp\/2021\/06\/19131659\/pattern-mario-480w.png);background-position:bottom left;background-repeat:no-repeat;background-size:523px !important}.ugb-c288156.ugb-columns:before{background-color:#EFF0F1;opacity:0.5}<\/style><div class=\"ugb-inner-block ugb-inner-block--center\"><h2 class=\"ugb-block-title ugb-block-title--with-subtitle\">Perch\u00e9 valutare il managed Mautic hosting?<\/h2><p class=\"ugb-block-description\"><br>La licenza \u00e8 gratuita. La gestione no.<br>Con questa analisi capirete se state davvero risparmiando<br>o se l\u2019attuale configurazione vi frena nel lungo periodo. <\/p><div class=\"ugb-block-content\"><div class=\"ugb-columns__item ugb-c288156-content-wrapper\">\n<div class=\"wp-block-ugb-column ugb-column ugb-2680bba ugb-column--design-plain ugb-main-block\"><div class=\"ugb-inner-block\"><div class=\"ugb-block-content\"><div class=\"ugb-column__item ugb-2680bba-column-wrapper\"><div class=\"ugb-column__content-wrapper\">\n<h3 class=\"wp-block-heading\" id=\"h-neue-konzepte\">Conosci i costi reali?<\/h3>\n\n\n\n<p>Molti team sottovalutano i costi operativi reali (TCO) del self-hosting:<\/p>\n\n\n\n<ul class=\"wp-block-list\">\n<li>Tempo IT per aggiornamenti e backup<\/li>\n\n\n\n<li>Risoluzione dei problemi in caso di errori<\/li>\n\n\n\n<li>Problemi di spam e rischi di deliverability<\/li>\n\n\n\n<li>Dipendenza da singole persone<\/li>\n\n\n\n<li>Incertezza sulla protezione dei dati<\/li>\n<\/ul>\n<\/div><\/div><\/div><\/div><\/div>\n\n\n\n<div class=\"wp-block-ugb-column ugb-column ugb-fd5862e ugb-column--design-plain ugb-main-block\"><div class=\"ugb-inner-block\"><div class=\"ugb-block-content\"><div class=\"ugb-column__item ugb-fd5862e-column-wrapper\"><div class=\"ugb-column__content-wrapper\">\n<h3 class=\"wp-block-heading\" id=\"h-fur-wen\">Per chi?<\/h3>\n\n\n\n<p>Per i marketing manager che usano Mautic e vogliono sapere:<\/p>\n\n\n\n<ul class=\"wp-block-list\">\n<li>Se il self-hosting ha ancora davvero senso<\/li>\n\n\n\n<li>Se deliverability e performance sono ottimali<\/li>\n\n\n\n<li>Se aggiornamenti e aspetti tecnici consumano risorse inutilmente<\/li>\n\n\n\n<li>Se la configurazione \u00e8 sicura e conforme nel lungo periodo<\/li>\n\n\n\n<li>Se un managed Mautic hosting professionale avrebbe senso dal punto di vista economico<\/li>\n<\/ul>\n<\/div><\/div><\/div><\/div><\/div>\n\n\n\n<div class=\"wp-block-ugb-column ugb-column ugb-cbfdfe6 ugb-column--design-plain ugb-main-block\"><div class=\"ugb-inner-block\"><div class=\"ugb-block-content\"><div class=\"ugb-column__item ugb-cbfdfe6-column-wrapper\"><div class=\"ugb-column__content-wrapper\">\n<figure class=\"wp-block-image size-full is-resized\"><img loading=\"lazy\" decoding=\"async\" width=\"600\" height=\"400\" src=\"https:\/\/cdn.aivie.ch\/media\/wp\/2021\/08\/19131548\/DoubleOptIn_00.webp\" alt=\"Doppio Opt-In\" class=\"wp-image-1748\" style=\"width:245px;height:163px\" title=\"\" srcset=\"https:\/\/cdn.aivie.ch\/media\/wp\/2021\/08\/19131548\/DoubleOptIn_00.webp 600w, https:\/\/cdn.aivie.ch\/media\/wp\/2021\/08\/19131548\/DoubleOptIn_00-480x320.webp 480w\" sizes=\"auto, (max-width: 600px) 100vw, 600px\" \/><\/figure>\n\n\n\n<p><\/p>\n<\/div><\/div><\/div><\/div><\/div>\n<\/div><\/div><\/div><\/div>\n\n<div class=\"alignfull wp-block-ugb-columns ugb-columns aiv-col-2 ugb-cf3e01c ugb-columns--design-plain ugb-columns--columns-2 ugb-main-block ugb-main-block--inner-center ugb--has-block-background\" id=\"start\"><style>.ugb-cf3e01c-content-wrapper{grid-column-gap:60px !important}.ugb-cf3e01c.ugb-columns{background-color:#cfe7e1}.ugb-cf3e01c.ugb-columns:before{background-color:#cfe7e1}<\/style><div class=\"ugb-inner-block ugb-inner-block--center\"><div class=\"ugb-block-content\"><div class=\"ugb-columns__item ugb-cf3e01c-content-wrapper\">\n<div class=\"wp-block-ugb-column ugb-column ugb-3447d90 ugb-column--design-plain ugb-main-block\"><div class=\"ugb-inner-block\"><div class=\"ugb-block-content\"><div class=\"ugb-column__item ugb-3447d90-column-wrapper\"><div class=\"ugb-column__content-wrapper\">\n<div class=\"wp-block-ugb-heading ugb-heading ugb-566060f ugb-main-block\"><style>.ugb-566060f .ugb-heading__title{color:#e63312}<\/style><div class=\"ugb-inner-block\"><div class=\"ugb-block-content\"><h2 class=\"ugb-heading__title\">Come funziona l\u2019analisi del potenziale per il managed Mautic hosting<\/h2><p class=\"ugb-heading__subtitle\">1. Valutate 5 affermazioni da 1 a 5<br\/>2. Calcoliamo il vostro punteggio<br\/>3. Ricevete una raccomandazione onesta<br\/><br\/>L\u2019obiettivo non \u00e8 \u201cvendervi\u201d qualcosa, ma darvi chiarezza. <\/p><\/div><\/div><\/div>\n<\/div><\/div><\/div><\/div><\/div>\n\n\n\n<div class=\"wp-block-ugb-column ugb-column ugb-5836e2f ugb-column--design-plain ugb-main-block\" id=\"join\"><div class=\"ugb-inner-block\"><div class=\"ugb-block-content\"><div class=\"ugb-column__item ugb-5836e2f-column-wrapper\"><div class=\"ugb-column__content-wrapper\">\n<div class=\"wp-block-ugb-heading ugb-heading ugb-0ddda24 ugb-main-block\"><style>.ugb-0ddda24 .ugb-heading__title{color:#283e4c}<\/style><div class=\"ugb-inner-block\"><div class=\"ugb-block-content\"><h2 class=\"ugb-heading__title\"><span style=\"color: #283e4c;\" class=\"ugb-highlight\">Avvia ora l\u2019analisi del potenziale<\/span><\/h2><\/div><\/div><\/div>\n\n\n<script type=\"text\/javascript\" src=\"https:\/\/m.aivie.ch\/form\/generate.js?id=114\"><\/script>\n<\/div><\/div><\/div><\/div><\/div>\n<\/div><\/div><\/div><\/div>\n\n<div class=\"alignfull wp-block-ugb-columns ugb-columns ugb-091e990 ugb-columns--design-plain ugb-columns--columns-2 ugb-main-block ugb-main-block--inner-center ugb--has-block-background\"><style>.ugb-091e990-content-wrapper{grid-column-gap:60px !important}.ugb-091e990.ugb-columns{background-color:#EFF0F1}.ugb-091e990.ugb-columns:before{background-color:#EFF0F1}<\/style><div class=\"ugb-inner-block ugb-inner-block--center\"><div class=\"ugb-block-content\"><div class=\"ugb-columns__item ugb-091e990-content-wrapper\">\n<div class=\"wp-block-ugb-column ugb-column ugb-6da6590 ugb-column--design-plain ugb-main-block\"><div class=\"ugb-inner-block\"><div class=\"ugb-block-content\"><div class=\"ugb-column__item ugb-6da6590-column-wrapper\"><div class=\"ugb-column__content-wrapper\">\n<div class=\"wp-block-ugb-heading ugb-heading ugb-dab8255 ugb-main-block\"><style>.ugb-dab8255 .ugb-heading__title{color:#283e4c}<\/style><div class=\"ugb-inner-block\"><div class=\"ugb-block-content\"><h2 class=\"ugb-heading__title\"><span style=\"color: #283e4c;\" class=\"ugb-highlight\">Volete continuare a usare Mautic, ma gestendolo in modo professionale?<\/span><\/h2><\/div><\/div><\/div>\n\n\n\n<p>L&#8217;hosting Mautic gestito significa:<\/p>\n\n\n\n<ul class=\"wp-block-list\">\n<li>Nessuno stress tecnico<\/li>\n\n\n\n<li>Costi pianificabili<\/li>\n\n\n\n<li>Deliverability pulita<\/li>\n\n\n\n<li>Hosting svizzero e protezione dei dati<\/li>\n\n\n\n<li>Focus sul marketing invece che sul server<\/li>\n<\/ul>\n\n\n\n<div class=\"wp-block-ugb-button ugb-button-wrapper ugb-f7ceaee ugb-main-block\"><style>.ugb-f7ceaee .ugb-block-content{justify-content:flex-start !important}.ugb-f7ceaee .ugb-inner-block{text-align:left}<\/style><div class=\"ugb-inner-block\"><div class=\"ugb-block-content\"><div class=\"ugb-button-container\"><a class=\"ugb-button1 ugb-button ugb-button--size-normal\" href=\"https:\/\/aivie.ch\/it\/hosting-mautic\/\" rel=\"\" title=\"\"><span class=\"ugb-button--inner\">Maggiori informazioni sull&#8217;hosting Mautic gestito<\/span><\/a><\/div><\/div><\/div><\/div>\n\n\n\n<p style=\"font-size:12px\">* Include una fase di prova di 30 giorni per un numero di contatti compreso tra 200 e 5000.<\/p>\n<\/div><\/div><\/div><\/div><\/div>\n\n\n\n<div class=\"wp-block-ugb-column ugb-column ugb-d6f33f0 ugb-column--design-plain ugb-main-block\"><style>@media screen and (min-width:768px){.ugb-d6f33f0.ugb-column{margin-top:0px !important}.ugb-d6f33f0 > .ugb-inner-block > .ugb-block-content > *{justify-content:center}}.ugb-d6f33f0 > .ugb-inner-block > .ugb-block-content > *{justify-content:center !important}@media screen and (min-width:768px){.ugb-d6f33f0 > .ugb-inner-block > .ugb-block-content > *{padding-top:0px !important;padding-bottom:0px !important;padding-right:0px !important;padding-left:0px !important}}<\/style><div class=\"ugb-inner-block\"><div class=\"ugb-block-content\"><div class=\"ugb-column__item ugb-d6f33f0-column-wrapper\"><div class=\"ugb-column__content-wrapper\">\n<figure class=\"wp-block-image size-full is-style-default\"><img loading=\"lazy\" decoding=\"async\" width=\"600\" height=\"400\" src=\"https:\/\/cdn.aivie.ch\/media\/wp\/2021\/09\/24102203\/DoubleOptIn_03.png\" alt=\"\" class=\"wp-image-5552\" title=\"\" srcset=\"https:\/\/cdn.aivie.ch\/media\/wp\/2021\/09\/24102203\/DoubleOptIn_03.png 600w, https:\/\/cdn.aivie.ch\/media\/wp\/2021\/09\/24102203\/DoubleOptIn_03-480x320.png 480w\" sizes=\"auto, (max-width: 600px) 100vw, 600px\" \/><\/figure>\n<\/div><\/div><\/div><\/div><\/div>\n<\/div><\/div><\/div><\/div>\n\n<div class=\"wp-block-stackable-columns alignfull stk-block-columns stk-block stk-514dc0e stk-block-background\" data-block-id=\"514dc0e\"><style>.stk-514dc0e {background-color:#283e4c !important;padding-top:80px !important;padding-bottom:80px !important;margin-bottom:0px !important;}.stk-514dc0e:before{background-color:#283e4c !important;}.stk-514dc0e-column{--stk-column-gap:10px !important;}<\/style><div class=\"stk-row stk-inner-blocks stk-block-content stk-content-align stk-514dc0e-column\">\n<div class=\"wp-block-stackable-column stk-block-column stk-column stk-block stk-47205a5\" data-v=\"4\" data-block-id=\"47205a5\"><div class=\"stk-column-wrapper stk-block-column__content stk-container stk-47205a5-container stk--no-background stk--no-padding\"><div class=\"stk-block-content stk-inner-blocks stk-47205a5-inner-blocks\">\n<div class=\"wp-block-stackable-image stk-block-image has-text-align-right stk-block stk-57f59a8\" data-block-id=\"57f59a8\"><style>.stk-57f59a8 .stk-img-wrapper{width:313px !important;}<\/style><figure><span class=\"stk-img-wrapper stk-image--shape-stretch\"><img loading=\"lazy\" decoding=\"async\" class=\"stk-img wp-image-15194\" src=\"https:\/\/cdn.aivie.ch\/media\/wp\/2023\/09\/08102739\/Customer-Case-Ferris-Labs.jpeg\" width=\"800\" height=\"800\" alt=\"Felix - Caso cliente Ferris Ai\" title=\"\" srcset=\"https:\/\/cdn.aivie.ch\/media\/wp\/2023\/09\/08102739\/Customer-Case-Ferris-Labs.jpeg 800w, https:\/\/cdn.aivie.ch\/media\/wp\/2023\/09\/08102739\/Customer-Case-Ferris-Labs-240x240.jpeg 240w, https:\/\/cdn.aivie.ch\/media\/wp\/2023\/09\/08102739\/Customer-Case-Ferris-Labs-768x768.jpeg 768w, https:\/\/cdn.aivie.ch\/media\/wp\/2023\/09\/08102739\/Customer-Case-Ferris-Labs-480x480.jpeg 480w\" sizes=\"auto, (max-width: 800px) 100vw, 800px\" \/><\/span><\/figure><\/div>\n<\/div><\/div><\/div>\n\n\n\n<div class=\"wp-block-stackable-column stk-block-column stk-column stk-block stk-4bd404f\" data-v=\"4\" data-block-id=\"4bd404f\"><div class=\"stk-column-wrapper stk-block-column__content stk-container stk-4bd404f-container stk--no-background stk--no-padding\"><div class=\"stk-block-content stk-inner-blocks stk-4bd404f-inner-blocks\">\n<p class=\"has-text-align-left has-red-color has-text-color has-large-font-size\"><span style=\"color: #ffffff;\" class=\"stk-highlight\">\u201cAbbiamo raddoppiato i contatti\u201d.<\/span><\/p>\n\n\n\n<p class=\"has-text-align-left has-red-color has-text-color has-large-font-size\"><span style=\"color: #ffffff;\" class=\"stk-highlight\">\u201cMi sono divertito molto in fretta perch\u00e9 ho la libert\u00e0 di mettere insieme lo strumento e i servizi secondo le mie esigenze\u201d.<\/span><\/p>\n\n\n\n<p class=\"has-text-align-left has-red-color has-text-color\"><span style=\"color: #ffffff;\" class=\"stk-highlight\">Felix Caprez,<\/span> <span style=\"color: #ffffff;\" class=\"stk-highlight\">Ferris AI<\/span><\/p>\n\n\n\n<div class=\"wp-block-stackable-button-group stk-block-button-group stk-block stk-f927ee0\" data-block-id=\"f927ee0\"><div class=\"stk-row stk-inner-blocks stk-block-content stk-button-group\">\n<div class=\"wp-block-stackable-button stk-block-button stk-block stk-8fb4ccf\" data-block-id=\"8fb4ccf\"><a class=\"stk-link stk-button stk--hover-effect-darken\" href=\"https:\/\/aivie.ch\/it\/ferris-labs-ha-raddoppiato-i-suoi-contatti-caso-marketing-automation\/\"><span class=\"stk-button__inner-text\">Al caso del cliente<\/span><\/a><\/div>\n<\/div><\/div>\n<\/div><\/div><\/div>\n<\/div><\/div>\n","protected":false},"excerpt":{"rendered":"<p>Managed Mautic hosting \u2013 Vale la pena passare per voi? Usate Mautic in self-hosting. Funziona \u2013 quasi sempre. Ma la vera domanda \u00e8:Managed Mautic Hosting vi farebbe risparmiare tempo, rischi e costi nascosti? \u00c8 proprio questo che scoprirete con questa breve analisi del potenziale. Fai l\u2019analisi del potenziale Dopo aver compilato, saprete: Se il vostro &hellip; <a href=\"https:\/\/aivie.ch\/it\/managed-mautic-hosting-vale-la-pena-passare-per-voi\/\" class=\"more-link\">Continua a leggere <span class=\"screen-reader-text\">Managed Mautic hosting \u2013 Vale la pena passare per voi?<\/span><\/a><\/p>\n","protected":false},"author":1,"featured_media":0,"parent":0,"menu_order":0,"comment_status":"closed","ping_status":"closed","template":"front-page.php","meta":{"_acf_changed":false,"footnotes":""},"class_list":["post-28392","page","type-page","status-publish","hentry"],"acf":[],"featured_image_urls_v2":{"full":"","thumbnail":"","medium":"","medium_large":"","large":"","post-thumbnail":"","aiv_480w":"","woocommerce_thumbnail":"","woocommerce_single":"","woocommerce_gallery_thumbnail":""},"post_excerpt_stackable_v2":"<p>Managed Mautic hosting \u2013 Vale la pena passare per voi?Usate Mautic in self-hosting. Funziona \u2013 quasi sempre. Ma la vera domanda \u00e8:Managed Mautic Hosting vi farebbe risparmiare tempo, rischi e costi nascosti?\u00c8 proprio questo che scoprirete con questa breve analisi del potenziale. Fai l\u2019analisi del potenziale Dopo aver compilato, saprete:Se il vostro self-hosting \u00e8 stabile e professionaleSe ci sono rischi nascostiSe il managed Mautic hosting avrebbe senso per voi a livello strategicoQuanto \u00e8 alto il vostro potenziale di ottimizzazione Perch\u00e9 valutare il managed Mautic hosting?La licenza \u00e8 gratuita. La gestione no.Con questa analisi capirete se state davvero risparmiandoo se l\u2019attuale\u2026<\/p>\n","category_list_v2":"","author_info_v2":{"name":"Adrian Schimpf","url":"https:\/\/aivie.ch\/it\/author\/adrian\/"},"comments_num_v2":"0 commento","_links":{"self":[{"href":"https:\/\/aivie.ch\/it\/wp-json\/wp\/v2\/pages\/28392","targetHints":{"allow":["GET"]}}],"collection":[{"href":"https:\/\/aivie.ch\/it\/wp-json\/wp\/v2\/pages"}],"about":[{"href":"https:\/\/aivie.ch\/it\/wp-json\/wp\/v2\/types\/page"}],"author":[{"embeddable":true,"href":"https:\/\/aivie.ch\/it\/wp-json\/wp\/v2\/users\/1"}],"replies":[{"embeddable":true,"href":"https:\/\/aivie.ch\/it\/wp-json\/wp\/v2\/comments?post=28392"}],"version-history":[{"count":9,"href":"https:\/\/aivie.ch\/it\/wp-json\/wp\/v2\/pages\/28392\/revisions"}],"predecessor-version":[{"id":28453,"href":"https:\/\/aivie.ch\/it\/wp-json\/wp\/v2\/pages\/28392\/revisions\/28453"}],"wp:attachment":[{"href":"https:\/\/aivie.ch\/it\/wp-json\/wp\/v2\/media?parent=28392"}],"curies":[{"name":"wp","href":"https:\/\/api.w.org\/{rel}","templated":true}]}}