{"id":25319,"date":"2025-12-24T11:10:57","date_gmt":"2025-12-24T09:10:57","guid":{"rendered":"https:\/\/aivie.ch\/sostenibilita\/"},"modified":"2025-12-24T11:11:00","modified_gmt":"2025-12-24T09:11:00","slug":"sostenibilita","status":"publish","type":"page","link":"https:\/\/aivie.ch\/it\/sostenibilita\/","title":{"rendered":"Sostenibilit\u00e0"},"content":{"rendered":"\n<div class=\"alignfull wp-block-ugb-columns ugb-columns aiv-col-2 ugb-b5274d6 ugb-columns--design-plain ugb-columns--columns-2 ugb-main-block ugb-main-block--inner-center ugb--has-block-background ugb--has-background-overlay\"><style>.ugb-b5274d6.ugb-columns{background-image:url(https:\/\/cdn.aivie.ch\/media\/wp\/2021\/06\/19131703\/pattern-u-960w.png);background-position:bottom left;background-repeat:no-repeat;background-size:40% !important}.ugb-b5274d6.ugb-columns:before{opacity:0.5}@media screen and (min-width:768px){.ugb-b5274d6.ugb-columns{padding-right:35px !important}}<\/style><div class=\"ugb-inner-block ugb-inner-block--center\"><div class=\"ugb-block-content\"><div class=\"ugb-columns__item ugb-b5274d6-content-wrapper\">\n<div class=\"wp-block-ugb-column ugb-column ugb-2cbff60 ugb-column--design-plain ugb-main-block\"><style>@media screen and (min-width:768px){.ugb-2cbff60 > .ugb-inner-block > .ugb-block-content > *{justify-content:flex-start}}.ugb-2cbff60 > .ugb-inner-block > .ugb-block-content > *{justify-content:flex-start !important}@media screen and (min-width:768px){.ugb-2cbff60 > .ugb-inner-block > .ugb-block-content > *{padding-top:80px !important}}<\/style><div class=\"ugb-inner-block\"><div class=\"ugb-block-content\"><div class=\"ugb-column__item ugb-2cbff60-column-wrapper\"><div class=\"ugb-column__content-wrapper\">\n<figure class=\"wp-block-image size-full\"><img loading=\"lazy\" decoding=\"async\" width=\"1920\" height=\"1280\" src=\"https:\/\/cdn.aivie.ch\/media\/wp\/2021\/11\/19131450\/Partnerprogramm_HighFive-2.jpg\" alt=\"\" class=\"wp-image-3461\" title=\"\" srcset=\"https:\/\/cdn.aivie.ch\/media\/wp\/2021\/11\/19131450\/Partnerprogramm_HighFive-2.jpg 1920w, https:\/\/cdn.aivie.ch\/media\/wp\/2021\/11\/19131450\/Partnerprogramm_HighFive-2-960x640.jpg 960w, https:\/\/cdn.aivie.ch\/media\/wp\/2021\/11\/19131450\/Partnerprogramm_HighFive-2-768x512.jpg 768w, https:\/\/cdn.aivie.ch\/media\/wp\/2021\/11\/19131450\/Partnerprogramm_HighFive-2-1200x800.jpg 1200w, https:\/\/cdn.aivie.ch\/media\/wp\/2021\/11\/19131450\/Partnerprogramm_HighFive-2-480x320.jpg 480w, https:\/\/cdn.aivie.ch\/media\/wp\/2021\/11\/19131450\/Partnerprogramm_HighFive-2-600x400.jpg 600w\" sizes=\"auto, (max-width: 1920px) 100vw, 1920px\" \/><\/figure>\n\n\n\n<p><\/p>\n<\/div><\/div><\/div><\/div><\/div>\n\n\n\n<div class=\"wp-block-ugb-column ugb-column ugb-be25487 ugb-column--design-plain ugb-main-block\"><div class=\"ugb-inner-block\"><div class=\"ugb-block-content\"><div class=\"ugb-column__item ugb-be25487-column-wrapper\"><div class=\"ugb-column__content-wrapper\">\n<div class=\"wp-block-ugb-heading ugb-heading ugb-1dd3077 ugb-main-block\"><div class=\"ugb-inner-block\"><div class=\"ugb-block-content\"><h1 class=\"ugb-heading__title\"><br\/><br\/>Sostenibilit\u00e0 in Aivie<\/h1><p class=\"ugb-heading__subtitle\"><strong>Consapevole, digitale, responsabile.<\/strong><br\/>Come azienda digitale, abbiamo l&#8217;opportunit\u00e0 \u2013 e la responsabilit\u00e0 \u2013 di prendere decisioni sostenibili. Per noi sostenibilit\u00e0 non significa solo consapevolezza ambientale, ma anche gestione responsabile di dati, risorse e persone. Vogliamo sviluppare una tecnologia che abbia un impatto a lungo termine e che venga utilizzata in modo consapevole.  <\/p><\/div><\/div><\/div>\n<\/div><\/div><\/div><\/div><\/div>\n<\/div><\/div><\/div><\/div>\n\n<div class=\"wp-block-ugb-container ugb-container ugb-4e30a13 ugb-container--v2 ugb-container--design-basic ugb-main-block\"><style>.ugb-4e30a13-wrapper > .ugb-container__side{align-items:center !important}@media screen and (min-width:768px){.ugb-4e30a13-content-wrapper.ugb-container__content-wrapper{width:90% !important}}<\/style><div class=\"ugb-inner-block\"><div class=\"ugb-block-content\"><div class=\"ugb-container__wrapper ugb-4e30a13-wrapper\"><div class=\"ugb-container__side\"><div class=\"ugb-container__content-wrapper ugb-4e30a13-content-wrapper\">\n<h2 class=\"wp-block-heading has-text-align-center\"><span style=\"color: #e63312;\" class=\"stk-highlight\">Come viviamo la sostenibilit\u00e0<\/span><\/h2>\n\n\n\n<p class=\"has-text-align-center\">Aivie \u00e8 remote-first, digitale e indipendente. Questo ci permette di avere processi snelli, percorsi decisionali brevi e un modo di lavorare a bassa impronta ecologica. Allo stesso tempo, crediamo che la tecnologia sostenibile sia una tecnologia migliore: efficiente, trasparente, duratura ed equa.  <\/p>\n<\/div><\/div><\/div><\/div><\/div><\/div>\n\n<div class=\"alignfull wp-block-ugb-columns ugb-columns ugb-eb3f722 ugb-columns--design-plain ugb-columns--columns-2 ugb-main-block ugb-main-block--inner-wide ugb--has-block-background\" id=\"nachhaltig\"><style>.ugb-eb3f722 > .ugb-inner-block > .ugb-block-content > .ugb-columns__item{grid-template-columns:0.66fr 1.34fr !important}.ugb-eb3f722-content-wrapper{grid-column-gap:60px !important}.ugb-eb3f722.ugb-columns{background-color:#cfe7e1}.ugb-eb3f722.ugb-columns:before{background-color:#cfe7e1}<\/style><div class=\"ugb-inner-block ugb-inner-block--wide\"><div class=\"ugb-block-content\"><div class=\"ugb-columns__item ugb-eb3f722-content-wrapper\">\n<div class=\"wp-block-ugb-column ugb-column ugb-865ce1d ugb-column--design-plain ugb-main-block\"><style>@media screen and (min-width:768px){.ugb-865ce1d.ugb-column{margin-top:0px !important}.ugb-865ce1d > .ugb-inner-block > .ugb-block-content > *{justify-content:flex-end}}.ugb-865ce1d > .ugb-inner-block > .ugb-block-content > *{justify-content:flex-end !important}@media screen and (min-width:768px){.ugb-865ce1d > .ugb-inner-block > .ugb-block-content > *{padding-top:0px !important;padding-bottom:0px !important;padding-right:0px !important;padding-left:0px !important}}<\/style><div class=\"ugb-inner-block\"><div class=\"ugb-block-content\"><div class=\"ugb-column__item ugb-865ce1d-column-wrapper\"><div class=\"ugb-column__content-wrapper\">\n<figure class=\"wp-block-image aligncenter size-thumbnail is-style-default\"><img loading=\"lazy\" decoding=\"async\" width=\"240\" height=\"240\" src=\"https:\/\/cdn.aivie.ch\/media\/wp\/2022\/05\/03100652\/blattrot-240x240.png\" alt=\"\" class=\"wp-image-7152\" title=\"\" srcset=\"https:\/\/cdn.aivie.ch\/media\/wp\/2022\/05\/03100652\/blattrot-240x240.png 240w, https:\/\/cdn.aivie.ch\/media\/wp\/2022\/05\/03100652\/blattrot-960x960.png 960w, https:\/\/cdn.aivie.ch\/media\/wp\/2022\/05\/03100652\/blattrot-1920x1920.png 1920w, https:\/\/cdn.aivie.ch\/media\/wp\/2022\/05\/03100652\/blattrot-768x768.png 768w, https:\/\/cdn.aivie.ch\/media\/wp\/2022\/05\/03100652\/blattrot-900x900.png 900w, https:\/\/cdn.aivie.ch\/media\/wp\/2022\/05\/03100652\/blattrot-1200x1200.png 1200w, https:\/\/cdn.aivie.ch\/media\/wp\/2022\/05\/03100652\/blattrot-480x480.png 480w, https:\/\/cdn.aivie.ch\/media\/wp\/2022\/05\/03100652\/blattrot-300x300.png 300w, https:\/\/cdn.aivie.ch\/media\/wp\/2022\/05\/03100652\/blattrot-600x600.png 600w, https:\/\/cdn.aivie.ch\/media\/wp\/2022\/05\/03100652\/blattrot-100x100.png 100w\" sizes=\"auto, (max-width: 240px) 100vw, 240px\" \/><\/figure>\n\n\n\n<div class=\"wp-block-ugb-spacer ugb-spacer ugb-5dcaa5c ugb-spacer--v2 ugb-main-block\"><style>@media screen and (min-width:768px){.ugb-5dcaa5c.ugb-spacer{height:40px !important}}<\/style><div class=\"ugb-inner-block\"><div class=\"ugb-block-content\"><div class=\"ugb-spacer--inner\"><\/div><\/div><\/div><\/div>\n<\/div><\/div><\/div><\/div><\/div>\n\n\n\n<div class=\"wp-block-ugb-column ugb-column ugb-d195bca ugb-column--design-plain ugb-main-block\"><div class=\"ugb-inner-block\"><div class=\"ugb-block-content\"><div class=\"ugb-column__item ugb-d195bca-column-wrapper\"><div class=\"ugb-column__content-wrapper\">\n<div class=\"wp-block-ugb-heading ugb-heading ugb-959ec87 ugb-main-block\"><style>.ugb-959ec87 .ugb-heading__title{color:#283e4c}<\/style><div class=\"ugb-inner-block\"><div class=\"ugb-block-content\"><h2 class=\"ugb-heading__title\"><span style=\"color: #283e4c;\" class=\"ugb-highlight\">Neutralit\u00e0 climatica<\/span><\/h2><p class=\"ugb-heading__subtitle\">Siamo sulla strada della neutralit\u00e0 climatica e selezioniamo consapevolmente i nostri server in base alle basse emissioni di<sub>CO2<\/sub>. Lo rendiamo trasparente anche con i prodotti. La maggior parte di Aivie \u00e8 attualmente ospitata a Zurigo, dove la sostenibilit\u00e0 \u00e8 al 98%. Saremo neutrali dal punto di vista climatico entro il 2030. <br\/><br\/>La scelta della posizione del server spetta sempre a te, in quanto cliente.<br\/><br\/>Avete domande?<br\/><br\/><a href=\"https:\/\/aivie.ch\/it\/contatto\/\">Allora non esitate a mettervi in contatto con noi.<\/a><\/p><\/div><\/div><\/div>\n<\/div><\/div><\/div><\/div><\/div>\n<\/div><\/div><\/div><\/div>\n\n<div class=\"wp-block-ugb-container ugb-container ugb-b30131e ugb-container--v2 ugb-container--design-basic ugb-main-block\"><style>@media screen and (min-width:768px){.ugb-b30131e-content-wrapper.ugb-container__content-wrapper{width:90% !important}}<\/style><div class=\"ugb-inner-block\"><div class=\"ugb-block-content\"><div class=\"ugb-container__wrapper ugb-b30131e-wrapper\"><div class=\"ugb-container__side\"><div class=\"ugb-container__content-wrapper ugb-b30131e-content-wrapper\">\n<h2 class=\"wp-block-heading has-text-align-center\">Perch\u00e9 la sostenibilit\u00e0 \u00e8 importante per noi<\/h2>\n\n\n\n<p class=\"has-text-align-center\">Con Aivie come tecnologia digitale, vogliamo creare un vero e proprio valore aggiunto per le persone \u2013 e farlo a prova di futuro. La sostenibilit\u00e0 gioca un ruolo incredibilmente importante per noi in tutte e tre le aree: tecnologia, persone e futuro. Possiamo raggiungere i nostri obiettivi a lungo termine solo se ci concentriamo su questo aspetto come persone e come azienda.  <\/p>\n<\/div><\/div><\/div><\/div><\/div><\/div>\n\n<div class=\"alignfull wp-block-ugb-columns ugb-columns aiv-lead-center ugb-2d251c0 ugb-columns--design-plain ugb-columns--columns-4 ugb-main-block ugb-main-block--inner-center ugb--has-block-background ugb--has-background-overlay\"><style>.ugb-2d251c0.ugb-columns{background-color:#EFF0F1;background-image:url(https:\/\/cdn.aivie.ch\/media\/wp\/2021\/06\/19131659\/pattern-mario-480w.png);background-position:bottom left;background-repeat:no-repeat;background-size:523px !important}.ugb-2d251c0.ugb-columns:before{background-color:#EFF0F1;opacity:0.5}<\/style><div class=\"ugb-inner-block ugb-inner-block--center\"><h2 class=\"ugb-block-title ugb-block-title--with-subtitle\"><br>Cosa facciamo nello specifico<\/h2><p class=\"ugb-block-description\">Il marketing sostenibile consente di risparmiare risorse e budget.<\/p><div class=\"ugb-block-content\"><div class=\"ugb-columns__item ugb-2d251c0-content-wrapper\">\n<div class=\"wp-block-ugb-column ugb-column ugb-4bb3ddb ugb-column--design-plain ugb-main-block\"><div class=\"ugb-inner-block\"><div class=\"ugb-block-content\"><div class=\"ugb-column__item ugb-4bb3ddb-column-wrapper\"><div class=\"ugb-column__content-wrapper\">\n<h3 class=\"wp-block-heading\" id=\"h-digital-nachhaltig-arbeiten\">Lavorare in digitale in modo sostenibile<\/h3>\n\n\n\n<ul class=\"wp-block-list\">\n<li>Ospitiamo su infrastrutture gestite in modo efficiente dal punto di vista energetico.<\/li>\n\n\n\n<li>Il nostro software \u00e8 progettato per lavorare in modo da risparmiare risorse.<\/li>\n\n\n\n<li>Ci affidiamo a standard di risparmio dei dati ed evitiamo di elaborarli inutilmente.<\/li>\n<\/ul>\n<\/div><\/div><\/div><\/div><\/div>\n\n\n\n<div class=\"wp-block-ugb-column ugb-column ugb-831eadb ugb-column--design-plain ugb-main-block\"><div class=\"ugb-inner-block\"><div class=\"ugb-block-content\"><div class=\"ugb-column__item ugb-831eadb-column-wrapper\"><div class=\"ugb-column__content-wrapper\">\n<h3 class=\"wp-block-heading\" id=\"h-remote-first-reduziert-emissionen\">Remote-First riduce le emissioni<\/h3>\n\n\n\n<ul class=\"wp-block-list\">\n<li>Nessun ufficio \u2192 basso consumo di CO\u2082<\/li>\n\n\n\n<li>Nessun tragitto giornaliero<\/li>\n\n\n\n<li>Riunioni digitali invece di viaggiare quando \u00e8 opportuno<\/li>\n<\/ul>\n<\/div><\/div><\/div><\/div><\/div>\n\n\n\n<div class=\"wp-block-ugb-column ugb-column ugb-d213f15 ugb-column--design-plain ugb-main-block\"><div class=\"ugb-inner-block\"><div class=\"ugb-block-content\"><div class=\"ugb-column__item ugb-d213f15-column-wrapper\"><div class=\"ugb-column__content-wrapper\">\n<h3 class=\"wp-block-heading\" id=\"h-papierlose-und-effiziente-prozesse\">Processi efficienti e senza carta<\/h3>\n\n\n\n<ul class=\"wp-block-list\">\n<li>Lavoriamo completamente in digitale: contratti, fatture, documentazione.<\/li>\n\n\n\n<li>Strumenti interni ridotti al minimo, selezione consapevole e uso sostenibile.<\/li>\n<\/ul>\n<\/div><\/div><\/div><\/div><\/div>\n\n\n\n<div class=\"wp-block-ugb-column ugb-column ugb-ba536ed ugb-column--design-plain ugb-main-block\"><div class=\"ugb-inner-block\"><div class=\"ugb-block-content\"><div class=\"ugb-column__item ugb-ba536ed-column-wrapper\"><div class=\"ugb-column__content-wrapper\">\n<h3 class=\"wp-block-heading\" id=\"h-nachhaltiges-marketing-fur-unsere-kund-innen\">Marketing sostenibile per i nostri clienti<\/h3>\n\n\n\n<p>Aivie supporta le aziende nella <strong>creazione di canali di comunicazione indipendenti<\/strong>.<\/p>\n\n\n\n<p>Questo significa che:<\/p>\n\n\n\n<ul class=\"wp-block-list\">\n<li>Relazioni a lungo termine invece di campagne a breve termine<\/li>\n\n\n\n<li>Minore dipendenza da piattaforme ad alta intensit\u00e0 di costi e dati<\/li>\n\n\n\n<li>Comunicazione mirata anzich\u00e9 mailing di massa<\/li>\n<\/ul>\n<\/div><\/div><\/div><\/div><\/div>\n<\/div><\/div><\/div><\/div>\n\n<div class=\"alignfull wp-block-ugb-columns ugb-columns ugb-091e990 ugb-columns--design-plain ugb-columns--columns-2 ugb-main-block ugb-main-block--inner-center ugb--has-block-background\"><style>.ugb-091e990-content-wrapper{grid-column-gap:60px !important}.ugb-091e990.ugb-columns{background-color:#cfe7e1}.ugb-091e990.ugb-columns:before{background-color:#cfe7e1}<\/style><div class=\"ugb-inner-block ugb-inner-block--center\"><div class=\"ugb-block-content\"><div class=\"ugb-columns__item ugb-091e990-content-wrapper\">\n<div class=\"wp-block-ugb-column ugb-column ugb-d6f33f0 ugb-column--design-plain ugb-main-block\"><style>@media screen and (min-width:768px){.ugb-d6f33f0.ugb-column{margin-top:0px !important}.ugb-d6f33f0 > .ugb-inner-block > .ugb-block-content > *{justify-content:flex-end}}.ugb-d6f33f0 > .ugb-inner-block > .ugb-block-content > *{justify-content:flex-end !important}@media screen and (min-width:768px){.ugb-d6f33f0 > .ugb-inner-block > .ugb-block-content > *{padding-top:0px !important;padding-bottom:0px !important;padding-right:0px !important;padding-left:0px !important}}<\/style><div class=\"ugb-inner-block\"><div class=\"ugb-block-content\"><div class=\"ugb-column__item ugb-d6f33f0-column-wrapper\"><div class=\"ugb-column__content-wrapper\">\n<div class=\"wp-block-ugb-heading ugb-heading ugb-48550e9 ugb-main-block\"><div class=\"ugb-inner-block\"><div class=\"ugb-block-content\"><h2 class=\"ugb-heading__title\"><span style=\"color: #e63312;\" class=\"stk-highlight\">Non fate aspettare i vostri contatti.<\/span><\/h2><\/div><\/div><\/div>\n\n\n\n<figure class=\"wp-block-image size-full is-style-default\"><img decoding=\"async\" src=\"https:\/\/cdn.aivie.ch\/media\/wp\/2022\/09\/06100554\/Aivie-Free.webp\" alt=\"Marketing Automation Aivie-Free\" class=\"wp-image-11417\" title=\"\"><\/figure>\n<\/div><\/div><\/div><\/div><\/div>\n\n\n\n<div class=\"wp-block-ugb-column ugb-column ugb-6da6590 ugb-column--design-plain ugb-main-block\"><div class=\"ugb-inner-block\"><div class=\"ugb-block-content\"><div class=\"ugb-column__item ugb-6da6590-column-wrapper\"><div class=\"ugb-column__content-wrapper\">\n<div class=\"wp-block-ugb-heading ugb-heading ugb-dab8255 ugb-main-block\"><style>.ugb-dab8255 .ugb-heading__title{color:#283e4c}<\/style><div class=\"ugb-inner-block\"><div class=\"ugb-block-content\"><h2 class=\"ugb-heading__title\"><span style=\"color: #283e4c;\" class=\"ugb-highlight\">Iniziare con Aivie gratuitamente<\/span>.<\/h2><p class=\"ugb-heading__subtitle\">Utilizzate Aivie gratuitamente per 30 giorni e scoprite come potete raggiungere i vostri contatti in modo mirato grazie ad Aivie. Aivie vi offre gi\u00e0 nella versione di prova tutte le possibilit\u00e0 della versione completa. <br\/><br\/>Provatelo subito.<\/p><\/div><\/div><\/div>\n\n\n\n<div class=\"wp-block-ugb-button ugb-button-wrapper ugb-f7ceaee ugb-main-block\"><style>.ugb-f7ceaee .ugb-block-content{justify-content:flex-start !important}.ugb-f7ceaee .ugb-inner-block{text-align:left}<\/style><div class=\"ugb-inner-block\"><div class=\"ugb-block-content\"><div class=\"ugb-button-container\"><a class=\"ugb-button1 ugb-button ugb-button--size-normal\" href=\"https:\/\/aivie.ch\/it\/prezzi-e-pacchetti\/#price\" rel=\"\" title=\"\"><span class=\"ugb-button--inner\">Inizio gratuito<\/span><\/a><\/div><div class=\"ugb-button-container\"><a class=\"ugb-button2 ugb-button ugb-button--size-normal ugb-button--design-plain\" href=\"https:\/\/aivie.ch\/author\/martin\/\" rel=\"\" title=\"\"><span class=\"ugb-button--inner\">Organizza una demo<\/span><\/a><\/div><\/div><\/div><\/div>\n<\/div><\/div><\/div><\/div><\/div>\n<\/div><\/div><\/div><\/div>\n","protected":false},"excerpt":{"rendered":"<p>Sostenibilit\u00e0 in Aivie Consapevole, digitale, responsabile.Come azienda digitale, abbiamo l&#8217;opportunit\u00e0 \u2013 e la responsabilit\u00e0 \u2013 di prendere decisioni sostenibili. Per noi sostenibilit\u00e0 non significa solo consapevolezza ambientale, ma anche gestione responsabile di dati, risorse e persone. Vogliamo sviluppare una tecnologia che abbia un impatto a lungo termine e che venga utilizzata in modo consapevole. Come &hellip; <a href=\"https:\/\/aivie.ch\/it\/sostenibilita\/\" class=\"more-link\">Continua a leggere <span class=\"screen-reader-text\">Sostenibilit\u00e0<\/span><\/a><\/p>\n","protected":false},"author":322,"featured_media":25316,"parent":0,"menu_order":0,"comment_status":"closed","ping_status":"closed","template":"front-page.php","meta":{"_acf_changed":false,"footnotes":""},"class_list":["post-25319","page","type-page","status-publish","has-post-thumbnail","hentry"],"acf":[],"featured_image_urls_v2":{"full":["https:\/\/cdn.aivie.ch\/media\/wp\/2025\/11\/24152516\/hqdefault.jpg",480,360,false],"thumbnail":["https:\/\/cdn.aivie.ch\/media\/wp\/2025\/11\/24152516\/hqdefault-240x240.jpg",240,240,true],"medium":["https:\/\/cdn.aivie.ch\/media\/wp\/2025\/11\/24152516\/hqdefault.jpg",480,360,false],"medium_large":["https:\/\/cdn.aivie.ch\/media\/wp\/2025\/11\/24152516\/hqdefault.jpg",480,360,false],"large":["https:\/\/cdn.aivie.ch\/media\/wp\/2025\/11\/24152516\/hqdefault.jpg",480,360,false],"post-thumbnail":["https:\/\/cdn.aivie.ch\/media\/wp\/2025\/11\/24152516\/hqdefault.jpg",480,360,false],"aiv_480w":["https:\/\/cdn.aivie.ch\/media\/wp\/2025\/11\/24152516\/hqdefault.jpg",480,360,false],"woocommerce_thumbnail":["https:\/\/cdn.aivie.ch\/media\/wp\/2025\/11\/24152516\/hqdefault-240x240.jpg",240,240,true],"woocommerce_single":["https:\/\/cdn.aivie.ch\/media\/wp\/2025\/11\/24152516\/hqdefault.jpg",480,360,false],"woocommerce_gallery_thumbnail":["https:\/\/cdn.aivie.ch\/media\/wp\/2025\/11\/24152516\/hqdefault-240x240.jpg",240,240,true]},"post_excerpt_stackable_v2":"<p>Sostenibilit\u00e0 in AivieConsapevole, digitale, responsabile.Come azienda digitale, abbiamo l&#8217;opportunit\u00e0 \u2013 e la responsabilit\u00e0 \u2013 di prendere decisioni sostenibili. Per noi sostenibilit\u00e0 non significa solo consapevolezza ambientale, ma anche gestione responsabile di dati, risorse e persone. Vogliamo sviluppare una tecnologia che abbia un impatto a lungo termine e che venga utilizzata in modo consapevole. Come viviamo la sostenibilit\u00e0 Aivie \u00e8 remote-first, digitale e indipendente. Questo ci permette di avere processi snelli, percorsi decisionali brevi e un modo di lavorare a bassa impronta ecologica. Allo stesso tempo, crediamo che la tecnologia sostenibile sia una tecnologia migliore: efficiente, trasparente, duratura ed equa. Neutralit\u00e0\u2026<\/p>\n","category_list_v2":"","author_info_v2":{"name":"Anja Bienz","url":"https:\/\/aivie.ch\/it\/author\/anja\/"},"comments_num_v2":"0 commento","_links":{"self":[{"href":"https:\/\/aivie.ch\/it\/wp-json\/wp\/v2\/pages\/25319","targetHints":{"allow":["GET"]}}],"collection":[{"href":"https:\/\/aivie.ch\/it\/wp-json\/wp\/v2\/pages"}],"about":[{"href":"https:\/\/aivie.ch\/it\/wp-json\/wp\/v2\/types\/page"}],"author":[{"embeddable":true,"href":"https:\/\/aivie.ch\/it\/wp-json\/wp\/v2\/users\/322"}],"replies":[{"embeddable":true,"href":"https:\/\/aivie.ch\/it\/wp-json\/wp\/v2\/comments?post=25319"}],"version-history":[{"count":1,"href":"https:\/\/aivie.ch\/it\/wp-json\/wp\/v2\/pages\/25319\/revisions"}],"predecessor-version":[{"id":25320,"href":"https:\/\/aivie.ch\/it\/wp-json\/wp\/v2\/pages\/25319\/revisions\/25320"}],"wp:featuredmedia":[{"embeddable":true,"href":"https:\/\/aivie.ch\/it\/wp-json\/wp\/v2\/media\/25316"}],"wp:attachment":[{"href":"https:\/\/aivie.ch\/it\/wp-json\/wp\/v2\/media?parent=25319"}],"curies":[{"name":"wp","href":"https:\/\/api.w.org\/{rel}","templated":true}]}}