{"id":17158,"date":"2023-12-15T05:41:05","date_gmt":"2023-12-15T03:41:05","guid":{"rendered":"https:\/\/aivie.ch\/webinar-sulla-protezione-dei-dati\/"},"modified":"2023-12-15T05:41:17","modified_gmt":"2023-12-15T03:41:17","slug":"webinar-sulla-protezione-dei-dati","status":"publish","type":"page","link":"https:\/\/aivie.ch\/it\/webinar-sulla-protezione-dei-dati\/","title":{"rendered":"Webinar sulla protezione dei dati"},"content":{"rendered":"\n<div class=\"alignfull wp-block-ugb-columns ugb-columns ugb-f174274 ugb-columns--design-plain ugb-columns--columns-2 ugb-main-block ugb-main-block--inner-center ugb--has-block-background ugb--has-background-overlay\"><style>.ugb-f174274 > .ugb-inner-block > .ugb-block-content > .ugb-columns__item{grid-template-columns:0.88fr 1.12fr !important}.ugb-f174274.ugb-columns{background-image:url(https:\/\/cdn.aivie.ch\/media\/wp\/2021\/06\/19131702\/pattern-company-960w.png);background-position:top left;background-repeat:no-repeat;background-size:47% !important}.ugb-f174274.ugb-columns:before{opacity:0.5}<\/style><div class=\"ugb-inner-block ugb-inner-block--center\"><div class=\"ugb-block-content\"><div class=\"ugb-columns__item ugb-f174274-content-wrapper\">\n<div class=\"wp-block-ugb-column ugb-column ugb-3b6a10a ugb-column--design-plain ugb-main-block\"><div class=\"ugb-inner-block\"><div class=\"ugb-block-content\"><div class=\"ugb-column__item ugb-3b6a10a-column-wrapper\"><div class=\"ugb-column__content-wrapper\">\n<figure class=\"wp-block-image size-full\"><img loading=\"lazy\" decoding=\"async\" width=\"1920\" height=\"1080\" src=\"https:\/\/cdn.aivie.ch\/media\/wp\/2023\/03\/07114839\/DatenschutzWebinar-revDSG.png\" alt=\"\" class=\"wp-image-13250\" title=\"\" srcset=\"https:\/\/cdn.aivie.ch\/media\/wp\/2023\/03\/07114839\/DatenschutzWebinar-revDSG.png 1920w, https:\/\/cdn.aivie.ch\/media\/wp\/2023\/03\/07114839\/DatenschutzWebinar-revDSG-960x540.png 960w, https:\/\/cdn.aivie.ch\/media\/wp\/2023\/03\/07114839\/DatenschutzWebinar-revDSG-768x432.png 768w, https:\/\/cdn.aivie.ch\/media\/wp\/2023\/03\/07114839\/DatenschutzWebinar-revDSG-1200x675.png 1200w, https:\/\/cdn.aivie.ch\/media\/wp\/2023\/03\/07114839\/DatenschutzWebinar-revDSG-480x270.png 480w\" sizes=\"auto, (max-width: 1920px) 100vw, 1920px\" \/><\/figure>\n<\/div><\/div><\/div><\/div><\/div>\n\n\n\n<div class=\"wp-block-ugb-column ugb-column ugb-e4b2525 ugb-column--design-plain ugb-main-block\"><style>@media screen and (min-width:768px){.ugb-e4b2525 > .ugb-inner-block > .ugb-block-content > *{justify-content:center}}.ugb-e4b2525 > .ugb-inner-block > .ugb-block-content > *{justify-content:center !important}@media screen and (min-width:768px){.ugb-e4b2525 > .ugb-inner-block > .ugb-block-content > *{padding-top:20px !important;padding-bottom:20px !important;padding-right:20px !important;padding-left:20px !important}}<\/style><div class=\"ugb-inner-block\"><div class=\"ugb-block-content\"><div class=\"ugb-column__item ugb-e4b2525-column-wrapper\"><div class=\"ugb-column__content-wrapper\">\n<div class=\"wp-block-ugb-heading ugb-heading ugb-e1026e4 ugb-main-block\"><div class=\"ugb-inner-block\"><div class=\"ugb-block-content\"><h2 class=\"ugb-heading__title\">Presentazione del webinar sulla protezione dei dati nel marketing digitale<\/h2><p class=\"ugb-heading__subtitle\">Il marketing digitale non \u00e8 possibile senza dati. La gestione appropriata di questi dati \u00e8 un prerequisito per lo sviluppo di un rapporto di fiducia tra clienti e aziende.<\/p><\/div><\/div><\/div>\n\n\n\n<div class=\"aligncenter wp-block-ugb-container ugb-container ugb-f74cc05 ugb-container--v2 ugb-container--design-basic ugb-main-block\"><style>.ugb-f74cc05-wrapper.ugb-container__wrapper{background-color:#283e4c !important}.ugb-f74cc05-wrapper.ugb-container__wrapper:before{background-color:#283e4c !important}.ugb-f74cc05-content-wrapper > h1,.ugb-f74cc05-content-wrapper > h2,.ugb-f74cc05-content-wrapper > h3,.ugb-f74cc05-content-wrapper > h4,.ugb-f74cc05-content-wrapper > h5,.ugb-f74cc05-content-wrapper > h6{color:#ffffff}.ugb-f74cc05-content-wrapper > p,.ugb-f74cc05-content-wrapper > ol li,.ugb-f74cc05-content-wrapper > ul li{color:#ffffff}<\/style><div class=\"ugb-inner-block\"><div class=\"ugb-block-content\"><div class=\"ugb-container__wrapper ugb-f74cc05-wrapper\"><div class=\"ugb-container__side\"><div class=\"ugb-container__content-wrapper ugb-f74cc05-content-wrapper\">\n<div class=\"alignfull wp-block-ugb-icon-list ugb-icon-list ugb-c71e24a ugb-icon-list--v2 ugb-main-block ugb-main-block--inner-center ugb--has-block-background\"><style>.ugb-c71e24a li{color:#ffffff;--icon-size:8px !important}.ugb-c71e24a li::before{width:8px !important;height:8px !important;background-image:url('data:image\/svg+xml;base64,PHN2ZyBkYXRhLXByZWZpeD0iZmFzIiBkYXRhLWljb249ImNpcmNsZSIgY2xhc3M9InN2Zy1pbmxpbmUtLWZhIGZhLWNpcmNsZSBmYS13LTE2IiByb2xlPSJpbWciIHhtbG5zPSJodHRwOi8vd3d3LnczLm9yZy8yMDAwL3N2ZyIgdmlld0JveD0iMCAwIDUxMiA1MTIiIHN0eWxlPSJmaWxsOiAjZTYzMzEyICFpbXBvcnRhbnQ7IGNvbG9yOiAjZTYzMzEyICFpbXBvcnRhbnQiPjxwYXRoIGZpbGw9IiNlNjMzMTIiIGQ9Ik0yNTYgOEMxMTkgOCA4IDExOSA4IDI1NnMxMTEgMjQ4IDI0OCAyNDggMjQ4LTExMSAyNDgtMjQ4UzM5MyA4IDI1NiA4eiIgc3Ryb2tlPSIjZTYzMzEyIiBzdHlsZT0iZmlsbDogcmdiKDIzMCwgNTEsIDE4KTsgc3Ryb2tlOiByZ2IoMjMwLCA1MSwgMTgpOyIvPjwvc3ZnPg==')}.ugb-c71e24a.ugb-icon-list ul{columns:1}.ugb-c71e24a.ugb-icon-list{background-color:#283e4c}.ugb-c71e24a{padding:0 !important}.ugb-c71e24a.ugb-icon-list:before{background-color:#283e4c}.ugb-c71e24a .ugb-block-title{color:#ffffff;text-align:left}<\/style><div class=\"ugb-inner-block ugb-inner-block--center\"><h3 class=\"ugb-block-title\">La presentazione fornisce risposte alle domande<\/h3><div class=\"ugb-block-content\"><ul><li>Differenze tra la legge svizzera (revDSG) e quella europea sulla protezione dei dati (GDPR)<\/li><li>Trattamento dei dati conforme alla legge<\/li><li>Trasferimento di dati e strumenti da fornitori terzi in patria e all&#8217;estero<\/li><li>Le insidie del marketing digitale e le caratteristiche della configurazione giusta<\/li><\/ul><\/div><\/div><\/div>\n<\/div><\/div><\/div><\/div><\/div><\/div>\n<\/div><\/div><\/div><\/div><\/div>\n<\/div><\/div><\/div><\/div>\n\n<div class=\"alignfull wp-block-ugb-columns ugb-columns aiv-col-2 ugb-08bc8fb ugb-columns--design-plain ugb-columns--columns-2 ugb-main-block ugb-main-block--inner-center ugb--has-block-background\"><style>.ugb-08bc8fb-content-wrapper{grid-column-gap:60px !important}.ugb-08bc8fb.ugb-columns{background-color:#cfe7e1}.ugb-08bc8fb.ugb-columns:before{background-color:#cfe7e1}@media screen and (min-width:768px){.ugb-08bc8fb.ugb-columns{margin-bottom:94px !important}}<\/style><div class=\"ugb-inner-block ugb-inner-block--center\"><div class=\"ugb-block-content\"><div class=\"ugb-columns__item ugb-08bc8fb-content-wrapper\">\n<div class=\"wp-block-ugb-column ugb-column ugb-0bded5c ugb-column--design-plain ugb-main-block\"><div class=\"ugb-inner-block\"><div class=\"ugb-block-content\"><div class=\"ugb-column__item ugb-0bded5c-column-wrapper\"><div class=\"ugb-column__content-wrapper\">\n<div class=\"wp-block-ugb-heading ugb-heading ugb-1d6c276 ugb-main-block\"><style>.ugb-1d6c276 .ugb-heading__title{color:#e63312}<\/style><div class=\"ugb-inner-block\"><div class=\"ugb-block-content\"><h2 class=\"ugb-heading__title\">Slides del webinar sulla protezione dei dati<\/h2><p class=\"ugb-heading__subtitle\">Gli esperti di protezione dei dati di LEXR spiegano cosa \u00e8 possibile e cosa non lo \u00e8 \u2013 nell&#8217;UE (DSGVO) e ora anche in Svizzera (revDSG). In modo che nessuna domanda rimanga senza risposta per quanto riguarda la legge sulla protezione dei dati nel marketing.<\/p><\/div><\/div><\/div>\n<\/div><\/div><\/div><\/div><\/div>\n\n\n\n<div class=\"wp-block-ugb-column ugb-column ugb-1ca8660 ugb-column--design-plain ugb-main-block\" id=\"join\"><div class=\"ugb-inner-block\"><div class=\"ugb-block-content\"><div class=\"ugb-column__item ugb-1ca8660-column-wrapper\"><div class=\"ugb-column__content-wrapper\">\n<div class=\"wp-block-ugb-heading ugb-heading ugb-017aab2 ugb-main-block\"><style>.ugb-017aab2 .ugb-heading__title{color:#283e4c}@media screen and (max-width:768px){.ugb-017aab2 .ugb-heading__title{margin-bottom:-19px !important}.ugb-017aab2.ugb-heading{margin-top:-70px !important}}<\/style><div class=\"ugb-inner-block\"><div class=\"ugb-block-content\"><h3 class=\"ugb-heading__title\">Qui \u00e8 possibile scaricare le diapositive del webinar sulla protezione dei dati:<\/h3><\/div><\/div><\/div>\n\n\n<script type=\"text\/javascript\" src=\"https:\/\/m.aivie.ch\/form\/generate.js?id=91\"><\/script>\n<\/div><\/div><\/div><\/div><\/div>\n<\/div><\/div><\/div><\/div>\n\n<h2 class=\"wp-block-heading\" id=\"h-triff-die-experten\">Incontro con gli esperti<\/h2>\n\n<div class=\"wp-block-stackable-columns stk-block-columns stk-block stk-de03318\" data-block-id=\"de03318\"><div class=\"stk-row stk-inner-blocks stk-block-content stk-content-align stk-de03318-column\">\n<div class=\"wp-block-stackable-column stk-block-column stk-block-column--v3 stk-column stk-block-column--v2 stk-block stk-896d390\" data-block-id=\"896d390\"><div class=\"stk-column-wrapper stk-block-column__content stk-container stk-896d390-container stk--no-background stk--no-padding\"><div class=\"stk-block-content stk-inner-blocks stk-896d390-inner-blocks\">\n<h3 class=\"wp-block-heading\" id=\"h-sebastian-schneider\">Sebastian Schneider<\/h3>\n\n\n\n<figure class=\"wp-block-image size-full\"><img loading=\"lazy\" decoding=\"async\" width=\"400\" height=\"400\" src=\"https:\/\/cdn.aivie.ch\/media\/wp\/2023\/03\/02121247\/sebastian.jpeg\" alt=\"\" class=\"wp-image-13232\" title=\"\" srcset=\"https:\/\/cdn.aivie.ch\/media\/wp\/2023\/03\/02121247\/sebastian.jpeg 400w, https:\/\/cdn.aivie.ch\/media\/wp\/2023\/03\/02121247\/sebastian-240x240.jpeg 240w\" sizes=\"auto, (max-width: 400px) 100vw, 400px\" \/><\/figure>\n\n\n\n<ul class=\"wp-block-list\">\n<li>Sebastian Schneider \u00e8 un avvocato specializzato in diritto e regolamentazione dell&#8217;UE, nuove tecnologie\/AI e protezione dei dati (GDPR) e attualmente lavora a Berlino e Vienna. Tra le altre cose, ha un&#8217;ottima conoscenza del diritto europeo, della normativa europea in materia di protezione dei dati e di regolamentazione (GDPR) e della Brexit.  <\/li>\n<\/ul>\n\n\n\n<ul class=\"wp-block-list\">\n<li>Ha scritto anche pubblicazioni su vari argomenti di diritto europeo.<\/li>\n<\/ul>\n\n\n\n<ul class=\"wp-block-list\">\n<li>Si occupa di questioni relative alla regolamentazione delle tecnologie future a livello europeo e globale, della standardizzazione nell&#8217;era digitale e di tutte le questioni relative alla legge sulla protezione dei dati, con particolare attenzione ai dati medici e allo scambio internazionale di dati.<\/li>\n<\/ul>\n<\/div><\/div><\/div>\n\n\n\n<div class=\"wp-block-stackable-column stk-block-column stk-block-column--v3 stk-column stk-block-column--v2 stk-block stk-91c5cf9\" data-block-id=\"91c5cf9\"><div class=\"stk-column-wrapper stk-block-column__content stk-container stk-91c5cf9-container stk--no-background stk--no-padding\"><div class=\"stk-block-content stk-inner-blocks stk-91c5cf9-inner-blocks\">\n<h3 class=\"wp-block-heading\" id=\"h-sarah-seyr\">Sarah Seyr<\/h3>\n\n\n\n<figure class=\"wp-block-image size-full is-resized\"><img loading=\"lazy\" decoding=\"async\" src=\"https:\/\/cdn.aivie.ch\/media\/wp\/2022\/06\/15110416\/aivie-marketing-automatin-lokaler-support-sarah-seyer.webp\" alt=\"aivie marketing automatismo supporto locale sarah seyer\" class=\"wp-image-11103\" width=\"400\" height=\"400\" title=\"\" srcset=\"https:\/\/cdn.aivie.ch\/media\/wp\/2022\/06\/15110416\/aivie-marketing-automatin-lokaler-support-sarah-seyer.webp 800w, https:\/\/cdn.aivie.ch\/media\/wp\/2022\/06\/15110416\/aivie-marketing-automatin-lokaler-support-sarah-seyer-300x300.webp 240w, https:\/\/cdn.aivie.ch\/media\/wp\/2022\/06\/15110416\/aivie-marketing-automatin-lokaler-support-sarah-seyer-768x768.webp 768w, https:\/\/cdn.aivie.ch\/media\/wp\/2022\/06\/15110416\/aivie-marketing-automatin-lokaler-support-sarah-seyer-480x480.webp 480w, https:\/\/cdn.aivie.ch\/media\/wp\/2022\/06\/15110416\/aivie-marketing-automatin-lokaler-support-sarah-seyer-600x600.webp 600w\" sizes=\"auto, (max-width: 400px) 100vw, 400px\" \/><\/figure>\n\n\n\n<ul class=\"wp-block-list\">\n<li>Sarah Seyr, dott. sc. ETH, \u00e8 psicologo ed esperto di customer experience digitale e interazione uomo-macchina.<\/li>\n<\/ul>\n\n\n\n<ul class=\"wp-block-list\">\n<li>Condivide con grande passione le sue conoscenze ed esperienze in materia di personalizzazione e automazione come docente universitario e come formatore presso Linkedin Learning.<\/li>\n<\/ul>\n\n\n\n<ul class=\"wp-block-list\">\n<li>In qualit\u00e0 di cofondatrice e Chief Customer Officer di Aivie, rende il marketing e l&#8217;automazione pi\u00f9 personali e le interazioni con i clienti pi\u00f9 preziose.<\/li>\n<\/ul>\n<\/div><\/div><\/div>\n<\/div><\/div>\n\n<p><\/p>\n","protected":false},"excerpt":{"rendered":"<p>Presentazione del webinar sulla protezione dei dati nel marketing digitale Il marketing digitale non \u00e8 possibile senza dati. La gestione appropriata di questi dati \u00e8 un prerequisito per lo sviluppo di un rapporto di fiducia tra clienti e aziende. La presentazione fornisce risposte alle domande Differenze tra la legge svizzera (revDSG) e quella europea sulla &hellip; <a href=\"https:\/\/aivie.ch\/it\/webinar-sulla-protezione-dei-dati\/\" class=\"more-link\">Continua a leggere <span class=\"screen-reader-text\">Webinar sulla protezione dei dati<\/span><\/a><\/p>\n","protected":false},"author":1,"featured_media":0,"parent":0,"menu_order":0,"comment_status":"closed","ping_status":"closed","template":"front-page.php","meta":{"_acf_changed":false,"footnotes":""},"class_list":["post-17158","page","type-page","status-publish","hentry"],"acf":[],"featured_image_urls_v2":{"full":"","thumbnail":"","medium":"","medium_large":"","large":"","post-thumbnail":"","aiv_480w":"","woocommerce_thumbnail":"","woocommerce_single":"","woocommerce_gallery_thumbnail":""},"post_excerpt_stackable_v2":"<p>Presentazione del webinar sulla protezione dei dati nel marketing digitaleIl marketing digitale non \u00e8 possibile senza dati. La gestione appropriata di questi dati \u00e8 un prerequisito per lo sviluppo di un rapporto di fiducia tra clienti e aziende. La presentazione fornisce risposte alle domandeDifferenze tra la legge svizzera (revDSG) e quella europea sulla protezione dei dati (GDPR)Trattamento dei dati conforme alla leggeTrasferimento di dati e strumenti da fornitori terzi in patria e all&#8217;esteroLe insidie del marketing digitale e le caratteristiche della configurazione giusta Slides del webinar sulla protezione dei datiGli esperti di protezione dei dati di LEXR spiegano cosa \u00e8\u2026<\/p>\n","category_list_v2":"","author_info_v2":{"name":"Adrian Schimpf","url":"https:\/\/aivie.ch\/it\/author\/adrian\/"},"comments_num_v2":"0 commento","_links":{"self":[{"href":"https:\/\/aivie.ch\/it\/wp-json\/wp\/v2\/pages\/17158","targetHints":{"allow":["GET"]}}],"collection":[{"href":"https:\/\/aivie.ch\/it\/wp-json\/wp\/v2\/pages"}],"about":[{"href":"https:\/\/aivie.ch\/it\/wp-json\/wp\/v2\/types\/page"}],"author":[{"embeddable":true,"href":"https:\/\/aivie.ch\/it\/wp-json\/wp\/v2\/users\/1"}],"replies":[{"embeddable":true,"href":"https:\/\/aivie.ch\/it\/wp-json\/wp\/v2\/comments?post=17158"}],"version-history":[{"count":1,"href":"https:\/\/aivie.ch\/it\/wp-json\/wp\/v2\/pages\/17158\/revisions"}],"predecessor-version":[{"id":17168,"href":"https:\/\/aivie.ch\/it\/wp-json\/wp\/v2\/pages\/17158\/revisions\/17168"}],"wp:attachment":[{"href":"https:\/\/aivie.ch\/it\/wp-json\/wp\/v2\/media?parent=17158"}],"curies":[{"name":"wp","href":"https:\/\/api.w.org\/{rel}","templated":true}]}}