{"id":17031,"date":"2023-12-15T05:37:50","date_gmt":"2023-12-15T03:37:50","guid":{"rendered":"https:\/\/aivie.ch\/e-mail-di-conferma\/"},"modified":"2023-12-15T05:38:11","modified_gmt":"2023-12-15T03:38:11","slug":"e-mail-di-conferma","status":"publish","type":"page","link":"https:\/\/aivie.ch\/it\/e-mail-di-conferma\/","title":{"rendered":"E-mail di conferma"},"content":{"rendered":"\n<div class=\"alignfull wp-block-ugb-container ugb-container ugb-d2af22f ugb-container--v2 ugb-container--design-plain ugb-main-block ugb-main-block--inner-center ugb--has-block-background ugb--has-background-overlay\"><style>.ugb-d2af22f.ugb-container{background-image:url(https:\/\/cdn.aivie.ch\/media\/wp\/2021\/06\/19131703\/pattern-u-960w.png);background-position:bottom right;background-repeat:no-repeat;background-size:40% !important}.ugb-d2af22f.ugb-container:before{opacity:0.5}@media screen and (min-width:768px){.ugb-d2af22f-content-wrapper.ugb-container__content-wrapper{width:90% !important}.ugb-d2af22f.ugb-container{margin-top:0px !important;padding-top:0px !important;padding-right:35px !important;padding-left:35px !important}}<\/style><div class=\"ugb-inner-block ugb-inner-block--center\"><div class=\"ugb-block-content\"><div class=\"ugb-container__wrapper ugb-d2af22f-wrapper\"><div class=\"ugb-container__side\"><div class=\"ugb-container__content-wrapper ugb-d2af22f-content-wrapper\">\n<div class=\"wp-block-ugb-heading ugb-heading ugb-5431ba5 ugb-main-block\"><style>.ugb-5431ba5 .ugb-heading__title{text-align:center}.ugb-5431ba5 .ugb-inner-block{text-align:center}<\/style><div class=\"ugb-inner-block\"><div class=\"ugb-block-content\"><h1 class=\"ugb-heading__title\">Grazie! Siamo felici di rimanere in contatto<\/h1><p class=\"ugb-heading__subtitle\">D&#8217;ora in poi vi scriveremo di tanto in tanto, a seconda di ci\u00f2 che vi interessa.<br\/><br\/>Se avete domande o dubbi, <a href=\"https:\/\/aivie.ch\/it\/contattateci\/\">scriveteci<\/a>.<\/p><\/div><\/div><\/div>\n<\/div><\/div><\/div><\/div><\/div><\/div>\n\n<div class=\"aligncenter wp-block-ugb-blog-posts ugb-blog-posts ugb-956f7f2 ugb-blog-posts--v2 ugb-blog-posts--design-list ugb-blog-posts--columns-1 ugb-main-block\"><style>.ugb-956f7f2 .ugb-blog-posts__featured-image{border-radius:0px !important}.ugb-956f7f2 .ugb-block-title{text-align:center}<\/style><div class=\"ugb-inner-block\"><h2 class=\"ugb-block-title\">Per saperne di pi\u00f9 sul tema dell&#8217;automazione del marketing<\/h2><div class=\"ugb-block-content\"><article class=\"ugb-blog-posts__item\"><figure class=\"ugb-blog-posts__featured-image\"><a href=\"https:\/\/aivie.ch\/it\/automazione-del-marketing-con-wordpress-come-smolio-genera-automaticamente-clienti-dai-lead\/\"><img loading=\"lazy\" decoding=\"async\" width=\"990\" height=\"660\" src=\"https:\/\/cdn.aivie.ch\/media\/wp\/2023\/11\/27151421\/Marketing-Automation-mit-WordPress.png\" class=\"attachment-large size-large wp-post-image\" alt=\"\" title=\"\"><\/a><\/figure><div class=\"ugb-blog-posts__content\"><h3 class=\"ugb-blog-posts__title\"><a href=\"https:\/\/aivie.ch\/it\/automazione-del-marketing-con-wordpress-come-smolio-genera-automaticamente-clienti-dai-lead\/\">Automazione del marketing con WordPress: come Smolio genera automaticamente clienti dai lead<\/a><\/h3><div class=\"ugb-blog-posts__excerpt\"><p>Come Smolio utilizza il suo funnel automatizzato di gestione dei lead per sviluppare lead anonimi dal sito WordPress in clienti paganti. Importanza della gestione automatizzata dei lead per Smolio La gestione e il monitoraggio dei lead svolgono un ruolo fondamentale nel marketing online di Smolio. Grazie ad esso, i prospect vengono acquisiti e convertiti con&#8230;<\/div><p class=\"ugb-blog-posts__readmore\"><a href=\"https:\/\/aivie.ch\/it\/automazione-del-marketing-con-wordpress-come-smolio-genera-automaticamente-clienti-dai-lead\/\">Continua a leggere<\/a><\/p><\/div><\/article><article class=\"ugb-blog-posts__item\"><figure class=\"ugb-blog-posts__featured-image\"><a href=\"https:\/\/aivie.ch\/it\/soluzione-scalabile-di-email-marketing-per-la-start-up-tecnologica-di-viaggi-boddy\/\"><img loading=\"lazy\" decoding=\"async\" width=\"990\" height=\"714\" src=\"https:\/\/cdn.aivie.ch\/media\/wp\/2025\/05\/12114437\/aivie-e-mail-marketing-boddy.jpg\" class=\"attachment-large size-large wp-post-image\" alt=\"\" title=\"\"><\/a><\/figure><div class=\"ugb-blog-posts__content\"><h3 class=\"ugb-blog-posts__title\"><a href=\"https:\/\/aivie.ch\/it\/soluzione-scalabile-di-email-marketing-per-la-start-up-tecnologica-di-viaggi-boddy\/\">Soluzione di email marketing scalabile per la startup Travel-Tech BODDY<\/a><\/h3><div class=\"ugb-blog-posts__excerpt\"><p>Quando BODDY, una start-up tech in rapida crescita nei settori travel e wellness, ha acquisito il concorrente danese TrainAway nel 2023, la sua base utenti \u00e8 balzata improvvisamente a sei cifre. Era necessaria una soluzione di email marketing in grado di supportare una crescita rapida, evitando che le email finissero nella cartella SPAM. I numeri&#8230;<\/div><p class=\"ugb-blog-posts__readmore\"><a href=\"https:\/\/aivie.ch\/it\/soluzione-scalabile-di-email-marketing-per-la-start-up-tecnologica-di-viaggi-boddy\/\">Continua a leggere<\/a><\/p><\/div><\/article><article class=\"ugb-blog-posts__item\"><figure class=\"ugb-blog-posts__featured-image\"><a href=\"https:\/\/aivie.ch\/it\/fatturato-di-diverse-migliaia-di-franchi-con-i-clienti-dellhotel-caso-di-marketing-automation\/\"><img loading=\"lazy\" decoding=\"async\" width=\"990\" height=\"660\" src=\"https:\/\/cdn.aivie.ch\/media\/wp\/2024\/09\/10140056\/balcony-at-hotel-riva-rooms-studios.jpg\" class=\"attachment-large size-large wp-post-image\" alt=\"Balcone presso l&#039;hotel Riva Rooms Studios\" title=\"\"><\/a><\/figure><div class=\"ugb-blog-posts__content\"><h3 class=\"ugb-blog-posts__title\"><a href=\"https:\/\/aivie.ch\/it\/fatturato-di-diverse-migliaia-di-franchi-con-i-clienti-dellhotel-caso-di-marketing-automation\/\">Fatturato di diverse migliaia di franchi con i clienti dell&#8217;hotel \u2013 Caso di Marketing Automation<\/a><\/h3><div class=\"ugb-blog-posts__excerpt\"><p>Il nostro cliente Riva Rooms &amp; Studios \u00e8 uno smart hotel automatizzato di Locarno. Con l&#8217;aiuto di Aivie, ora \u00e8 anche in grado di attirare gli ospiti in modo tempestivo. Grazie alla creazione di una campagna di newsletter automatizzata, hanno gi\u00e0 ottenuto prenotazioni per diverse migliaia di franchi da parte di ospiti gi\u00e0 acquisiti. Questo&#8230;<\/div><p class=\"ugb-blog-posts__readmore\"><a href=\"https:\/\/aivie.ch\/it\/fatturato-di-diverse-migliaia-di-franchi-con-i-clienti-dellhotel-caso-di-marketing-automation\/\">Continua a leggere<\/a><\/p><\/div><\/article><article class=\"ugb-blog-posts__item\"><figure class=\"ugb-blog-posts__featured-image\"><a href=\"https:\/\/aivie.ch\/it\/come-il-vostro-sito-web-si-aggiudica-automaticamente-30-progetti-di-clienti-con-aivie\/\"><img loading=\"lazy\" decoding=\"async\" width=\"990\" height=\"660\" src=\"https:\/\/cdn.aivie.ch\/media\/wp\/2021\/08\/19131550\/Aivie-Case_Falcone-Specialities_Webauftritt-mit-Marketing-Automation_Header.webp\" class=\"attachment-large size-large wp-post-image\" alt=\"Aivie Case_Falcone Specialities_Sito web con Marketing Automation_Header\" title=\"\"><\/a><\/figure><div class=\"ugb-blog-posts__content\"><h3 class=\"ugb-blog-posts__title\"><a href=\"https:\/\/aivie.ch\/it\/come-il-vostro-sito-web-si-aggiudica-automaticamente-30-progetti-di-clienti-con-aivie\/\">Come il vostro sito web si aggiudica automaticamente 30 progetti di clienti con Aivie<\/a><\/h3><div class=\"ugb-blog-posts__excerpt\"><p>Il nostro cliente Falcone Specialities distribuisce a livello internazionale ingredienti alimentari e specialit\u00e0 chimiche all&#8217;industria di trasformazione. L&#8217;azienda esiste da 10 anni e si \u00e8 fatta un nome con materie prime di alta qualit\u00e0. Il progetto ha portato a un nuovo sito web con automazione del marketing che riflette gli elevati standard di qualit\u00e0. Con&#8230;<\/div><p class=\"ugb-blog-posts__readmore\"><a href=\"https:\/\/aivie.ch\/it\/come-il-vostro-sito-web-si-aggiudica-automaticamente-30-progetti-di-clienti-con-aivie\/\">Continua a leggere<\/a><\/p><\/div><\/article><article class=\"ugb-blog-posts__item\"><figure class=\"ugb-blog-posts__featured-image\"><a href=\"https:\/\/aivie.ch\/it\/automazione-del-marketing-con-il-social-media-marketing\/\"><img loading=\"lazy\" decoding=\"async\" width=\"990\" height=\"660\" src=\"https:\/\/cdn.aivie.ch\/media\/wp\/2021\/12\/19131426\/BlogBilder-6.png\" class=\"attachment-large size-large wp-post-image\" alt=\"Aivie hat eine Partnerschaft mit Adhook\" title=\"\"><\/a><\/figure><div class=\"ugb-blog-posts__content\"><h3 class=\"ugb-blog-posts__title\"><a href=\"https:\/\/aivie.ch\/it\/automazione-del-marketing-con-il-social-media-marketing\/\">Automazione del marketing con il social media marketing<\/a><\/h3><div class=\"ugb-blog-posts__excerpt\"><p>Volete raccogliere con successo contatti tramite Google e i social media? E poi rivolgersi di nuovo a loro quando i canali sono esauriti? Con l&#8217;integrazione di adhook e Aivie, questo \u00e8 possibile \u2013 in modo completamente automatico! Con adhook \u00e8 possibile pianificare, analizzare, ottimizzare e moderare post e campagne pubblicitarie e coordinare la collaborazione tra&#8230;<\/div><p class=\"ugb-blog-posts__readmore\"><a href=\"https:\/\/aivie.ch\/it\/automazione-del-marketing-con-il-social-media-marketing\/\">Continua a leggere<\/a><\/p><\/div><\/article><article class=\"ugb-blog-posts__item\"><figure class=\"ugb-blog-posts__featured-image\"><a href=\"https:\/\/aivie.ch\/it\/automatizzare-la-material-compliance-come-studer-cables-digitalizza-in-modo-efficiente-i-processi-dei-fornitori\/\"><img loading=\"lazy\" decoding=\"async\" width=\"990\" height=\"660\" src=\"https:\/\/cdn.aivie.ch\/media\/wp\/2026\/01\/28135655\/mood-form-material-compliance-automation-studer-cables.jpg\" class=\"attachment-large size-large wp-post-image\" alt=\"Modulo Material Compliance Automation Studer Cables\" title=\"\"><\/a><\/figure><div class=\"ugb-blog-posts__content\"><h3 class=\"ugb-blog-posts__title\"><a href=\"https:\/\/aivie.ch\/it\/automatizzare-la-material-compliance-come-studer-cables-digitalizza-in-modo-efficiente-i-processi-dei-fornitori\/\">Automatizzare la Material Compliance: come Studer Cables digitalizza in modo efficiente i processi dei fornitori<\/a><\/h3><div class=\"ugb-blog-posts__excerpt\"><p>La conformit\u00e0 dei materiali \u00e8 indispensabile, ma spesso richiede molto tempo. Con Aivie, Studer Cables risparmia diversi giorni di lavoro per ciclo nel processo di conformit\u00e0. Studer Cables si trovava di fronte alla sfida di verificare regolarmente e in modo tracciabile la conformit\u00e0 di centinaia di materiali, numerosi fornitori e diversi prodotti. L&#8217;abbiamo ottimizzato con&#8230;<\/div><p class=\"ugb-blog-posts__readmore\"><a href=\"https:\/\/aivie.ch\/it\/automatizzare-la-material-compliance-come-studer-cables-digitalizza-in-modo-efficiente-i-processi-dei-fornitori\/\">Continua a leggere<\/a><\/p><\/div><\/article><\/div><\/div><\/div>\n","protected":false},"excerpt":{"rendered":"<p>Grazie! Siamo felici di rimanere in contatto D&#8217;ora in poi vi scriveremo di tanto in tanto, a seconda di ci\u00f2 che vi interessa. Se avete domande o dubbi, scriveteci. Per saperne di pi\u00f9 sul tema dell&#8217;automazione del marketing Automazione del marketing con WordPress: come Smolio genera automaticamente clienti dai lead Come Smolio utilizza il suo &hellip; <a href=\"https:\/\/aivie.ch\/it\/e-mail-di-conferma\/\" class=\"more-link\">Continua a leggere <span class=\"screen-reader-text\">E-mail di conferma<\/span><\/a><\/p>\n","protected":false},"author":1,"featured_media":0,"parent":0,"menu_order":0,"comment_status":"closed","ping_status":"closed","template":"front-page.php","meta":{"_acf_changed":false,"footnotes":""},"class_list":["post-17031","page","type-page","status-publish","hentry"],"acf":[],"featured_image_urls_v2":{"full":"","thumbnail":"","medium":"","medium_large":"","large":"","post-thumbnail":"","aiv_480w":"","woocommerce_thumbnail":"","woocommerce_single":"","woocommerce_gallery_thumbnail":""},"post_excerpt_stackable_v2":"<p>Grazie! Siamo felici di rimanere in contattoD&#8217;ora in poi vi scriveremo di tanto in tanto, a seconda di ci\u00f2 che vi interessa.Se avete domande o dubbi, scriveteci. Per saperne di pi\u00f9 sul tema dell&#8217;automazione del marketing5 motivi per cui vale la pena iniziare a lavorare con la marketing automationIl lavoro di un marketing manager o di un CMO richiede di destreggiarsi tra diversi canali, messaggi e persino gruppi target. Senza un certo grado di automazione, \u00e8 difficile mantenere una visione d&#8217;insieme di tutte le comunicazioni e le attivit\u00e0. Molte aziende si stanno avventurando nell&#8217;automazione del marketing, anche perch\u00e9 gli strumenti\u2026<\/p>\n","category_list_v2":"","author_info_v2":{"name":"Adrian Schimpf","url":"https:\/\/aivie.ch\/it\/author\/adrian\/"},"comments_num_v2":"0 commento","_links":{"self":[{"href":"https:\/\/aivie.ch\/it\/wp-json\/wp\/v2\/pages\/17031","targetHints":{"allow":["GET"]}}],"collection":[{"href":"https:\/\/aivie.ch\/it\/wp-json\/wp\/v2\/pages"}],"about":[{"href":"https:\/\/aivie.ch\/it\/wp-json\/wp\/v2\/types\/page"}],"author":[{"embeddable":true,"href":"https:\/\/aivie.ch\/it\/wp-json\/wp\/v2\/users\/1"}],"replies":[{"embeddable":true,"href":"https:\/\/aivie.ch\/it\/wp-json\/wp\/v2\/comments?post=17031"}],"version-history":[{"count":1,"href":"https:\/\/aivie.ch\/it\/wp-json\/wp\/v2\/pages\/17031\/revisions"}],"predecessor-version":[{"id":17039,"href":"https:\/\/aivie.ch\/it\/wp-json\/wp\/v2\/pages\/17031\/revisions\/17039"}],"wp:attachment":[{"href":"https:\/\/aivie.ch\/it\/wp-json\/wp\/v2\/media?parent=17031"}],"curies":[{"name":"wp","href":"https:\/\/api.w.org\/{rel}","templated":true}]}}