{"id":16972,"date":"2023-12-15T05:37:15","date_gmt":"2023-12-15T03:37:15","guid":{"rendered":"https:\/\/aivie.ch\/impostazione-del-template-aivie\/"},"modified":"2024-12-13T14:07:17","modified_gmt":"2024-12-13T12:07:17","slug":"impostazione-del-template-aivie","status":"publish","type":"page","link":"https:\/\/aivie.ch\/it\/impostazione-del-template-aivie\/","title":{"rendered":"Impostazione del template Aivie"},"content":{"rendered":"\n<div class=\"alignfull wp-block-ugb-container ugb-container ugb-d2af22f ugb-container--v2 ugb-container--design-plain ugb-main-block ugb-main-block--inner-center ugb--has-block-background ugb--has-background-overlay\"><style>.ugb-d2af22f.ugb-container{background-image:url(https:\/\/cdn.aivie.ch\/media\/wp\/2021\/06\/19131703\/pattern-u-960w.png);background-position:bottom right;background-repeat:no-repeat;background-size:40% !important}.ugb-d2af22f.ugb-container:before{opacity:0.5}@media screen and (min-width:768px){.ugb-d2af22f-content-wrapper.ugb-container__content-wrapper{width:90% !important}.ugb-d2af22f.ugb-container{margin-top:0px !important;padding-top:0px !important;padding-right:35px !important;padding-left:35px !important}}<\/style><div class=\"ugb-inner-block ugb-inner-block--center\"><div class=\"ugb-block-content\"><div class=\"ugb-container__wrapper ugb-d2af22f-wrapper\"><div class=\"ugb-container__side\"><div class=\"ugb-container__content-wrapper ugb-d2af22f-content-wrapper\">\n<div class=\"wp-block-ugb-heading ugb-heading ugb-5431ba5 ugb-main-block\"><style>.ugb-5431ba5 .ugb-heading__title{text-align:center}.ugb-5431ba5 .ugb-inner-block{text-align:center}<\/style><div class=\"ugb-inner-block\"><div class=\"ugb-block-content\"><h1 class=\"ugb-heading__title\">Siete bellissimi con noi!<\/h1><p class=\"ugb-heading__subtitle\">Per poter impostare i vostri template di e-mail e landing page individuali, saremmo lieti di ricevere da voi le seguenti informazioni. Le chiediamo di compilare questo modulo.<\/p><\/div><\/div><\/div>\n\n\n<script type=\"text\/javascript\" src=\"https:\/\/m.aivie.ch\/form\/generate.js?id=46\"><\/script>\n<\/div><\/div><\/div><\/div><\/div><\/div>\n\n<div class=\"alignfull wp-block-ugb-columns ugb-columns aiv-lead-center ugb-6dd7bf8 ugb-columns--design-plain ugb-columns--columns-2 ugb-main-block ugb-main-block--inner-center ugb--has-block-background ugb--has-background-overlay\"><style>.ugb-6dd7bf8.ugb-columns{background-color:#EFF0F1;background-image:url(https:\/\/cdn.aivie.ch\/media\/wp\/2021\/06\/19131659\/pattern-mario-480w.png);background-position:bottom left;background-repeat:no-repeat;background-size:523px !important}.ugb-6dd7bf8.ugb-columns:before{background-color:#EFF0F1;opacity:0.5}<\/style><div class=\"ugb-inner-block ugb-inner-block--center\"><h2 class=\"ugb-block-title ugb-block-title--with-subtitle\">Il template di Aivie sar\u00e0 impostato.<\/h2><p class=\"ugb-block-description\">Dopo aver compilato il modulo, il template verr\u00e0 impostato a breve. Nel frattempo, siete invitati a prendere ispirazione dal nostro <a href=\"https:\/\/aivie.ch\/it\/blog\/\">blog<\/a>. Potete trovare tutti i vostri dati e le vostre fatture nel <a href=\"http:\/\/aivie.ch\/my-account\/\">vostro account <\/a>.<\/p><div class=\"ugb-block-content\"><div class=\"ugb-columns__item ugb-6dd7bf8-content-wrapper\">\n<div class=\"wp-block-ugb-column ugb-column ugb-a71cebf ugb-column--design-plain ugb-main-block\"><div class=\"ugb-inner-block\"><div class=\"ugb-block-content\"><div class=\"ugb-column__item ugb-a71cebf-column-wrapper\"><div class=\"ugb-column__content-wrapper\"><\/div><\/div><\/div><\/div><\/div>\n\n\n\n<div class=\"wp-block-ugb-column ugb-column ugb-a2b3ea3 ugb-column--design-plain ugb-main-block\"><div class=\"ugb-inner-block\"><div class=\"ugb-block-content\"><div class=\"ugb-column__item ugb-a2b3ea3-column-wrapper\"><div class=\"ugb-column__content-wrapper\"><\/div><\/div><\/div><\/div><\/div>\n<\/div><\/div><\/div><\/div>\n\n<div class=\"aligncenter wp-block-ugb-blog-posts ugb-blog-posts ugb-23c32e3 ugb-blog-posts--v2 ugb-blog-posts--design-list ugb-blog-posts--columns-1 ugb-main-block\"><style>.ugb-23c32e3 .ugb-blog-posts__featured-image{border-radius:0px !important}.ugb-23c32e3 .ugb-block-title{text-align:center}<\/style><div class=\"ugb-inner-block\"><h2 class=\"ugb-block-title\">Iniziate subito con l&#8217;automazione del marketing.<\/h2><div class=\"ugb-block-content\"><article class=\"ugb-blog-posts__item\"><figure class=\"ugb-blog-posts__featured-image\"><a href=\"https:\/\/aivie.ch\/it\/marketing-automation-in-crisi-perche-questo-e-il-momento-giusto\/\"><img loading=\"lazy\" decoding=\"async\" width=\"960\" height=\"641\" src=\"https:\/\/cdn.aivie.ch\/media\/wp\/2021\/06\/25211259\/Marketing-automation-in-a-crisis.png\" class=\"attachment-large size-large wp-post-image\" alt=\"Marketing Automation als Ausweg aus der Krise f\u00fcr Schweizer KMU mit Aivie, Fokus auf Effizienz und Lead-Generierung\" title=\"\"><\/a><\/figure><div class=\"ugb-blog-posts__content\"><h3 class=\"ugb-blog-posts__title\"><a href=\"https:\/\/aivie.ch\/it\/marketing-automation-in-crisi-perche-questo-e-il-momento-giusto\/\">Marketing automation durante la crisi: perch\u00e9 questo \u00e8 il momento giusto<\/a><\/h3><div class=\"ugb-blog-posts__excerpt\"><p>Marketing automation: se non ora, quando? La marketing automation non \u00e8 un concetto nuovo, ma la sua rilevanza non \u00e8 mai stata cos\u00ec alta come oggi. Mentre molte aziende in Svizzera e nel mondo esitano di fronte all&#8217;incertezza economica, proprio in questa reticenza si cela una occasione persa. Perch\u00e9: le crisi non sono solo periodi&#8230;<\/div><p class=\"ugb-blog-posts__readmore\"><a href=\"https:\/\/aivie.ch\/it\/marketing-automation-in-crisi-perche-questo-e-il-momento-giusto\/\">Continua a leggere<\/a><\/p><\/div><\/article><article class=\"ugb-blog-posts__item\"><figure class=\"ugb-blog-posts__featured-image\"><a href=\"https:\/\/aivie.ch\/it\/gli-11-casi-duso-piu-importanti-della-marketing-automation\/\"><img loading=\"lazy\" decoding=\"async\" width=\"990\" height=\"660\" src=\"https:\/\/cdn.aivie.ch\/media\/wp\/2022\/06\/20102107\/Marketing-Automation-Use-Cases-Aivie.jpg\" class=\"attachment-large size-large wp-post-image\" alt=\"\" title=\"\"><\/a><\/figure><div class=\"ugb-blog-posts__content\"><h3 class=\"ugb-blog-posts__title\"><a href=\"https:\/\/aivie.ch\/it\/gli-11-casi-duso-piu-importanti-della-marketing-automation\/\">Gli 11 casi d&#8217;uso pi\u00f9 importanti della marketing automation<\/a><\/h3><div class=\"ugb-blog-posts__excerpt\"><p>In questo articolo presentiamo gli 11 principali casi d&#8217;uso della marketing automation. Vi mostriamo le sfide pi\u00f9 comuni del marketing. Vi spieghiamo anche come potete implementare i casi d&#8217;uso con la marketing automation. Se desiderate saperne di pi\u00f9 sull&#8217;automazione del marketing in generale, abbiamo riassunto l&#8217;argomento per voi: Articolo sul tema dell&#8217;automazione del marketing Indice&#8230;<\/div><p class=\"ugb-blog-posts__readmore\"><a href=\"https:\/\/aivie.ch\/it\/gli-11-casi-duso-piu-importanti-della-marketing-automation\/\">Continua a leggere<\/a><\/p><\/div><\/article><article class=\"ugb-blog-posts__item\"><figure class=\"ugb-blog-posts__featured-image\"><a href=\"https:\/\/aivie.ch\/it\/creare-contenuti-migliori-e-migliori-interazioni-con-i-clienti-grazie-allesperienza-dei-dati\/\"><img loading=\"lazy\" decoding=\"async\" width=\"990\" height=\"660\" src=\"https:\/\/cdn.aivie.ch\/media\/wp\/2022\/10\/27104620\/Blog-Anzeigebilder.png\" class=\"attachment-large size-large wp-post-image\" alt=\"Datenkompetenz\" title=\"\"><\/a><\/figure><div class=\"ugb-blog-posts__content\"><h3 class=\"ugb-blog-posts__title\"><a href=\"https:\/\/aivie.ch\/it\/creare-contenuti-migliori-e-migliori-interazioni-con-i-clienti-grazie-allesperienza-dei-dati\/\">Creare contenuti migliori e migliori interazioni con i clienti grazie all&#8217;esperienza dei dati<\/a><\/h3><div class=\"ugb-blog-posts__excerpt\"><p>S\u00ec, cosa faremo con tutti questi dati? Da un lato. E: non abbiamo dati in merito. D&#8217;altra parte. La competenza sui dati, intesa come capacit\u00e0 di raccogliere, analizzare e interpretare i dati, sta diventando sempre pi\u00f9 importante. Questo perch\u00e9 le decisioni si basano sempre pi\u00f9 sui dati. Absatzwirtschaft e Werbewoche hanno ripreso l&#8217;argomento. Ecco alcuni&#8230;<\/div><p class=\"ugb-blog-posts__readmore\"><a href=\"https:\/\/aivie.ch\/it\/creare-contenuti-migliori-e-migliori-interazioni-con-i-clienti-grazie-allesperienza-dei-dati\/\">Continua a leggere<\/a><\/p><\/div><\/article><\/div><\/div><\/div>\n","protected":false},"excerpt":{"rendered":"<p>Siete bellissimi con noi! Per poter impostare i vostri template di e-mail e landing page individuali, saremmo lieti di ricevere da voi le seguenti informazioni. Le chiediamo di compilare questo modulo. Iniziate subito con l&#8217;automazione del marketing. 5 motivi per cui vale la pena iniziare a lavorare con la marketing automation Il lavoro di un &hellip; <a href=\"https:\/\/aivie.ch\/it\/impostazione-del-template-aivie\/\" class=\"more-link\">Continua a leggere <span class=\"screen-reader-text\">Impostazione del template Aivie<\/span><\/a><\/p>\n","protected":false},"author":1,"featured_media":0,"parent":0,"menu_order":0,"comment_status":"closed","ping_status":"closed","template":"front-page.php","meta":{"_acf_changed":false,"footnotes":""},"class_list":["post-16972","page","type-page","status-publish","hentry"],"acf":[],"featured_image_urls_v2":{"full":"","thumbnail":"","medium":"","medium_large":"","large":"","post-thumbnail":"","aiv_480w":"","woocommerce_thumbnail":"","woocommerce_single":"","woocommerce_gallery_thumbnail":""},"post_excerpt_stackable_v2":"<p>Siete bellissimi con noi!Per poter impostare i vostri template di e-mail e landing page individuali, saremmo lieti di ricevere da voi le seguenti informazioni. Le chiediamo di compilare questo modulo. Il template di Aivie sar\u00e0 impostato.Dopo aver compilato il modulo, il template verr\u00e0 impostato a breve. Nel frattempo, siete invitati a prendere ispirazione dal nostro blog. Potete trovare tutti i vostri dati e le vostre fatture nel vostro account . Iniziate subito con l&#8217;automazione del marketing.Automazione del marketing e IAL&#8217;automazione del marketing \u00e8 un must per qualsiasi team di marketing ambizioso e con ChatGPT di OpenAI l&#8217;AI \u00e8 stata resa\u2026<\/p>\n","category_list_v2":"","author_info_v2":{"name":"Adrian Schimpf","url":"https:\/\/aivie.ch\/it\/author\/adrian\/"},"comments_num_v2":"0 commento","_links":{"self":[{"href":"https:\/\/aivie.ch\/it\/wp-json\/wp\/v2\/pages\/16972","targetHints":{"allow":["GET"]}}],"collection":[{"href":"https:\/\/aivie.ch\/it\/wp-json\/wp\/v2\/pages"}],"about":[{"href":"https:\/\/aivie.ch\/it\/wp-json\/wp\/v2\/types\/page"}],"author":[{"embeddable":true,"href":"https:\/\/aivie.ch\/it\/wp-json\/wp\/v2\/users\/1"}],"replies":[{"embeddable":true,"href":"https:\/\/aivie.ch\/it\/wp-json\/wp\/v2\/comments?post=16972"}],"version-history":[{"count":1,"href":"https:\/\/aivie.ch\/it\/wp-json\/wp\/v2\/pages\/16972\/revisions"}],"predecessor-version":[{"id":16984,"href":"https:\/\/aivie.ch\/it\/wp-json\/wp\/v2\/pages\/16972\/revisions\/16984"}],"wp:attachment":[{"href":"https:\/\/aivie.ch\/it\/wp-json\/wp\/v2\/media?parent=16972"}],"curies":[{"name":"wp","href":"https:\/\/api.w.org\/{rel}","templated":true}]}}