{"id":16877,"date":"2023-12-15T05:36:11","date_gmt":"2023-12-15T03:36:11","guid":{"rendered":"https:\/\/aivie.ch\/termini-e-condizioni-generali\/"},"modified":"2026-01-11T11:03:13","modified_gmt":"2026-01-11T09:03:13","slug":"termini-e-condizioni-generali","status":"publish","type":"page","link":"https:\/\/aivie.ch\/it\/termini-e-condizioni-generali\/","title":{"rendered":"Termini e condizioni generali"},"content":{"rendered":"\n<p>Noi di Aivie non vediamo l&#8217;ora di fare affari con voi.  <\/p>\n\n<h2 class=\"wp-block-heading\" id=\"h-geltungsbereich\">Ambito di applicazione<\/h2>\n\n<p>Le presenti condizioni generali di contratto e di utilizzo costituiscono un accordo giuridicamente vincolante tra \u201cvoi\u201d o simili, il \u201ccliente\u201d o \u201cutente\u201d, o per conto di una \u201cazienda\u201d e \u201cnoi\u201d o simili, Aivie der Idea 2 Collective GmbH o \u201cAivie\u201d.<\/p>\n\n<p>Noi, le \u201cparti contraenti\u201d, concordiamo che tra noi non esiste nessuna joint venture, nessuna societ\u00e0, nessun rapporto di lavoro e nessun rapporto di agenzia.<\/p>\n\n<p>Le parti contraenti dichiarano e garantiscono di avere l&#8217;autorit\u00e0 necessaria per stipulare il presente accordo e che esso \u00e8 vincolante per la rispettiva parte contraente e applicabile in conformit\u00e0 ai termini e alle condizioni in esso contenuti. Il Cliente dichiara e garantisce di essere autorizzato a garantire che i suoi affiliati rispettino i termini del presente Contratto.<\/p>\n\n<p>Per ordinare, acquistare o utilizzare le nostre informazioni, i nostri servizi e i nostri prodotti \u00e8 necessario essere maggiorenni.  <\/p>\n\n<p>Se non diversamente indicato, si applicano i Termini e le Condizioni Generali, nonch\u00e9 i singoli termini e condizioni contrattuali o le disposizioni specifiche del prodotto e le nostre <a href=\"https:\/\/aivie.ch\/it\/parliamo-di-protezione-dei-dati\/\">disposizioni sulla protezione dei dati<\/a>. La nostra <a href=\"https:\/\/aivie.ch\/it\/politica-di-utilizzo-accettabile\/\">Politica di Utilizzo Accettabile<\/a> si applica anche, in particolare, all&#8217;utilizzo del Software come Servizio.<\/p>\n\n<p>Ordinando, acquistando o utilizzando le nostre informazioni, i nostri servizi e i nostri prodotti, accettate questi termini e condizioni.  <\/p>\n\n<h2 class=\"wp-block-heading\" id=\"h-unser-angebot\">La nostra offerta<\/h2>\n\n<p>La nostra offerta online consiste nei prodotti e nei servizi pubblicati sui siti web, compresi i pacchetti di servizi e i servizi Software as a Service (SaaS) o in abbonamento.  <\/p>\n\n<h2 class=\"wp-block-heading\" id=\"h-inhalte-und-angebote-dritter\">Contenuti e offerte di terze parti<\/h2>\n\n<p>Otteniamo contenuti e offerte anche da fonti terze. Aivie non si assume alcuna garanzia, assicurazione o altra responsabilit\u00e0 per quanto riguarda la correttezza, l&#8217;accuratezza, l&#8217;attualit\u00e0, l&#8217;affidabilit\u00e0 e la completezza e\/o la conformit\u00e0 legale di questi contenuti esterni e delle offerte ivi presentate (prodotti, servizi, ecc.).  <\/p>\n\n<h2 class=\"wp-block-heading\" id=\"h-urheberrecht\">Copyright<\/h2>\n\n<p>Se non diversamente indicato, tutti i contenuti e i software presenti sui nostri siti web sono protetti da copyright, compresi i nostri domini, nella loro portata e stile unici, nell&#8217;aspetto e nella funzionalit\u00e0, compresi il codice sorgente, il codice front-end e back-end, i database e tutti i contenuti come il design del sito web, l&#8217;audio, il video, il testo, le foto e la grafica.<\/p>\n\n<p>Qualsiasi utilizzo di contenuti di terze parti avviene in base al principio del fair use del copyright e non rivendichiamo il diritto d&#8217;autore per citazioni, statistiche, fatti, cifre, dati o altri contenuti di pubblico dominio.  <\/p>\n\n<p>\u00c8 vietata la riproduzione completa o parziale, la trasmissione, la modifica, il collegamento o l&#8217;utilizzo per scopi pubblici o commerciali senza il previo consenso scritto di Aivie.<\/p>\n\n<h2 class=\"wp-block-heading\" id=\"h-kostenlose-services-nbsp\">Servizi gratuiti<strong> <\/strong><\/h2>\n\n<p>Ad esempio, concediamo l&#8217;accesso a versioni demo gratuite delle nostre soluzioni SaaS per un certo periodo di tempo, per testare l&#8217;applicazione con i dati di prova del cliente. I dati inseriti sono sempre visibili agli altri utenti della versione demo e vengono regolarmente cancellati senza preavviso.<\/p>\n\n<h2 class=\"wp-block-heading\" id=\"h-bestellung\">ordine<\/h2>\n\n<p>Gli ordini effettuati tramite uno dei nostri siti web costituiscono un contratto di acquisto legalmente valido. Ci riserviamo il diritto di rifiutare gli ordini senza indicarne i motivi.<\/p>\n\n<h2 class=\"wp-block-heading\" id=\"h-preise-amp-gebuhren\">Prezzi e tariffe<\/h2>\n\n<p>Si applicano i prezzi e le tariffe pubblicati sui siti web. I prezzi e le tariffe sono soggetti a modifiche. Se non diversamente indicato, tutti i prezzi sono espressi in CHF, esclusa l&#8217;IVA, che generalmente viene addebitata. I clienti si impegnano a pagare tutte le tasse sostenute in relazione all&#8217;utilizzo dell&#8217;offerta.<\/p>\n\n<p>Se avete sede nell&#8217;Unione Europea, i prezzi e le tariffe generalmente non includono l&#8217;IVA. Assicuratevi di essere registrati ai fini dell&#8217;IVA nel vostro rispettivo Stato membro.<br\/><br\/>Le tariffe di abbonamento rimangono invariate durante il periodo di sottoscrizione iniziale, a meno che non sia specificato diversamente nei termini e condizioni specifici del prodotto. Ad esempio, gli abbonamenti possono passare automaticamente a pacchetti superiori se si superano limiti predefiniti come il volume di dati o il numero di contatti o di e-mail.  <\/p>\n\n<p>Quando gli abbonamenti vengono rinnovati, le tariffe vengono generalmente aumentate al prezzo di listino attuale. Vi informeremo sulle tariffe attuali al momento del rinnovo dell&#8217;abbonamento. L&#8217;adeguamento si applica a partire dall&#8217;inizio del successivo periodo di proroga.  <\/p>\n\n<p>Se l&#8217;utente non \u00e8 d&#8217;accordo con l&#8217;aumento delle tariffe, pu\u00f2 annullare l&#8217;abbonamento alla fine del periodo di abbonamento in corso, nel rispetto dei termini di cancellazione.<\/p>\n\n<h2 class=\"wp-block-heading\" id=\"h-lizenzgebuhren-dritter\">Canoni di licenza di terzi<\/h2>\n\n<p>Possiamo organizzare il contratto di licenza tra voi e il fornitore per l&#8217;utilizzo di software standard gratuiti o a pagamento di terze parti. Viene stipulato direttamente tra il cliente e il produttore del software. Il diritto di utilizzo del cliente \u00e8 regolato dalle condizioni di licenza di terzi.  <\/p>\n\n<h2 class=\"wp-block-heading\" id=\"h-bezahlung-nbsp\">Pagamento<strong> <\/strong><\/h2>\n\n<p>Se non diversamente indicato, il pagamento per gli acquisti diretti tramite i siti web avviene direttamente con carta di credito o servizi di pagamento online come Paypal. Ci autorizzate ad addebitare sulla vostra carta di credito o sui servizi di pagamento tutte le spese sostenute durante il periodo del contratto. Possiamo affidare a terzi l&#8217;elaborazione dei pagamenti e l&#8217;utente acconsente alla divulgazione dei suoi dati di pagamento a terzi.<\/p>\n\n<p>Si conservano i dati di contatto, i dati di fatturazione, i dati della carta di credito e simili. costantemente aggiornato.  <\/p>\n\n<p>Tutti gli obblighi di pagamento non sono annullabili e gli importi versati non sono generalmente rimborsabili, a meno che non sia stabilito diversamente nel presente contratto. Tutte le tariffe sono dovute e pagabili in anticipo per l&#8217;intero importo o per l&#8217;intera durata del contratto. Quando si effettua un acquisto per conto di un cliente, si accetta di essere responsabili del modulo d&#8217;ordine e di garantire il pagamento di tutte le spese.<\/p>\n\n<p>Quando si sottoscrive un servizio di abbonamento mensile (o annuale), si accetta la fatturazione ricorrente mensile (o annuale) che inizia il giorno della sottoscrizione. La fatturazione e i pagamenti vengono effettuati alla stessa ora ogni mese (o ogni anno). Se una parte del mese (o dell&#8217;anno) \u00e8 inclusa nel termine, il pagamento \u00e8 richiesto per l&#8217;intero mese (o anno).  <\/p>\n\n<h2 class=\"wp-block-heading\" id=\"h-nutzung-der-software-as-a-service\">Utilizzo di software come servizio<\/h2>\n\n<p>Durante il periodo di abbonamento, vi garantiamo l&#8217;accesso all&#8217;utilizzo del servizio di abbonamento come descritto nel presente contratto e nell&#8217;ordine corrispondente.  <\/p>\n\n<p>Potremmo fornire alcuni o tutti gli elementi del Servizio in abbonamento attraverso un fornitore terzo.  <\/p>\n\n<p>I vostri affiliati possono accedere e utilizzare il servizio di abbonamento e ottenere i servizi correlati acquistati come parte di questo ordine. Resta inteso che l&#8217;accesso, l&#8217;uso e la ricezione da parte dei vostri affiliati sono soggetti all&#8217;Accordo e che voi sarete sempre responsabili dell&#8217;esecuzione del presente Accordo da parte dei vostri affiliati.<\/p>\n\n<p>La nostra Politica di Utilizzo Accettabile si applica anche, in particolare, all&#8217;utilizzo del Software come Servizio.<\/p>\n\n<h2 class=\"wp-block-heading\" id=\"h-serviceleistungserbringung\">Fornitura di servizi<\/h2>\n\n<p>I servizi e i prodotti da fornire o consegnati da Aivie si considerano accettati dal cliente dopo la scadenza del periodo di accettazione concordato tra le parti o di un periodo di 3 giorni (se non \u00e8 stato concordato alcun periodo), a condizione che il cliente non abbia segnalato alcun difetto durante tale periodo.  <\/p>\n\n<p>Il cliente pu\u00f2 ispezionare gli articoli consegnati e segnalare i difetti durante l&#8217;intero periodo di accettazione.  <\/p>\n\n<p>Aivie provveder\u00e0 a eliminare gratuitamente i difetti materiali entro un periodo di tempo ragionevole e a informare il cliente della loro eliminazione. Se non riusciamo a eliminare i difetti entro questo termine, il cliente ha il diritto di richiedere l&#8217;adempimento o di recedere dal contratto per quanto riguarda gli articoli di consegna difettosi se Aivie non ha eliminato i difetti entro un secondo termine ragionevole fissato dal cliente per l&#8217;adempimento successivo.<\/p>\n\n<p>Siamo autorizzati a trasferire i nostri diritti e obblighi, in tutto o in parte, a terzi in qualsiasi momento.  <\/p>\n\n<h2 class=\"wp-block-heading\" id=\"h-rechte-an-den-liefergegenstanden\">Diritti sugli oggetti di consegna<\/h2>\n\n<p>Aivie concede al Cliente un diritto e una licenza non esclusivi e perpetui per l&#8217;utilizzo dei Deliverable del Servizio (ad es. documentazione, concetti, framework, modelli, pareri di esperti, studi, ecc.<\/p>\n\n<p>L&#8217;accesso ai servizi in abbonamento non concede una licenza per il software. Il Servizio in abbonamento e i Servizi sono protetti dalle leggi sulla propriet\u00e0 intellettuale. Questi servizi sono di nostra propriet\u00e0 e dei nostri licenziatari (se presenti) e manteniamo tutti i diritti di propriet\u00e0 su di essi.  <\/p>\n\n<p>Quando si programmano siti web e\/o design di schermate utilizzando software open source (ad esempio WordPress, Mautic), il copyright rimane all&#8217;autore. Se programmiamo le nostre soluzioni software, i diritti sul codice rimangono ad Aivie.  <\/p>\n\n<p>Tutti i diritti di propriet\u00e0 intellettuale derivanti e risultanti dai Servizi da noi forniti durante la durata del presente Contratto apparterranno e saranno assegnati ad Aivie.<\/p>\n\n<p>L&#8217;utente accetta di non copiare, affittare, noleggiare, vendere, ridistribuire o creare opere derivate basate sui nostri contenuti, prodotti, servizi e sul Servizio di abbonamento e sui Pacchetti di servizi, in tutto o in parte, in qualsiasi modo, a meno che non riceva un&#8217;esplicita autorizzazione scritta da parte nostra. L&#8217;utente non pu\u00f2 utilizzare alcun marchio di fabbrica senza la nostra preventiva autorizzazione scritta.<\/p>\n\n<p>I vostri feedback, suggerimenti di miglioramento, valutazioni e commenti simili sull&#8217;Offerta non sono riservati e abbiamo tutti i diritti di utilizzarli e implementarli nell&#8217;Offerta o nei Servizi senza alcun pagamento o attribuzione.<\/p>\n\n<h2 class=\"wp-block-heading\" id=\"h-mitwirkungspflicht-nbsp\">Obbligo di cooperazione<strong> <\/strong><\/h2>\n\n<p>Il cliente \u00e8 tenuto a creare per tempo i prerequisiti tecnici e organizzativi e a mettere a disposizione le risorse corrispondenti per consentirci di fornire i servizi concordati. In particolare, il cliente ha l&#8217;obbligo di collaborare nella fornitura di informazioni e nella preparazione e garanzia dell&#8217;accesso ai sistemi informatici e ai dati richiesti. Il cliente \u00e8 inoltre tenuto a informare Aivie immediatamente e di propria iniziativa di tutte le circostanze che potrebbero compromettere o pregiudicare la fornitura di servizi da parte di Aivie.  <\/p>\n\n<p>\u00c8 vietato trasferire o cedere gli accordi con Aivie, in tutto o in parte, a terzi senza il nostro consenso.<\/p>\n\n<h2 class=\"wp-block-heading\" id=\"h-support-nbsp\">Supporto<strong> <\/strong><\/h2>\n\n<p>In alcuni casi l&#8217;assistenza fa parte dell&#8217;offerta ed \u00e8 indicata come tale sul sito web. Inoltre, in qualit\u00e0 di acquirente non avete automaticamente diritto all&#8217;assistenza gratuita quando acquistate i nostri servizi. I dettagli del livello di servizio sono riportati nelle disposizioni specifiche del prodotto.<\/p>\n\n<p>Le limitazioni, i declassamenti o le modifiche dell&#8217;abbonamento o dei pacchetti di servizi sono pubblicati nelle disposizioni specifiche del prodotto e, se non diversamente indicato e non tecnicamente collegato alle limitazioni, hanno effetto a partire dal periodo successivo.<\/p>\n\n<h2 class=\"wp-block-heading\" id=\"h-laufzeit-und-kundigung\">Durata e cancellazione<\/h2>\n\n<p>La durata dell&#8217;abbonamento iniziale o del pacchetto di servizi \u00e8 specificata nell&#8217;ordine. Se non diversamente indicato nell&#8217;ordine, il termine \u00e8 automaticamente prorogato per la durata o per un anno, a seconda di quale sia il termine pi\u00f9 breve.  <\/p>\n\n<p>Se non diversamente indicato nell&#8217;ordine, se noi o i clienti non desiderano rinnovare l&#8217;abbonamento o il pacchetto di servizi, dobbiamo notificare per iscritto il mancato rinnovo. Se non diversamente specificato nelle disposizioni specifiche del prodotto, il periodo di cancellazione \u00e8 di un (1) mese.  <\/p>\n\n<p>\u00c8 possibile annullare anticipatamente l&#8217;abbonamento o i pacchetti di servizi. In questo caso, tuttavia, non verranno rimborsati i canoni prepagati o non utilizzati e l&#8217;utente dovr\u00e0 pagare immediatamente tutti i canoni non pagati dovuti entro la scadenza del contratto.  <\/p>\n\n<p>Entrambe le parti possono inoltre risolvere il presente contratto per giusta causa con un preavviso di trenta (30) giorni. Eserciteremo questo diritto se ci rendiamo conto che state agendo o avete agito in un modo che potrebbe riflettersi negativamente su di noi, sui nostri potenziali clienti o sui nostri clienti.  <\/p>\n\n<p>I clienti sono vincolati da questo contratto per tutto il tempo in cui hanno accesso al loro account.<\/p>\n\n<p>In caso di annullamento o scadenza del presente contratto, il cliente dovr\u00e0 cessare l&#8217;utilizzo del servizio di abbonamento e dei contenuti. Se i clienti rescindono il contratto per giusta causa, rimborseremo immediatamente tutte le tariffe gi\u00e0 pagate e non ancora consumate che coprono l&#8217;uso del servizio di abbonamento per il periodo successivo alla sua cancellazione. In caso di risoluzione del contratto per giusta causa, i clienti dovranno pagare immediatamente tutte le tariffe non pagate dovute fino alla fine del periodo di abbonamento. Le quote non sono rimborsabili.<\/p>\n\n<h2 class=\"wp-block-heading\" id=\"h-rucktritt\">Dimissioni<\/h2>\n\n<p>Il diritto di recesso si applica a determinate condizioni. Salvo accordi contrattuali, entrambe le parti possono esercitare il diritto di recesso entro una settimana, a condizione che il servizio ordinato o acquistato non sia ancora stato consegnato o acquistato in tutto o in parte. Il diritto di recesso dell&#8217;acquirente decade con l&#8217;inizio delle attivit\u00e0 di Aivie.  <\/p>\n\n<h2 class=\"wp-block-heading\" id=\"h-veroffentlichung\">Pubblicazione<\/h2>\n\n<p>Ci concedete il diritto di aggiungere il vostro nome e il logo della vostra azienda al nostro elenco clienti e al nostro sito web. Se desiderate opporvi a questo utilizzo, vi preghiamo di comunicarcelo per iscritto.<\/p>\n\n<h2 class=\"wp-block-heading\" id=\"h-haftung\">Responsabilit\u00e0<\/h2>\n\n<p>Aivie sar\u00e0 responsabile solo per grave negligenza o dolo. In nessun caso Aivie sar\u00e0 responsabile di perdite o danni di qualsiasi tipo (diretti o indiretti, compresi il mancato guadagno e altri danni conseguenti) che l&#8217;utente potrebbe subire in relazione all&#8217;uso delle informazioni e dei servizi di Aivie o comunque in relazione al rapporto commerciale con Aivie, in particolare in caso di perdita, interruzione della disponibilit\u00e0 o falsificazione dei dati, perdita di profitto, perdita di reddito, perdita di clienti, danno all&#8217;immagine o indebolimento del patrimonio del cliente e\/o dei clienti finali.<\/p>\n\n<p>Anche i danni subiti dai terzi e dai clienti finali sono qualificati come danni indiretti.<\/p>\n\n<p>Aivie non sar\u00e0 responsabile di alcun danno derivante dalla perdita o dall&#8217;inesattezza di dati, risultati o programmi, dalla distruzione di file o programmi, dalla consegna di attrezzature, software, un servizio o una tecnologia, da qualsiasi perdita o danno subito dal Cliente e\/o dal Cliente finale a causa del fatto di una richiesta di terzi o di qualsiasi inosservanza delle istruzioni o di qualsiasi uso di software non conforme, di software di terzi, del sito web e\/o dei servizi da parte del Cliente e\/o del Cliente finale.<\/p>\n\n<p>Aivie non pu\u00f2 essere ritenuta responsabile di ritardi o difficolt\u00e0 derivanti dall&#8217;ambiente informatico o dalla rete del Cliente, da fornitori terzi del Cliente e\/o da un fornitore di accesso a Internet del Cliente.<\/p>\n\n<p>In nessun caso la responsabilit\u00e0 totale di Aivie ai sensi del Contratto superer\u00e0 l&#8217;importo totale pagato dal Cliente ad Aivie ai sensi del Contratto nei dodici (12) mesi precedenti l&#8217;evento che ha dato origine alla responsabilit\u00e0.<\/p>\n\n<p>Ad eccezione dei reclami per mancato pagamento o per violazione dei diritti di propriet\u00e0 di un partner contrattuale, i partner contrattuali non possono far valere alcun tipo di reclamo derivante da o in relazione al presente contratto oltre un (1) anno dall&#8217;accertamento della causa del reclamo in questione.<\/p>\n\n<p>Evento di forza maggiore. Una parte che non sia in grado di adempiere ai propri obblighi ai sensi del presente Accordo, o che sia in grado di farlo solo in parte, come conseguenza diretta di un evento imprevedibile e il cui verificarsi e le cui conseguenze non possono essere prevenute o evitate, quali disastri naturali, incendi, guerre, sommosse e scioperi, embarghi, ordini governativi o altre restrizioni e misure o altre cause che impediscono tale adempimento (un \u201cEvento di forza maggiore\u201d), non sar\u00e0 considerata in violazione delle presenti disposizioni.<\/p>\n\n<h2 class=\"wp-block-heading\" id=\"h-gewahrleistung\">Garanzia<\/h2>\n\n<p>Le disposizioni di cui sopra costituiscono l&#8217;intera responsabilit\u00e0 di Aivie e l&#8217;unico ricorso del Cliente in caso di violazione di qualsiasi diritto d&#8217;autore, brevetto, segreto commerciale o altro diritto di propriet\u00e0 intellettuale in relazione al Software, al Software di terzi e ai Servizi. Qualsiasi altra garanzia \u00e8 espressamente esclusa da Aivie.<\/p>\n\n<p>In particolare, Aivie non garantisce l&#8217;assenza di difetti e, di conseguenza, non garantisce che l&#8217;uso del Software, del Software di terze parti, del Server, del Sito web e\/o dei Servizi sia ininterrotto o privo di errori e declina espressamente qualsiasi garanzia per difetti latenti.<\/p>\n\n<p>Il cliente dichiara di conoscere perfettamente Internet e i suoi limiti. In particolare, il cliente riconosce che le trasmissioni via Internet non sono sicure e possono essere ritardate, perse, intercettate, danneggiate e che la trasmissione di informazioni riservate via Internet viene effettuata dal cliente a proprio rischio e pericolo.<\/p>\n\n<h2 class=\"wp-block-heading\" id=\"h-datenschutz\">Protezione dei dati<\/h2>\n\n<p>Il cliente \u00e8 responsabile dell&#8217;utilizzo di Aivie in conformit\u00e0 con le leggi applicabili, in particolare in materia di protezione dei dati e concorrenza sleale, nonch\u00e9 di informare i contatti gestiti in Aivie sul trattamento dei dati e, se necessario, di ottenere il consenso al trattamento. Aivie elabora i dati del cliente esclusivamente secondo le istruzioni del cliente e ha accesso ai dati dei contatti solo in via eccezionale (ad esempio, in caso di richiesta di supporto). Il luogo di archiviazione dipende dalla selezione del cliente.  <\/p>\n\n<h2 class=\"wp-block-heading\" id=\"h-wirksamkeit-anderung-kein-verzicht\">Efficacia, modifica, nessuna rinuncia<\/h2>\n\n<p>Aivie pu\u00f2 modificare queste disposizioni in qualsiasi momento. Le Condizioni d&#8217;uso aggiornate saranno pubblicate sui nostri siti web ed entreranno in vigore e avranno efficacia legale il giorno lavorativo successivo alla loro pubblicazione.<\/p>\n\n<p>Annunceremo modifiche o aggiornamenti alle disposizioni specifiche del prodotto o della giurisdizione a nostra discrezione. Le pagine aggiornate delle disposizioni specifiche del prodotto e della giurisdizione entrano in vigore alla data della loro pubblicazione. Si consiglia ai clienti di consultare regolarmente i presenti termini e condizioni d&#8217;uso.<\/p>\n\n<p>Se non si accettano le modifiche alle Condizioni d&#8217;uso per i clienti, \u00e8 necessario comunicarlo per iscritto entro trenta (30) giorni dalla notifica delle modifiche apportate. Se l&#8217;utente lo comunica, il nostro rapporto commerciale continuer\u00e0 a essere regolato dalle Condizioni d&#8217;uso del cliente in vigore prima della relativa modifica delle Condizioni d&#8217;uso del cliente per il resto del periodo. In caso di proroga, si applicano le condizioni di utilizzo per i clienti che abbiamo pubblicato sul nostro sito web.<\/p>\n\n<p>Se una qualsiasi parte del presente Contratto \u00e8 o diventa invalida o inapplicabile, la parte restante del Contratto continuer\u00e0 a essere pienamente valida ed efficace. Le disposizioni invalide o inapplicabili saranno sostituite da altre disposizioni valide nella forma e nel contenuto e che corrispondano il pi\u00f9 possibile allo scopo e all&#8217;intenzione delle disposizioni invalide o inapplicabili.<\/p>\n\n<p>Il rinvio dell&#8217;esercizio di un diritto o della presentazione di un ricorso o l&#8217;omissione di un&#8217;obiezione non deve essere interpretato come una rinuncia al diritto o al ricorso o ad altri diritti o rimedi in questione. Una rinuncia in un caso specifico non costituisce una rinuncia a un diritto o a un rimedio in casi successivi.<\/p>\n\n<h2 class=\"wp-block-heading\" id=\"h-anwendbares-recht-und-gerichtsstand\">Legge applicabile e foro competente<\/h2>\n\n<p>Il rapporto giuridico tra l&#8217;utente e Aivie \u00e8 disciplinato esclusivamente dal diritto svizzero. Il foro competente esclusivo per tutte le controversie tra il cliente e Aivie \u00e8 Zurigo (Zurigo 4).<\/p>\n\n<h2 class=\"wp-block-heading\" id=\"h-kontakt\">Contatti<\/h2>\n\n<p>Avete domande o dubbi sulle Condizioni generali o sui contratti? Allora scriveteci a <a href=\"mailto:legal@idea2.ch\">legal@aivie.ch<\/a><\/p>\n\n<p><\/p>\n\n<p><br\/><br\/>Aivie by Idea 2 Collective GmbH Wengistrasse 6 8004 Zurigo<\/p>\n\n<p>Stato: 22 giugno 2021<\/p>\n","protected":false},"excerpt":{"rendered":"<p>Noi di Aivie non vediamo l&#8217;ora di fare affari con voi. Ambito di applicazione Le presenti condizioni generali di contratto e di utilizzo costituiscono un accordo giuridicamente vincolante tra \u201cvoi\u201d o simili, il \u201ccliente\u201d o \u201cutente\u201d, o per conto di una \u201cazienda\u201d e \u201cnoi\u201d o simili, Aivie der Idea 2 Collective GmbH o \u201cAivie\u201d. Noi, &hellip; <a href=\"https:\/\/aivie.ch\/it\/termini-e-condizioni-generali\/\" class=\"more-link\">Continua a leggere <span class=\"screen-reader-text\">Termini e condizioni generali<\/span><\/a><\/p>\n","protected":false},"author":1,"featured_media":0,"parent":0,"menu_order":0,"comment_status":"closed","ping_status":"closed","template":"","meta":{"_acf_changed":false,"footnotes":""},"class_list":["post-16877","page","type-page","status-publish","hentry"],"acf":[],"featured_image_urls_v2":{"full":"","thumbnail":"","medium":"","medium_large":"","large":"","post-thumbnail":"","aiv_480w":"","woocommerce_thumbnail":"","woocommerce_single":"","woocommerce_gallery_thumbnail":""},"post_excerpt_stackable_v2":"<p>Noi di Aivie non vediamo l&#8217;ora di fare affari con voi. Ambito di applicazione Le presenti condizioni generali di contratto e di utilizzo costituiscono un accordo giuridicamente vincolante tra \u201cvoi\u201d o simili, il \u201ccliente\u201d o \u201cutente\u201d, o per conto di una \u201cazienda\u201d e \u201cnoi\u201d o simili, Aivie der Idea 2 Collective GmbH o \u201cAivie\u201d. Noi, le \u201cparti contraenti\u201d, concordiamo che tra noi non esiste nessuna joint venture, nessuna societ\u00e0, nessun rapporto di lavoro e nessun rapporto di agenzia. Le parti contraenti dichiarano e garantiscono di avere l&#8217;autorit\u00e0 necessaria per stipulare il presente accordo e che esso \u00e8 vincolante per la\u2026<\/p>\n","category_list_v2":"","author_info_v2":{"name":"Adrian Schimpf","url":"https:\/\/aivie.ch\/it\/author\/adrian\/"},"comments_num_v2":"0 commento","_links":{"self":[{"href":"https:\/\/aivie.ch\/it\/wp-json\/wp\/v2\/pages\/16877","targetHints":{"allow":["GET"]}}],"collection":[{"href":"https:\/\/aivie.ch\/it\/wp-json\/wp\/v2\/pages"}],"about":[{"href":"https:\/\/aivie.ch\/it\/wp-json\/wp\/v2\/types\/page"}],"author":[{"embeddable":true,"href":"https:\/\/aivie.ch\/it\/wp-json\/wp\/v2\/users\/1"}],"replies":[{"embeddable":true,"href":"https:\/\/aivie.ch\/it\/wp-json\/wp\/v2\/comments?post=16877"}],"version-history":[{"count":6,"href":"https:\/\/aivie.ch\/it\/wp-json\/wp\/v2\/pages\/16877\/revisions"}],"predecessor-version":[{"id":25474,"href":"https:\/\/aivie.ch\/it\/wp-json\/wp\/v2\/pages\/16877\/revisions\/25474"}],"wp:attachment":[{"href":"https:\/\/aivie.ch\/it\/wp-json\/wp\/v2\/media?parent=16877"}],"curies":[{"name":"wp","href":"https:\/\/api.w.org\/{rel}","templated":true}]}}