{"id":16824,"date":"2023-12-15T05:35:58","date_gmt":"2023-12-15T03:35:58","guid":{"rendered":"https:\/\/aivie.ch\/parliamo-di-protezione-dei-dati\/"},"modified":"2024-09-19T11:35:30","modified_gmt":"2024-09-19T09:35:30","slug":"parliamo-di-protezione-dei-dati","status":"publish","type":"page","link":"https:\/\/aivie.ch\/it\/parliamo-di-protezione-dei-dati\/","title":{"rendered":"Parliamo di protezione dei dati"},"content":{"rendered":"\n<p>Aivie rispetta la vostra privacy.<\/p>\n\n<h2 class=\"wp-block-heading\" id=\"h-geltungsbereich\">Ambito di applicazione<\/h2>\n\n<p>La presente informativa sulla privacy illustra le modalit\u00e0 di raccolta, utilizzo e archiviazione delle informazioni durante la visita ai nostri siti web, l&#8217;utilizzo dei servizi tramite i nostri siti web e le comunicazioni con noi.<\/p>\n\n<p>La protezione dei dati riguarda i dati personali, ossia tutte le informazioni relative a una persona identificata o identificabile (fisica o giuridica). Si tratta di informazioni quali nome, cognome, titolo, indirizzo postale, indirizzo e-mail, numero di telefono e dati simili che l&#8217;utente fornisce quando comunica con noi, ad esempio nell&#8217;ambito di un ordine o di un sondaggio. Questo include anche il vostro indirizzo IP, le vostre visualizzazioni di pagina e le vostre reazioni alle offerte online.<\/p>\n\n<p>La base giuridica di questo trattamento \u00e8 il nostro legittimo interesse, ovvero la corretta gestione del nostro sito web, delle nostre attivit\u00e0 commerciali e della comunicazione con gli utenti. Il trattamento dei dati personali avviene nel quadro del Regolamento generale sulla protezione dei dati (GDPR) dell&#8217;Unione europea.<\/p>\n\n<p>Utilizzando la nostra offerta online, accettate la nostra politica sulla privacy e acconsentite al trattamento dei vostri dati personali in conformit\u00e0 alle leggi sulla protezione dei dati applicabili e alle seguenti disposizioni.<\/p>\n\n<h2 class=\"wp-block-heading\" id=\"h-links-und-angebote-von-dritten\">Link e offerte di terzi<\/h2>\n\n<p>Non ci assumiamo alcuna responsabilit\u00e0 per il rispetto delle norme sulla protezione dei dati per i contenuti e le offerte di terzi che sono collegati ai nostri siti web o pubblicati nei nostri media.<\/p>\n\n<h2 class=\"wp-block-heading\" id=\"h-kommunikation-mit-uns\">Comunicazione con noi<\/h2>\n\n<p>I nostri siti web sono dotati di crittografia SSL per motivi di sicurezza e per proteggere la trasmissione di contenuti riservati che ci inviate come utenti. Una connessione crittografata SSL \u00e8 indicata dal cambiamento della barra degli indirizzi del browser da \u201chttp:\/\/\u201d a \u201chttps:\/\/\u201d e dalla comparsa del simbolo del lucchetto nella barra del browser. Se la crittografia SSL \u00e8 attivata, i dati che ci trasmettete non possono essere letti da terzi.<\/p>\n\n<p>Desideriamo sottolineare che la trasmissione di dati su Internet (ad esempio, la comunicazione via e-mail) pu\u00f2 presentare lacune nella sicurezza. Non \u00e8 possibile proteggere completamente i dati dall&#8217;accesso di terzi.<\/p>\n\n<h2 class=\"wp-block-heading\" id=\"h-datenverarbeitung\">Elaborazione dei dati<\/h2>\n\n<p>Raccogliamo, conserviamo ed elaboriamo i vostri dati personali per il tempo necessario allo scopo della raccolta o per quanto richiesto o consentito dalla legge.<\/p>\n\n<h2 class=\"wp-block-heading\" id=\"h-google-analytics\">Google Analytics<\/h2>\n\n<p>Utilizziamo Google Analytics, un servizio di analisi web fornito da Google Inc, 1600 Amphitheater Parkway, Mountain View, CA 94043, USA. L&#8217;informativa sulla privacy di Google \u00e8 disponibile all&#8217;indirizzo <a href=\"https:\/\/policies.google.com\/privacy\" target=\"_blank\" rel=\"noopener\">https:\/\/policies.google.com\/privacy<\/a>. <\/p>\n\n<p>Google Analytics utilizza i cookie, file di testo che vengono memorizzati nel browser dell&#8217;utente e che consentono di analizzare il suo utilizzo del sito web. Lo scopo dei cookie \u00e8 in particolare quello di analizzare l&#8217;uso di questi siti web per una valutazione statistica e per migliorare continuamente la nostra offerta e comunicazione.<\/p>\n\n<p>Le informazioni generate dai cookie di Google Analytics sull&#8217;utilizzo del sito web da parte dell&#8217;utente saranno trasmesse e memorizzate da Google su server negli Stati Uniti. Google utilizzer\u00e0 queste informazioni per valutare l&#8217;utilizzo del sito web da parte dell&#8217;utente, per compilare report sulle attivit\u00e0 del sito web per gli operatori del sito e per fornire altri servizi relativi alle attivit\u00e0 del sito web e all&#8217;utilizzo di Internet. Google pu\u00f2 anche trasferire queste informazioni a terzi, se ci\u00f2 \u00e8 richiesto dalla legge o se tali terzi elaborano le informazioni per conto di Google. Tuttavia, Google non assocer\u00e0 mai il vostro indirizzo IP ad altri dati di Google.  <\/p>\n\n<p>Si noti che su questo sito web Google Analytics \u00e8 stato ampliato con il codice \u201cgat._anonymizeIp ();\u201d per garantire una raccolta anonima degli indirizzi IP (il cosiddetto mascheramento IP). Se l&#8217;anonimizzazione \u00e8 attivata, Google tronca gli indirizzi IP all&#8217;interno degli Stati membri dell&#8217;Unione Europea o in altri Stati firmatari dell&#8217;Accordo sullo Spazio Economico Europeo, in modo che la vostra identit\u00e0 non possa essere identificata. Solo in casi eccezionali l&#8217;indirizzo IP completo viene trasmesso a un server di Google negli Stati Uniti e l\u00ec troncato. Google rispetta l&#8217;accordo sullo scudo per la privacy ed \u00e8 registrato presso il programma di scudo per la privacy del Dipartimento del Commercio e utilizza le informazioni raccolte per valutare e riferire sull&#8217;utilizzo dei nostri siti web e per fornirci altri servizi correlati.  <\/p>\n\n<p>\u00c8 possibile impedire la memorizzazione dei cookie selezionando le impostazioni appropriate nel proprio browser. Tuttavia, desideriamo sottolineare che in questo caso potreste non essere in grado di utilizzare appieno tutte le funzioni del nostro sito web.  <\/p>\n\n<h2 class=\"wp-block-heading\" id=\"h-google-recaptcha\">Google reCAPTCHA<\/h2>\n\n<p>Per proteggere le tue richieste di informazioni tramite i nostri moduli, utilizziamo il servizio <a href=\"https:\/\/www.google.com\/recaptcha\/about\/\" target=\"_blank\" rel=\"noreferrer noopener\">Google reCAPTCHA<\/a>.\nQuesto servizio serve a distinguere se l&#8217;input \u00e8 stato fatto da un essere umano o in modo abusivo da un&#8217;elaborazione automatica.\nNell&#8217;ambito di questo servizio, vengono trasmessi a Google dati quali l&#8217;indirizzo IP, il tempo trascorso dall&#8217;utente sul sito web o i movimenti del mouse.\nQueste informazioni sono soggette all&#8217;informativa sulla privacy di Google.   <\/p>\n\n<h2 class=\"wp-block-heading\" id=\"h-facebook-pixel\">Pixel di Facebook<\/h2>\n\n<p>Utilizziamo il Facebook Pixel di Facebook Ireland Limited, 4 Grand Canal Square, Dublino 2, Irlanda. L&#8217;informativa sulla privacy di Facebook \u00e8 disponibile all&#8217;indirizzo <a href=\"https:\/\/www.facebook.com\/about\/privacy\/\" target=\"_blank\" rel=\"noopener\">https:\/\/www.facebook.com\/about\/privacy\/<\/a>.<\/p>\n\n<p>Con l&#8217;aiuto dei pixel di Facebook, le nostre misure di comunicazione su Facebook possono essere meglio personalizzate in base ai vostri desideri e interessi. I pixel consentono a Facebook di abbinare i dati degli utenti che visitano il nostro sito web (dati dei clienti come l&#8217;indirizzo IP) con gli account di Facebook. Il server di Facebook viene informato su quali siti web avete visitato.  <\/p>\n\n<p>Si noti che Facebook ha aderito all&#8217;accordo Privacy Shield concluso tra l&#8217;Unione Europea e gli Stati Uniti ed \u00e8 certificato di conseguenza. Facebook si impegna quindi a rispettare le norme e i regolamenti della legge europea sulla protezione dei dati.  <\/p>\n\n<p>\u00c8 possibile disattivare Custom Audiences e impedire cos\u00ec che Facebook assegni le informazioni raccolte direttamente al vostro account utente di Facebook. Per farlo, \u00e8 necessario aver effettuato l&#8217;accesso a Facebook.<\/p>\n\n<h2 class=\"wp-block-heading\" id=\"h-chatgpt-ai\">ChatGPT AI<\/h2>\n\n<p>La creazione guidata di e-mail nello strumento Aivie utilizza ChatGPT di OpenAI. Raccogliamo solo i dati necessari per la fornitura del nostro servizio (e-mail guidata). ChatGPT pu\u00f2 raccogliere ed elaborare dati personali quali nome, indirizzo, numero di telefono o indirizzo e-mail se inseriti dall&#8217;utente. <br\/>Non raccogliamo n\u00e9 memorizziamo questi dati. Utilizzando l&#8217;Email Wizard, l&#8217;utente riconosce e accetta che la sua interazione con la tecnologia sar\u00e0 elaborata da e negli Stati Uniti.<\/p>\n\n<p>  Le disposizioni di OpenAI si applicano a: www.openai.com\/policies.<\/p>\n\n<h2 class=\"wp-block-heading\" id=\"h-aivie-marketing-automatisierung\">Automazione del marketing Aivie<\/h2>\n\n<p>Questo sito web utilizza Aivie come servizio di automazione del marketing open source e self-hosted.  <\/p>\n\n<p>Aivie utilizza i cookie, file di testo che vengono memorizzati nel browser dell&#8217;utente e che consentono di analizzare il suo utilizzo del sito web. Lo scopo dei cookie \u00e8 in particolare quello di analizzare l&#8217;uso di questi siti web per una valutazione statistica e per migliorare continuamente la nostra offerta e comunicazione.<\/p>\n\n<p>Si prega di notare che le informazioni generate dai cookie Aivie sull&#8217;utilizzo del sito web da parte dell&#8217;utente sono memorizzate sui nostri server in Svizzera e in Europa e non vengono trasmesse a terzi.  <\/p>\n\n<p>Puoi impedire la memorizzazione dei cookie selezionando le impostazioni appropriate nel tuo browser.\nTuttavia, ti segnaliamo che in questo caso potresti non essere in grado di utilizzare appieno tutte le funzioni del nostro sito web. <\/p>\n\n<h2 class=\"wp-block-heading\" id=\"plugin-bexio-to-google-datastudio-connector\">Plugin Bexio per il connettore Google Datastudio<\/h2>\n\n<p>Il plugin Bexio to Google Data Studio Connector, di seguito denominato \u201cplugin Bexio GDS\u201d, trasferisce solo i dati da Bexio a Google Data Studio. Il plugin GDS di Bexio non memorizza n\u00e9 utilizza in altro modo le informazioni ricevute. Tutte le informazioni ricevute dalle API di Google sono conformi all&#8217;Informativa sui dati degli utenti dei servizi API di Google, compresi i requisiti di utilizzo limitato.<br\/><\/p>\n\n<p>Il plugin GDS di Bexio non memorizza n\u00e9 elabora i dati ricevuti. I dati utente di Google vengono utilizzati solo per accedere alle funzionalit\u00e0 richieste all&#8217;interno di Google Data Studio e per garantire che l&#8217;utente disponga delle autorizzazioni necessarie per accedere al connettore.<\/p>\n\n<h2 class=\"wp-block-heading\" id=\"h-dein-recht-uber-deine-daten\">Il vostro diritto sui vostri dati<\/h2>\n\n<p>Potete richiedere in qualsiasi momento informazioni sui vostri dati personali memorizzati, sulla loro origine e sul loro destinatario e sullo scopo del trattamento dei dati. Avete il diritto di far correggere, bloccare o <a href=\"https:\/\/m.aivie.ch\/kommunikationseinstellungen-aivie-datenloschung\" target=\"_blank\" rel=\"noreferrer noopener\">cancellare<\/a> questi dati.  <\/p>\n\n<p>Se avete domande o dubbi sui dati personali, scriveteci a <a href=\"mailto:legal@aivie.ch\">legal@aivie.ch<\/a>.<\/p>\n\n<p><\/p>\n\n<p><br\/><br\/>Aivie by Idea 2 Collective GmbH Wengistrasse 6 8004 Zurigo<\/p>\n","protected":false},"excerpt":{"rendered":"<p>Aivie rispetta la vostra privacy. Ambito di applicazione La presente informativa sulla privacy illustra le modalit\u00e0 di raccolta, utilizzo e archiviazione delle informazioni durante la visita ai nostri siti web, l&#8217;utilizzo dei servizi tramite i nostri siti web e le comunicazioni con noi. La protezione dei dati riguarda i dati personali, ossia tutte le informazioni &hellip; <a href=\"https:\/\/aivie.ch\/it\/parliamo-di-protezione-dei-dati\/\" class=\"more-link\">Continua a leggere <span class=\"screen-reader-text\">Parliamo di protezione dei dati<\/span><\/a><\/p>\n","protected":false},"author":1,"featured_media":0,"parent":0,"menu_order":0,"comment_status":"closed","ping_status":"closed","template":"","meta":{"_acf_changed":false,"footnotes":""},"class_list":["post-16824","page","type-page","status-publish","hentry"],"acf":[],"featured_image_urls_v2":{"full":"","thumbnail":"","medium":"","medium_large":"","large":"","post-thumbnail":"","aiv_480w":"","woocommerce_thumbnail":"","woocommerce_single":"","woocommerce_gallery_thumbnail":""},"post_excerpt_stackable_v2":"<p>Aivie rispetta la vostra privacy. Ambito di applicazione La presente informativa sulla privacy illustra le modalit\u00e0 di raccolta, utilizzo e archiviazione delle informazioni durante la visita ai nostri siti web, l&#8217;utilizzo dei servizi tramite i nostri siti web e le comunicazioni con noi. La protezione dei dati riguarda i dati personali, ossia tutte le informazioni relative a una persona identificata o identificabile (fisica o giuridica). Si tratta di informazioni quali nome, cognome, titolo, indirizzo postale, indirizzo e-mail, numero di telefono e dati simili che l&#8217;utente fornisce quando comunica con noi, ad esempio nell&#8217;ambito di un ordine o di un sondaggio.\u2026<\/p>\n","category_list_v2":"","author_info_v2":{"name":"Adrian Schimpf","url":"https:\/\/aivie.ch\/it\/author\/adrian\/"},"comments_num_v2":"0 commento","_links":{"self":[{"href":"https:\/\/aivie.ch\/it\/wp-json\/wp\/v2\/pages\/16824","targetHints":{"allow":["GET"]}}],"collection":[{"href":"https:\/\/aivie.ch\/it\/wp-json\/wp\/v2\/pages"}],"about":[{"href":"https:\/\/aivie.ch\/it\/wp-json\/wp\/v2\/types\/page"}],"author":[{"embeddable":true,"href":"https:\/\/aivie.ch\/it\/wp-json\/wp\/v2\/users\/1"}],"replies":[{"embeddable":true,"href":"https:\/\/aivie.ch\/it\/wp-json\/wp\/v2\/comments?post=16824"}],"version-history":[{"count":2,"href":"https:\/\/aivie.ch\/it\/wp-json\/wp\/v2\/pages\/16824\/revisions"}],"predecessor-version":[{"id":19665,"href":"https:\/\/aivie.ch\/it\/wp-json\/wp\/v2\/pages\/16824\/revisions\/19665"}],"wp:attachment":[{"href":"https:\/\/aivie.ch\/it\/wp-json\/wp\/v2\/media?parent=16824"}],"curies":[{"name":"wp","href":"https:\/\/api.w.org\/{rel}","templated":true}]}}