{"id":16804,"date":"2023-12-15T05:35:55","date_gmt":"2023-12-15T03:35:55","guid":{"rendered":"https:\/\/aivie.ch\/politica-di-utilizzo-accettabile\/"},"modified":"2023-12-15T05:36:02","modified_gmt":"2023-12-15T03:36:02","slug":"politica-di-utilizzo-accettabile","status":"publish","type":"page","link":"https:\/\/aivie.ch\/it\/politica-di-utilizzo-accettabile\/","title":{"rendered":"Politica di utilizzo accettabile"},"content":{"rendered":"\n<p>Divertitevi con Aivie, ma divertitevi davvero.  <\/p>\n\n<h2 class=\"wp-block-heading\" id=\"h-geltungsbereich\">Ambito di applicazione<\/h2>\n\n<p>La presente Politica d&#8217;uso accettabile (\u201cAUP\u201d) si applica all&#8217;uso di tutti i prodotti, servizi o siti web forniti da Aivie, sia che vengano forniti ai clienti direttamente sia che vengano forniti da terzi.<\/p>\n\n<p>Questa AUP protegge anche gli interessi di tutti i nostri clienti e dei loro clienti, nonch\u00e9 la nostra reputazione e il nostro prestigio commerciale. Utilizzando i nostri servizi, l&#8217;utente accetta questi termini e condizioni.<\/p>\n\n<p>Se utilizzate un servizio Aivie, la presente AUP si applica a voi. Ciascuno dei nostri clienti si impegna a rispettare la presente AUP ed \u00e8 responsabile di eventuali violazioni. I clienti non possono sostenere o coinvolgere altri in alcun modo che possa violare questa AUP. Applicheremo e garantiremo la conformit\u00e0 a questa AUP con i metodi che riterremo opportuni, come il monitoraggio dei reclami e dei messaggi di posta elettronica non recapitabili. In conformit\u00e0 con le nostre condizioni d&#8217;uso per i clienti, possiamo sospendere o interrompere l&#8217;uso dei servizi in caso di violazione della presente AUP.  <\/p>\n\n<p>Aggiorniamo i presenti termini e condizioni a intervalli regolari e ne pubblichiamo una copia riveduta sul nostro sito web. L&#8217;utente si impegna a leggere regolarmente l&#8217;AUP e a rispettarla in ogni momento.<\/p>\n\n<p>Se siete a conoscenza di una violazione della presente AUP o se sospettate una violazione della stessa, siete tenuti a informarci immediatamente per iscritto.<\/p>\n\n<h2 class=\"wp-block-heading\" id=\"h-akzeptable-nutzung\">Uso accettabile<\/h2>\n\n<p><strong>1. utilizzo delle funzioni di posta elettronica  <\/strong><\/p>\n\n<p><strong>a. Non \u00e8 consentito utilizzare i nostri servizi per inviare spam. Lo spam pu\u00f2 comprendere sia e-mail di massa che e-mail pubblicitarie dirette.<\/strong><\/p>\n\n<p>Le e-mail di massa sono spam se vengono inviate non richieste. Non richiesto significa che i destinatari non hanno dato un&#8217;autorizzazione dimostrabile all&#8217;invio del messaggio. Le email di massa sono email inviate come parte di una pi\u00f9 ampia raccolta di messaggi che hanno tutti un contenuto essenzialmente simile.<\/p>\n\n<p>Le e-mail di pubblicit\u00e0 diretta sono spam se violano una legge anti-SPAM applicabile. Anche le e-mail di marketing diretto sono classificate come spam se i dati trattati per l&#8217;invio di queste e-mail rientrano nell&#8217;ambito di applicazione delle leggi e dei regolamenti sulla protezione dei dati e se non si informano adeguatamente gli interessati e non si fornisce una base legale per il trattamento.<\/p>\n\n<p>Ai clienti \u00e8 vietato utilizzare il Servizio, direttamente o indirettamente, per inviare, trasmettere, elaborare, distribuire o consegnare quanto segue: Spam che violi le leggi anti-SPAM applicabili o qualsiasi altra legge; messaggi di posta elettronica a indirizzi ottenuti attraverso la raccolta di dati web o altri metodi di inganno (ad esempio, scraping o harvesting); messaggi di posta elettronica a indirizzi incompleti, errati e\/o non aggiornati con tutti gli avvisi di opt-out applicabili, nonostante gli sforzi e le migliori pratiche del settore; messaggi elettronici commerciali che violino le leggi anti-spam del Canada (vedere sotto) o che violino le leggi e i regolamenti sulla privacy applicabili.  <\/p>\n\n<p><strong>b. Non \u00e8 consentito utilizzare nomi, indirizzi, indirizzi di posta elettronica o righe di oggetto ingannevoli o falsi.  <\/strong><\/p>\n\n<p>Per le e-mail inviate o fatte inviare attraverso il Servizio, \u00e8 vietato quanto segue: l&#8217;uso o il mantenimento di informazioni non valide o contraffatte nell&#8217;intestazione dell&#8217;e-mail; l&#8217;uso o il mantenimento di nomi di dominio non validi o inesistenti; l&#8217;uso di metodi per travisare, nascondere o camuffare in altro modo le informazioni per identificare l&#8217;origine o il percorso della trasmissione; l&#8217;uso di qualsiasi altro mezzo di indirizzamento fuorviante; l&#8217;uso di un nome di dominio Internet di una terza parte senza il consenso di quest&#8217;ultima; o l&#8217;inoltro da o attraverso l&#8217;apparecchiatura di una terza parte senza l&#8217;autorizzazione di tale terza parte; fornire informazioni false o fuorvianti nell&#8217;oggetto o fornire in altro modo contenuti falsi o fuorvianti; o utilizzare i nostri marchi, slogan o loghi senza il nostro previo consenso scritto; con il nostro previo consenso scritto, l&#8217;uso dei nostri marchi, slogan o loghi \u00e8 consentito solo in conformit\u00e0 alle nostre Linee guida sull&#8217;uso dei marchi.<\/p>\n\n<p><strong>c. Non \u00e8 consentito inviare e-mail a liste di destinatari acquistate.  <\/strong><\/p>\n\n<p>Ai clienti \u00e8 vietato utilizzare il Servizio per inviare messaggi di posta elettronica a elenchi di destinatari acquistati, affittati o presi in prestito e a elenchi che potrebbero causare un numero eccessivo di disiscrizioni o reclami di spam o messaggi in conformit\u00e0 con le pratiche industriali accettabili.<\/p>\n\n<p><strong>2. requisiti di opt-out per le e-mail  <\/strong><\/p>\n\n<p>L&#8217;utente garantisce che qualsiasi e-mail inviata da o per conto dell&#8217;utente utilizzando il Servizio conterr\u00e0 quanto segue: informazioni di intestazione che non siano n\u00e9 false n\u00e9 fuorvianti; e un avviso che il destinatario pu\u00f2 annullare l&#8217;iscrizione alle comunicazioni via e-mail, esercitare il diritto di opt-out o richiedere in altro modo di interrompere l&#8217;uso dei suoi dati per comunicazioni non richieste, non autorizzate e\/o inappropriate, come descritto nella presente AUP. (Questo include un&#8217;indicazione di come il destinatario pu\u00f2 informarvi che desidera annullare l&#8217;iscrizione alle comunicazioni via e-mail, esercitare il diritto di opt-out o impedire l&#8217;uso dei suoi dati). Questi requisiti possono non essere applicati se l&#8217;e-mail inviata \u00e8 un&#8217;e-mail transazionale e se tali requisiti non sono altrimenti richiesti dalla legge. L&#8217;utente garantisce che rispetter\u00e0 tempestivamente tutte le richieste di opt-out, di cancellazione, di \u201cdo-not-call\u201d e di \u201cdo-not-send\u201d.<\/p>\n\n<p><strong>3. nessuna interruzione<\/strong><\/p>\n\n<p>L&#8217;utente accetta di non utilizzare il Servizio in alcun modo che interferisca con il normale funzionamento, la privacy, l&#8217;integrit\u00e0 o la sicurezza della propriet\u00e0 di qualsiasi altra persona. La propriet\u00e0 di terzi include account di terzi, nomi di dominio, URL, siti web, reti, sistemi, strutture, attrezzature, dati, altre informazioni o operazioni commerciali di altri. L&#8217;utente si impegna inoltre a non utilizzare il Servizio per ottenere un accesso non autorizzato a propriet\u00e0 di terzi, a utilizzare propriet\u00e0 di terzi senza autorizzazione, a monitorare propriet\u00e0 di terzi o a fare riferimento a propriet\u00e0 di terzi senza autorizzazione, a meno che non abbia ottenuto un esplicito consenso preventivo in tal senso. Esempi di attivit\u00e0 vietate includono (senza limitazioni): Hacking, spoofing, denial of service, mailbombing e\/o invio di e-mail contenenti virus o diffusione di worm o qualsiasi altro malware (spyware, adware o qualsiasi altro file o programma simile). L&#8217;utente si impegna inoltre a non utilizzare il servizio in un modo che porti o possa portare all&#8217;inserimento di indirizzi IP, domini o domini di clienti in una lista nera. Queste restrizioni si applicano indipendentemente dalla vostra intenzione e dal fatto che abbiate agito intenzionalmente o meno.<\/p>\n\n<h2 class=\"wp-block-heading\" id=\"h-moral-ethik-und-einhaltung-geltender-gesetze-und-verordnungen\">Morale, etica e conformit\u00e0 alle leggi e ai regolamenti applicabili.  <\/h2>\n\n<p>Inoltre, e senza limitare gli altri requisiti della presente AUP, i Clienti non possono utilizzare il Servizio, direttamente o indirettamente, in modo o con contenuti minacciosi, abusivi, molesti, calunniosi o diffamatori;<\/p>\n\n<ul class=\"wp-block-list\"><li>\u00e8 o \u00e8 ingannevole, falso, fuorviante o fraudolento;<\/li><li>violi o infranga la privacy di altri o altri diritti legali di altri (come la protezione dei dati e i diritti personali);<\/li><li>contiene materiale volgare, osceno, indecente o illegale;<\/li><li>infrange o viola i diritti di propriet\u00e0 intellettuale di terzi;<\/li><li>include la pubblicazione, l&#8217;invio pubblico, il caricamento o altra distribuzione di software, musica, video o altri materiali protetti da diritti di propriet\u00e0 intellettuale (o da diritti di protezione dei dati o della privacy), a meno che non abbiate ottenuto tutti i diritti e i consensi necessari;<\/li><li>include il caricamento di file che contengono virus, file corrotti o altri software o programmi simili che possono danneggiare il funzionamento del computer di un&#8217;altra persona;<\/li><li>include o dovrebbe includere il download di file che l&#8217;utente sa o ha motivo di sapere che non possono essere distribuiti legalmente in questo modo;<\/li><li>falsifica o contraff\u00e0 o cancella o cancella qualsiasi attribuzione, avviso legale o di copyright, identificazione dell&#8217;origine o della fonte del software o di altri materiali contenuti in un file caricato;<\/li><li>Limitare o inibire o impedire l&#8217;uso del Servizio e l&#8217;uso del nostro Sito web e\/o del Servizio da parte di altri utenti;<\/li><li>ottiene o raccoglie informazioni su altri (compresi gli indirizzi e-mail) senza il loro consenso o raccoglie o raccoglie in altro modo tali informazioni;<\/li><li>violi o infranga le norme o le regole d&#8217;uso di qualsiasi entit\u00e0 legale interessata dal vostro utilizzo, in particolare ISP, ESP o gruppi di notizie o utenti (ad esempio, aggirando o superando i diritti e le restrizioni d&#8217;uso del dispositivo e\/o i dati di identificazione della posizione e del percorso);<\/li><li>\u00e8 o \u00e8 legalmente applicabile tra privati;<\/li><li>obiettare all&#8217;uso in buona fede, ad esempio se qualcuno carica pi\u00f9 contatti di quelli consentiti nel livello di contatto, poi invia a questi contatti delle e-mail e li cancella di nuovo poco dopo; e\/o<\/li><li>violi qualsiasi legge o regolamento locale, statale, nazionale o internazionale applicabile, comprese le leggi e i regolamenti sull&#8217;esportazione, le leggi o i regolamenti applicabili in materia di protezione dei dati e i regolamenti aventi forza di legge o le leggi applicabili nel paese di residenza o sede di attivit\u00e0 o nel paese di residenza o sede di attivit\u00e0 del destinatario dell&#8217;e-mail;<\/li><li>favorisce, facilita o promuove attivit\u00e0 illegali o incoraggia terzi a intraprendere tali attivit\u00e0;<\/li><li>promuove, facilita o incoraggia l&#8217;incitamento all&#8217;odio, la violenza, la discriminazione basata su razza, colore della pelle, orientamento sessuale, stato civile, identit\u00e0 o espressione di genere, stato parentale, affiliazione o credo religioso, origine o ascendenza nazionale, et\u00e0, disabilit\u00e0 fisica o mentale, status di veterano, informazioni genetiche, cittadinanza e\/o qualsiasi altra caratteristica personale protetta dalla legge.<\/li><\/ul>\n\n<h2 class=\"wp-block-heading\" id=\"h-ordnungsgemasse-verwendung-des-diensts\">Utilizzo corretto del servizio<\/h2>\n\n<p>L&#8217;utente si impegna a rispettare le restrizioni applicabili all&#8217;uso del Servizio, come indicato nella panoramica dei prodotti e dei servizi riportata di seguito. Ci\u00f2 vale in particolare per il volume di dati o il numero di e-mail o contatti concordati con l&#8217;acquisto. Possiamo aggiornare o modificare le presenti Restrizioni al servizio aggiornando i Termini specifici del prodotto.  <\/p>\n\n<p>L&#8217;utente utilizza il Servizio per scopi aziendali interni e si impegna a non: manomettere intenzionalmente la sicurezza del Servizio o degli account dei nostri clienti; accedere a dati sul Servizio che non sono destinati a lui; accedere a un server o a un account sul Servizio a cui non \u00e8 autorizzato ad accedere; tentare di sondare, cercare o testare le vulnerabilit\u00e0 nella sicurezza di un Servizio o violare le misure di sicurezza o di autenticazione senza un&#8217;autorizzazione adeguata. che non avete accesso autorizzato; tentare di sondare, cercare o testare le vulnerabilit\u00e0 di un Servizio o violare le misure di sicurezza o di autenticazione senza un&#8217;adeguata autorizzazione; rendere intenzionalmente inutilizzabile qualsiasi parte del Servizio; affittare, distribuire, concedere in licenza, vendere o sfruttare commercialmente in altro modo il Servizio o rendere disponibile il Servizio a terzi non inclusi nel vostro abbonamento al Servizio; utilizzare il Servizio per scopi di timesharing o di service bureau o comunque a beneficio di terzi; o fornire una versione di prova del Servizio a terzi senza il nostro preventivo consenso scritto.<\/p>\n\n<p>Ai clienti \u00e8 vietato utilizzare sistemi automatizzati come \u201crobot\u201d, \u201cspider\u201d o \u201clettori offline\u201d che inviano ai nostri server, in un determinato periodo di tempo, un numero di richieste superiore a quello che un essere umano pu\u00f2 ragionevolmente produrre in un browser convenzionale entro tale periodo. L&#8217;utente non pu\u00f2 utilizzare il Servizio di abbonamento in alcun modo che possa danneggiare, disabilitare, sovraccaricare o compromettere in altro modo i nostri siti web o le nostre applicazioni o interferire con l&#8217;utilizzo del Servizio di abbonamento da parte di terzi;  <\/p>\n\n<p>Ai clienti \u00e8 vietato tentare di ottenere un accesso non autorizzato al Servizio Subscription; accedere al Servizio Subscription dall&#8217;esterno della nostra interfaccia designata; o utilizzare il Servizio Subscription per qualsiasi scopo o in qualsiasi modo che sia illegale o proibito dal presente Accordo.<\/p>\n\n<p>I clienti non possono utilizzare il Servizio Subscription se l&#8217;accesso o l&#8217;utilizzo del Servizio Subscription \u00e8 proibito dalle leggi del paese in cui hanno sede o da cui accedono o utilizzano il Servizio Subscription. L&#8217;utente non pu\u00f2 utilizzare il servizio di abbonamento se la sua comunicazione \u00e8 soggetta a restrizioni legali.<\/p>\n\n<p>L&#8217;utente \u00e8 tenuto a informarci immediatamente se viene a conoscenza di un uso non autorizzato del proprio account o degli ID e delle password degli utenti.<\/p>\n\n<h2 class=\"wp-block-heading\" id=\"h-vertrauliche-daten\">Dati riservati<\/h2>\n\n<p>In qualit\u00e0 di Cliente, l&#8217;utente \u00e8 responsabile del rispetto delle leggi e dei regolamenti applicabili per la raccolta, l&#8217;elaborazione o la gestione dei Dati riservati in relazione all&#8217;uso del Servizio. Si esclude qualsiasi rivendicazione di responsabilit\u00e0 derivante dall&#8217;utilizzo del servizio di abbonamento per la raccolta, la gestione o l&#8217;elaborazione di dati riservati.  <\/p>\n\n<h2 class=\"wp-block-heading\" id=\"h-kundendaten\">Dati del cliente<\/h2>\n\n<p>Il cliente conserva tutti i diritti, i titoli e gli interessi relativi ai dati e ai dati del cliente. Aivie non ha alcun diritto, titolo o interesse sui contenuti elaborati dal software e il Cliente conserva tutti i diritti su di essi. Utilizziamo i Dati del Cliente solo per fornire il Servizio di abbonamento e i Servizi di consulenza e solo in conformit\u00e0 alle leggi applicabili e al presente Contratto.  <\/p>\n\n<p>Il Cliente riconosce che il Contratto non crea alcun obbligo per Aivie di conservare i Dati del Cliente e che Aivie non pu\u00f2 essere ritenuta in alcun modo responsabile nei confronti del Cliente per questo fatto.<\/p>\n\n<p>Il cliente si impegna ad adottare misure ragionevoli per la scansione di virus e altri codici maligni prima di caricare i dati sul server, sul sito web, sul software e sul software di terzi.<\/p>\n\n<p>Aivie non tratter\u00e0 i dati dei propri clienti. In alcuni casi e se richiesto dal cliente tramite l&#8217;assistenza Aivie, \u00e8 probabile che Aivie conservi ed elabori i dati dei propri clienti al solo scopo di soddisfare la richiesta del cliente.<\/p>\n\n<h2 class=\"wp-block-heading\" id=\"h-aussetzung\">Sospensione  <\/h2>\n\n<p>Possiamo sospendere immediatamente l&#8217;accesso al Servizio se l&#8217;utente viola la presente AUP o non risponde entro un tempo ragionevole dopo essere stato contattato da noi in merito a una possibile violazione della presente AUP.  <\/p>\n\n<p>Possiamo, ma non siamo obbligati a, rimuovere i materiali vietati e negare l&#8217;accesso a chiunque violi la presente AUP. Possiamo, senza preavviso, rivedere o eliminare i Dati dell&#8217;utente o i Materiali dell&#8217;utente che riteniamo, a nostra esclusiva discrezione, violino i presenti Termini o l&#8217;AUP. Tuttavia, non siamo obbligati (se non diversamente richiesto dalle leggi e dai regolamenti applicabili) a controllare, monitorare o elaborare i dati o i materiali dei clienti. Ci riserviamo inoltre tutti gli altri diritti.<\/p>\n\n<p>Possiamo anche sospendere il servizio a causa di pagamenti insoluti. Vi informeremo di eventuali mancati pagamenti di importi dovuti. In caso di mancato pagamento dell&#8217;intero importo, possiamo sospendere l&#8217;accesso a uno o pi\u00f9 servizi in abbonamento dieci (10) giorni dopo la notifica. La Societ\u00e0 non sospender\u00e0 il Servizio di abbonamento se l&#8217;abbonato dimostra e contesta in buona fede l&#8217;esattezza degli addebiti in questione e collabora ragionevolmente con la Societ\u00e0 per risolvere la questione oggetto della controversia. Se un servizio di abbonamento viene sospeso a causa di un mancato pagamento, potremmo addebitare all&#8217;utente una tariffa di riattivazione per riattivare il servizio di abbonamento.<\/p>\n\n<p>Possiamo sospendere, limitare o terminare i servizi gratuiti in qualsiasi momento, per qualsiasi motivo e senza preavviso. Potremmo cancellare l&#8217;abbonamento ai servizi gratuiti a causa dell&#8217;inattivit\u00e0.<\/p>\n\n<h2 class=\"wp-block-heading\" id=\"h-entschadigung\">Compensazione<\/h2>\n\n<p>I clienti dovranno indennizzare, difendere e tenere indenni noi e le nostre affiliate, a loro spese, da e contro qualsiasi reclamo, azione legale e procedimento giudiziario (collettivamente, \u201cReclami\u201d) intentato contro di noi (e i nostri funzionari, direttori, dipendenti, agenti, fornitori di servizi, licenziatari e affiliati) da parte di terzi non collegati a noi o alle nostre affiliate, nella misura in cui tale azione sia basata o derivi dall&#8217;uso non autorizzato o illegale del Servizio Subscription, dal mancato rispetto o dalla violazione del presente Contratto, dall&#8217;uso di prodotti di terzi da parte dei clienti o dei loro affiliati, o dall&#8217;uso non autorizzato del Servizio Subscription da parte di qualsiasi altra persona che utilizzi i Dati Utente. \u00e8 attribuibile ad esso.  <\/p>\n\n<p>Se veniamo a conoscenza di una tale richiesta di risarcimento, la informeremo per iscritto entro trenta (30) giorni e le affideremo il controllo esclusivo della difesa o della risoluzione di tale richiesta e le forniremo (a sue spese) tutte le informazioni e l&#8217;assistenza che potr\u00e0 ragionevolmente richiedere per condurre la difesa o la risoluzione di tale richiesta. Senza il nostro previo consenso scritto, i clienti non possono accettare alcun accordo che crei un obbligo per noi, che ci costringa a fare concessioni o che crei richieste di responsabilit\u00e0 non coperte da questi indennizzi o che imponga restrizioni a noi.<\/p>\n\n<h2 class=\"wp-block-heading\" id=\"h-offenlegung\">Divulgazione  <\/h2>\n\n<p>Ci riserviamo il diritto di divulgare qualsiasi informazione in qualsiasi momento se ci viene richiesto per legge, regolamento, procedimento legale o richiesta governativa.  <\/p>\n\n<h2 class=\"wp-block-heading\" id=\"h-wirksamkeit\">Efficacia<\/h2>\n\n<p>Potremmo aggiornare e modificare la presente AUP in tutto o in parte e ve ne daremo comunicazione pubblicando una copia aggiornata sul nostro sito web.  <\/p>\n\n<h2 class=\"wp-block-heading\" id=\"h-kontakt\">Contattateci<\/h2>\n\n<p>Avete domande o dubbi sulla Politica d&#8217;uso accettabile? Allora scriveteci a <a href=\"mailto:legal@idea2.ch\">legal@aivie.ch<\/a><\/p>\n\n<p><\/p>\n\n<p>Aivie di Idea 2 Collective GmbH<br\/>Wengistrasse 6<br\/>8004 Zurigo<\/p>\n","protected":false},"excerpt":{"rendered":"<p>Divertitevi con Aivie, ma divertitevi davvero. Ambito di applicazione La presente Politica d&#8217;uso accettabile (\u201cAUP\u201d) si applica all&#8217;uso di tutti i prodotti, servizi o siti web forniti da Aivie, sia che vengano forniti ai clienti direttamente sia che vengano forniti da terzi. Questa AUP protegge anche gli interessi di tutti i nostri clienti e dei &hellip; <a href=\"https:\/\/aivie.ch\/it\/politica-di-utilizzo-accettabile\/\" class=\"more-link\">Continua a leggere <span class=\"screen-reader-text\">Politica di utilizzo accettabile<\/span><\/a><\/p>\n","protected":false},"author":1,"featured_media":0,"parent":0,"menu_order":0,"comment_status":"closed","ping_status":"closed","template":"","meta":{"_acf_changed":false,"footnotes":""},"class_list":["post-16804","page","type-page","status-publish","hentry"],"acf":[],"featured_image_urls_v2":{"full":"","thumbnail":"","medium":"","medium_large":"","large":"","post-thumbnail":"","aiv_480w":"","woocommerce_thumbnail":"","woocommerce_single":"","woocommerce_gallery_thumbnail":""},"post_excerpt_stackable_v2":"<p>Divertitevi con Aivie, ma divertitevi davvero. Ambito di applicazione La presente Politica d&#8217;uso accettabile (\u201cAUP\u201d) si applica all&#8217;uso di tutti i prodotti, servizi o siti web forniti da Aivie, sia che vengano forniti ai clienti direttamente sia che vengano forniti da terzi. Questa AUP protegge anche gli interessi di tutti i nostri clienti e dei loro clienti, nonch\u00e9 la nostra reputazione e il nostro prestigio commerciale. Utilizzando i nostri servizi, l&#8217;utente accetta questi termini e condizioni. Se utilizzate un servizio Aivie, la presente AUP si applica a voi. Ciascuno dei nostri clienti si impegna a rispettare la presente AUP ed\u2026<\/p>\n","category_list_v2":"","author_info_v2":{"name":"Adrian Schimpf","url":"https:\/\/aivie.ch\/it\/author\/adrian\/"},"comments_num_v2":"0 commento","_links":{"self":[{"href":"https:\/\/aivie.ch\/it\/wp-json\/wp\/v2\/pages\/16804","targetHints":{"allow":["GET"]}}],"collection":[{"href":"https:\/\/aivie.ch\/it\/wp-json\/wp\/v2\/pages"}],"about":[{"href":"https:\/\/aivie.ch\/it\/wp-json\/wp\/v2\/types\/page"}],"author":[{"embeddable":true,"href":"https:\/\/aivie.ch\/it\/wp-json\/wp\/v2\/users\/1"}],"replies":[{"embeddable":true,"href":"https:\/\/aivie.ch\/it\/wp-json\/wp\/v2\/comments?post=16804"}],"version-history":[{"count":1,"href":"https:\/\/aivie.ch\/it\/wp-json\/wp\/v2\/pages\/16804\/revisions"}],"predecessor-version":[{"id":16821,"href":"https:\/\/aivie.ch\/it\/wp-json\/wp\/v2\/pages\/16804\/revisions\/16821"}],"wp:attachment":[{"href":"https:\/\/aivie.ch\/it\/wp-json\/wp\/v2\/media?parent=16804"}],"curies":[{"name":"wp","href":"https:\/\/api.w.org\/{rel}","templated":true}]}}