{"id":16800,"date":"2023-12-15T05:35:54","date_gmt":"2023-12-15T03:35:54","guid":{"rendered":"https:\/\/aivie.ch\/iscriviti-alla-newsletter-di-marketing-automation\/"},"modified":"2024-06-13T17:03:54","modified_gmt":"2024-06-13T15:03:54","slug":"iscriviti-alla-newsletter-di-marketing-automation","status":"publish","type":"page","link":"https:\/\/aivie.ch\/it\/iscriviti-alla-newsletter-di-marketing-automation\/","title":{"rendered":"Iscriviti alla newsletter di marketing automation"},"content":{"rendered":"\n<div class=\"aligncenter wp-block-ugb-columns ugb-columns ugb-77cc521 ugb-columns--design-plain ugb-columns--columns-2 ugb-main-block\"><div class=\"ugb-inner-block\"><div class=\"ugb-block-content\"><div class=\"ugb-columns__item ugb-77cc521-content-wrapper\">\n<div class=\"wp-block-ugb-column ugb-column ugb-4c0f38d ugb-column--design-plain ugb-main-block\"><div class=\"ugb-inner-block\"><div class=\"ugb-block-content\"><div class=\"ugb-column__item ugb-4c0f38d-column-wrapper\"><div class=\"ugb-column__content-wrapper\"><script type=\"text\/javascript\" src=\"https:\/\/m.aivie.ch\/form\/generate.js?id=74\"><\/script>\n<\/div><\/div><\/div><\/div><\/div>\n\n\n\n<div class=\"wp-block-ugb-column ugb-column ugb-4f4663c ugb-column--design-plain ugb-main-block\"><div class=\"ugb-inner-block\"><div class=\"ugb-block-content\"><div class=\"ugb-column__item ugb-4f4663c-column-wrapper\"><div class=\"ugb-column__content-wrapper\">\n<figure class=\"wp-block-image size-full\"><img loading=\"lazy\" decoding=\"async\" width=\"800\" height=\"800\" src=\"https:\/\/cdn.aivie.ch\/media\/wp\/2021\/06\/22113356\/Intensive-Mautic-Support-Business.webp\" alt=\"Supporto intensivo di Mautic Business\" class=\"wp-image-10688\" title=\"\" srcset=\"https:\/\/cdn.aivie.ch\/media\/wp\/2021\/06\/22113356\/Intensive-Mautic-Support-Business.webp 800w, https:\/\/cdn.aivie.ch\/media\/wp\/2021\/06\/22113356\/Intensive-Mautic-Support-Business-300x300.webp 240w, https:\/\/cdn.aivie.ch\/media\/wp\/2021\/06\/22113356\/Intensive-Mautic-Support-Business-768x768.webp 768w, https:\/\/cdn.aivie.ch\/media\/wp\/2021\/06\/22113356\/Intensive-Mautic-Support-Business-480x480.webp 480w, https:\/\/cdn.aivie.ch\/media\/wp\/2021\/06\/22113356\/Intensive-Mautic-Support-Business-600x600.webp 600w, https:\/\/cdn.aivie.ch\/media\/wp\/2021\/06\/22113356\/Intensive-Mautic-Support-Business.webp 300w, https:\/\/cdn.aivie.ch\/media\/wp\/2021\/06\/22113356\/Intensive-Mautic-Support-Business.webp 100w\" sizes=\"auto, (max-width: 800px) 100vw, 800px\" \/><\/figure>\n<\/div><\/div><\/div><\/div><\/div>\n<\/div><\/div><\/div><\/div>\n\n<div class=\"aligncenter wp-block-ugb-blog-posts ugb-blog-posts ugb-956f7f2 ugb-blog-posts--v2 ugb-blog-posts--design-list ugb-blog-posts--columns-1 ugb-main-block\"><style>.ugb-956f7f2 .ugb-blog-posts__featured-image{border-radius:0px !important}.ugb-956f7f2 .ugb-block-title{text-align:center}<\/style><div class=\"ugb-inner-block\"><h2 class=\"ugb-block-title\">Contributi passati<\/h2><div class=\"ugb-block-content\"><article class=\"ugb-blog-posts__item\"><figure class=\"ugb-blog-posts__featured-image\"><a href=\"https:\/\/aivie.ch\/it\/invio-automatico-di-blog-tramite-newsletter\/\"><img loading=\"lazy\" decoding=\"async\" width=\"990\" height=\"693\" src=\"https:\/\/cdn.aivie.ch\/media\/wp\/2022\/07\/28113550\/Deine-Blogs-automatisch-aus-Aivie-versenden..png\" class=\"attachment-large size-large wp-post-image\" alt=\"Blogbeitr\u00e4ge automatisch per Newsletter versenden mit RSS-Feed\" title=\"\"><\/a><\/figure><div class=\"ugb-blog-posts__content\"><h3 class=\"ugb-blog-posts__title\"><a href=\"https:\/\/aivie.ch\/it\/invio-automatico-di-blog-tramite-newsletter\/\">Invio automatico di blog tramite newsletter<\/a><\/h3><div class=\"ugb-blog-posts__excerpt\"><p>Siete alla ricerca di un modo semplice ed efficace per inviare automaticamente i post del vostro blog ai vostri iscritti tramite una newsletter? Allora Aivie e i feed RSS sono la soluzione perfetta! Con Aivie e un feed RSS, potete importare i blog pi\u00f9 recenti nelle vostre e-mail e inviarli alle caselle di posta dei&#8230;<\/div><p class=\"ugb-blog-posts__readmore\"><a href=\"https:\/\/aivie.ch\/it\/invio-automatico-di-blog-tramite-newsletter\/\">Continua a leggere<\/a><\/p><\/div><\/article><article class=\"ugb-blog-posts__item\"><div class=\"ugb-blog-posts__content\"><h3 class=\"ugb-blog-posts__title\"><a href=\"https:\/\/aivie.ch\/it\/tutti-i-lead-sotto-controllo-tutti-i-dati-a-portata-di-mano-perche-non-dovresti-cedere-il-controllo-sui-dati-dei-clienti\/\">Tutti i lead sotto controllo, tutti i dati a portata di mano: perch\u00e9 non dovresti cedere il controllo sui dati dei clienti<\/a><\/h3><div class=\"ugb-blog-posts__excerpt\"><p>Nel 2017, come fondatore di una startup fintech, cercavo una soluzione di marketing automation per il nostro sales funnel. I miei criteri erano chiari, ma difficili da trovare in un unico pacchetto: uno strumento potente, flessibile, accessibile per una startup e, soprattutto, progettato in modo da poter mantenere il pieno controllo sui miei dati. Questa&#8230;<\/div><p class=\"ugb-blog-posts__readmore\"><a href=\"https:\/\/aivie.ch\/it\/tutti-i-lead-sotto-controllo-tutti-i-dati-a-portata-di-mano-perche-non-dovresti-cedere-il-controllo-sui-dati-dei-clienti\/\">Continua a leggere<\/a><\/p><\/div><\/article><article class=\"ugb-blog-posts__item\"><figure class=\"ugb-blog-posts__featured-image\"><a href=\"https:\/\/aivie.ch\/it\/ottimizzare-il-lead-scoring-con-mautic-e-i-funnel-di-vendita\/\"><img loading=\"lazy\" decoding=\"async\" width=\"600\" height=\"400\" src=\"https:\/\/cdn.aivie.ch\/media\/wp\/2021\/09\/24102203\/DoubleOptIn_03.png\" class=\"attachment-large size-large wp-post-image\" alt=\"Semplice double opt-in con Aivie\" title=\"\"><\/a><\/figure><div class=\"ugb-blog-posts__content\"><h3 class=\"ugb-blog-posts__title\"><a href=\"https:\/\/aivie.ch\/it\/ottimizzare-il-lead-scoring-con-mautic-e-i-funnel-di-vendita\/\">Ottimizzare il lead scoring con Mautic e i funnel di vendita<\/a><\/h3><div class=\"ugb-blog-posts__excerpt\"><p>Prima o poi accade che, con le risorse disponibili, l&#8217;abbondanza di richieste\/contatti non possa pi\u00f9 essere gestita in tempi ragionevoli e con la necessaria attenzione. \u00c8 il momento di pensare a quali dei vostri contatti volete concentrarvi in modo intensivo\/personale. Il lead scoring aiuta a utilizzare in modo efficiente le risorse disponibili e a ottimizzare&#8230;<\/div><p class=\"ugb-blog-posts__readmore\"><a href=\"https:\/\/aivie.ch\/it\/ottimizzare-il-lead-scoring-con-mautic-e-i-funnel-di-vendita\/\">Continua a leggere<\/a><\/p><\/div><\/article><article class=\"ugb-blog-posts__item\"><figure class=\"ugb-blog-posts__featured-image\"><a href=\"https:\/\/aivie.ch\/it\/lo-strumento-svizzero-di-marketing-automation-aivie-vuole-superare-mailchimp-hubspot-e-altri\/\"><img loading=\"lazy\" decoding=\"async\" width=\"990\" height=\"660\" src=\"https:\/\/cdn.aivie.ch\/media\/wp\/2021\/11\/19131439\/Schweizer-Marketing-Automation-Tool-Aivie-will-Mailchimp-Hubspot-und-Co.-den-Rang-ablaufen.webp\" class=\"attachment-large size-large wp-post-image\" alt=\"Copertina dello strumento svizzero di Marketing Automation Aivie vuole superare Mailchimp e Hubspot\" title=\"\"><\/a><\/figure><div class=\"ugb-blog-posts__content\"><h3 class=\"ugb-blog-posts__title\"><a href=\"https:\/\/aivie.ch\/it\/lo-strumento-svizzero-di-marketing-automation-aivie-vuole-superare-mailchimp-hubspot-e-altri\/\">Lo strumento svizzero di marketing automation Aivie vuole superare Mailchimp, HubSpot e altri.<\/a><\/h3><div class=\"ugb-blog-posts__excerpt\"><p>Comunicato stampa del luglio 2021 Che si tratti di una semplice newsletter o di una sofisticata campagna multicanale, le richieste di strumenti di marketing sono elevate e le aziende sono sempre pi\u00f9 esigenti, soprattutto per quanto riguarda la gestione dei dati. La sovranit\u00e0 dei dati sta diventando sempre pi\u00f9 importante. Non solo a causa dei&#8230;<\/div><p class=\"ugb-blog-posts__readmore\"><a href=\"https:\/\/aivie.ch\/it\/lo-strumento-svizzero-di-marketing-automation-aivie-vuole-superare-mailchimp-hubspot-e-altri\/\">Continua a leggere<\/a><\/p><\/div><\/article><article class=\"ugb-blog-posts__item\"><figure class=\"ugb-blog-posts__featured-image\"><a href=\"https:\/\/aivie.ch\/it\/creare-una-strategia-di-content-marketing-di-successo\/\"><img loading=\"lazy\" decoding=\"async\" width=\"990\" height=\"660\" src=\"https:\/\/cdn.aivie.ch\/media\/wp\/2024\/03\/13141633\/michelle-laughing-at-content-laptop.jpg\" class=\"attachment-large size-large wp-post-image\" alt=\"Michelle che ride del contenuto del laptop\" title=\"\"><\/a><\/figure><div class=\"ugb-blog-posts__content\"><h3 class=\"ugb-blog-posts__title\"><a href=\"https:\/\/aivie.ch\/it\/creare-una-strategia-di-content-marketing-di-successo\/\">Creare una strategia di content marketing di successo<\/a><\/h3><div class=\"ugb-blog-posts__excerpt\"><p>L&#8217;inbound marketing(marketing inbound e outbound) promette molto, ma molte aziende sottovalutano lo sforzo necessario per implementare una strategia di content marketing di successo. Molti ci provano, ma si arrendono dopo qualche post sul blog e affermano che non ha funzionato per loro. Sembra semplice, con ChatGPT posso creare un blog su un argomento in pochi&#8230;<\/div><p class=\"ugb-blog-posts__readmore\"><a href=\"https:\/\/aivie.ch\/it\/creare-una-strategia-di-content-marketing-di-successo\/\">Continua a leggere<\/a><\/p><\/div><\/article><article class=\"ugb-blog-posts__item\"><figure class=\"ugb-blog-posts__featured-image\"><a href=\"https:\/\/aivie.ch\/it\/automazione-del-marketing-e-ia\/\"><img loading=\"lazy\" decoding=\"async\" width=\"990\" height=\"660\" src=\"https:\/\/cdn.aivie.ch\/media\/wp\/2023\/01\/02111952\/Marketing-Automation-und-KI-2-1920x1280.jpeg\" class=\"attachment-large size-large wp-post-image\" alt=\"\" title=\"\"><\/a><\/figure><div class=\"ugb-blog-posts__content\"><h3 class=\"ugb-blog-posts__title\"><a href=\"https:\/\/aivie.ch\/it\/automazione-del-marketing-e-ia\/\">Automazione del marketing e IA<\/a><\/h3><div class=\"ugb-blog-posts__excerpt\"><p>L&#8217;automazione del marketing \u00e8 un must per qualsiasi team di marketing ambizioso e con ChatGPT di OpenAI l&#8217;AI \u00e8 stata resa pi\u00f9 accessibile al pubblico. In questo articolo analizziamo perch\u00e9 l&#8217;automazione del marketing e l&#8217;IA sono una squadra potente e ottimizzeranno enormemente i vostri processi e il vostro lavoro. Indice dei contenuti Che cos&#8217;\u00e8 l&#8217;automazione&#8230;<\/div><p class=\"ugb-blog-posts__readmore\"><a href=\"https:\/\/aivie.ch\/it\/automazione-del-marketing-e-ia\/\">Continua a leggere<\/a><\/p><\/div><\/article><\/div><\/div><\/div>\n","protected":false},"excerpt":{"rendered":"<p>Contributi passati Nozioni di base sulle e-mail Le e-mail offrono un mezzo per entrare in contatto diretto con potenziali clienti e partner. Le e-mail vengono utilizzate nelle campagne, come newsletter e in molte altre attivit\u00e0. Nel seguente articolo ti mostreremo le nozioni di base sulle e-mail. Dai primi passi, ovvero la creazione di un&#8217;e-mail in &hellip; <a href=\"https:\/\/aivie.ch\/it\/iscriviti-alla-newsletter-di-marketing-automation\/\" class=\"more-link\">Continua a leggere <span class=\"screen-reader-text\">Iscriviti alla newsletter di marketing automation<\/span><\/a><\/p>\n","protected":false},"author":1,"featured_media":0,"parent":0,"menu_order":0,"comment_status":"closed","ping_status":"closed","template":"","meta":{"_acf_changed":false,"footnotes":""},"class_list":["post-16800","page","type-page","status-publish","hentry"],"acf":[],"featured_image_urls_v2":{"full":"","thumbnail":"","medium":"","medium_large":"","large":"","post-thumbnail":"","aiv_480w":"","woocommerce_thumbnail":"","woocommerce_single":"","woocommerce_gallery_thumbnail":""},"post_excerpt_stackable_v2":"<p>Contributi passatiLo strumento svizzero di marketing automation Aivie vuole superare Mailchimp, HubSpot e altri.Comunicato stampa del luglio 2021 Che si tratti di una semplice newsletter o di una sofisticata campagna multicanale, le richieste di strumenti di marketing sono elevate e le aziende sono sempre pi\u00f9 esigenti, soprattutto per quanto riguarda la gestione dei dati. La sovranit\u00e0 dei dati sta diventando sempre pi\u00f9 importante. Non solo a causa dei&#8230;Continua a leggereCome si fa a non far finire le email nello spam?Ultimamente ho sentito questa domanda da parte dei nostri clienti: Cosa devo fare per evitare che le mie e-mail finiscano nello\u2026<\/p>\n","category_list_v2":"","author_info_v2":{"name":"Adrian Schimpf","url":"https:\/\/aivie.ch\/it\/author\/adrian\/"},"comments_num_v2":"0 commento","_links":{"self":[{"href":"https:\/\/aivie.ch\/it\/wp-json\/wp\/v2\/pages\/16800","targetHints":{"allow":["GET"]}}],"collection":[{"href":"https:\/\/aivie.ch\/it\/wp-json\/wp\/v2\/pages"}],"about":[{"href":"https:\/\/aivie.ch\/it\/wp-json\/wp\/v2\/types\/page"}],"author":[{"embeddable":true,"href":"https:\/\/aivie.ch\/it\/wp-json\/wp\/v2\/users\/1"}],"replies":[{"embeddable":true,"href":"https:\/\/aivie.ch\/it\/wp-json\/wp\/v2\/comments?post=16800"}],"version-history":[{"count":2,"href":"https:\/\/aivie.ch\/it\/wp-json\/wp\/v2\/pages\/16800\/revisions"}],"predecessor-version":[{"id":18803,"href":"https:\/\/aivie.ch\/it\/wp-json\/wp\/v2\/pages\/16800\/revisions\/18803"}],"wp:attachment":[{"href":"https:\/\/aivie.ch\/it\/wp-json\/wp\/v2\/media?parent=16800"}],"curies":[{"name":"wp","href":"https:\/\/api.w.org\/{rel}","templated":true}]}}