{"id":790,"date":"2021-06-23T07:32:23","date_gmt":"2021-06-23T05:32:23","guid":{"rendered":"https:\/\/aivie.ch\/product\/schulung-content-strategie-mit-blogs\/"},"modified":"2024-03-13T13:10:47","modified_gmt":"2024-03-13T11:10:47","slug":"workshop-content-marketing-strategie-mit-blogs","status":"publish","type":"product","link":"https:\/\/aivie.ch\/fr\/produit\/workshop-content-marketing-strategie-mit-blogs\/","title":{"rendered":"Content-Marketing Workshop"},"content":{"rendered":"<h2>Wie erstelle ich eine erfolgreiche Content-Marketing Strategie mit Blogs?<\/h2>\n<p>In diesem halbt\u00e4gigen Online Co-Creation Workshop gehen wir auf die Grundlagen ein, wie man Content-Marketing und Blog gezielt f\u00fcr das Wachstum des Gesch\u00e4fts einsetzen kann. Dabei gehen wir kundenzentriert vor und beantworten die folgenden Fragen:<\/p>\n<ul>\n<li>Wie erstelle ich einen Blog, der Kunden interessiert?<\/li>\n<li>Wie schreibe ich Blogs f\u00fcr die verschiedenen Phasen der Customer Journey?<\/li>\n<li>Wie baue ich einen Blog-Post auf, damit er einfach, verst\u00e4ndlich und optimiert f\u00fcr die Suchmaschine ist (SEO)?<\/li>\n<li>In welcher Frequenz soll ich welchen Inhalt posten?<\/li>\n<li>Wie setze ich das mit meiner Blogging Software um (z. B. WordPress)<\/li>\n<li><span style=\"font-weight: 400;\">Wie messe ich den Erfolg (Performance Tracking)?<\/span><\/li>\n<\/ul>\n<p>Inklusive aller Unterlagen. Es gelten unsere <a href=\"https:\/\/aivie.ch\/allgemeine-geschaeftsbedingungen\/\" target=\"_blank\" rel=\"noopener noreferrer\">AGB<\/a>.<\/p>\n<p>&nbsp;<\/p>\n","protected":false},"excerpt":{"rendered":"<p>Wie erstelle ich eine erfolgreiche Content-Marketing Strategie mit Blogs? In diesem halbt\u00e4gigen Online Co-Creation Workshop gehen wir auf die Grundlagen ein, wie man Content-Marketing und Blog gezielt f\u00fcr das Wachstum des Gesch\u00e4fts einsetzen kann. Dabei gehen wir kundenzentriert vor und beantworten die folgenden Fragen: Wie erstelle ich einen Blog, der Kunden interessiert? Wie schreibe ich &hellip; <a href=\"https:\/\/aivie.ch\/fr\/produit\/workshop-content-marketing-strategie-mit-blogs\/\" class=\"more-link\">Continuer la lecture de <span class=\"screen-reader-text\">Content-Marketing Workshop<\/span><\/a><\/p>\n","protected":false},"featured_media":4153,"comment_status":"closed","ping_status":"closed","template":"","meta":{"_acf_changed":false},"product_brand":[],"product_cat":[32],"product_tag":[],"class_list":{"0":"post-790","1":"product","2":"type-product","3":"status-publish","4":"has-post-thumbnail","6":"product_cat-workshops-schulungen","8":"first","9":"instock","10":"virtual","11":"taxable","12":"purchasable","13":"product-type-simple"},"acf":[],"featured_image_urls_v2":{"full":["https:\/\/cdn.aivie.ch\/media\/wp\/2021\/06\/19131423\/workshop2.png",800,800,false],"thumbnail":["https:\/\/cdn.aivie.ch\/media\/wp\/2021\/06\/19131423\/workshop2-240x240.png",240,240,true],"medium":["https:\/\/cdn.aivie.ch\/media\/wp\/2021\/06\/19131423\/workshop2.png",800,800,false],"medium_large":["https:\/\/cdn.aivie.ch\/media\/wp\/2021\/06\/19131423\/workshop2-768x768.png",768,768,true],"large":["https:\/\/cdn.aivie.ch\/media\/wp\/2021\/06\/19131423\/workshop2.png",800,800,false],"post-thumbnail":["https:\/\/cdn.aivie.ch\/media\/wp\/2021\/06\/19131423\/workshop2.png",800,800,false],"aiv_480w":["https:\/\/cdn.aivie.ch\/media\/wp\/2021\/06\/19131423\/workshop2-480x480.png",480,480,true],"woocommerce_thumbnail":["https:\/\/cdn.aivie.ch\/media\/wp\/2021\/06\/19131423\/workshop2-240x240.png",240,240,true],"woocommerce_single":["https:\/\/cdn.aivie.ch\/media\/wp\/2021\/06\/19131423\/workshop2.png",800,800,false],"woocommerce_gallery_thumbnail":["https:\/\/cdn.aivie.ch\/media\/wp\/2021\/06\/19131423\/workshop2-240x240.png",240,240,true]},"post_excerpt_stackable_v2":"<p>Wie erstelle ich eine erfolgreiche Content-Marketing Strategie mit Blogs? In diesem halbt\u00e4gigen Online Co-Creation Workshop gehen wir auf die Grundlagen ein, wie man Content-Marketing und Blog gezielt f\u00fcr das Wachstum des Gesch\u00e4fts einsetzen kann. Dabei gehen wir kundenzentriert vor und beantworten die folgenden Fragen: Wie erstelle ich einen Blog, der Kunden interessiert? Wie schreibe ich Blogs f\u00fcr die verschiedenen Phasen der Customer Journey? Wie baue ich einen Blog-Post auf, damit er einfach, verst\u00e4ndlich und optimiert f\u00fcr die Suchmaschine ist (SEO)? In welcher Frequenz soll ich welchen Inhalt posten? Wie setze ich das mit meiner Blogging Software um (z. B. WordPress)\u2026<\/p>\n","category_list_v2":"","author_info_v2":{"name":"","url":""},"comments_num_v2":"0 commentaire","_links":{"self":[{"href":"https:\/\/aivie.ch\/fr\/wp-json\/wp\/v2\/product\/790","targetHints":{"allow":["GET"]}}],"collection":[{"href":"https:\/\/aivie.ch\/fr\/wp-json\/wp\/v2\/product"}],"about":[{"href":"https:\/\/aivie.ch\/fr\/wp-json\/wp\/v2\/types\/product"}],"replies":[{"embeddable":true,"href":"https:\/\/aivie.ch\/fr\/wp-json\/wp\/v2\/comments?post=790"}],"wp:featuredmedia":[{"embeddable":true,"href":"https:\/\/aivie.ch\/fr\/wp-json\/wp\/v2\/media\/4153"}],"wp:attachment":[{"href":"https:\/\/aivie.ch\/fr\/wp-json\/wp\/v2\/media?parent=790"}],"wp:term":[{"taxonomy":"product_brand","embeddable":true,"href":"https:\/\/aivie.ch\/fr\/wp-json\/wp\/v2\/product_brand?post=790"},{"taxonomy":"product_cat","embeddable":true,"href":"https:\/\/aivie.ch\/fr\/wp-json\/wp\/v2\/product_cat?post=790"},{"taxonomy":"product_tag","embeddable":true,"href":"https:\/\/aivie.ch\/fr\/wp-json\/wp\/v2\/product_tag?post=790"}],"curies":[{"name":"wp","href":"https:\/\/api.w.org\/{rel}","templated":true}]}}