{"id":29589,"date":"2026-04-09T21:48:45","date_gmt":"2026-04-09T19:48:45","guid":{"rendered":"https:\/\/aivie.ch\/product\/plugin-e-commerce-aivie-mautic-utilisez-enfin-les-donnees-e-commerce-dans-vos-campagnes-de-marketing-automation\/"},"modified":"2026-04-09T21:50:06","modified_gmt":"2026-04-09T19:50:06","slug":"plugin-e-commerce-aivie-mautic-utilisez-enfin-les-donnees-e-commerce-dans-vos-campagnes-de-marketing-automation","status":"publish","type":"product","link":"https:\/\/aivie.ch\/fr\/produit\/plugin-e-commerce-aivie-mautic-utilisez-enfin-les-donnees-e-commerce-dans-vos-campagnes-de-marketing-automation\/","title":{"rendered":"Plugin E-commerce Aivie Mautic : Utilisez enfin les donn\u00e9es e-commerce dans vos campagnes de marketing automation"},"content":{"rendered":"<h2 data-section-id=\"1f79vc4\" data-start=\"671\" data-end=\"729\">Votre d\u00e9fi : Le marketing sans donn\u00e9es d&rsquo;achat r\u00e9elles<\/h2>\n<p data-start=\"730\" data-end=\"799\">Dans l&rsquo;e-commerce, vous ne d\u00e9cidez pas au clic, mais \u00e0 l&rsquo;achat.<\/p>\n<p data-start=\"801\" data-end=\"838\">Pourtant, le marketing est souvent bas\u00e9 sur :<\/p>\n<ul data-start=\"839\" data-end=\"878\">\n<li data-section-id=\"fdxhxj\" data-start=\"839\" data-end=\"852\">Ouvertures<\/li>\n<li data-section-id=\"130gf5p\" data-start=\"853\" data-end=\"863\">Clics<\/li>\n<li data-section-id=\"1ser1q7\" data-start=\"864\" data-end=\"878\">Formulaires<\/li>\n<\/ul>\n<p data-start=\"880\" data-end=\"914\">Ce qui manque, ce sont les donn\u00e9es d&rsquo;achat r\u00e9elles.<\/p>\n<p data-start=\"916\" data-end=\"1027\">Pour les responsables marketing, cela signifie de l&rsquo;incertitude.<br data-start=\"964\" data-end=\"967\">Pour les CTO, cela signifie des syst\u00e8mes et des silos de donn\u00e9es fragment\u00e9s.<\/p>\n<h2 data-section-id=\"7suc3l\" data-start=\"1029\" data-end=\"1092\">Voici ce que l&rsquo;automatisation du marketing e-commerce avec Aivie vous apporte<\/h2>\n<p data-start=\"1093\" data-end=\"1172\">Un client ach\u00e8te dans votre boutique.<br data-start=\"1124\" data-end=\"1127\">Ou les donn\u00e9es proviennent d&rsquo;une API ou d&rsquo;un import.<\/p>\n<p data-start=\"1174\" data-end=\"1192\">Imm\u00e9diatement, il se passe ceci :<\/p>\n<ul data-start=\"1193\" data-end=\"1308\">\n<li data-section-id=\"4c5loc\" data-start=\"1193\" data-end=\"1229\">L&rsquo;achat est visible dans le contact<\/li>\n<li data-section-id=\"1oj8fnx\" data-start=\"1230\" data-end=\"1272\">Le client est automatiquement segment\u00e9<\/li>\n<li data-section-id=\"58n9if\" data-start=\"1273\" data-end=\"1308\">Les campagnes r\u00e9agissent en temps r\u00e9el<\/li>\n<\/ul>\n<p data-start=\"1310\" data-end=\"1363\">Le marketing est enfin bas\u00e9 sur ce qui compte : le chiffre d&rsquo;affaires.<\/p>\n<h2 data-section-id=\"ieoit5\" data-start=\"1365\" data-end=\"1424\">Pourquoi l&rsquo;e-commerce est crucial dans le marketing automation<\/h2>\n<p data-start=\"1425\" data-end=\"1492\">L&rsquo;automatisation du marketing e-commerce connecte le marketing et le business.<\/p>\n<p data-start=\"1494\" data-end=\"1562\">Vous ne voyez pas seulement ce qui fonctionne \u2013<br data-start=\"1533\" data-end=\"1536\">mais ce qui g\u00e9n\u00e8re du chiffre d&rsquo;affaires.<\/p>\n<h2 data-section-id=\"vif2o6\" data-start=\"1028\" data-end=\"1079\">\u00c0 quels syst\u00e8mes e-commerce cela convient-il ?<\/h2>\n<p data-start=\"1080\" data-end=\"1212\">Le plugin Aivie\/Mautic Commerce est d\u00e9lib\u00e9r\u00e9ment con\u00e7u pour \u00eatre flexible et fonctionne avec tous les syst\u00e8mes capables de fournir des donn\u00e9es d&rsquo;achat.<\/p>\n<p data-start=\"1214\" data-end=\"1360\">L&rsquo;int\u00e9gration est particuli\u00e8rement simple via Stripe. Le plugin est ainsi compatible avec pratiquement toutes les configurations e-commerce modernes, par exemple : <\/p>\n<ul data-start=\"1361\" data-end=\"1439\">\n<li data-section-id=\"1dfpzdu\" data-start=\"1361\" data-end=\"1376\">WooCommerce<\/li>\n<li data-section-id=\"1lat8fh\" data-start=\"1377\" data-end=\"1389\">Shopware<\/li>\n<li data-section-id=\"1fhe983\" data-start=\"1390\" data-end=\"1401\">Magento<\/li>\n<li data-section-id=\"1h1h67u\" data-start=\"1402\" data-end=\"1413\">Shopify<\/li>\n<li data-section-id=\"pqmha9\" data-start=\"1414\" data-end=\"1439\">Boutiques et applications personnalis\u00e9es<\/li>\n<\/ul>\n<p data-start=\"1441\" data-end=\"1540\">D\u00e8s que les paiements passent par Stripe, les donn\u00e9es peuvent \u00eatre automatiquement utilis\u00e9es dans Aivie\/Mautic.<\/p>\n<p data-start=\"1542\" data-end=\"1578\">Alternativement, les donn\u00e9es peuvent \u00e9galement \u00eatre import\u00e9es via :<\/p>\n<ul data-start=\"1579\" data-end=\"1637\">\n<li data-section-id=\"1czifog\" data-start=\"1579\" data-end=\"1591\">API REST<\/li>\n<li data-section-id=\"va290v\" data-start=\"1592\" data-end=\"1637\">Import CSV<br data-start=\"1615\" data-end=\"1618\">.<\/li>\n<\/ul>\n<p data-start=\"1847\" data-end=\"1902\">Cela cr\u00e9e une couche commerce ouverte et extensible.<\/p>\n<h2 data-section-id=\"1qtx6n9\" data-start=\"1904\" data-end=\"1966\">Fonctionnalit\u00e9s<\/h2>\n<ul data-start=\"1967\" data-end=\"2267\">\n<li data-section-id=\"1kh6pvu\" data-start=\"1967\" data-end=\"2022\">Stockage centralis\u00e9 des commandes et des produits<\/li>\n<li data-section-id=\"19p52zl\" data-start=\"2023\" data-end=\"2063\">Liaison des achats aux contacts<\/li>\n<li data-section-id=\"9dcx9s\" data-start=\"2064\" data-end=\"2122\">Segmentation par chiffre d&rsquo;affaires, produits et comportement d&rsquo;achat<\/li>\n<li data-section-id=\"1llx1ao\" data-start=\"2123\" data-end=\"2166\">Mod\u00e8le g\u00e9n\u00e9rique de commande et d&rsquo;article<\/li>\n<li data-section-id=\"587p6z\" data-start=\"2167\" data-end=\"2221\">Traitement bas\u00e9 sur les \u00e9v\u00e9nements pour des campagnes en temps r\u00e9el<\/li>\n<li data-section-id=\"r17lc3\" data-start=\"2222\" data-end=\"2267\">Int\u00e9gration flexible via API et imports<\/li>\n<\/ul>\n<h2 data-section-id=\"yplss9\" data-start=\"2269\" data-end=\"2339\">Votre avantage en tant que responsable marketing : Plus d&rsquo;impact, moins d&rsquo;incertitude<\/h2>\n<ul data-start=\"2340\" data-end=\"2531\">\n<li data-section-id=\"1s7sy8d\" data-start=\"2340\" data-end=\"2380\">Les campagnes sont bas\u00e9es sur des achats r\u00e9els<\/li>\n<li data-section-id=\"1sewa\" data-start=\"2381\" data-end=\"2426\">La personnalisation devient nettement plus pertinente<\/li>\n<li data-section-id=\"1q59tt8\" data-start=\"2427\" data-end=\"2477\">Le cross-selling et l\u2019upselling deviennent syst\u00e9matiquement possibles<\/li>\n<li data-section-id=\"1oiex05\" data-start=\"2478\" data-end=\"2531\">Lien clair entre marketing et chiffre d&rsquo;affaires<\/li>\n<\/ul>\n<h2 data-section-id=\"zdwwd4\" data-start=\"2533\" data-end=\"2595\">Votre avantage en tant que CTO : Architecture propre, contr\u00f4le total<\/h2>\n<ul data-start=\"2596\" data-end=\"2803\">\n<li data-section-id=\"rh4fqu\" data-start=\"2596\" data-end=\"2645\">Aucune d\u00e9pendance vis-\u00e0-vis de syst\u00e8mes de boutique individuels<\/li>\n<li data-section-id=\"1cywpcy\" data-start=\"2646\" data-end=\"2701\">S\u00e9paration claire des \u00e9v\u00e9nements, des commandes et de la structure des donn\u00e9es<\/li>\n<li data-section-id=\"100pvts\" data-start=\"2702\" data-end=\"2749\">Extensible via des API et de nouvelles sources de donn\u00e9es<\/li>\n<li data-section-id=\"3txuyv\" data-start=\"2750\" data-end=\"2803\">Donn\u00e9es interrogeables au lieu d&rsquo;une logique JSON non structur\u00e9e<\/li>\n<\/ul>\n<h2 data-section-id=\"be2ko0\" data-start=\"2805\" data-end=\"2879\">Pourquoi cette solution est meilleure que les int\u00e9grations e-commerce classiques<\/h2>\n<p data-start=\"2880\" data-end=\"2929\">De nombreuses solutions sont li\u00e9es \u00e0 un syst\u00e8me de boutique.<\/p>\n<p data-start=\"2931\" data-end=\"2991\">Aivie\/Mautic con\u00e7oit l&rsquo;automatisation du marketing e-commerce diff\u00e9remment :<\/p>\n<ul data-start=\"2992\" data-end=\"3096\">\n<li data-section-id=\"1fyjveq\" data-start=\"2992\" data-end=\"3025\">Les donn\u00e9es proviennent de n&rsquo;importe quelle source<\/li>\n<li data-section-id=\"z4e7xv\" data-start=\"3026\" data-end=\"3064\">Le marketing reste g\u00e9rable de mani\u00e8re centralis\u00e9e<\/li>\n<li data-section-id=\"10tw1wx\" data-start=\"3065\" data-end=\"3096\">L&rsquo;architecture reste flexible<\/li>\n<\/ul>\n<p data-start=\"3098\" data-end=\"3134\">Cela rend votre configuration p\u00e9renne.<\/p>\n<h2 data-section-id=\"zox36v\" data-start=\"3136\" data-end=\"3166\">C\u2019est ce qui fait la diff\u00e9rence<\/h2>\n<p data-start=\"3167\" data-end=\"3277\">Vous pouvez r\u00e9pondre \u00e0 des questions telles que :<br data-start=\"3200\" data-end=\"3203\">\u00ab Quelle campagne g\u00e9n\u00e8re du chiffre d&rsquo;affaires ? \u00bb<br data-start=\"3235\" data-end=\"3238\">\u00ab Quels sont les clients les plus pr\u00e9cieux ? \u00bb<\/p>\n<p data-start=\"3279\" data-end=\"3307\">Et y r\u00e9agir directement.<\/p>\n<h2 data-section-id=\"i5ab1d\" data-start=\"3309\" data-end=\"3338\">R\u00e9f\u00e9rences \/ T\u00e9moignages<\/h2>\n<p data-start=\"3339\" data-end=\"3527\">Bas\u00e9 sur les exigences des responsables marketing comme Meike et des d\u00e9cideurs techniques ax\u00e9s sur l&rsquo;int\u00e9gration, la flexibilit\u00e9 et le contr\u00f4le des donn\u00e9es<\/p>\n<p data-start=\"3339\" data-end=\"3527\">\n<div class=\"alignfull wp-block-ugb-columns ugb-columns ugb-091e990 ugb-columns--design-plain ugb-columns--columns-2 ugb-main-block ugb-main-block--inner-center ugb--has-block-background\"><style>.ugb-091e990-content-wrapper{grid-column-gap:60px !important}.ugb-091e990.ugb-columns{background-color:#cfe7e1}.ugb-091e990.ugb-columns:before{background-color:#cfe7e1}<\/style><div class=\"ugb-inner-block ugb-inner-block--center\"><div class=\"ugb-block-content\"><div class=\"ugb-columns__item ugb-091e990-content-wrapper\">\n<div class=\"wp-block-ugb-column ugb-column ugb-d6f33f0 ugb-column--design-plain ugb-main-block\"><style>@media screen and (min-width:768px){.ugb-d6f33f0.ugb-column{margin-top:0px !important}.ugb-d6f33f0 > .ugb-inner-block > .ugb-block-content > *{justify-content:flex-end}}.ugb-d6f33f0 > .ugb-inner-block > .ugb-block-content > *{justify-content:flex-end !important}@media screen and (min-width:768px){.ugb-d6f33f0 > .ugb-inner-block > .ugb-block-content > *{padding-top:0px !important;padding-bottom:0px !important;padding-right:0px !important;padding-left:0px !important}}<\/style><div class=\"ugb-inner-block\"><div class=\"ugb-block-content\"><div class=\"ugb-column__item ugb-d6f33f0-column-wrapper\"><div class=\"ugb-column__content-wrapper\">\n<div class=\"wp-block-ugb-heading ugb-heading ugb-48550e9 ugb-main-block\"><div class=\"ugb-inner-block\"><div class=\"ugb-block-content\"><h2 class=\"ugb-heading__title\"><span style=\"color: #e63312;\" class=\"stk-highlight\">Lass deine Kontakte nicht warten.<\/span><\/h2><\/div><\/div><\/div>\n\n\n\n<figure class=\"wp-block-image size-full is-style-default\"><img decoding=\"async\" src=\"https:\/\/cdn.aivie.ch\/media\/wp\/2022\/09\/06100554\/Aivie-Free.webp\" alt=\"Marketing Automation Aivie-Free\" class=\"wp-image-11417\" title=\"\"><\/figure>\n<\/div><\/div><\/div><\/div><\/div>\n\n\n\n<div class=\"wp-block-ugb-column ugb-column ugb-6da6590 ugb-column--design-plain ugb-main-block\"><div class=\"ugb-inner-block\"><div class=\"ugb-block-content\"><div class=\"ugb-column__item ugb-6da6590-column-wrapper\"><div class=\"ugb-column__content-wrapper\">\n<div class=\"wp-block-ugb-heading ugb-heading ugb-dab8255 ugb-main-block\"><style>.ugb-dab8255 .ugb-heading__title{color:#283e4c}<\/style><div class=\"ugb-inner-block\"><div class=\"ugb-block-content\"><h2 class=\"ugb-heading__title\"><span style=\"color: #283e4c;\" class=\"ugb-highlight\">Kostenlos mit Aivie starten<\/span>.<\/h2><p class=\"ugb-heading__subtitle\">Nutze Aivie 30 Tage lang kostenlos und pr\u00fcfe wie du dank Aivie deine Kontakte gezielt erreichen kannst. Aivie bietet dir schon im Trial alle M\u00f6glichkeiten der Vollversion.<br><br>Probier es jetzt einfach aus.<\/p><\/div><\/div><\/div>\n\n\n\n<div class=\"wp-block-ugb-button ugb-button-wrapper ugb-f7ceaee ugb-main-block\"><style>.ugb-f7ceaee .ugb-block-content{justify-content:flex-start !important}.ugb-f7ceaee .ugb-inner-block{text-align:left}<\/style><div class=\"ugb-inner-block\"><div class=\"ugb-block-content\"><div class=\"ugb-button-container\"><a class=\"ugb-button1 ugb-button ugb-button--size-normal\" href=\"https:\/\/aivie.ch\/preise-pakete\/#price\" rel=\"\" title=\"\"><span class=\"ugb-button--inner\">Kostenlos starten<\/span><\/a><\/div><div class=\"ugb-button-container\"><a class=\"ugb-button2 ugb-button ugb-button--size-normal ugb-button--design-plain\" href=\"https:\/\/aivie.ch\/author\/martin\/\" rel=\"\" title=\"\"><span class=\"ugb-button--inner\">Demo vereinbaren<\/span><\/a><\/div><\/div><\/div><\/div>\n<\/div><\/div><\/div><\/div><\/div>\n<\/div><\/div><\/div><\/div>\n<\/p>\n<p data-start=\"4154\" data-end=\"4228\">Nos CGV s\u2019appliquent : <a class=\"decorated-link\" href=\"https:\/\/aivie.ch\/fr\/conditions-generales-de-vente\/\" target=\"_new\" rel=\"noopener\" data-start=\"4176\" data-end=\"4226\">https:\/\/aivie.ch\/allgemeine-geschaeftsbedingungen\/<\/a><\/p>\n","protected":false},"excerpt":{"rendered":"<p>Utilisez vos donn\u00e9es e-commerce directement dans Aivie\/Mautic et transformez automatiquement les achats en campagnes personnalis\u00e9es et en plus de chiffre d&rsquo;affaires.<\/p>\n","protected":false},"featured_media":29592,"comment_status":"closed","ping_status":"closed","template":"","meta":{"_acf_changed":false},"product_brand":[],"product_cat":[1281,828],"product_tag":[1719,1709,1720],"class_list":{"0":"post-29589","1":"product","2":"type-product","3":"status-publish","4":"has-post-thumbnail","6":"product_cat-add-on","7":"product_cat-plugin-mautic","8":"product_tag-commandes","9":"product_tag-e-commerce","10":"product_tag-marketing-automation","12":"first","13":"instock","14":"taxable","15":"shipping-taxable","16":"purchasable","17":"product-type-variable-subscription","18":"has-default-attributes"},"acf":[],"featured_image_urls_v2":{"full":["https:\/\/cdn.aivie.ch\/media\/wp\/2026\/04\/09214722\/E-Commerce-in-Aivie-Marketing-Automation.jpg",1200,800,false],"thumbnail":["https:\/\/cdn.aivie.ch\/media\/wp\/2026\/04\/09214722\/E-Commerce-in-Aivie-Marketing-Automation-240x240.jpg",240,240,true],"medium":["https:\/\/cdn.aivie.ch\/media\/wp\/2026\/04\/09214722\/E-Commerce-in-Aivie-Marketing-Automation-960x640.jpg",960,640,true],"medium_large":["https:\/\/cdn.aivie.ch\/media\/wp\/2026\/04\/09214722\/E-Commerce-in-Aivie-Marketing-Automation-768x512.jpg",768,512,true],"large":["https:\/\/cdn.aivie.ch\/media\/wp\/2026\/04\/09214722\/E-Commerce-in-Aivie-Marketing-Automation.jpg",990,660,false],"post-thumbnail":["https:\/\/cdn.aivie.ch\/media\/wp\/2026\/04\/09214722\/E-Commerce-in-Aivie-Marketing-Automation.jpg",1200,800,false],"aiv_480w":["https:\/\/cdn.aivie.ch\/media\/wp\/2026\/04\/09214722\/E-Commerce-in-Aivie-Marketing-Automation-480x320.jpg",480,320,true],"woocommerce_thumbnail":["https:\/\/cdn.aivie.ch\/media\/wp\/2026\/04\/09214722\/E-Commerce-in-Aivie-Marketing-Automation-240x240.jpg",240,240,true],"woocommerce_single":["https:\/\/cdn.aivie.ch\/media\/wp\/2026\/04\/09214722\/E-Commerce-in-Aivie-Marketing-Automation-960x640.jpg",960,640,true],"woocommerce_gallery_thumbnail":["https:\/\/cdn.aivie.ch\/media\/wp\/2026\/04\/09214722\/E-Commerce-in-Aivie-Marketing-Automation-240x240.jpg",240,240,true]},"post_excerpt_stackable_v2":"<p>Utilisez vos donn\u00e9es e-commerce directement dans Aivie\/Mautic et transformez automatiquement les achats en campagnes personnalis\u00e9es et en plus de chiffre d&rsquo;affaires.<\/p>\n","category_list_v2":"","author_info_v2":{"name":"","url":""},"comments_num_v2":"0 commentaire","_links":{"self":[{"href":"https:\/\/aivie.ch\/fr\/wp-json\/wp\/v2\/product\/29589","targetHints":{"allow":["GET"]}}],"collection":[{"href":"https:\/\/aivie.ch\/fr\/wp-json\/wp\/v2\/product"}],"about":[{"href":"https:\/\/aivie.ch\/fr\/wp-json\/wp\/v2\/types\/product"}],"replies":[{"embeddable":true,"href":"https:\/\/aivie.ch\/fr\/wp-json\/wp\/v2\/comments?post=29589"}],"wp:featuredmedia":[{"embeddable":true,"href":"https:\/\/aivie.ch\/fr\/wp-json\/wp\/v2\/media\/29592"}],"wp:attachment":[{"href":"https:\/\/aivie.ch\/fr\/wp-json\/wp\/v2\/media?parent=29589"}],"wp:term":[{"taxonomy":"product_brand","embeddable":true,"href":"https:\/\/aivie.ch\/fr\/wp-json\/wp\/v2\/product_brand?post=29589"},{"taxonomy":"product_cat","embeddable":true,"href":"https:\/\/aivie.ch\/fr\/wp-json\/wp\/v2\/product_cat?post=29589"},{"taxonomy":"product_tag","embeddable":true,"href":"https:\/\/aivie.ch\/fr\/wp-json\/wp\/v2\/product_tag?post=29589"}],"curies":[{"name":"wp","href":"https:\/\/api.w.org\/{rel}","templated":true}]}}