{"id":29444,"date":"2023-06-13T13:59:59","date_gmt":"2023-06-13T11:59:59","guid":{"rendered":"https:\/\/aivie.ch\/product\/mautic-mailtrap-plugin-perfectionnez-vos-tests-de-mails\/"},"modified":"2026-03-26T18:06:38","modified_gmt":"2026-03-26T16:06:38","slug":"mautic-mailtrap-plugin-perfectionnez-vos-tests-de-mails","status":"publish","type":"product","link":"https:\/\/aivie.ch\/fr\/produit\/mautic-mailtrap-plugin-perfectionnez-vos-tests-de-mails\/","title":{"rendered":"Mautic Mailtrap Plugin \u2013 Perfectionnez vos tests d&rsquo;e-mails"},"content":{"rendered":"<p>Que vous soyez d\u00e9veloppeur, marketeur ou responsable e-mail, le plugin Mautic Mailtrap vous offre de nombreux avantages et fonctionnalit\u00e9s qui vous aident \u00e0 tirer le meilleur parti de vos campagnes d&rsquo;e-mails.<\/p>\n<h2>Vos avantages avec le plugin Mautic Mailtrap :<\/h2>\n<ul>\n<li><strong>D\u00e9tection efficace des erreurs :<\/strong> Le plugin vous permet de d\u00e9tecter rapidement les erreurs et probl\u00e8mes potentiels dans vos e-mails. Vous recevez des informations d\u00e9taill\u00e9es sur les liens d\u00e9fectueux, les images cass\u00e9es, les probl\u00e8mes de formatage et bien plus encore. Cela vous permet d&rsquo;identifier et de corriger les sources d&rsquo;erreurs possibles avant l&rsquo;envoi de vos e-mails \u00e0 vos clients.  <\/li>\n<li><strong>Environnement de test r\u00e9aliste :<\/strong> Avec le plugin Mautic Mailtrap, vous pouvez afficher vos e-mails dans un environnement de test r\u00e9aliste. Vous pouvez simuler diff\u00e9rents clients de messagerie et appareils pour vous assurer que vos messages s&rsquo;affichent parfaitement sur chaque terminal. Cela vous aide \u00e0 garantir une exp\u00e9rience utilisateur coh\u00e9rente et \u00e0 maximiser l&rsquo;efficacit\u00e9 de vos campagnes.  <\/li>\n<li><strong>Protection anti-spam et d\u00e9livrabilit\u00e9 :<\/strong> Le plugin vous permet de v\u00e9rifier et d&rsquo;optimiser le score de spam de vos e-mails. Vous recevez des informations d\u00e9taill\u00e9es sur les marqueurs de spam potentiels qui pourraient affecter votre d\u00e9livrabilit\u00e9. Cela vous permet d&rsquo;adapter vos messages et de vous assurer qu&rsquo;ils atterrissent dans les bo\u00eetes de r\u00e9ception de vos destinataires, au lieu de dispara\u00eetre dans le dossier de spam.  <\/li>\n<li><strong>Collaboration d&rsquo;\u00e9quipe :<\/strong> Le plugin Mautic Mailtrap offre \u00e9galement des fonctionnalit\u00e9s de collaboration d&rsquo;\u00e9quipe. Vous pouvez examiner vos campagnes d&rsquo;e-mails avec votre \u00e9quipe, \u00e9changer des commentaires et collaborer pour obtenir les meilleurs r\u00e9sultats. La possibilit\u00e9 de laisser des commentaires et des annotations directement dans l&rsquo;environnement de test am\u00e9liore la collaboration et l&rsquo;efficacit\u00e9.  <\/li>\n<\/ul>\n<h2>\u00c0 qui s&rsquo;adresse le plugin Mautic Mailtrap ?<\/h2>\n<p><strong>D\u00e9veloppeurs :<\/strong> Le plugin offre aux d\u00e9veloppeurs un moyen efficace de d\u00e9tecter et de corriger les erreurs d&rsquo;e-mails sans avoir \u00e0 attendre de vrais destinataires. Vous gagnez ainsi un temps de d\u00e9veloppement pr\u00e9cieux et pouvez d\u00e9ployer vos campagnes d&rsquo;e-mails plus rapidement et de mani\u00e8re plus fiable. <\/p>\n<p><strong>Marketeurs :<\/strong> Les marketeurs peuvent utiliser le plugin pour s&rsquo;assurer que leurs e-mails s&rsquo;affichent parfaitement dans chaque client de messagerie et sur chaque appareil. Vous pouvez am\u00e9liorer la d\u00e9livrabilit\u00e9 et optimiser l&rsquo;exp\u00e9rience utilisateur pour augmenter le taux de r\u00e9ussite de vos campagnes. <\/p>\n<h2>Qu&rsquo;est-ce que Mailtrap ?<\/h2>\n<p>Mailtrap est un outil de test d&rsquo;envoi d&rsquo;e-mails dans les environnements de d\u00e9veloppement et de staging. Il intercepte les e-mails sortants sans les envoyer r\u00e9ellement \u00e0 de vrais destinataires. Cela permet de v\u00e9rifier en toute s\u00e9curit\u00e9 le contenu, la mise en page et les d\u00e9tails techniques avant que les e-mails ne soient mis en ligne.  <\/p>\n","protected":false},"excerpt":{"rendered":"<p>Le plugin Aivie \u2013 Mailtrap est la solution ultime pour faire passer vos tests d&rsquo;e-mails \u00e0 un niveau sup\u00e9rieur. Avec ce plugin innovant, vous pouvez <\/p>\n<p>*Le plugin Mailtrap est d\u00e9j\u00e0 int\u00e9gr\u00e9 pour tous les clients Aivie.<\/p>\n","protected":false},"featured_media":13914,"comment_status":"open","ping_status":"closed","template":"","meta":{"_acf_changed":false},"product_brand":[],"product_cat":[828],"product_tag":[],"class_list":{"0":"post-29444","1":"product","2":"type-product","3":"status-publish","4":"has-post-thumbnail","6":"product_cat-plugin-mautic","8":"first","9":"instock","10":"virtual","11":"taxable","12":"purchasable","13":"product-type-subscription"},"acf":[],"featured_image_urls_v2":{"full":["https:\/\/cdn.aivie.ch\/media\/wp\/2023\/06\/16095511\/Mailtrap-Plugin.webp",800,800,false],"thumbnail":["https:\/\/cdn.aivie.ch\/media\/wp\/2023\/06\/16095511\/Mailtrap-Plugin-240x240.webp",240,240,true],"medium":["https:\/\/cdn.aivie.ch\/media\/wp\/2023\/06\/16095511\/Mailtrap-Plugin.webp",800,800,false],"medium_large":["https:\/\/cdn.aivie.ch\/media\/wp\/2023\/06\/16095511\/Mailtrap-Plugin-768x768.webp",768,768,true],"large":["https:\/\/cdn.aivie.ch\/media\/wp\/2023\/06\/16095511\/Mailtrap-Plugin.webp",800,800,false],"post-thumbnail":["https:\/\/cdn.aivie.ch\/media\/wp\/2023\/06\/16095511\/Mailtrap-Plugin.webp",800,800,false],"aiv_480w":["https:\/\/cdn.aivie.ch\/media\/wp\/2023\/06\/16095511\/Mailtrap-Plugin-480x480.webp",480,480,true],"woocommerce_thumbnail":["https:\/\/cdn.aivie.ch\/media\/wp\/2023\/06\/16095511\/Mailtrap-Plugin-240x240.webp",240,240,true],"woocommerce_single":["https:\/\/cdn.aivie.ch\/media\/wp\/2023\/06\/16095511\/Mailtrap-Plugin.webp",800,800,false],"woocommerce_gallery_thumbnail":["https:\/\/cdn.aivie.ch\/media\/wp\/2023\/06\/16095511\/Mailtrap-Plugin-240x240.webp",240,240,true]},"post_excerpt_stackable_v2":"<p>Le plugin Aivie \u2013 Mailtrap est la solution ultime pour faire passer vos tests d&rsquo;e-mails \u00e0 un niveau sup\u00e9rieur. Avec ce plugin innovant, vous pouvez <\/p>\n<p>*Le plugin Mailtrap est d\u00e9j\u00e0 int\u00e9gr\u00e9 pour tous les clients Aivie.<\/p>\n","category_list_v2":"","author_info_v2":{"name":"","url":""},"comments_num_v2":"0 commentaire","_links":{"self":[{"href":"https:\/\/aivie.ch\/fr\/wp-json\/wp\/v2\/product\/29444","targetHints":{"allow":["GET"]}}],"collection":[{"href":"https:\/\/aivie.ch\/fr\/wp-json\/wp\/v2\/product"}],"about":[{"href":"https:\/\/aivie.ch\/fr\/wp-json\/wp\/v2\/types\/product"}],"replies":[{"embeddable":true,"href":"https:\/\/aivie.ch\/fr\/wp-json\/wp\/v2\/comments?post=29444"}],"wp:featuredmedia":[{"embeddable":true,"href":"https:\/\/aivie.ch\/fr\/wp-json\/wp\/v2\/media\/13914"}],"wp:attachment":[{"href":"https:\/\/aivie.ch\/fr\/wp-json\/wp\/v2\/media?parent=29444"}],"wp:term":[{"taxonomy":"product_brand","embeddable":true,"href":"https:\/\/aivie.ch\/fr\/wp-json\/wp\/v2\/product_brand?post=29444"},{"taxonomy":"product_cat","embeddable":true,"href":"https:\/\/aivie.ch\/fr\/wp-json\/wp\/v2\/product_cat?post=29444"},{"taxonomy":"product_tag","embeddable":true,"href":"https:\/\/aivie.ch\/fr\/wp-json\/wp\/v2\/product_tag?post=29444"}],"curies":[{"name":"wp","href":"https:\/\/api.w.org\/{rel}","templated":true}]}}