{"id":29316,"date":"2026-03-11T22:15:15","date_gmt":"2026-03-11T20:15:15","guid":{"rendered":"https:\/\/aivie.ch\/product\/app-mobile-mautic-crm-votre-crm-mautic-en-deplacement\/"},"modified":"2026-04-08T19:45:20","modified_gmt":"2026-04-08T17:45:20","slug":"app-mobile-mautic-crm-votre-crm-mautic-en-deplacement","status":"publish","type":"product","link":"https:\/\/aivie.ch\/fr\/produit\/app-mobile-mautic-crm-votre-crm-mautic-en-deplacement\/","title":{"rendered":"Application Aivie Mautic \u2013 Votre CRM Mautic en d\u00e9placement"},"content":{"rendered":"<p data-start=\"353\" data-end=\"554\">Avec l\u2019<strong data-start=\"361\" data-end=\"382\">application Mautic<\/strong> d\u2019Aivie, votre <strong data-start=\"403\" data-end=\"417\">CRM Mautic<\/strong> devient r\u00e9ellement mobile. G\u00e9rez vos contacts, saisissez des notes ou modifiez le statut d\u2019un lead \u2013 le tout directement depuis votre smartphone ou tablette. <\/p>\n<p data-start=\"556\" data-end=\"858\">Aujourd\u2019hui, de nombreuses \u00e9quipes marketing et de vente ne travaillent plus uniquement sur ordinateur. Les \u00e9changes avec les clients, les \u00e9v\u00e9nements ou les r\u00e9unions spontan\u00e9es ont lieu en d\u00e9placement. C\u2019est pr\u00e9cis\u00e9ment l\u00e0 que l\u2019application mobile Mautic intervient : elle transpose les fonctions essentielles de votre CRM Mautic dans une interface claire et optimis\u00e9e pour le mobile.  <\/p>\n<p data-start=\"860\" data-end=\"1088\">Apr\u00e8s un entretien client, vous pouvez imm\u00e9diatement enregistrer une note, actualiser le statut du tunnel de vente ou modifier le responsable (owner). Vos donn\u00e9es CRM restent ainsi \u00e0 jour et votre \u00e9quipe travaille avec les m\u00eames informations. <\/p>\n<p data-start=\"1090\" data-end=\"1298\">Lapplication sinstalle comme une Web App sur smartphone et sutilise comme une application native. Vous avez ainsi votre CRM Mautic \u00e0 port\u00e9e de main \u00e0 tout moment \u2013 que ce soit au bureau, dans le train ou chez le client. <\/p>\n<h2 data-section-id=\"1ylugqj\" data-start=\"1305\" data-end=\"1349\">Fonctions cl\u00e9s de l\u2019application Mautic<\/h2>\n<p data-start=\"1351\" data-end=\"1473\"><strong data-start=\"1351\" data-end=\"1378\">Trouver rapidement des contacts<\/strong><br data-start=\"1378\" data-end=\"1381\">Recherchez des contacts via une recherche intuitive (typeahead) et acc\u00e9dez \u00e0 leurs d\u00e9tails en quelques clics.<\/p>\n<p data-start=\"1475\" data-end=\"1631\"><strong data-start=\"1475\" data-end=\"1510\">Aper\u00e7u des activit\u00e9s des contacts<\/strong><br data-start=\"1510\" data-end=\"1513\">Visualisez les activit\u00e9s pertinentes telles que les interactions par e-mail, les visites de pages ou les actions sur les formulaires de mani\u00e8re claire dans le temps.<\/p>\n<p data-start=\"1633\" data-end=\"1765\"><strong data-start=\"1633\" data-end=\"1673\">Saisir des notes directement sur le contact<\/strong><br data-start=\"1673\" data-end=\"1676\">Enregistrez vos notes d\u2019entretien imm\u00e9diatement apr\u00e8s une r\u00e9union et modifiez-les plus tard si n\u00e9cessaire.<\/p>\n<p data-start=\"1767\" data-end=\"1892\"><strong data-start=\"1767\" data-end=\"1804\">G\u00e9rer le tunnel de vente et les \u00e9tapes<\/strong><br data-start=\"1804\" data-end=\"1807\">Modifiez le statut d\u2019un lead rapidement et facilement via une s\u00e9lection d\u2019\u00e9tapes optimis\u00e9e.<\/p>\n<p data-start=\"1894\" data-end=\"2016\"><strong data-start=\"1894\" data-end=\"1944\">Changer de responsable et adapter les responsabilit\u00e9s<\/strong><br data-start=\"1944\" data-end=\"1947\">Attribuez des contacts \u00e0 un autre responsable directement depuis la vue mobile.<\/p>\n<p data-start=\"2018\" data-end=\"2176\"><strong data-start=\"2018\" data-end=\"2049\">G\u00e9rer les tags et les segments<\/strong><br data-start=\"2049\" data-end=\"2052\">Ajoutez ou supprimez des tags via une recherche intelligente. Les contacts peuvent \u00e9galement \u00eatre ajout\u00e9s directement \u00e0 des segments. <\/p>\n<p data-start=\"2178\" data-end=\"2285\"><strong data-start=\"2178\" data-end=\"2205\">Modifier les donn\u00e9es de contact<\/strong><br data-start=\"2205\" data-end=\"2208\">Modifiez les champs importants tels que le nom, l\u2019e-mail ou d\u2019autres informations de contact.<\/p>\n<p data-start=\"2287\" data-end=\"2399\"><strong data-start=\"2287\" data-end=\"2312\">Ouvrir l\u2019adresse directement<\/strong><br data-start=\"2312\" data-end=\"2315\">Ouvrez les adresses enregistr\u00e9es directement dans Google Maps et naviguez vers votre prochain rendez-vous.<\/p>\n<p data-start=\"2401\" data-end=\"2513\"><strong data-start=\"2401\" data-end=\"2442\">Palette de commandes pour des actions rapides<\/strong><br data-start=\"2442\" data-end=\"2445\">Acc\u00e9dez rapidement aux fonctions importantes via une palette de commandes.<\/p>\n<p data-start=\"2515\" data-end=\"2641\"><strong data-start=\"2515\" data-end=\"2544\">Application mobile installable<\/strong><br data-start=\"2544\" data-end=\"2547\">L\u2019application peut \u00eatre install\u00e9e sur smartphone et se comporte comme une application native.<\/p>\n<p data-start=\"2515\" data-end=\"2641\"><strong>Enrichir les contacts avec l\u2019IA<\/strong><br \/>\nCapturez des contacts complets avec l\u2019enrichissement des contacts Aivie avec Gemini AI.<\/p>\n<h2 data-section-id=\"vmvucs\" data-start=\"0\" data-end=\"60\">Comprenez vraiment vos contacts \u2013 sans effort manuel<\/h2>\n<p data-start=\"62\" data-end=\"561\">Des donn\u00e9es de contact incompl\u00e8tes rendent les campagnes cibl\u00e9es difficiles et font perdre du temps en recherches manuelles. Avec la fonctionnalit\u00e9 d\u2019enrichissement des contacts Aivie bas\u00e9e sur Gemini AI, vos contacts sont automatiquement enrichis d\u2019informations pertinentes et compl\u00e9t\u00e9s en profils parlants. Vous pouvez ainsi mieux segmenter, personnaliser et prendre des d\u00e9cisions \u00e9clair\u00e9es \u2013 sans effort suppl\u00e9mentaire et directement dans vos processus marketing existants.  <\/p>\n<h2 data-section-id=\"113mv85\" data-start=\"2648\" data-end=\"2692\">Pourquoi utiliser une application Mautic<\/h2>\n<p data-start=\"2694\" data-end=\"2851\">De nombreuses entreprises utilisent Mautic avec succ\u00e8s pour le Marketing Automation. Cependant, au quotidien, il manque souvent un moyen simple de modifier les contacts en d\u00e9placement. <\/p>\n<p data-start=\"2853\" data-end=\"2989\">L\u2019app mobile Mautic comble pr\u00e9cis\u00e9ment cette lacune. Elle compl\u00e8te votre <strong data-start=\"2921\" data-end=\"2935\">Mautic CRM<\/strong> par une interface mobile pour la vente et le marketing. <\/p>\n<p data-start=\"2991\" data-end=\"3004\">Cela permet:<\/p>\n<ul data-start=\"3006\" data-end=\"3162\">\n<li data-section-id=\"yr1au4\" data-start=\"3006\" data-end=\"3031\">\n<p data-start=\"3008\" data-end=\"3031\">des donn\u00e9es CRM plus actuelles<\/p>\n<\/li>\n<li data-section-id=\"bjx36p\" data-start=\"3032\" data-end=\"3069\">\n<p data-start=\"3034\" data-end=\"3069\">un traitement plus rapide des leads<\/p>\n<\/li>\n<li data-section-id=\"3e0nh1\" data-start=\"3070\" data-end=\"3129\">\n<p data-start=\"3072\" data-end=\"3129\">une meilleure collaboration entre marketing et vente<\/p>\n<\/li>\n<li data-section-id=\"s7y1yh\" data-start=\"3130\" data-end=\"3162\">\n<p data-start=\"3132\" data-end=\"3162\">moins de suivis oubli\u00e9s<\/p>\n<\/li>\n<\/ul>\n<h2 data-section-id=\"qmxusn\" data-start=\"3169\" data-end=\"3214\">\u00c0 qui s\u2019adresse l\u2019application Mautic<\/h2>\n<p data-start=\"3216\" data-end=\"3264\">Lapp mobile Mautic est particuli\u00e8rement adapt\u00e9e aux:<\/p>\n<ul data-start=\"3266\" data-end=\"3514\">\n<li data-section-id=\"19u3jkq\" data-start=\"3266\" data-end=\"3321\">\n<p data-start=\"3268\" data-end=\"3321\">Responsables marketing g\u00e9rant les leads et les contacts<\/p>\n<\/li>\n<li data-section-id=\"hge5mz\" data-start=\"3322\" data-end=\"3378\">\n<p data-start=\"3324\" data-end=\"3378\">\u00c9quipes de vente menant des entretiens clients en d\u00e9placement<\/p>\n<\/li>\n<li data-section-id=\"1188po8\" data-start=\"3379\" data-end=\"3448\">\n<p data-start=\"3381\" data-end=\"3448\">Entreprises utilisant activement leur <strong data-start=\"3402\" data-end=\"3416\">Mautic CRM<\/strong> dans le processus de vente<\/p>\n<\/li>\n<li data-section-id=\"8n4j6x\" data-start=\"3449\" data-end=\"3514\">\n<p data-start=\"3451\" data-end=\"3514\">\u00c9quipes souhaitant actualiser les donn\u00e9es CRM directement apr\u00e8s les r\u00e9unions<\/p>\n<\/li>\n<\/ul>\n<h2 data-section-id=\"zvf36w\" data-start=\"3521\" data-end=\"3536\">Mod\u00e8le de licence<\/h2>\n<p data-start=\"3538\" data-end=\"3621\">L\u2019<strong data-start=\"3542\" data-end=\"3563\">app mobile Mautic<\/strong> est propos\u00e9e sous forme de <strong data-start=\"3573\" data-end=\"3610\">licence par utilisateur et par mois<\/strong>.<\/p>\n<p data-start=\"3623\" data-end=\"3834\">Chaque personne utilisant l\u2019application et acc\u00e9dant au CRM Mautic doit disposer de sa propre licence. Cela garantit une utilisation transparente et permet une adaptation flexible \u00e0 la taille de votre \u00e9quipe. <\/p>\n<p data-start=\"3836\" data-end=\"3904\">Le nombre de licences peut \u00eatre augment\u00e9 ou r\u00e9duit \u00e0 tout moment.<\/p>\n<p data-start=\"3836\" data-end=\"3904\">Nos <a href=\"https:\/\/aivie.ch\/fr\/conditions-generales-de-vente\/\" target=\"_blank\" rel=\"noopener noreferrer\">conditions g\u00e9n\u00e9rales de vente<\/a> s&rsquo;appliquent.<\/p>\n","protected":false},"excerpt":{"rendered":"<p>Avec l\u2019application Aivie Mautic, utilisez votre CRM Mautic m\u00eame en d\u00e9placement. Acc\u00e9dez \u00e0 vos contacts, actualisez vos leads, saisissez des notes apr\u00e8s vos r\u00e9unions et gardez un \u0153il sur votre tunnel de vente \u00e0 tout moment \u2013 optimis\u00e9 pour smartphone et tablette. <\/p>\n","protected":false},"featured_media":29317,"comment_status":"closed","ping_status":"closed","template":"","meta":{"_acf_changed":false},"product_brand":[],"product_cat":[1281,1367,828],"product_tag":[1642,1268,1641,1269],"class_list":{"0":"post-29316","1":"product","2":"type-product","3":"status-publish","4":"has-post-thumbnail","6":"product_cat-add-on","7":"product_cat-marque-blanche","8":"product_cat-plugin-mautic","9":"product_tag-app","10":"product_tag-crm","11":"product_tag-mobile","12":"product_tag-ventes","14":"first","15":"instock","16":"virtual","17":"taxable","18":"purchasable","19":"product-type-subscription"},"acf":[],"featured_image_urls_v2":{"full":["https:\/\/cdn.aivie.ch\/media\/wp\/2026\/03\/11221449\/mobile-crm-mautic-aivie-app-robert.png",1200,800,false],"thumbnail":["https:\/\/cdn.aivie.ch\/media\/wp\/2026\/03\/11221449\/mobile-crm-mautic-aivie-app-robert-240x240.png",240,240,true],"medium":["https:\/\/cdn.aivie.ch\/media\/wp\/2026\/03\/11221449\/mobile-crm-mautic-aivie-app-robert-960x640.png",960,640,true],"medium_large":["https:\/\/cdn.aivie.ch\/media\/wp\/2026\/03\/11221449\/mobile-crm-mautic-aivie-app-robert-768x512.png",768,512,true],"large":["https:\/\/cdn.aivie.ch\/media\/wp\/2026\/03\/11221449\/mobile-crm-mautic-aivie-app-robert.png",990,660,false],"post-thumbnail":["https:\/\/cdn.aivie.ch\/media\/wp\/2026\/03\/11221449\/mobile-crm-mautic-aivie-app-robert.png",1200,800,false],"aiv_480w":["https:\/\/cdn.aivie.ch\/media\/wp\/2026\/03\/11221449\/mobile-crm-mautic-aivie-app-robert-480x320.png",480,320,true],"woocommerce_thumbnail":["https:\/\/cdn.aivie.ch\/media\/wp\/2026\/03\/11221449\/mobile-crm-mautic-aivie-app-robert-240x240.png",240,240,true],"woocommerce_single":["https:\/\/cdn.aivie.ch\/media\/wp\/2026\/03\/11221449\/mobile-crm-mautic-aivie-app-robert-960x640.png",960,640,true],"woocommerce_gallery_thumbnail":["https:\/\/cdn.aivie.ch\/media\/wp\/2026\/03\/11221449\/mobile-crm-mautic-aivie-app-robert-240x240.png",240,240,true]},"post_excerpt_stackable_v2":"<p>Avec l\u2019application Aivie Mautic, utilisez votre CRM Mautic m\u00eame en d\u00e9placement. Acc\u00e9dez \u00e0 vos contacts, actualisez vos leads, saisissez des notes apr\u00e8s vos r\u00e9unions et gardez un \u0153il sur votre tunnel de vente \u00e0 tout moment \u2013 optimis\u00e9 pour smartphone et tablette. <\/p>\n","category_list_v2":"","author_info_v2":{"name":"","url":""},"comments_num_v2":"0 commentaire","_links":{"self":[{"href":"https:\/\/aivie.ch\/fr\/wp-json\/wp\/v2\/product\/29316","targetHints":{"allow":["GET"]}}],"collection":[{"href":"https:\/\/aivie.ch\/fr\/wp-json\/wp\/v2\/product"}],"about":[{"href":"https:\/\/aivie.ch\/fr\/wp-json\/wp\/v2\/types\/product"}],"replies":[{"embeddable":true,"href":"https:\/\/aivie.ch\/fr\/wp-json\/wp\/v2\/comments?post=29316"}],"wp:featuredmedia":[{"embeddable":true,"href":"https:\/\/aivie.ch\/fr\/wp-json\/wp\/v2\/media\/29317"}],"wp:attachment":[{"href":"https:\/\/aivie.ch\/fr\/wp-json\/wp\/v2\/media?parent=29316"}],"wp:term":[{"taxonomy":"product_brand","embeddable":true,"href":"https:\/\/aivie.ch\/fr\/wp-json\/wp\/v2\/product_brand?post=29316"},{"taxonomy":"product_cat","embeddable":true,"href":"https:\/\/aivie.ch\/fr\/wp-json\/wp\/v2\/product_cat?post=29316"},{"taxonomy":"product_tag","embeddable":true,"href":"https:\/\/aivie.ch\/fr\/wp-json\/wp\/v2\/product_tag?post=29316"}],"curies":[{"name":"wp","href":"https:\/\/api.w.org\/{rel}","templated":true}]}}