{"id":29065,"date":"2026-02-27T17:55:20","date_gmt":"2026-02-27T15:55:20","guid":{"rendered":"https:\/\/aivie.ch\/product\/addon-integration-aivie-bigquery\/"},"modified":"2026-03-11T22:28:15","modified_gmt":"2026-03-11T20:28:15","slug":"addon-integration-aivie-bigquery","status":"publish","type":"product","link":"https:\/\/aivie.ch\/fr\/produit\/addon-integration-aivie-bigquery\/","title":{"rendered":"Extension : Int\u00e9gration Aivie BigQuery"},"content":{"rendered":"<p data-start=\"30\" data-end=\"128\">Utilisez vos donn\u00e9es Aivie directement dans Google BigQuery pour l\u2019analyse, le reporting et le suivi des conversions<\/p>\n<p data-start=\"130\" data-end=\"375\">Gr\u00e2ce \u00e0 l\u2019int\u00e9gration Aivie BigQuery, vos donn\u00e9es de marketing automation sont structur\u00e9es et mises \u00e0 disposition dans Google BigQuery. Vous pouvez ainsi analyser de mani\u00e8re flexible les campagnes, les contacts, les \u00e9v\u00e9nements et les conversions, et les combiner avec d\u2019autres sources de donn\u00e9es. <\/p>\n<p data-start=\"377\" data-end=\"559\">L\u2019int\u00e9gration s\u2019adresse aux marketeurs technophiles, aux \u00e9quipes de donn\u00e9es et aux responsables de la performance qui souhaitent non seulement visualiser leurs donn\u00e9es marketing, mais aussi les exploiter de mani\u00e8re strat\u00e9gique.<\/p>\n<h2 data-start=\"0\" data-end=\"17\">Qu&rsquo;est-ce que BigQuery ?<\/h2>\n<p data-start=\"19\" data-end=\"532\" data-is-last-node=\"\" data-is-only-node=\"\">BigQuery est l&rsquo;entrep\u00f4t de donn\u00e9es sans serveur de Google Cloud. Il permet d&rsquo;analyser de grandes quantit\u00e9s de donn\u00e9es marketing et commerciales structur\u00e9es en quelques secondes. <\/p>\n<p data-start=\"19\" data-end=\"532\" data-is-last-node=\"\" data-is-only-node=\"\">Dans le contexte d&rsquo;Aivie, cela signifie : les donn\u00e9es de campagnes, de contacts, d&rsquo;\u00e9v\u00e9nements et de conversions peuvent \u00eatre export\u00e9es de mani\u00e8re structur\u00e9e et li\u00e9es \u00e0 d&rsquo;autres sources de donn\u00e9es telles que Google Ads, Meta Ads, l&rsquo;analyse web, les syst\u00e8mes CRM ou ERP. Cela cr\u00e9e une base de donn\u00e9es marketing centrale et consolid\u00e9e. <\/p>\n<h2 data-start=\"561\" data-end=\"592\">Que permet l&rsquo;int\u00e9gration Aivie BigQuery ?<\/h2>\n<p data-start=\"594\" data-end=\"878\">\u2022 Export des donn\u00e9es Aivie vers Google BigQuery<br data-start=\"639\" data-end=\"642\">\u2022 Utilisation des donn\u00e9es dans des outils de tableau de bord comme Looker Studio<br data-start=\"693\" data-end=\"696\">\u2022 Synchronisation dans Google Sheets<br data-start=\"733\" data-end=\"736\">\u2022 Combinaison avec les donn\u00e9es Google Ads, GA4, CRM ou ERP<br data-start=\"789\" data-end=\"792\">\u2022 Cr\u00e9ation de mod\u00e8les d&rsquo;attribution personnalis\u00e9s<br data-start=\"828\" data-end=\"831\">\u2022 Analyses SQL individuelles sur la base de donn\u00e9es brutes<\/p>\n<h2 data-start=\"880\" data-end=\"910\">Protection des donn\u00e9es et masquage des PII<\/h2>\n<p data-start=\"912\" data-end=\"1033\">Un avantage central est la possibilit\u00e9 d\u2019anonymiser ou de pseudonymiser les donn\u00e9es personnelles de mani\u00e8re contr\u00f4l\u00e9e.<\/p>\n<p data-start=\"1035\" data-end=\"1310\">\u2022 Les adresses e-mail peuvent \u00eatre hach\u00e9es<br data-start=\"1075\" data-end=\"1078\">\u2022 Les donn\u00e9es personnelles peuvent \u00eatre masqu\u00e9es ou r\u00e9duites<br data-start=\"1140\" data-end=\"1143\">\u2022 Les identifiants pertinents pour la conversion comme gclid peuvent \u00eatre trait\u00e9s proprement<br data-start=\"1219\" data-end=\"1222\">\u2022 Les valeurs de hachage peuvent \u00eatre transmises directement aux plateformes publicitaires comme Google Ads pour le suivi des conversions am\u00e9lior\u00e9es<\/p>\n<p data-start=\"1312\" data-end=\"1462\">Cela permet de concilier efficacit\u00e9 marketing et protection des donn\u00e9es. Le suivi des conversions reste pr\u00e9cis tout en prot\u00e9geant les donn\u00e9es sensibles. <\/p>\n<h2 data-start=\"1464\" data-end=\"1479\">Avantages commerciaux<\/h2>\n<p data-start=\"1481\" data-end=\"1529\">De meilleures donn\u00e9es m\u00e8nent \u00e0 de meilleures d\u00e9cisions.<\/p>\n<p data-start=\"1531\" data-end=\"1576\">Avec l\u2019int\u00e9gration Aivie BigQuery, vous pouvez :<\/p>\n<p data-start=\"1578\" data-end=\"1851\">\u2022 Mesurer pr\u00e9cis\u00e9ment le ROI marketing<br data-start=\"1608\" data-end=\"1611\">\u2022 Analyser la performance des campagnes sur tous les canaux<br data-start=\"1664\" data-end=\"1667\">\u2022 R\u00e9partir le budget plus efficacement<br data-start=\"1697\" data-end=\"1700\">\u2022 D\u00e9velopper ses propres KPI et mod\u00e8les de score<br data-start=\"1742\" data-end=\"1745\">\u2022 Mettre en place une attribution ind\u00e9pendante des outils standards<br data-start=\"1797\" data-end=\"1800\">\u2022 Fournir des tableaux de bord de gestion en temps r\u00e9el<\/p>\n<p data-start=\"1853\" data-end=\"1938\">Au lieu de travailler avec des rapports isol\u00e9s, une base de donn\u00e9es marketing centrale est cr\u00e9\u00e9e.<\/p>\n<h2 data-start=\"1940\" data-end=\"1964\">Cas d\u2019utilisation typiques<\/h2>\n<p data-start=\"1966\" data-end=\"2233\">\u2022 Reporting de performance marketing avec Looker Studio<br data-start=\"2017\" data-end=\"2020\">\u2022 Consolidation des leads Aivie avec les co\u00fbts Google Ads<br data-start=\"2075\" data-end=\"2078\">\u2022 Cr\u00e9ation d&rsquo;un mod\u00e8le de valeur vie client (CLV) personnalis\u00e9<br data-start=\"2132\" data-end=\"2135\">\u2022 Strat\u00e9gie d&rsquo;entrep\u00f4t de donn\u00e9es pour le marketing<br data-start=\"2175\" data-end=\"2178\">\u2022 Pr\u00e9paration des donn\u00e9es pour la BI ou le Machine Learning<\/p>\n<h2 data-start=\"2235\" data-end=\"2265\">Installation et disponibilit\u00e9<\/h2>\n<p data-start=\"2267\" data-end=\"2349\">L\u2019int\u00e9gration est adapt\u00e9e individuellement \u00e0 votre configuration. Aivie vous accompagne pour : <\/p>\n<p data-start=\"2351\" data-end=\"2510\">\u2022 Conception de l&rsquo;architecture<br data-start=\"2371\" data-end=\"2374\">\u2022 Structure du jeu de donn\u00e9es BigQuery<br data-start=\"2401\" data-end=\"2404\">\u2022 Mapping des champs et strat\u00e9gie de hachage<br data-start=\"2437\" data-end=\"2440\">\u2022 Conception de la protection des donn\u00e9es<br data-start=\"2464\" data-end=\"2467\">\u2022 Mise en place d&rsquo;exportations automatis\u00e9es<\/p>\n<h2 data-start=\"2512\" data-end=\"2522\">Groupe cible<\/h2>\n<p data-start=\"2524\" data-end=\"2729\">\u2022 Marketeurs de performance ax\u00e9s sur Google Ads<br data-start=\"2567\" data-end=\"2570\">\u2022 \u00c9quipes d&rsquo;op\u00e9rations marketing<br data-start=\"2598\" data-end=\"2601\">\u2022 Analystes de donn\u00e9es en marketing<br data-start=\"2629\" data-end=\"2632\">\u2022 Entreprises avec une strat\u00e9gie d&rsquo;entrep\u00f4t de donn\u00e9es<br data-start=\"2674\" data-end=\"2677\">\u2022 Organisations ayant des exigences \u00e9lev\u00e9es en mati\u00e8re de protection des donn\u00e9es<\/p>\n<p data-start=\"2731\" data-end=\"2872\" data-is-last-node=\"\" data-is-only-node=\"\">L\u2019int\u00e9gration Aivie BigQuery transforme vos donn\u00e9es de marketing automation en un atout strat\u00e9gique plut\u00f4t qu\u2019en un simple sous-produit de reporting.<\/p>\n<p data-start=\"2731\" data-end=\"2872\" data-is-last-node=\"\" data-is-only-node=\"\">Nos <a href=\"https:\/\/aivie.ch\/fr\/conditions-generales-de-vente\/\" target=\"_blank\" rel=\"noopener noreferrer\">conditions g\u00e9n\u00e9rales de vente<\/a> s&rsquo;appliquent.<\/p>\n<p data-start=\"2731\" data-end=\"2872\" data-is-last-node=\"\" data-is-only-node=\"\">\n<div class=\"alignfull wp-block-ugb-columns ugb-columns ugb-091e990 ugb-columns--design-plain ugb-columns--columns-2 ugb-main-block ugb-main-block--inner-center ugb--has-block-background\"><style>.ugb-091e990-content-wrapper{grid-column-gap:60px !important}.ugb-091e990.ugb-columns{background-color:#cfe7e1}.ugb-091e990.ugb-columns:before{background-color:#cfe7e1}<\/style><div class=\"ugb-inner-block ugb-inner-block--center\"><div class=\"ugb-block-content\"><div class=\"ugb-columns__item ugb-091e990-content-wrapper\">\n<div class=\"wp-block-ugb-column ugb-column ugb-d6f33f0 ugb-column--design-plain ugb-main-block\"><style>@media screen and (min-width:768px){.ugb-d6f33f0.ugb-column{margin-top:0px !important}.ugb-d6f33f0 > .ugb-inner-block > .ugb-block-content > *{justify-content:flex-end}}.ugb-d6f33f0 > .ugb-inner-block > .ugb-block-content > *{justify-content:flex-end !important}@media screen and (min-width:768px){.ugb-d6f33f0 > .ugb-inner-block > .ugb-block-content > *{padding-top:0px !important;padding-bottom:0px !important;padding-right:0px !important;padding-left:0px !important}}<\/style><div class=\"ugb-inner-block\"><div class=\"ugb-block-content\"><div class=\"ugb-column__item ugb-d6f33f0-column-wrapper\"><div class=\"ugb-column__content-wrapper\">\n<div class=\"wp-block-ugb-heading ugb-heading ugb-48550e9 ugb-main-block\"><div class=\"ugb-inner-block\"><div class=\"ugb-block-content\"><h2 class=\"ugb-heading__title\"><span style=\"color: #e63312;\" class=\"stk-highlight\">Lass deine Kontakte nicht warten.<\/span><\/h2><\/div><\/div><\/div>\n\n\n\n<figure class=\"wp-block-image size-full is-style-default\"><img decoding=\"async\" src=\"https:\/\/cdn.aivie.ch\/media\/wp\/2022\/09\/06100554\/Aivie-Free.webp\" alt=\"Marketing Automation Aivie-Free\" class=\"wp-image-11417\" title=\"\"><\/figure>\n<\/div><\/div><\/div><\/div><\/div>\n\n\n\n<div class=\"wp-block-ugb-column ugb-column ugb-6da6590 ugb-column--design-plain ugb-main-block\"><div class=\"ugb-inner-block\"><div class=\"ugb-block-content\"><div class=\"ugb-column__item ugb-6da6590-column-wrapper\"><div class=\"ugb-column__content-wrapper\">\n<div class=\"wp-block-ugb-heading ugb-heading ugb-dab8255 ugb-main-block\"><style>.ugb-dab8255 .ugb-heading__title{color:#283e4c}<\/style><div class=\"ugb-inner-block\"><div class=\"ugb-block-content\"><h2 class=\"ugb-heading__title\"><span style=\"color: #283e4c;\" class=\"ugb-highlight\">Kostenlos mit Aivie starten<\/span>.<\/h2><p class=\"ugb-heading__subtitle\">Nutze Aivie 30 Tage lang kostenlos und pr\u00fcfe wie du dank Aivie deine Kontakte gezielt erreichen kannst. Aivie bietet dir schon im Trial alle M\u00f6glichkeiten der Vollversion.<br><br>Probier es jetzt einfach aus.<\/p><\/div><\/div><\/div>\n\n\n\n<div class=\"wp-block-ugb-button ugb-button-wrapper ugb-f7ceaee ugb-main-block\"><style>.ugb-f7ceaee .ugb-block-content{justify-content:flex-start !important}.ugb-f7ceaee .ugb-inner-block{text-align:left}<\/style><div class=\"ugb-inner-block\"><div class=\"ugb-block-content\"><div class=\"ugb-button-container\"><a class=\"ugb-button1 ugb-button ugb-button--size-normal\" href=\"https:\/\/aivie.ch\/preise-pakete\/#price\" rel=\"\" title=\"\"><span class=\"ugb-button--inner\">Kostenlos starten<\/span><\/a><\/div><div class=\"ugb-button-container\"><a class=\"ugb-button2 ugb-button ugb-button--size-normal ugb-button--design-plain\" href=\"https:\/\/aivie.ch\/author\/martin\/\" rel=\"\" title=\"\"><span class=\"ugb-button--inner\">Demo vereinbaren<\/span><\/a><\/div><\/div><\/div><\/div>\n<\/div><\/div><\/div><\/div><\/div>\n<\/div><\/div><\/div><\/div>\n<\/p>\n","protected":false},"excerpt":{"rendered":"<p>L&rsquo;int\u00e9gration Aivie BigQuery rend vos donn\u00e9es marketing analysables et directement utilisables en toute conformit\u00e9 avec la protection des donn\u00e9es pour un reporting pr\u00e9cis, l&rsquo;attribution et le suivi des conversions sur tous les canaux. Sans compromis sur la protection des donn\u00e9es. <\/p>\n","protected":false},"featured_media":29071,"comment_status":"closed","ping_status":"closed","template":"","meta":{"_acf_changed":false},"product_brand":[],"product_cat":[1281],"product_tag":[1621,1622,1623],"class_list":{"0":"post-29065","1":"product","2":"type-product","3":"status-publish","4":"has-post-thumbnail","6":"product_cat-add-on","7":"product_tag-big-query","8":"product_tag-integration","9":"product_tag-tableau-de-bord","11":"first","12":"instock","13":"virtual","14":"taxable","15":"purchasable","16":"product-type-subscription"},"acf":[],"featured_image_urls_v2":{"full":["https:\/\/cdn.aivie.ch\/media\/wp\/2026\/02\/27180509\/aivie-big-query-integration.jpg",1200,800,false],"thumbnail":["https:\/\/cdn.aivie.ch\/media\/wp\/2026\/02\/27180509\/aivie-big-query-integration-240x240.jpg",240,240,true],"medium":["https:\/\/cdn.aivie.ch\/media\/wp\/2026\/02\/27180509\/aivie-big-query-integration-960x640.jpg",960,640,true],"medium_large":["https:\/\/cdn.aivie.ch\/media\/wp\/2026\/02\/27180509\/aivie-big-query-integration-768x512.jpg",768,512,true],"large":["https:\/\/cdn.aivie.ch\/media\/wp\/2026\/02\/27180509\/aivie-big-query-integration.jpg",990,660,false],"post-thumbnail":["https:\/\/cdn.aivie.ch\/media\/wp\/2026\/02\/27180509\/aivie-big-query-integration.jpg",1200,800,false],"aiv_480w":["https:\/\/cdn.aivie.ch\/media\/wp\/2026\/02\/27180509\/aivie-big-query-integration-480x320.jpg",480,320,true],"woocommerce_thumbnail":["https:\/\/cdn.aivie.ch\/media\/wp\/2026\/02\/27180509\/aivie-big-query-integration-240x240.jpg",240,240,true],"woocommerce_single":["https:\/\/cdn.aivie.ch\/media\/wp\/2026\/02\/27180509\/aivie-big-query-integration-960x640.jpg",960,640,true],"woocommerce_gallery_thumbnail":["https:\/\/cdn.aivie.ch\/media\/wp\/2026\/02\/27180509\/aivie-big-query-integration-240x240.jpg",240,240,true]},"post_excerpt_stackable_v2":"<p>L&rsquo;int\u00e9gration Aivie BigQuery rend vos donn\u00e9es marketing analysables et directement utilisables en toute conformit\u00e9 avec la protection des donn\u00e9es pour un reporting pr\u00e9cis, l&rsquo;attribution et le suivi des conversions sur tous les canaux. Sans compromis sur la protection des donn\u00e9es. <\/p>\n","category_list_v2":"","author_info_v2":{"name":"","url":""},"comments_num_v2":"0 commentaire","_links":{"self":[{"href":"https:\/\/aivie.ch\/fr\/wp-json\/wp\/v2\/product\/29065","targetHints":{"allow":["GET"]}}],"collection":[{"href":"https:\/\/aivie.ch\/fr\/wp-json\/wp\/v2\/product"}],"about":[{"href":"https:\/\/aivie.ch\/fr\/wp-json\/wp\/v2\/types\/product"}],"replies":[{"embeddable":true,"href":"https:\/\/aivie.ch\/fr\/wp-json\/wp\/v2\/comments?post=29065"}],"wp:featuredmedia":[{"embeddable":true,"href":"https:\/\/aivie.ch\/fr\/wp-json\/wp\/v2\/media\/29071"}],"wp:attachment":[{"href":"https:\/\/aivie.ch\/fr\/wp-json\/wp\/v2\/media?parent=29065"}],"wp:term":[{"taxonomy":"product_brand","embeddable":true,"href":"https:\/\/aivie.ch\/fr\/wp-json\/wp\/v2\/product_brand?post=29065"},{"taxonomy":"product_cat","embeddable":true,"href":"https:\/\/aivie.ch\/fr\/wp-json\/wp\/v2\/product_cat?post=29065"},{"taxonomy":"product_tag","embeddable":true,"href":"https:\/\/aivie.ch\/fr\/wp-json\/wp\/v2\/product_tag?post=29065"}],"curies":[{"name":"wp","href":"https:\/\/api.w.org\/{rel}","templated":true}]}}