{"id":28864,"date":"2026-02-24T11:34:28","date_gmt":"2026-02-24T09:34:28","guid":{"rendered":"https:\/\/aivie.ch\/product\/plugin-mautic-recaptcha-protegez-vos-formulaires-contre-le-spam\/"},"modified":"2026-02-27T18:10:29","modified_gmt":"2026-02-27T16:10:29","slug":"plugin-mautic-recaptcha-protegez-vos-formulaires-contre-le-spam","status":"publish","type":"product","link":"https:\/\/aivie.ch\/fr\/produit\/plugin-mautic-recaptcha-protegez-vos-formulaires-contre-le-spam\/","title":{"rendered":"Plugin Mautic ReCaptcha : Prot\u00e9gez vos formulaires contre le SPAM"},"content":{"rendered":"<h2 data-start=\"27\" data-end=\"80\">Prot\u00e9gez efficacement vos formulaires Mautic contre le SPAM<\/h2>\n<p data-start=\"82\" data-end=\"359\">Le plugin Mautic ReCaptcha prot\u00e8ge efficacement vos formulaires Mautic contre les entr\u00e9es SPAM automatis\u00e9es et les attaques de bots. Il int\u00e8gre Google reCAPTCHA Enterprise de mani\u00e8re transparente dans votre installation Mautic existante et garantit que seuls de vrais contacts arrivent dans votre syst\u00e8me. <\/p>\n<p data-start=\"361\" data-end=\"608\">Dans le domaine de l&rsquo;automatisation marketing, la qualit\u00e9 des donn\u00e9es est cruciale. Les contacts spam faussent les rapports, d\u00e9clenchent des campagnes inutiles et g\u00e9n\u00e8rent des co\u00fbts. Avec ce plugin, vous vous assurez que vos formulaires restent propres, s\u00e9curis\u00e9s et performants.  <\/p>\n<h2 data-start=\"610\" data-end=\"633\">Fonctionnalit\u00e9s en un coup d&rsquo;\u0153il<\/h2>\n<ul>\n<li data-start=\"635\" data-end=\"961\">Int\u00e9gration de Google reCAPTCHA v3 Enterprise<\/li>\n<li data-start=\"635\" data-end=\"961\">Protection automatique en arri\u00e8re-plan<\/li>\n<li data-start=\"635\" data-end=\"961\">Aucune question g\u00eanante pour l&rsquo;utilisateur<\/li>\n<li data-start=\"635\" data-end=\"961\">Protection pour les formulaires Mautic<\/li>\n<li data-start=\"635\" data-end=\"961\">Configuration flexible au sein de Mautic<\/li>\n<li data-start=\"635\" data-end=\"961\">Installation simple en tant que plugin<\/li>\n<li data-start=\"635\" data-end=\"961\">Protection contre les inscriptions de bots, les attaques de scripts et les soumissions automatis\u00e9es de formulaires<\/li>\n<\/ul>\n<h2 data-start=\"963\" data-end=\"983\">Pourquoi le plugin Mautic ReCaptcha ?<\/h2>\n<p data-start=\"985\" data-end=\"1008\">Les contacts spam signifient :<\/p>\n<ul>\n<li data-start=\"1010\" data-end=\"1134\">Fausses notifications aux contacts professionnels<\/li>\n<li data-start=\"1010\" data-end=\"1134\">Taux de conversion fauss\u00e9s<\/li>\n<li data-start=\"1010\" data-end=\"1134\">Co\u00fbts d&rsquo;e-mails inutiles<\/li>\n<li data-start=\"1010\" data-end=\"1134\">Qualit\u00e9 des leads d\u00e9grad\u00e9e<\/li>\n<li data-start=\"1010\" data-end=\"1134\">Effort de nettoyage suppl\u00e9mentaire<\/li>\n<\/ul>\n<p data-start=\"1136\" data-end=\"1230\">Avec le plugin Mautic ReCaptcha, vous prot\u00e9gez votre infrastructure marketing directement \u00e0 la source.<\/p>\n<p data-start=\"1232\" data-end=\"1262\">Installation et disponibilit\u00e9<\/p>\n<p data-start=\"1264\" data-end=\"1382\">Pour tous les clients Aivie, le plugin est d\u00e9j\u00e0 pr\u00e9install\u00e9.<br data-start=\"1324\" data-end=\"1327\">Pour tous les autres, il est disponible gratuitement sur GitHub.<\/p>\n<p data-start=\"1384\" data-end=\"1456\">D\u00e9p\u00f4t GitHub :<br data-start=\"1402\" data-end=\"1405\"><a class=\"decorated-link\" href=\"https:\/\/github.com\/aiviemarketing\/aivie-recaptcha\" target=\"_blank\" rel=\"noopener\" data-start=\"1405\" data-end=\"1454\">https:\/\/github.com\/aiviemarketing\/aivie-recaptcha<\/a><\/p>\n<p data-start=\"1458\" data-end=\"1534\">Packagist :<br data-start=\"1468\" data-end=\"1471\"><a href=\"https:\/\/packagist.org\/packages\/aiviemarketing\/mautic-recaptcha\" target=\"_blank\" rel=\"noopener\">https:\/\/packagist.org\/packages\/aiviemarketing\/mautic-recaptcha<\/a><\/p>\n<h2 data-start=\"1536\" data-end=\"1560\">Installation par Aivie<\/h2>\n<p>En tant que fournisseur d&rsquo;h\u00e9bergement Mautic g\u00e9r\u00e9, Aivie veille \u00e0 ce que votre syst\u00e8me fonctionne de mani\u00e8re s\u00e9curis\u00e9e, performante et correctement configur\u00e9e. Le plugin ReCaptcha est install\u00e9 gratuitement pour vous. <\/p>\n<p data-start=\"1562\" data-end=\"1730\">Vous h\u00e9bergez Mautic vous-m\u00eame, mais vous ne souhaitez pas vous occuper de l&rsquo;installation du plugin Mautic ReCaptcha ?<br data-start=\"1620\" data-end=\"1623\">Aivie prend en charge l&rsquo;installation professionnelle, la configuration et la connexion de Google reCAPTCHA pour vous.<\/p>\n<p data-start=\"1562\" data-end=\"1730\"><a href=\"https:\/\/aivie.ch\/fr\/contact\/\">Contacte-nous<\/a> pour plus de d\u00e9tails.<\/p>\n<h2 data-start=\"1938\" data-end=\"1948\">Groupe cible<\/h2>\n<ul>\n<li data-start=\"1950\" data-end=\"2138\">Entreprises avec des formulaires accessibles publiquement<\/li>\n<li data-start=\"1950\" data-end=\"2138\">\u00c9quipes marketing avec un volume \u00e9lev\u00e9 de leads<\/li>\n<li data-start=\"1950\" data-end=\"2138\">Exploitants de pages de destination de campagnes<\/li>\n<li data-start=\"1950\" data-end=\"2138\">Organisations avec des besoins de s\u00e9curit\u00e9 accrus<\/li>\n<\/ul>\n<p data-start=\"2140\" data-end=\"2253\" data-is-last-node=\"\" data-is-only-node=\"\">Prot\u00e9gez d\u00e8s maintenant vos formulaires Mautic contre les attaques automatis\u00e9es et am\u00e9liorez durablement la qualit\u00e9 de vos donn\u00e9es.<\/p>\n<p data-start=\"2140\" data-end=\"2253\" data-is-last-node=\"\" data-is-only-node=\"\">\n<div class=\"alignfull wp-block-ugb-columns ugb-columns ugb-091e990 ugb-columns--design-plain ugb-columns--columns-2 ugb-main-block ugb-main-block--inner-center ugb--has-block-background\"><style>.ugb-091e990-content-wrapper{grid-column-gap:60px !important}.ugb-091e990.ugb-columns{background-color:#cfe7e1}.ugb-091e990.ugb-columns:before{background-color:#cfe7e1}<\/style><div class=\"ugb-inner-block ugb-inner-block--center\"><div class=\"ugb-block-content\"><div class=\"ugb-columns__item ugb-091e990-content-wrapper\">\n<div class=\"wp-block-ugb-column ugb-column ugb-d6f33f0 ugb-column--design-plain ugb-main-block\"><style>@media screen and (min-width:768px){.ugb-d6f33f0.ugb-column{margin-top:0px !important}.ugb-d6f33f0 > .ugb-inner-block > .ugb-block-content > *{justify-content:flex-end}}.ugb-d6f33f0 > .ugb-inner-block > .ugb-block-content > *{justify-content:flex-end !important}@media screen and (min-width:768px){.ugb-d6f33f0 > .ugb-inner-block > .ugb-block-content > *{padding-top:0px !important;padding-bottom:0px !important;padding-right:0px !important;padding-left:0px !important}}<\/style><div class=\"ugb-inner-block\"><div class=\"ugb-block-content\"><div class=\"ugb-column__item ugb-d6f33f0-column-wrapper\"><div class=\"ugb-column__content-wrapper\">\n<div class=\"wp-block-ugb-heading ugb-heading ugb-48550e9 ugb-main-block\"><div class=\"ugb-inner-block\"><div class=\"ugb-block-content\"><h2 class=\"ugb-heading__title\"><span style=\"color: #e63312;\" class=\"stk-highlight\">Lass deine Kontakte nicht warten.<\/span><\/h2><\/div><\/div><\/div>\n\n\n\n<figure class=\"wp-block-image size-full is-style-default\"><img decoding=\"async\" src=\"https:\/\/cdn.aivie.ch\/media\/wp\/2022\/09\/06100554\/Aivie-Free.webp\" alt=\"Marketing Automation Aivie-Free\" class=\"wp-image-11417\" title=\"\"><\/figure>\n<\/div><\/div><\/div><\/div><\/div>\n\n\n\n<div class=\"wp-block-ugb-column ugb-column ugb-6da6590 ugb-column--design-plain ugb-main-block\"><div class=\"ugb-inner-block\"><div class=\"ugb-block-content\"><div class=\"ugb-column__item ugb-6da6590-column-wrapper\"><div class=\"ugb-column__content-wrapper\">\n<div class=\"wp-block-ugb-heading ugb-heading ugb-dab8255 ugb-main-block\"><style>.ugb-dab8255 .ugb-heading__title{color:#283e4c}<\/style><div class=\"ugb-inner-block\"><div class=\"ugb-block-content\"><h2 class=\"ugb-heading__title\"><span style=\"color: #283e4c;\" class=\"ugb-highlight\">Kostenlos mit Aivie starten<\/span>.<\/h2><p class=\"ugb-heading__subtitle\">Nutze Aivie 30 Tage lang kostenlos und pr\u00fcfe wie du dank Aivie deine Kontakte gezielt erreichen kannst. Aivie bietet dir schon im Trial alle M\u00f6glichkeiten der Vollversion.<br><br>Probier es jetzt einfach aus.<\/p><\/div><\/div><\/div>\n\n\n\n<div class=\"wp-block-ugb-button ugb-button-wrapper ugb-f7ceaee ugb-main-block\"><style>.ugb-f7ceaee .ugb-block-content{justify-content:flex-start !important}.ugb-f7ceaee .ugb-inner-block{text-align:left}<\/style><div class=\"ugb-inner-block\"><div class=\"ugb-block-content\"><div class=\"ugb-button-container\"><a class=\"ugb-button1 ugb-button ugb-button--size-normal\" href=\"https:\/\/aivie.ch\/preise-pakete\/#price\" rel=\"\" title=\"\"><span class=\"ugb-button--inner\">Kostenlos starten<\/span><\/a><\/div><div class=\"ugb-button-container\"><a class=\"ugb-button2 ugb-button ugb-button--size-normal ugb-button--design-plain\" href=\"https:\/\/aivie.ch\/author\/martin\/\" rel=\"\" title=\"\"><span class=\"ugb-button--inner\">Demo vereinbaren<\/span><\/a><\/div><\/div><\/div><\/div>\n<\/div><\/div><\/div><\/div><\/div>\n<\/div><\/div><\/div><\/div>\n<\/p>\n","protected":false},"excerpt":{"rendered":"<p>S\u00e9curisez vos formulaires Mautic contre le SPAM avec le plugin Mautic ReCaptcha d\u2019Aivie.<\/p>\n","protected":false},"featured_media":28869,"comment_status":"closed","ping_status":"closed","template":"","meta":{"_acf_changed":false},"product_brand":[],"product_cat":[828],"product_tag":[1598,952],"class_list":{"0":"post-28864","1":"product","2":"type-product","3":"status-publish","4":"has-post-thumbnail","6":"product_cat-plugin-mautic","7":"product_tag-recaptcha","8":"product_tag-spam-fr","10":"first","11":"instock","12":"virtual","13":"taxable","14":"purchasable","15":"product-type-simple"},"acf":[],"featured_image_urls_v2":{"full":["https:\/\/cdn.aivie.ch\/media\/wp\/2026\/02\/24114935\/protect-forms-with-aivies-mautic-plugin-recaptcha.jpg",1200,800,false],"thumbnail":["https:\/\/cdn.aivie.ch\/media\/wp\/2026\/02\/24114935\/protect-forms-with-aivies-mautic-plugin-recaptcha-240x240.jpg",240,240,true],"medium":["https:\/\/cdn.aivie.ch\/media\/wp\/2026\/02\/24114935\/protect-forms-with-aivies-mautic-plugin-recaptcha-960x640.jpg",960,640,true],"medium_large":["https:\/\/cdn.aivie.ch\/media\/wp\/2026\/02\/24114935\/protect-forms-with-aivies-mautic-plugin-recaptcha-768x512.jpg",768,512,true],"large":["https:\/\/cdn.aivie.ch\/media\/wp\/2026\/02\/24114935\/protect-forms-with-aivies-mautic-plugin-recaptcha.jpg",990,660,false],"post-thumbnail":["https:\/\/cdn.aivie.ch\/media\/wp\/2026\/02\/24114935\/protect-forms-with-aivies-mautic-plugin-recaptcha.jpg",1200,800,false],"aiv_480w":["https:\/\/cdn.aivie.ch\/media\/wp\/2026\/02\/24114935\/protect-forms-with-aivies-mautic-plugin-recaptcha-480x320.jpg",480,320,true],"woocommerce_thumbnail":["https:\/\/cdn.aivie.ch\/media\/wp\/2026\/02\/24114935\/protect-forms-with-aivies-mautic-plugin-recaptcha-240x240.jpg",240,240,true],"woocommerce_single":["https:\/\/cdn.aivie.ch\/media\/wp\/2026\/02\/24114935\/protect-forms-with-aivies-mautic-plugin-recaptcha-960x640.jpg",960,640,true],"woocommerce_gallery_thumbnail":["https:\/\/cdn.aivie.ch\/media\/wp\/2026\/02\/24114935\/protect-forms-with-aivies-mautic-plugin-recaptcha-240x240.jpg",240,240,true]},"post_excerpt_stackable_v2":"<p>S\u00e9curisez vos formulaires Mautic contre le SPAM avec le plugin Mautic ReCaptcha d\u2019Aivie.<\/p>\n","category_list_v2":"","author_info_v2":{"name":"","url":""},"comments_num_v2":"0 commentaire","_links":{"self":[{"href":"https:\/\/aivie.ch\/fr\/wp-json\/wp\/v2\/product\/28864","targetHints":{"allow":["GET"]}}],"collection":[{"href":"https:\/\/aivie.ch\/fr\/wp-json\/wp\/v2\/product"}],"about":[{"href":"https:\/\/aivie.ch\/fr\/wp-json\/wp\/v2\/types\/product"}],"replies":[{"embeddable":true,"href":"https:\/\/aivie.ch\/fr\/wp-json\/wp\/v2\/comments?post=28864"}],"wp:featuredmedia":[{"embeddable":true,"href":"https:\/\/aivie.ch\/fr\/wp-json\/wp\/v2\/media\/28869"}],"wp:attachment":[{"href":"https:\/\/aivie.ch\/fr\/wp-json\/wp\/v2\/media?parent=28864"}],"wp:term":[{"taxonomy":"product_brand","embeddable":true,"href":"https:\/\/aivie.ch\/fr\/wp-json\/wp\/v2\/product_brand?post=28864"},{"taxonomy":"product_cat","embeddable":true,"href":"https:\/\/aivie.ch\/fr\/wp-json\/wp\/v2\/product_cat?post=28864"},{"taxonomy":"product_tag","embeddable":true,"href":"https:\/\/aivie.ch\/fr\/wp-json\/wp\/v2\/product_tag?post=28864"}],"curies":[{"name":"wp","href":"https:\/\/api.w.org\/{rel}","templated":true}]}}