{"id":27356,"date":"2022-05-05T15:59:54","date_gmt":"2022-05-05T13:59:54","guid":{"rendered":"https:\/\/aivie.ch\/product\/google-ads-par-un-professionnel\/"},"modified":"2026-01-11T14:53:10","modified_gmt":"2026-01-11T12:53:10","slug":"google-ads-par-un-professionnel","status":"publish","type":"product","link":"https:\/\/aivie.ch\/fr\/produit\/google-ads-par-un-professionnel\/","title":{"rendered":"Google Ads par un professionnel"},"content":{"rendered":"<p>D\u00e9veloppez votre plein potentiel et combinez l&rsquo;automatisation du marketing avec Google Ads. Avec Aivie, vous avez acc\u00e8s aux experts de CloudWEB. Cette solution est parfaitement adapt\u00e9e aux PME.<\/p>\n<p>Vous pouvez ainsi collecter avec succ\u00e8s vos contacts via Google Ads et ensuite les adresser de mani\u00e8re personnalis\u00e9e dans Aivie. La combinaison des services CloudWEB et d&rsquo;Aivie rend cela possible \u2013 de mani\u00e8re enti\u00e8rement automatique&nbsp;! <\/p>\n<p><a href=\"https:\/\/www.cloudweb.ch\/\" target=\"_blank\" rel=\"noopener\">CloudWEB<\/a> vous offre tout ce dont vous avez besoin pour optimiser vos Google Ads. Des t\u00e2ches individuelles, comme la mise en place d&rsquo;une campagne Shopping, la configuration d&rsquo;une campagne de remarketing dynamique ou des conseils d&rsquo;optimisation. Dans Aivie, vous enregistrez les donn\u00e9es de tous les contacts et prospects afin de les \u00e9valuer et de les traiter tout au long du parcours client.  <\/p>\n<p>Les co\u00fbts r\u00e9currents s&rsquo;entendent par mois. Vous ne souhaitez pas de co\u00fbts r\u00e9currents&nbsp;? Pas de probl\u00e8me, nous pouvons \u00e9galement simplement configurer votre compte et vous laisser ensuite faire ce que vous voulez. &#x1f642; En r\u00e8gle g\u00e9n\u00e9rale, le suivi est particuli\u00e8rement int\u00e9ressant pendant les premiers mois, car l&rsquo;optimisation est particuli\u00e8rement importante pendant cette p\u00e9riode. Vous d\u00e9terminez vous-m\u00eame la dur\u00e9e pendant laquelle nous devons suivre vos campagnes. Nos packs peuvent \u00eatre r\u00e9sili\u00e9s \u00e0 tout moment. Car nous sommes convaincus qu&rsquo;une collaboration fructueuse \u00e0 long terme repose sur notre succ\u00e8s commun.      <\/p>\n","protected":false},"excerpt":{"rendered":"<p>Google Ads configur\u00e9 par un professionnel. \u00c0 un prix forfaitaire. <\/p>\n","protected":false},"featured_media":10677,"comment_status":"open","ping_status":"closed","template":"","meta":{"_acf_changed":false},"product_brand":[],"product_cat":[947],"product_tag":[],"class_list":{"0":"post-27356","1":"product","2":"type-product","3":"status-publish","4":"has-post-thumbnail","6":"product_cat-services-instantanes","8":"first","9":"instock","10":"taxable","11":"shipping-taxable","12":"purchasable","13":"product-type-variable-subscription"},"acf":[],"featured_image_urls_v2":{"full":["https:\/\/cdn.aivie.ch\/media\/wp\/2022\/05\/22105713\/Woocommerce-Product-Pic-8.jpeg",800,800,false],"thumbnail":["https:\/\/cdn.aivie.ch\/media\/wp\/2022\/05\/22105713\/Woocommerce-Product-Pic-8-240x240.jpeg",240,240,true],"medium":["https:\/\/cdn.aivie.ch\/media\/wp\/2022\/05\/22105713\/Woocommerce-Product-Pic-8.jpeg",800,800,false],"medium_large":["https:\/\/cdn.aivie.ch\/media\/wp\/2022\/05\/22105713\/Woocommerce-Product-Pic-8-768x768.jpeg",768,768,true],"large":["https:\/\/cdn.aivie.ch\/media\/wp\/2022\/05\/22105713\/Woocommerce-Product-Pic-8.jpeg",800,800,false],"post-thumbnail":["https:\/\/cdn.aivie.ch\/media\/wp\/2022\/05\/22105713\/Woocommerce-Product-Pic-8.jpeg",800,800,false],"aiv_480w":["https:\/\/cdn.aivie.ch\/media\/wp\/2022\/05\/22105713\/Woocommerce-Product-Pic-8-480x480.jpeg",480,480,true],"woocommerce_thumbnail":["https:\/\/cdn.aivie.ch\/media\/wp\/2022\/05\/22105713\/Woocommerce-Product-Pic-8-240x240.jpeg",240,240,true],"woocommerce_single":["https:\/\/cdn.aivie.ch\/media\/wp\/2022\/05\/22105713\/Woocommerce-Product-Pic-8.jpeg",800,800,false],"woocommerce_gallery_thumbnail":["https:\/\/cdn.aivie.ch\/media\/wp\/2022\/05\/22105713\/Woocommerce-Product-Pic-8-240x240.jpeg",240,240,true]},"post_excerpt_stackable_v2":"<p>Google Ads configur\u00e9 par un professionnel. \u00c0 un prix forfaitaire. <\/p>\n","category_list_v2":"","author_info_v2":{"name":"","url":""},"comments_num_v2":"0 commentaire","_links":{"self":[{"href":"https:\/\/aivie.ch\/fr\/wp-json\/wp\/v2\/product\/27356","targetHints":{"allow":["GET"]}}],"collection":[{"href":"https:\/\/aivie.ch\/fr\/wp-json\/wp\/v2\/product"}],"about":[{"href":"https:\/\/aivie.ch\/fr\/wp-json\/wp\/v2\/types\/product"}],"replies":[{"embeddable":true,"href":"https:\/\/aivie.ch\/fr\/wp-json\/wp\/v2\/comments?post=27356"}],"wp:featuredmedia":[{"embeddable":true,"href":"https:\/\/aivie.ch\/fr\/wp-json\/wp\/v2\/media\/10677"}],"wp:attachment":[{"href":"https:\/\/aivie.ch\/fr\/wp-json\/wp\/v2\/media?parent=27356"}],"wp:term":[{"taxonomy":"product_brand","embeddable":true,"href":"https:\/\/aivie.ch\/fr\/wp-json\/wp\/v2\/product_brand?post=27356"},{"taxonomy":"product_cat","embeddable":true,"href":"https:\/\/aivie.ch\/fr\/wp-json\/wp\/v2\/product_cat?post=27356"},{"taxonomy":"product_tag","embeddable":true,"href":"https:\/\/aivie.ch\/fr\/wp-json\/wp\/v2\/product_tag?post=27356"}],"curies":[{"name":"wp","href":"https:\/\/api.w.org\/{rel}","templated":true}]}}