{"id":27195,"date":"2023-03-17T10:43:58","date_gmt":"2023-03-17T08:43:58","guid":{"rendered":"https:\/\/aivie.ch\/product\/banniere-de-cookies-instant-service-conforme-au-rgpd-et-a-la-lpd-revisee\/"},"modified":"2026-01-11T14:49:51","modified_gmt":"2026-01-11T12:49:51","slug":"banniere-de-cookies-instant-service-conforme-au-rgpd-et-a-la-lpd-revisee","status":"publish","type":"product","link":"https:\/\/aivie.ch\/fr\/produit\/banniere-de-cookies-instant-service-conforme-au-rgpd-et-a-la-lpd-revisee\/","title":{"rendered":"Banni\u00e8re de cookies Instant Service conforme au RGPD et \u00e0 la LPD r\u00e9vis\u00e9e"},"content":{"rendered":"<p>Votre site web n&rsquo;a pas encore de banni\u00e8re de cookies conforme au RGPD et \u00e0 la LPD r\u00e9vis\u00e9e&nbsp;?<\/p>\n<p>Chaque site web a besoin d&rsquo;un consentement explicite des visiteurs du site pour tous les cookies. Une remarque du type \u00ab&nbsp;Notre site web utilise des cookies. En continuant \u00e0 utiliser ce site, vous acceptez leur utilisation.&nbsp;\u00bb n&rsquo;est pas suffisante. <\/p>\n<p>Avec la nouvelle loi suisse sur la protection des donn\u00e9es (LPD r\u00e9vis\u00e9e), une nouvelle loi sur la protection des donn\u00e9es entre en vigueur en Suisse. Ce qui augmente l&rsquo;importance d&rsquo;une banni\u00e8re de cookies mise en place dans le respect de la protection des donn\u00e9es. <\/p>\n<p>Ce que nous faisons pour vous&nbsp;:<\/p>\n<ol>\n<li>Installation d&rsquo;une banni\u00e8re de cookies conforme au RGPD avec gestion du consentement sur votre site web<\/li>\n<li>Configuration bas\u00e9e sur les cookies existants<\/li>\n<li>Tests finaux et confirmation que tout fonctionne.<\/li>\n<\/ol>\n<p>&nbsp;<\/p>\n","protected":false},"excerpt":{"rendered":"<p>Votre site web n&rsquo;a pas encore de banni\u00e8re de cookies conforme au RGPD et \u00e0 la LPD r\u00e9vis\u00e9e&nbsp;? Chaque site web a besoin d&rsquo;un consentement explicite des visiteurs du site pour tous les cookies. Une remarque du type \u00ab&nbsp;Notre site web utilise des cookies. En continuant \u00e0 utiliser ce site, vous acceptez leur utilisation.&nbsp;\u00bb n&rsquo;est &hellip; <a href=\"https:\/\/aivie.ch\/fr\/produit\/banniere-de-cookies-instant-service-conforme-au-rgpd-et-a-la-lpd-revisee\/\" class=\"more-link\">Continuer la lecture de <span class=\"screen-reader-text\">Banni\u00e8re de cookies Instant Service conforme au RGPD et \u00e0 la LPD r\u00e9vis\u00e9e<\/span><\/a><\/p>\n","protected":false},"featured_media":13052,"comment_status":"open","ping_status":"closed","template":"","meta":{"_acf_changed":false},"product_brand":[],"product_cat":[947,983],"product_tag":[],"class_list":{"0":"post-27195","1":"product","2":"type-product","3":"status-publish","4":"has-post-thumbnail","6":"product_cat-services-instantanes","7":"product_cat-protection-des-donnees","9":"first","10":"instock","11":"virtual","12":"taxable","13":"purchasable","14":"product-type-simple"},"acf":[],"featured_image_urls_v2":{"full":["https:\/\/cdn.aivie.ch\/media\/wp\/2023\/02\/09110026\/Instant-Service-Cookie-Banner-DSGVO-konform.png",800,800,false],"thumbnail":["https:\/\/cdn.aivie.ch\/media\/wp\/2023\/02\/09110026\/Instant-Service-Cookie-Banner-DSGVO-konform-240x240.png",240,240,true],"medium":["https:\/\/cdn.aivie.ch\/media\/wp\/2023\/02\/09110026\/Instant-Service-Cookie-Banner-DSGVO-konform.png",800,800,false],"medium_large":["https:\/\/cdn.aivie.ch\/media\/wp\/2023\/02\/09110026\/Instant-Service-Cookie-Banner-DSGVO-konform-768x768.png",768,768,true],"large":["https:\/\/cdn.aivie.ch\/media\/wp\/2023\/02\/09110026\/Instant-Service-Cookie-Banner-DSGVO-konform.png",800,800,false],"post-thumbnail":["https:\/\/cdn.aivie.ch\/media\/wp\/2023\/02\/09110026\/Instant-Service-Cookie-Banner-DSGVO-konform.png",800,800,false],"aiv_480w":["https:\/\/cdn.aivie.ch\/media\/wp\/2023\/02\/09110026\/Instant-Service-Cookie-Banner-DSGVO-konform-480x480.png",480,480,true],"woocommerce_thumbnail":["https:\/\/cdn.aivie.ch\/media\/wp\/2023\/02\/09110026\/Instant-Service-Cookie-Banner-DSGVO-konform-240x240.png",240,240,true],"woocommerce_single":["https:\/\/cdn.aivie.ch\/media\/wp\/2023\/02\/09110026\/Instant-Service-Cookie-Banner-DSGVO-konform.png",800,800,false],"woocommerce_gallery_thumbnail":["https:\/\/cdn.aivie.ch\/media\/wp\/2023\/02\/09110026\/Instant-Service-Cookie-Banner-DSGVO-konform-240x240.png",240,240,true]},"post_excerpt_stackable_v2":"<p>Votre site web n&rsquo;a pas encore de banni\u00e8re de cookies conforme au RGPD et \u00e0 la LPD r\u00e9vis\u00e9e&nbsp;? Chaque site web a besoin d&rsquo;un consentement explicite des visiteurs du site pour tous les cookies. Une remarque du type \u00ab&nbsp;Notre site web utilise des cookies. En continuant \u00e0 utiliser ce site, vous acceptez leur utilisation.&nbsp;\u00bb n&rsquo;est pas suffisante. Avec la nouvelle loi suisse sur la protection des donn\u00e9es (LPD r\u00e9vis\u00e9e), une nouvelle loi sur la protection des donn\u00e9es entre en vigueur en Suisse. Ce qui augmente l&rsquo;importance d&rsquo;une banni\u00e8re de cookies mise en place dans le respect de la protection des\u2026<\/p>\n","category_list_v2":"","author_info_v2":{"name":"","url":""},"comments_num_v2":"0 commentaire","_links":{"self":[{"href":"https:\/\/aivie.ch\/fr\/wp-json\/wp\/v2\/product\/27195","targetHints":{"allow":["GET"]}}],"collection":[{"href":"https:\/\/aivie.ch\/fr\/wp-json\/wp\/v2\/product"}],"about":[{"href":"https:\/\/aivie.ch\/fr\/wp-json\/wp\/v2\/types\/product"}],"replies":[{"embeddable":true,"href":"https:\/\/aivie.ch\/fr\/wp-json\/wp\/v2\/comments?post=27195"}],"wp:featuredmedia":[{"embeddable":true,"href":"https:\/\/aivie.ch\/fr\/wp-json\/wp\/v2\/media\/13052"}],"wp:attachment":[{"href":"https:\/\/aivie.ch\/fr\/wp-json\/wp\/v2\/media?parent=27195"}],"wp:term":[{"taxonomy":"product_brand","embeddable":true,"href":"https:\/\/aivie.ch\/fr\/wp-json\/wp\/v2\/product_brand?post=27195"},{"taxonomy":"product_cat","embeddable":true,"href":"https:\/\/aivie.ch\/fr\/wp-json\/wp\/v2\/product_cat?post=27195"},{"taxonomy":"product_tag","embeddable":true,"href":"https:\/\/aivie.ch\/fr\/wp-json\/wp\/v2\/product_tag?post=27195"}],"curies":[{"name":"wp","href":"https:\/\/api.w.org\/{rel}","templated":true}]}}