{"id":27187,"date":"2023-04-14T10:43:48","date_gmt":"2023-04-14T08:43:48","guid":{"rendered":"https:\/\/aivie.ch\/product\/paquet-avance-devaluation-et-de-mise-en-oeuvre-de-la-protection-des-donnees\/"},"modified":"2026-01-11T14:49:37","modified_gmt":"2026-01-11T12:49:37","slug":"paquet-avance-devaluation-et-de-mise-en-oeuvre-de-la-protection-des-donnees","status":"publish","type":"product","link":"https:\/\/aivie.ch\/fr\/produit\/paquet-avance-devaluation-et-de-mise-en-oeuvre-de-la-protection-des-donnees\/","title":{"rendered":"Paquet avanc\u00e9 d\u2019\u00e9valuation et de mise en \u0153uvre de la protection des donn\u00e9es"},"content":{"rendered":"<p>Le paquet id\u00e9al pour tous ceux qui souhaitent une analyse compl\u00e8te de l\u2019\u00e9tat actuel de la mise en \u0153uvre de la protection des donn\u00e9es dans l\u2019entreprise. L\u2019analyse des \u00e9carts que nous r\u00e9alisons de mani\u00e8re exhaustive est transmise au format PDF clair, qui documente \u00e9galement l\u2019\u00e9tat de la protection des donn\u00e9es en externe (par exemple, pour les audits \u00e0 venir ou les analyses de diligence raisonnable). De plus, vous recevrez des directives de bonnes pratiques adapt\u00e9es et individualis\u00e9es.  <\/p>\n<p style=\"font-weight: 400;\">Le paquet comprend :<\/p>\n<ul style=\"font-weight: 400;\">\n<li>Atelier de lancement d\u2019une heure avec un expert LEXR pour un inventaire initial. La situation g\u00e9n\u00e9rale actuelle est analys\u00e9e, les profils de risque de l\u2019entreprise sont d\u00e9finis et les prochaines \u00e9tapes du projet sont coordonn\u00e9es avec les parties prenantes concern\u00e9es. <\/li>\n<li>Analyse approfondie des \u00e9carts de l\u2019\u00e9tat actuel, avec des instructions d\u2019action claires et bas\u00e9es sur les risques, impliquant les principales parties prenantes des domaines du marketing, des RH, etc.<\/li>\n<li>Feuille de route avec un horizon temporel pour combler rapidement les risques d\u00e9tect\u00e9s<\/li>\n<li>Si n\u00e9cessaire, adaptation de la d\u00e9claration de protection des donn\u00e9es et de la politique en mati\u00e8re de cookies<\/li>\n<li>Transmission des directives suivantes, adapt\u00e9es individuellement \u00e0 l\u2019entreprise\n<ul>\n<li>Directive sur la gestion des violations de la protection des donn\u00e9es<\/li>\n<li>Directive sur la gestion des demandes de protection des donn\u00e9es<\/li>\n<li>Directive sur la gestion du marketing conforme \u00e0 la loi<\/li>\n<li>Mod\u00e8le de registre des activit\u00e9s de traitement, y compris une aide au remplissage <\/li>\n<li>Directive g\u00e9n\u00e9rale de l\u2019entreprise sur la protection des donn\u00e9es<\/li>\n<li>Mod\u00e8le de contrat de traitement des donn\u00e9es (conforme au RGPD et au droit suisse sur la protection des donn\u00e9es)<\/li>\n<\/ul>\n<\/li>\n<li>Discussion des r\u00e9sultats lors d\u2019un atelier d\u2019une heure avec un expert LEXR et clarification des questions en suspens ainsi que des perspectives<\/li>\n<\/ul>\n<p>Les <a href=\"https:\/\/www.lexr.com\/de-ch\/allgemeine-geschaeftsbedingungen\/\" target=\"_blank\" rel=\"noopener\">CGV de LEXR<\/a> s&rsquo;appliquent<\/p>\n","protected":false},"excerpt":{"rendered":"<p>Gr\u00e2ce \u00e0 l\u2019analyse juridique compl\u00e8te de nos conseillers juridiques pragmatiques, identifiez rapidement et facilement les lacunes en mati\u00e8re de protection des donn\u00e9es et recevez des propositions de solutions bas\u00e9es sur les risques pour les exigences de conformit\u00e9 n\u00e9cessaires.<\/p>\n","protected":false},"featured_media":13626,"comment_status":"open","ping_status":"closed","template":"","meta":{"_acf_changed":false},"product_brand":[],"product_cat":[983],"product_tag":[],"class_list":{"0":"post-27187","1":"product","2":"type-product","3":"status-publish","4":"has-post-thumbnail","6":"product_cat-protection-des-donnees","8":"first","9":"instock","10":"taxable","11":"shipping-taxable","12":"purchasable","13":"product-type-simple"},"acf":[],"featured_image_urls_v2":{"full":["https:\/\/cdn.aivie.ch\/media\/wp\/2023\/03\/14104129\/LEXR-Visual-2.png",800,800,false],"thumbnail":["https:\/\/cdn.aivie.ch\/media\/wp\/2023\/03\/14104129\/LEXR-Visual-2-240x240.png",240,240,true],"medium":["https:\/\/cdn.aivie.ch\/media\/wp\/2023\/03\/14104129\/LEXR-Visual-2.png",800,800,false],"medium_large":["https:\/\/cdn.aivie.ch\/media\/wp\/2023\/03\/14104129\/LEXR-Visual-2-768x768.png",768,768,true],"large":["https:\/\/cdn.aivie.ch\/media\/wp\/2023\/03\/14104129\/LEXR-Visual-2.png",800,800,false],"post-thumbnail":["https:\/\/cdn.aivie.ch\/media\/wp\/2023\/03\/14104129\/LEXR-Visual-2.png",800,800,false],"aiv_480w":["https:\/\/cdn.aivie.ch\/media\/wp\/2023\/03\/14104129\/LEXR-Visual-2-480x480.png",480,480,true],"woocommerce_thumbnail":["https:\/\/cdn.aivie.ch\/media\/wp\/2023\/03\/14104129\/LEXR-Visual-2-240x240.png",240,240,true],"woocommerce_single":["https:\/\/cdn.aivie.ch\/media\/wp\/2023\/03\/14104129\/LEXR-Visual-2.png",800,800,false],"woocommerce_gallery_thumbnail":["https:\/\/cdn.aivie.ch\/media\/wp\/2023\/03\/14104129\/LEXR-Visual-2-240x240.png",240,240,true]},"post_excerpt_stackable_v2":"<p>Gr\u00e2ce \u00e0 l\u2019analyse juridique compl\u00e8te de nos conseillers juridiques pragmatiques, identifiez rapidement et facilement les lacunes en mati\u00e8re de protection des donn\u00e9es et recevez des propositions de solutions bas\u00e9es sur les risques pour les exigences de conformit\u00e9 n\u00e9cessaires.<\/p>\n","category_list_v2":"","author_info_v2":{"name":"","url":""},"comments_num_v2":"0 commentaire","_links":{"self":[{"href":"https:\/\/aivie.ch\/fr\/wp-json\/wp\/v2\/product\/27187","targetHints":{"allow":["GET"]}}],"collection":[{"href":"https:\/\/aivie.ch\/fr\/wp-json\/wp\/v2\/product"}],"about":[{"href":"https:\/\/aivie.ch\/fr\/wp-json\/wp\/v2\/types\/product"}],"replies":[{"embeddable":true,"href":"https:\/\/aivie.ch\/fr\/wp-json\/wp\/v2\/comments?post=27187"}],"wp:featuredmedia":[{"embeddable":true,"href":"https:\/\/aivie.ch\/fr\/wp-json\/wp\/v2\/media\/13626"}],"wp:attachment":[{"href":"https:\/\/aivie.ch\/fr\/wp-json\/wp\/v2\/media?parent=27187"}],"wp:term":[{"taxonomy":"product_brand","embeddable":true,"href":"https:\/\/aivie.ch\/fr\/wp-json\/wp\/v2\/product_brand?post=27187"},{"taxonomy":"product_cat","embeddable":true,"href":"https:\/\/aivie.ch\/fr\/wp-json\/wp\/v2\/product_cat?post=27187"},{"taxonomy":"product_tag","embeddable":true,"href":"https:\/\/aivie.ch\/fr\/wp-json\/wp\/v2\/product_tag?post=27187"}],"curies":[{"name":"wp","href":"https:\/\/api.w.org\/{rel}","templated":true}]}}