{"id":27184,"date":"2023-06-07T15:59:12","date_gmt":"2023-06-07T13:59:12","guid":{"rendered":"https:\/\/aivie.ch\/product\/plugin-mautic-chatgpt\/"},"modified":"2026-03-27T15:23:38","modified_gmt":"2026-03-27T13:23:38","slug":"plugin-mautic-chatgpt","status":"publish","type":"product","link":"https:\/\/aivie.ch\/fr\/produit\/plugin-mautic-chatgpt\/","title":{"rendered":"Plugin Mautic ChatGPT"},"content":{"rendered":"<p>Le plugin Mautic ChatGPT offre une interface utilisateur intuitive qui permet aux utilisateurs de cr\u00e9er des e-mails impressionnants. En quelques clics, vous pouvez s\u00e9lectionner le type d&rsquo;e-mail souhait\u00e9, tel que des newsletters, des promotions ou des messages de remerciement, puis saisir un contenu personnalis\u00e9. <\/p>\n<p>La particularit\u00e9 de l&rsquo;E-mail Wizard r\u00e9side dans sa connexion avec l&rsquo;IA de ChatGPT. Cette technologie intelligente analyse vos entr\u00e9es et g\u00e9n\u00e8re automatiquement des suggestions appropri\u00e9es pour le texte de l&rsquo;e-mail. Vous pouvez adapter les suggestions pour ajuster le ton et le style du message \u00e0 vos pr\u00e9f\u00e9rences. Cela vous permet de gagner du temps et de l&rsquo;\u00e9nergie lors de la formulation, tout en envoyant des e-mails d&rsquo;aspect professionnel.   <\/p>\n<p>D\u00e9couvrez la facilit\u00e9 et l&rsquo;efficacit\u00e9 du plugin Mautic E-mail Wizard. En quelques clics, vous pouvez cr\u00e9er des e-mails impressionnants et faire passer votre communication au niveau sup\u00e9rieur. Gagnez du temps en cr\u00e9ant des e-mails de haute qualit\u00e9 en appuyant sur un bouton et concentrez-vous sur l&rsquo;essentiel&nbsp;: le succ\u00e8s de vos campagnes d&rsquo;e-mailing.  <\/p>\n<p>[embedyt]<br \/>\nhttps:\/\/www.youtube.com\/watch?v=3XOUcx9zl94[\/embedyt]<\/p>\n<p>*L&rsquo;E-mail Wizard est d\u00e9j\u00e0 int\u00e9gr\u00e9 pour tous les clients Aivie.<\/p>\n<p>&nbsp;<\/p>\n<h3>Utiliser ChatGPT pour Mautic ?<\/h3>\n<p>Nous serons heureux de mettre cette fonctionnalit\u00e9 \u00e0 la disposition de la communaut\u00e9 Mautic Open Source s&rsquo;il y a suffisamment d&rsquo;int\u00e9r\u00eat.<br \/>\n<script type=\"text\/javascript\" src=\"https:\/\/m.aivie.ch\/form\/generate.js?id=94\"><\/script><\/p>\n<h3>Aivie \u00c9diteur d&rsquo;e-mails et de landing pages<\/h3>\n<p>Cr\u00e9ez des e-mails et pages de destination Mautic modernes, dynamiques et conformes \u00e0 votre charte graphique plus vite que jamais \u2013 avec le Mautic Builder d\u2019Aivie.<br \/>\n<a href=\"https:\/\/aivie.ch\/fr\/produit\/plugin-mautic-createur-de-mails-et-de-pages-de-destination\/\">https:\/\/aivie.ch\/product\/mautic-builder-for-e-mail-und-landingpages\/<\/a><\/p>\n<p>&nbsp;<\/p>\n","protected":false},"excerpt":{"rendered":"<p>Le plugin Mautic ChatGPT utilise l&rsquo;IA pour vous aider \u00e0 cr\u00e9er des newsletters et des e-mails professionnels. Que vous soyez un d\u00e9butant ou un sp\u00e9cialiste du marketing par e-mail exp\u00e9riment\u00e9, le Wizard est l\u00e0 pour vous aider et vous permet de cr\u00e9er des e-mails pr\u00eats \u00e0 l&#8217;emploi en quelques minutes. <\/p>\n","protected":false},"featured_media":13870,"comment_status":"open","ping_status":"closed","template":"","meta":{"_acf_changed":false},"product_brand":[],"product_cat":[828],"product_tag":[1378],"class_list":{"0":"post-27184","1":"product","2":"type-product","3":"status-publish","4":"has-post-thumbnail","6":"product_cat-plugin-mautic","7":"product_tag-chatgpt","9":"first","10":"outofstock","11":"virtual","12":"taxable","13":"product-type-subscription"},"acf":[],"featured_image_urls_v2":{"full":["https:\/\/cdn.aivie.ch\/media\/wp\/2023\/06\/07160452\/1.png",800,800,false],"thumbnail":["https:\/\/cdn.aivie.ch\/media\/wp\/2023\/06\/07160452\/1-240x240.png",240,240,true],"medium":["https:\/\/cdn.aivie.ch\/media\/wp\/2023\/06\/07160452\/1.png",800,800,false],"medium_large":["https:\/\/cdn.aivie.ch\/media\/wp\/2023\/06\/07160452\/1-768x768.png",768,768,true],"large":["https:\/\/cdn.aivie.ch\/media\/wp\/2023\/06\/07160452\/1.png",800,800,false],"post-thumbnail":["https:\/\/cdn.aivie.ch\/media\/wp\/2023\/06\/07160452\/1.png",800,800,false],"aiv_480w":["https:\/\/cdn.aivie.ch\/media\/wp\/2023\/06\/07160452\/1-480x480.png",480,480,true],"woocommerce_thumbnail":["https:\/\/cdn.aivie.ch\/media\/wp\/2023\/06\/07160452\/1-240x240.png",240,240,true],"woocommerce_single":["https:\/\/cdn.aivie.ch\/media\/wp\/2023\/06\/07160452\/1.png",800,800,false],"woocommerce_gallery_thumbnail":["https:\/\/cdn.aivie.ch\/media\/wp\/2023\/06\/07160452\/1-240x240.png",240,240,true]},"post_excerpt_stackable_v2":"<p>Le plugin Mautic ChatGPT utilise l&rsquo;IA pour vous aider \u00e0 cr\u00e9er des newsletters et des e-mails professionnels. Que vous soyez un d\u00e9butant ou un sp\u00e9cialiste du marketing par e-mail exp\u00e9riment\u00e9, le Wizard est l\u00e0 pour vous aider et vous permet de cr\u00e9er des e-mails pr\u00eats \u00e0 l&#8217;emploi en quelques minutes. <\/p>\n","category_list_v2":"","author_info_v2":{"name":"","url":""},"comments_num_v2":"0 commentaire","_links":{"self":[{"href":"https:\/\/aivie.ch\/fr\/wp-json\/wp\/v2\/product\/27184","targetHints":{"allow":["GET"]}}],"collection":[{"href":"https:\/\/aivie.ch\/fr\/wp-json\/wp\/v2\/product"}],"about":[{"href":"https:\/\/aivie.ch\/fr\/wp-json\/wp\/v2\/types\/product"}],"replies":[{"embeddable":true,"href":"https:\/\/aivie.ch\/fr\/wp-json\/wp\/v2\/comments?post=27184"}],"wp:featuredmedia":[{"embeddable":true,"href":"https:\/\/aivie.ch\/fr\/wp-json\/wp\/v2\/media\/13870"}],"wp:attachment":[{"href":"https:\/\/aivie.ch\/fr\/wp-json\/wp\/v2\/media?parent=27184"}],"wp:term":[{"taxonomy":"product_brand","embeddable":true,"href":"https:\/\/aivie.ch\/fr\/wp-json\/wp\/v2\/product_brand?post=27184"},{"taxonomy":"product_cat","embeddable":true,"href":"https:\/\/aivie.ch\/fr\/wp-json\/wp\/v2\/product_cat?post=27184"},{"taxonomy":"product_tag","embeddable":true,"href":"https:\/\/aivie.ch\/fr\/wp-json\/wp\/v2\/product_tag?post=27184"}],"curies":[{"name":"wp","href":"https:\/\/api.w.org\/{rel}","templated":true}]}}