{"id":27176,"date":"2023-10-17T14:42:48","date_gmt":"2023-10-17T12:42:48","guid":{"rendered":"https:\/\/aivie.ch\/product\/migration-hubspot-aivie\/"},"modified":"2026-01-11T14:49:09","modified_gmt":"2026-01-11T12:49:09","slug":"migration-hubspot-aivie","status":"publish","type":"product","link":"https:\/\/aivie.ch\/fr\/produit\/migration-hubspot-aivie\/","title":{"rendered":"Migration HubSpot Aivie"},"content":{"rendered":"<h2>Migrez de HubSpot vers Aivie<\/h2>\n<p>Migrez d\u00e8s maintenant de HubSpot vers Aivie et gardez le contr\u00f4le de vos donn\u00e9es. Toutes les donn\u00e9es clients sont stock\u00e9es en Suisse ou en Allemagne, selon vos souhaits. <\/p>\n<p>Passez facilement de HubSpot \u00e0 Aivie. Sans perte de qualit\u00e9 ou de confort. Sans effort. Nous prenons en charge l&rsquo;ensemble de la migration pour vous. Ensuite, vous pouvez facilement cr\u00e9er de nouvelles newsletters par glisser-d\u00e9poser dans l&rsquo;\u00e9diteur d&rsquo;e-mails Aivie. Mais ce n&rsquo;est pas tout, avec Aivie, vous b\u00e9n\u00e9ficiez \u00e9galement de plus de possibilit\u00e9s.  <\/p>\n<h2>Comment migrer de HubSpot vers Aivie<\/h2>\n<ol>\n<li>Configurer Aivie<\/li>\n<li>Tout tester<\/li>\n<li>D\u00e9sactiver HubSpot et \u00e9conomiser des co\u00fbts<\/li>\n<\/ol>\n<h2>Cas d&rsquo;utilisation d&rsquo;Aivie<\/h2>\n<ul>\n<li><a href=\"https:\/\/aivie.ch\/fr\/generation-de-leads-via-le-site-web\/\">G\u00e9n\u00e9ration de leads via le site web<\/a><\/li>\n<li><a href=\"https:\/\/aivie.ch\/fr\/automatiser-les-processus-marketing\/\">Automatiser les processus marketing<\/a><\/li>\n<li><a href=\"https:\/\/aivie.ch\/fr\/e-mails-personnalises\/\">E-mails personnalis\u00e9s<\/a><\/li>\n<li><a href=\"https:\/\/aivie.ch\/fr\/gestion-des-leads-crm\/\">Gestion des leads (CRM)<\/a><\/li>\n<li><a href=\"https:\/\/aivie.ch\/fr\/rapports-marketing\/\">Rapports marketing<\/a><\/li>\n<\/ul>\n<h2>Migration HubSpot<\/h2>\n<p>Avec nos trois packs de migration, la migration de HubSpot vers Aivie est un jeu d&rsquo;enfant. Choisissez un pack pour la migration unique. De plus, vous ne payez que l\u2019<a href=\"https:\/\/aivie.ch\/fr\/prix-et-forfaits\/\">h\u00e9bergement Aivie<\/a>.  <\/p>\n<h3>Lite : 49.-<\/h3>\n<ul>\n<li>Exporter les contacts de HubSpot et les importer dans Aivie en toute s\u00e9curit\u00e9 juridique<\/li>\n<\/ul>\n<h3>Advanced : 149.-<\/h3>\n<ul>\n<li>Exporter les contacts de HubSpot et les importer dans Aivie en toute s\u00e9curit\u00e9 juridique<\/li>\n<li>Migration de 3 champs Custom<\/li>\n<li>1&nbsp;mod\u00e8le d&rsquo;e-mail cr\u00e9\u00e9 dans votre design comme mod\u00e8le<\/li>\n<\/ul>\n<h3>Expert : 500.-<\/h3>\n<ul>\n<li>Exporter les contacts de HubSpot et les importer dans Aivie en toute s\u00e9curit\u00e9 juridique<\/li>\n<li>Migration de 10 champs personnalis\u00e9s<\/li>\n<li>3&nbsp;mod\u00e8les d&rsquo;e-mails cr\u00e9\u00e9s dans votre design comme mod\u00e8le<\/li>\n<li>Exporter et pr\u00e9parer les rapports et statistiques de HubSpot<\/li>\n<\/ul>\n<h2>Plus d&rsquo;informations<\/h2>\n<p>https:\/\/aivie.ch\/ist-aivie-eine-echte-alternative-zu-hubspot-oder-mailchimp\/<\/p>\n","protected":false},"excerpt":{"rendered":"<p>Migrez de HubSpot vers Aivie Migrez d\u00e8s maintenant de HubSpot vers Aivie et gardez le contr\u00f4le de vos donn\u00e9es. Toutes les donn\u00e9es clients sont stock\u00e9es en Suisse ou en Allemagne, selon vos souhaits. Passez facilement de HubSpot \u00e0 Aivie. Sans perte de qualit\u00e9 ou de confort. Sans effort. Nous prenons en charge l&rsquo;ensemble de la &hellip; <a href=\"https:\/\/aivie.ch\/fr\/produit\/migration-hubspot-aivie\/\" class=\"more-link\">Continuer la lecture de <span class=\"screen-reader-text\">Migration HubSpot Aivie<\/span><\/a><\/p>\n","protected":false},"featured_media":16218,"comment_status":"closed","ping_status":"closed","template":"","meta":{"_acf_changed":false},"product_brand":[],"product_cat":[1302,481],"product_tag":[],"class_list":{"0":"post-27176","1":"product","2":"type-product","3":"status-publish","4":"has-post-thumbnail","6":"product_cat-migration-aivie","7":"product_cat-services-dautomatisation-du-marketing","9":"first","10":"instock","11":"sale","12":"taxable","13":"shipping-taxable","14":"purchasable","15":"product-type-variable","16":"has-default-attributes"},"acf":[],"featured_image_urls_v2":{"full":["https:\/\/cdn.aivie.ch\/media\/wp\/2023\/10\/17145155\/Hubspot-Aivie-Migration.webp",800,800,false],"thumbnail":["https:\/\/cdn.aivie.ch\/media\/wp\/2023\/10\/17145155\/Hubspot-Aivie-Migration-240x240.webp",240,240,true],"medium":["https:\/\/cdn.aivie.ch\/media\/wp\/2023\/10\/17145155\/Hubspot-Aivie-Migration.webp",800,800,false],"medium_large":["https:\/\/cdn.aivie.ch\/media\/wp\/2023\/10\/17145155\/Hubspot-Aivie-Migration-768x768.webp",768,768,true],"large":["https:\/\/cdn.aivie.ch\/media\/wp\/2023\/10\/17145155\/Hubspot-Aivie-Migration.webp",800,800,false],"post-thumbnail":["https:\/\/cdn.aivie.ch\/media\/wp\/2023\/10\/17145155\/Hubspot-Aivie-Migration.webp",800,800,false],"aiv_480w":["https:\/\/cdn.aivie.ch\/media\/wp\/2023\/10\/17145155\/Hubspot-Aivie-Migration-480x480.webp",480,480,true],"woocommerce_thumbnail":["https:\/\/cdn.aivie.ch\/media\/wp\/2023\/10\/17145155\/Hubspot-Aivie-Migration-240x240.webp",240,240,true],"woocommerce_single":["https:\/\/cdn.aivie.ch\/media\/wp\/2023\/10\/17145155\/Hubspot-Aivie-Migration.webp",800,800,false],"woocommerce_gallery_thumbnail":["https:\/\/cdn.aivie.ch\/media\/wp\/2023\/10\/17145155\/Hubspot-Aivie-Migration-240x240.webp",240,240,true]},"post_excerpt_stackable_v2":"<p>Migrez de HubSpot vers Aivie Migrez d\u00e8s maintenant de HubSpot vers Aivie et gardez le contr\u00f4le de vos donn\u00e9es. Toutes les donn\u00e9es clients sont stock\u00e9es en Suisse ou en Allemagne, selon vos souhaits. Passez facilement de HubSpot \u00e0 Aivie. Sans perte de qualit\u00e9 ou de confort. Sans effort. Nous prenons en charge l&rsquo;ensemble de la migration pour vous. Ensuite, vous pouvez facilement cr\u00e9er de nouvelles newsletters par glisser-d\u00e9poser dans l&rsquo;\u00e9diteur d&rsquo;e-mails Aivie. Mais ce n&rsquo;est pas tout, avec Aivie, vous b\u00e9n\u00e9ficiez \u00e9galement de plus de possibilit\u00e9s. Comment migrer de HubSpot vers Aivie Configurer Aivie Tout tester D\u00e9sactiver HubSpot et \u00e9conomiser\u2026<\/p>\n","category_list_v2":"","author_info_v2":{"name":"","url":""},"comments_num_v2":"0 commentaire","_links":{"self":[{"href":"https:\/\/aivie.ch\/fr\/wp-json\/wp\/v2\/product\/27176","targetHints":{"allow":["GET"]}}],"collection":[{"href":"https:\/\/aivie.ch\/fr\/wp-json\/wp\/v2\/product"}],"about":[{"href":"https:\/\/aivie.ch\/fr\/wp-json\/wp\/v2\/types\/product"}],"replies":[{"embeddable":true,"href":"https:\/\/aivie.ch\/fr\/wp-json\/wp\/v2\/comments?post=27176"}],"wp:featuredmedia":[{"embeddable":true,"href":"https:\/\/aivie.ch\/fr\/wp-json\/wp\/v2\/media\/16218"}],"wp:attachment":[{"href":"https:\/\/aivie.ch\/fr\/wp-json\/wp\/v2\/media?parent=27176"}],"wp:term":[{"taxonomy":"product_brand","embeddable":true,"href":"https:\/\/aivie.ch\/fr\/wp-json\/wp\/v2\/product_brand?post=27176"},{"taxonomy":"product_cat","embeddable":true,"href":"https:\/\/aivie.ch\/fr\/wp-json\/wp\/v2\/product_cat?post=27176"},{"taxonomy":"product_tag","embeddable":true,"href":"https:\/\/aivie.ch\/fr\/wp-json\/wp\/v2\/product_tag?post=27176"}],"curies":[{"name":"wp","href":"https:\/\/api.w.org\/{rel}","templated":true}]}}