{"id":27168,"date":"2024-02-27T19:36:36","date_gmt":"2024-02-28T11:41:07","guid":{"rendered":"https:\/\/aivie.ch\/product\/mise-a-jour-plus-frequente-des-campagnes\/"},"modified":"2026-01-11T14:48:51","modified_gmt":"2026-01-11T12:48:51","slug":"mise-a-jour-plus-frequente-des-campagnes","status":"publish","type":"product","link":"https:\/\/aivie.ch\/fr\/produit\/mise-a-jour-plus-frequente-des-campagnes\/","title":{"rendered":"Mise \u00e0 jour plus fr\u00e9quente des campagnes"},"content":{"rendered":"<p>Bien que la mise \u00e0 jour de 15&nbsp;minutes puisse suffire \u00e0 de nombreux utilisateurs, les professionnels du marketing ayant des exigences accrues en reconnaissent rapidement les limites. Dans un monde num\u00e9rique en constante \u00e9volution o\u00f9 chaque seconde compte, m\u00eame de petits retards peuvent faire la diff\u00e9rence entre le succ\u00e8s et une opportunit\u00e9 manqu\u00e9e. L\u2019incapacit\u00e9 \u00e0 r\u00e9agir rapidement aux interactions peut entra\u00eener un d\u00e9savantage concurrentiel.  <\/p>\n<p>Notre extension est la solution id\u00e9ale pour tous ceux qui en attendent davantage et sont pr\u00eats \u00e0 investir dans cet avantage. Gr\u00e2ce \u00e0 la possibilit\u00e9 d\u2019ex\u00e9cuter des t\u00e2ches cron toutes les minutes ou toutes les deux minutes, cette mise \u00e0 niveau offre une r\u00e9activit\u00e9 sans pr\u00e9c\u00e9dent. <\/p>\n<p>Vous pouvez ajuster vos campagnes presque en temps r\u00e9el, r\u00e9agir imm\u00e9diatement aux interactions des clients et ainsi maximiser l\u2019efficacit\u00e9 de vos strat\u00e9gies marketing.<\/p>\n<p>Dites adieu aux limitations des intervalles de 15&nbsp;minutes et exploitez la puissance des mises \u00e0 jour rapides. Faites le pas, investissez dans l\u2019extension et voyez vos campagnes et votre succ\u00e8s commercial atteindre de nouveaux sommets&nbsp;! <\/p>\n<p>Prix hors TVA. Jusqu\u2019\u00e0 10&nbsp;000&nbsp;contacts. Conform\u00e9ment \u00e0 nos <a href=\"https:\/\/aivie.ch\/fr\/conditions-generales-de-vente\/\" target=\"_blank\" rel=\"noopener noreferrer\">Conditions g\u00e9n\u00e9rales<\/a>.   <\/p>\n","protected":false},"excerpt":{"rendered":"<p>Faites passer vos campagnes d\u2019automatisation du marketing au niveau sup\u00e9rieur et passez du cycle standard de 15&nbsp;minutes \u00e0 des mises \u00e0 jour quasi instantan\u00e9es.<\/p>\n","protected":false},"featured_media":18009,"comment_status":"closed","ping_status":"closed","template":"","meta":{"_acf_changed":false},"product_brand":[],"product_cat":[1281],"product_tag":[],"class_list":{"0":"post-27168","1":"product","2":"type-product","3":"status-publish","4":"has-post-thumbnail","6":"product_cat-add-on","8":"first","9":"instock","10":"taxable","11":"shipping-taxable","12":"purchasable","13":"product-type-variable-subscription","14":"has-default-attributes"},"acf":[],"featured_image_urls_v2":{"full":["https:\/\/cdn.aivie.ch\/media\/wp\/2024\/02\/28133208\/more-marketing-automation-campaign-speed.jpg",800,800,false],"thumbnail":["https:\/\/cdn.aivie.ch\/media\/wp\/2024\/02\/28133208\/more-marketing-automation-campaign-speed-240x240.jpg",240,240,true],"medium":["https:\/\/cdn.aivie.ch\/media\/wp\/2024\/02\/28133208\/more-marketing-automation-campaign-speed.jpg",800,800,false],"medium_large":["https:\/\/cdn.aivie.ch\/media\/wp\/2024\/02\/28133208\/more-marketing-automation-campaign-speed-768x768.jpg",768,768,true],"large":["https:\/\/cdn.aivie.ch\/media\/wp\/2024\/02\/28133208\/more-marketing-automation-campaign-speed.jpg",800,800,false],"post-thumbnail":["https:\/\/cdn.aivie.ch\/media\/wp\/2024\/02\/28133208\/more-marketing-automation-campaign-speed.jpg",800,800,false],"aiv_480w":["https:\/\/cdn.aivie.ch\/media\/wp\/2024\/02\/28133208\/more-marketing-automation-campaign-speed-480x480.jpg",480,480,true],"woocommerce_thumbnail":["https:\/\/cdn.aivie.ch\/media\/wp\/2024\/02\/28133208\/more-marketing-automation-campaign-speed-240x240.jpg",240,240,true],"woocommerce_single":["https:\/\/cdn.aivie.ch\/media\/wp\/2024\/02\/28133208\/more-marketing-automation-campaign-speed.jpg",800,800,false],"woocommerce_gallery_thumbnail":["https:\/\/cdn.aivie.ch\/media\/wp\/2024\/02\/28133208\/more-marketing-automation-campaign-speed-240x240.jpg",240,240,true]},"post_excerpt_stackable_v2":"<p>Faites passer vos campagnes d\u2019automatisation du marketing au niveau sup\u00e9rieur et passez du cycle standard de 15&nbsp;minutes \u00e0 des mises \u00e0 jour quasi instantan\u00e9es.<\/p>\n","category_list_v2":"","author_info_v2":{"name":"","url":""},"comments_num_v2":"0 commentaire","_links":{"self":[{"href":"https:\/\/aivie.ch\/fr\/wp-json\/wp\/v2\/product\/27168","targetHints":{"allow":["GET"]}}],"collection":[{"href":"https:\/\/aivie.ch\/fr\/wp-json\/wp\/v2\/product"}],"about":[{"href":"https:\/\/aivie.ch\/fr\/wp-json\/wp\/v2\/types\/product"}],"replies":[{"embeddable":true,"href":"https:\/\/aivie.ch\/fr\/wp-json\/wp\/v2\/comments?post=27168"}],"wp:featuredmedia":[{"embeddable":true,"href":"https:\/\/aivie.ch\/fr\/wp-json\/wp\/v2\/media\/18009"}],"wp:attachment":[{"href":"https:\/\/aivie.ch\/fr\/wp-json\/wp\/v2\/media?parent=27168"}],"wp:term":[{"taxonomy":"product_brand","embeddable":true,"href":"https:\/\/aivie.ch\/fr\/wp-json\/wp\/v2\/product_brand?post=27168"},{"taxonomy":"product_cat","embeddable":true,"href":"https:\/\/aivie.ch\/fr\/wp-json\/wp\/v2\/product_cat?post=27168"},{"taxonomy":"product_tag","embeddable":true,"href":"https:\/\/aivie.ch\/fr\/wp-json\/wp\/v2\/product_tag?post=27168"}],"curies":[{"name":"wp","href":"https:\/\/api.w.org\/{rel}","templated":true}]}}