{"id":26858,"date":"2021-06-30T13:18:52","date_gmt":"2021-06-30T11:18:52","guid":{"rendered":"https:\/\/aivie.ch\/product\/support-mautic\/"},"modified":"2026-01-11T14:28:58","modified_gmt":"2026-01-11T12:28:58","slug":"support-mautic","status":"publish","type":"product","link":"https:\/\/aivie.ch\/fr\/produit\/support-mautic\/","title":{"rendered":"Support Mautic"},"content":{"rendered":"<p>Vous avez votre propre instance Mautic&nbsp;? Notre support Mautic vous offre des r\u00e9ponses rapides \u00e0 vos questions concernant la solution open source Mautic. Nous vous r\u00e9pondons dans les plus brefs d\u00e9lais par ticket ou par e-mail, sous 48&nbsp;heures. Pendant les heures d\u2019ouverture des bureaux suisses, g\u00e9n\u00e9ralement beaucoup plus rapidement.  <\/p>\n<p>Pour les clients d\u2019Aivie, ce support est d\u00e9j\u00e0 inclus dans l\u2019<a href=\"https:\/\/aivie.ch\/fr\/prix-et-forfaits\/\">abonnement<\/a>.<\/p>\n<p>Prix par mois et par collaborateur, hors TVA, r\u00e9siliable \u00e0 tout moment. Nos <a href=\"https:\/\/aivie.ch\/fr\/conditions-generales-de-vente\/\" target=\"_blank\" rel=\"noopener noreferrer\">CGV<\/a> s&rsquo;appliquent.<\/p>\n","protected":false},"excerpt":{"rendered":"<p>Assistance Mautic rapide et comp\u00e9tente<\/p>\n","protected":false},"featured_media":10690,"comment_status":"closed","ping_status":"closed","template":"","meta":{"_acf_changed":false},"product_brand":[],"product_cat":[480],"product_tag":[],"class_list":{"0":"post-26858","1":"product","2":"type-product","3":"status-publish","4":"has-post-thumbnail","6":"product_cat-support-aivie-mautic","8":"first","9":"instock","10":"virtual","11":"taxable","12":"purchasable","13":"product-type-subscription"},"acf":[],"featured_image_urls_v2":{"full":["https:\/\/cdn.aivie.ch\/media\/wp\/2021\/06\/22113356\/Intensive-Mautic-Support-Business.webp",800,800,false],"thumbnail":["https:\/\/cdn.aivie.ch\/media\/wp\/2021\/06\/22113356\/Intensive-Mautic-Support-Business-240x240.webp",240,240,true],"medium":["https:\/\/cdn.aivie.ch\/media\/wp\/2021\/06\/22113356\/Intensive-Mautic-Support-Business.webp",800,800,false],"medium_large":["https:\/\/cdn.aivie.ch\/media\/wp\/2021\/06\/22113356\/Intensive-Mautic-Support-Business-768x768.webp",768,768,true],"large":["https:\/\/cdn.aivie.ch\/media\/wp\/2021\/06\/22113356\/Intensive-Mautic-Support-Business.webp",800,800,false],"post-thumbnail":["https:\/\/cdn.aivie.ch\/media\/wp\/2021\/06\/22113356\/Intensive-Mautic-Support-Business.webp",800,800,false],"aiv_480w":["https:\/\/cdn.aivie.ch\/media\/wp\/2021\/06\/22113356\/Intensive-Mautic-Support-Business-480x480.webp",480,480,true],"woocommerce_thumbnail":["https:\/\/cdn.aivie.ch\/media\/wp\/2021\/06\/22113356\/Intensive-Mautic-Support-Business-240x240.webp",240,240,true],"woocommerce_single":["https:\/\/cdn.aivie.ch\/media\/wp\/2021\/06\/22113356\/Intensive-Mautic-Support-Business.webp",800,800,false],"woocommerce_gallery_thumbnail":["https:\/\/cdn.aivie.ch\/media\/wp\/2021\/06\/22113356\/Intensive-Mautic-Support-Business-240x240.webp",240,240,true]},"post_excerpt_stackable_v2":"<p>Assistance Mautic rapide et comp\u00e9tente<\/p>\n","category_list_v2":"","author_info_v2":{"name":"","url":""},"comments_num_v2":"0 commentaire","_links":{"self":[{"href":"https:\/\/aivie.ch\/fr\/wp-json\/wp\/v2\/product\/26858","targetHints":{"allow":["GET"]}}],"collection":[{"href":"https:\/\/aivie.ch\/fr\/wp-json\/wp\/v2\/product"}],"about":[{"href":"https:\/\/aivie.ch\/fr\/wp-json\/wp\/v2\/types\/product"}],"replies":[{"embeddable":true,"href":"https:\/\/aivie.ch\/fr\/wp-json\/wp\/v2\/comments?post=26858"}],"wp:featuredmedia":[{"embeddable":true,"href":"https:\/\/aivie.ch\/fr\/wp-json\/wp\/v2\/media\/10690"}],"wp:attachment":[{"href":"https:\/\/aivie.ch\/fr\/wp-json\/wp\/v2\/media?parent=26858"}],"wp:term":[{"taxonomy":"product_brand","embeddable":true,"href":"https:\/\/aivie.ch\/fr\/wp-json\/wp\/v2\/product_brand?post=26858"},{"taxonomy":"product_cat","embeddable":true,"href":"https:\/\/aivie.ch\/fr\/wp-json\/wp\/v2\/product_cat?post=26858"},{"taxonomy":"product_tag","embeddable":true,"href":"https:\/\/aivie.ch\/fr\/wp-json\/wp\/v2\/product_tag?post=26858"}],"curies":[{"name":"wp","href":"https:\/\/api.w.org\/{rel}","templated":true}]}}