{"id":26833,"date":"2021-10-25T16:07:26","date_gmt":"2021-10-25T14:07:26","guid":{"rendered":"https:\/\/aivie.ch\/product\/confiez-nous-la-creation-de-votre-site-web-mise-en-place-professionnelle-avec-wordpress\/"},"modified":"2026-03-16T10:29:45","modified_gmt":"2026-03-16T08:29:45","slug":"confiez-nous-la-creation-de-votre-site-web-mise-en-place-professionnelle-avec-wordpress","status":"publish","type":"product","link":"https:\/\/aivie.ch\/fr\/produit\/confiez-nous-la-creation-de-votre-site-web-mise-en-place-professionnelle-avec-wordpress\/","title":{"rendered":"Confiez-nous la cr\u00e9ation de votre site web \u2013 Mise en place professionnelle avec WordPress"},"content":{"rendered":"<p><span style=\"font-weight: 400;\">La cr\u00e9ation d&rsquo;un site web est une affaire personnelle \u2013 c&rsquo;est votre carte de visite virtuelle : m\u00e9dias sociaux, publicit\u00e9s, pages de destination, marketing par e-mail, tout finit par aboutir \u00e0 votre site web ou \u00e0 votre page de destination. <\/span><span style=\"font-weight: 400;\">C&rsquo;est l&rsquo;\u00e9pine dorsale proverbiale de votre id\u00e9e ou de votre entreprise. <\/span><\/p>\n<p><span style=\"font-weight: 400;\">Nous cr\u00e9ons votre <\/span>site web WordPress <span style=\"font-weight: 400;\">personnalis\u00e9 pour vous en une semaine ! De plus, nous vous offrons le choix entre deux variantes. <\/span><\/p>\n<h2>Cr\u00e9ation de site web WordPress<\/h2>\n<p>WordPress est si simple&#8230; \u2013 Pourquoi devriez-vous quand m\u00eame faire appel \u00e0 un expert :<\/p>\n<p><span style=\"font-weight: 400;\"><a href=\"https:\/\/wordpress.org\/\" target=\"_blank\" rel=\"noopener noreferrer\">WordPress<\/a> a consid\u00e9rablement simplifi\u00e9 les choses, notamment avec la version 5. En chirurgie, il y a \u00e9galement eu des progr\u00e8s consid\u00e9rables, mais seuls les chirurgiens op\u00e8rent encore, n&rsquo;est-ce pas ? Faites appel \u00e0 un expert lorsqu&rsquo;il s&rsquo;agit de votre \u00ab\u00a0\u00e9pine dorsale en ligne\u00a0\u00bb !<br \/>\n<\/span><\/p>\n<p><span style=\"font-weight: 400;\">En effet, lors de la cr\u00e9ation d&rsquo;une page d&rsquo;accueil, des questions se posent, qui vous co\u00fbteront beaucoup de potentiel, de temps et d&rsquo;argent : <\/span><span style=\"font-weight: 400;\">Quel template ? Dispose-t-il des fonctionnalit\u00e9s adapt\u00e9es \u00e0 mes besoins ? Faut-il int\u00e9grer un blog ? Quelle structure pour la landing page ? Pourquoi mes publicit\u00e9s nont-elles pas limpact souhait\u00e9 ? Comment optimiser le taux de conversion ? Quen est-il de lexp\u00e9rience utilisateur ?      Sans oublier le serveur&#8230;  <\/span><\/p>\n<p><span style=\"font-weight: 400;\">Le temps, c&rsquo;est de l&rsquo;argent, comme on le sait. Ici, c&rsquo;est m\u00eame doublement vrai, si l&rsquo;on pense par exemple aux co\u00fbts des publicit\u00e9s ou des campagnes insuffisamment converties. Pour une start-up, tout cela est encore plus important.<br \/>\n<\/span><\/p>\n<h2>Ce que nous vous offrons en tant qu&rsquo;experts :<\/h2>\n<ul>\n<li style=\"font-weight: 400;\"><span style=\"font-weight: 400;\">Nous menons dabord un entretien personnel approfondi avec vous. Cela nous permet de cr\u00e9er un site web parfaitement adapt\u00e9 \u00e0 vos besoins, et non linverse.  Cest un risque suppl\u00e9mentaire auquel sexpose un n\u00e9ophyte, et dont beaucoup nont pas conscience. <\/span><\/li>\n<li style=\"font-weight: 400;\"><span style=\"font-weight: 400;\">Vous recevrez deux propositions concr\u00e8tes au choix. <\/span><\/li>\n<li style=\"font-weight: 400;\"><span style=\"font-weight: 400;\">Nous pourrons vous cr\u00e9er le site web final dans un d\u00e9lai de deux semaines. <\/span><\/li>\n<li style=\"font-weight: 400;\"><span style=\"font-weight: 400;\">Gr\u00e2ce \u00e0 l&rsquo;utilisation de technologies Open Source, vous serez flexible avec votre site web. Il peut grandir avec votre id\u00e9e. Vous n&rsquo;avez pas de soucis ou de probl\u00e8mes dus \u00e0 des changements de syst\u00e8me ou \u00e0 des incompatibilit\u00e9s ult\u00e9rieurs.  <\/span><\/li>\n<li><span style=\"font-weight: 400;\">Meilleur ciblage et suivi possibles : gr\u00e2ce \u00e0 une optimisation SEO parfaite (Search Engine Optimization), vous serez rapidement trouv\u00e9 par votre groupe cible et, gr\u00e2ce aux bons outils de suivi, vous pourrez \u00e9valuer vos campagnes rapidement et facilement. Nous mettons en place et vous expliquons les deux. <\/span><span style=\"font-weight: 400;\">.  <\/span><\/li>\n<li style=\"font-weight: 400;\"><span style=\"font-weight: 400;\">Interlocuteur personnel pendant toute la dur\u00e9e de la cr\u00e9ation de votre site web WordPress ou de votre page de destination<br \/>\n<\/span><\/li>\n<\/ul>\n<p>Nos <a href=\"https:\/\/www.idea2.ch\/allgemeine-geschaeftsbedingungen\/\" target=\"_blank\" rel=\"noopener noreferrer\">conditions g\u00e9n\u00e9rales de vente<\/a> s&rsquo;appliquent.<\/p>\n<h2 style=\"text-align: center;\">T\u00e9moignage<\/h2>\n<p>Adrian et Aivie ont mis en place une boutique en ligne de premier ordre avec laquelle je peux atteindre directement mes clients et proposer mes antiquit\u00e9s. J&rsquo;ai particuli\u00e8rement appr\u00e9ci\u00e9 la fa\u00e7on dont il a tenu compte de mes objectifs et les a mis en \u0153uvre. Sa fa\u00e7on de r\u00e9fl\u00e9chir de mani\u00e8re constructive et de faire des propositions utiles \u00e9tait 1A.  <\/p>\n<p><img loading=\"lazy\" decoding=\"async\" class=\"testimonial-img alignnone wp-image-19111\" src=\"https:\/\/cdn.aivie.ch\/media\/wp\/2021\/06\/19131653\/rutishauser.jpg\" alt=\"\" width=\"100\" height=\"100\" title=\"\"><\/p>\n<p>Marcel Rutishauser, <a href=\"https:\/\/www.rutishauserantiquitaeten.ch\" target=\"_blank\" rel=\"noopener noreferrer\">Rutishauser Antiquit\u00e4ten Kreuzlingen<\/a><\/p>\n","protected":false},"excerpt":{"rendered":"<p>Votre site web sur mesure \u2013 pour que votre id\u00e9e puisse grandir, la base la plus importante de votre succ\u00e8s<\/p>\n","protected":false},"featured_media":16510,"comment_status":"closed","ping_status":"closed","template":"","meta":{"_acf_changed":false},"product_brand":[],"product_cat":[947],"product_tag":[1215,1288,1289],"class_list":{"0":"post-26833","1":"product","2":"type-product","3":"status-publish","4":"has-post-thumbnail","6":"product_cat-services-instantanes","7":"product_tag-page-de-destination","8":"product_tag-site-web","9":"product_tag-wordpress","11":"first","12":"instock","13":"taxable","14":"shipping-taxable","15":"purchasable","16":"product-type-variable","17":"has-default-attributes"},"acf":[],"featured_image_urls_v2":{"full":["https:\/\/cdn.aivie.ch\/media\/wp\/2023\/11\/27151421\/Marketing-Automation-mit-WordPress.png",1200,800,false],"thumbnail":["https:\/\/cdn.aivie.ch\/media\/wp\/2023\/11\/27151421\/Marketing-Automation-mit-WordPress-240x240.png",240,240,true],"medium":["https:\/\/cdn.aivie.ch\/media\/wp\/2023\/11\/27151421\/Marketing-Automation-mit-WordPress-960x640.png",960,640,true],"medium_large":["https:\/\/cdn.aivie.ch\/media\/wp\/2023\/11\/27151421\/Marketing-Automation-mit-WordPress-768x512.png",768,512,true],"large":["https:\/\/cdn.aivie.ch\/media\/wp\/2023\/11\/27151421\/Marketing-Automation-mit-WordPress.png",990,660,false],"post-thumbnail":["https:\/\/cdn.aivie.ch\/media\/wp\/2023\/11\/27151421\/Marketing-Automation-mit-WordPress.png",1200,800,false],"aiv_480w":["https:\/\/cdn.aivie.ch\/media\/wp\/2023\/11\/27151421\/Marketing-Automation-mit-WordPress-480x320.png",480,320,true],"woocommerce_thumbnail":["https:\/\/cdn.aivie.ch\/media\/wp\/2023\/11\/27151421\/Marketing-Automation-mit-WordPress-240x240.png",240,240,true],"woocommerce_single":["https:\/\/cdn.aivie.ch\/media\/wp\/2023\/11\/27151421\/Marketing-Automation-mit-WordPress-960x640.png",960,640,true],"woocommerce_gallery_thumbnail":["https:\/\/cdn.aivie.ch\/media\/wp\/2023\/11\/27151421\/Marketing-Automation-mit-WordPress-240x240.png",240,240,true]},"post_excerpt_stackable_v2":"<p>Votre site web sur mesure \u2013 pour que votre id\u00e9e puisse grandir, la base la plus importante de votre succ\u00e8s<\/p>\n","category_list_v2":"","author_info_v2":{"name":"","url":""},"comments_num_v2":"0 commentaire","_links":{"self":[{"href":"https:\/\/aivie.ch\/fr\/wp-json\/wp\/v2\/product\/26833","targetHints":{"allow":["GET"]}}],"collection":[{"href":"https:\/\/aivie.ch\/fr\/wp-json\/wp\/v2\/product"}],"about":[{"href":"https:\/\/aivie.ch\/fr\/wp-json\/wp\/v2\/types\/product"}],"replies":[{"embeddable":true,"href":"https:\/\/aivie.ch\/fr\/wp-json\/wp\/v2\/comments?post=26833"}],"wp:featuredmedia":[{"embeddable":true,"href":"https:\/\/aivie.ch\/fr\/wp-json\/wp\/v2\/media\/16510"}],"wp:attachment":[{"href":"https:\/\/aivie.ch\/fr\/wp-json\/wp\/v2\/media?parent=26833"}],"wp:term":[{"taxonomy":"product_brand","embeddable":true,"href":"https:\/\/aivie.ch\/fr\/wp-json\/wp\/v2\/product_brand?post=26833"},{"taxonomy":"product_cat","embeddable":true,"href":"https:\/\/aivie.ch\/fr\/wp-json\/wp\/v2\/product_cat?post=26833"},{"taxonomy":"product_tag","embeddable":true,"href":"https:\/\/aivie.ch\/fr\/wp-json\/wp\/v2\/product_tag?post=26833"}],"curies":[{"name":"wp","href":"https:\/\/api.w.org\/{rel}","templated":true}]}}