{"id":26805,"date":"2022-05-12T14:52:54","date_gmt":"2022-05-12T12:52:54","guid":{"rendered":"https:\/\/aivie.ch\/product\/campagne-creative-pour-le-numerique-et-limprime\/"},"modified":"2026-01-11T14:27:17","modified_gmt":"2026-01-11T12:27:17","slug":"campagne-creative-pour-le-numerique-et-limprime","status":"publish","type":"product","link":"https:\/\/aivie.ch\/fr\/produit\/campagne-creative-pour-le-numerique-et-limprime\/","title":{"rendered":"Campagne cr\u00e9ative pour le num\u00e9rique et l&rsquo;imprim\u00e9"},"content":{"rendered":"<p><span style=\"font-weight: 400;\">Vous obtiendrez ainsi une campagne en ligne-hors ligne bas\u00e9e sur les meilleures pratiques <\/span><span style=\"font-weight: 400;\">, comprenant&nbsp;:<\/span><\/p>\n<ul>\n<li aria-level=\"1\">une logique de campagne automatis\u00e9e tout au long du parcours client<\/li>\n<li style=\"font-weight: 400;\" aria-level=\"1\"><span style=\"font-weight: 400;\">Incl. jusqu&rsquo;\u00e0 3&nbsp;pages de destination dans le cadre de la campagne<\/span><\/li>\n<li style=\"font-weight: 400;\" aria-level=\"1\"><span style=\"font-weight: 400;\">Trois <\/span><span style=\"font-weight: 400;\">mod\u00e8les <\/span><span style=\"font-weight: 400;\">personnalisables <\/span>de publipostage\/cartes postales imprim\u00e9s (avec une boucle de correction)<\/li>\n<li aria-level=\"1\"><span style=\"font-weight: 400;\">la conception et la r\u00e9daction des pages de destination, des e-mails et des publipostages\/cartes postales imprim\u00e9s<\/span><\/li>\n<li style=\"font-weight: 400;\" aria-level=\"1\"><span style=\"font-weight: 400;\">des visuels pour les images \u00e0 partager pour les publications\/annonces sur vos propres canaux<\/span><\/li>\n<li style=\"font-weight: 400;\" aria-level=\"1\"><span style=\"font-weight: 400;\">Jusqu&rsquo;\u00e0 3&nbsp;mois de dur\u00e9e<\/span><\/li>\n<li style=\"font-weight: 400;\" aria-level=\"1\"><span style=\"font-weight: 400;\">Jusqu&rsquo;\u00e0 1&nbsp;000&nbsp;contacts<\/span><\/li>\n<\/ul>\n<p>&nbsp;<\/p>\n","protected":false},"excerpt":{"rendered":"<p>Tinkerbelle et Aivie \u00e9laborent avec toi une campagne de marketing automation pour relier le monde en ligne au monde hors ligne.<\/p>\n","protected":false},"featured_media":9712,"comment_status":"open","ping_status":"closed","template":"","meta":{"_acf_changed":false},"product_brand":[],"product_cat":[947],"product_tag":[1286],"class_list":{"0":"post-26805","1":"product","2":"type-product","3":"status-publish","4":"has-post-thumbnail","6":"product_cat-services-instantanes","7":"product_tag-publipostage","9":"first","10":"instock","11":"virtual","12":"taxable","13":"purchasable","14":"product-type-simple"},"acf":[],"featured_image_urls_v2":{"full":["https:\/\/cdn.aivie.ch\/media\/wp\/2022\/05\/16165819\/Kreative-Kampagne-fu%CC%88r-Digital-und-Print.png",800,800,false],"thumbnail":["https:\/\/cdn.aivie.ch\/media\/wp\/2022\/05\/16165819\/Kreative-Kampagne-fu%CC%88r-Digital-und-Print-240x240.png",240,240,true],"medium":["https:\/\/cdn.aivie.ch\/media\/wp\/2022\/05\/16165819\/Kreative-Kampagne-fu%CC%88r-Digital-und-Print.png",800,800,false],"medium_large":["https:\/\/cdn.aivie.ch\/media\/wp\/2022\/05\/16165819\/Kreative-Kampagne-fu%CC%88r-Digital-und-Print-768x768.png",768,768,true],"large":["https:\/\/cdn.aivie.ch\/media\/wp\/2022\/05\/16165819\/Kreative-Kampagne-fu%CC%88r-Digital-und-Print.png",800,800,false],"post-thumbnail":["https:\/\/cdn.aivie.ch\/media\/wp\/2022\/05\/16165819\/Kreative-Kampagne-fu%CC%88r-Digital-und-Print.png",800,800,false],"aiv_480w":["https:\/\/cdn.aivie.ch\/media\/wp\/2022\/05\/16165819\/Kreative-Kampagne-fu%CC%88r-Digital-und-Print-480x480.png",480,480,true],"woocommerce_thumbnail":["https:\/\/cdn.aivie.ch\/media\/wp\/2022\/05\/16165819\/Kreative-Kampagne-fu%CC%88r-Digital-und-Print-240x240.png",240,240,true],"woocommerce_single":["https:\/\/cdn.aivie.ch\/media\/wp\/2022\/05\/16165819\/Kreative-Kampagne-fu%CC%88r-Digital-und-Print.png",800,800,false],"woocommerce_gallery_thumbnail":["https:\/\/cdn.aivie.ch\/media\/wp\/2022\/05\/16165819\/Kreative-Kampagne-fu%CC%88r-Digital-und-Print-240x240.png",240,240,true]},"post_excerpt_stackable_v2":"<p>Tinkerbelle et Aivie \u00e9laborent avec toi une campagne de marketing automation pour relier le monde en ligne au monde hors ligne.<\/p>\n","category_list_v2":"","author_info_v2":{"name":"","url":""},"comments_num_v2":"0 commentaire","_links":{"self":[{"href":"https:\/\/aivie.ch\/fr\/wp-json\/wp\/v2\/product\/26805","targetHints":{"allow":["GET"]}}],"collection":[{"href":"https:\/\/aivie.ch\/fr\/wp-json\/wp\/v2\/product"}],"about":[{"href":"https:\/\/aivie.ch\/fr\/wp-json\/wp\/v2\/types\/product"}],"replies":[{"embeddable":true,"href":"https:\/\/aivie.ch\/fr\/wp-json\/wp\/v2\/comments?post=26805"}],"wp:featuredmedia":[{"embeddable":true,"href":"https:\/\/aivie.ch\/fr\/wp-json\/wp\/v2\/media\/9712"}],"wp:attachment":[{"href":"https:\/\/aivie.ch\/fr\/wp-json\/wp\/v2\/media?parent=26805"}],"wp:term":[{"taxonomy":"product_brand","embeddable":true,"href":"https:\/\/aivie.ch\/fr\/wp-json\/wp\/v2\/product_brand?post=26805"},{"taxonomy":"product_cat","embeddable":true,"href":"https:\/\/aivie.ch\/fr\/wp-json\/wp\/v2\/product_cat?post=26805"},{"taxonomy":"product_tag","embeddable":true,"href":"https:\/\/aivie.ch\/fr\/wp-json\/wp\/v2\/product_tag?post=26805"}],"curies":[{"name":"wp","href":"https:\/\/api.w.org\/{rel}","templated":true}]}}