{"id":26799,"date":"2022-06-08T17:02:40","date_gmt":"2022-06-08T15:02:40","guid":{"rendered":"https:\/\/aivie.ch\/product\/add-on-adresse-ip-dediee\/"},"modified":"2026-01-11T14:26:42","modified_gmt":"2026-01-11T12:26:42","slug":"add-on-adresse-ip-dediee","status":"publish","type":"product","link":"https:\/\/aivie.ch\/fr\/produit\/add-on-adresse-ip-dediee\/","title":{"rendered":"Add-on&nbsp;: adresse IP d\u00e9di\u00e9e"},"content":{"rendered":"<p>Avec Aivie Pro, vous envoyez d\u00e9j\u00e0 vos e-mails via votre propre domaine d&rsquo;exp\u00e9diteur.<\/p>\n<p>Pour un contr\u00f4le maximal de votre score de spam, nous vous recommandons \u00e9galement d&rsquo;utiliser une adresse IP d\u00e9di\u00e9e.<\/p>\n<p>Vous b\u00e9n\u00e9ficiez ainsi d&rsquo;un contr\u00f4le maximal et vos newsletters et e-mails arrivent de mani\u00e8re plus fiable dans la bo\u00eete de r\u00e9ception.<\/p>\n<p>Les avantages d&rsquo;une adresse IP d\u00e9di\u00e9e sont les suivants&nbsp;:<\/p>\n<ul>\n<li>Mise \u00e0 l&rsquo;\u00e9chelle automatique par fournisseur d&rsquo;acc\u00e8s \u00e0 Internet (FAI)<\/li>\n<li>R\u00e9chauffement de l&rsquo;adresse IP par FAI<\/li>\n<li>R\u00e9chauffement adaptatif par FAI en fonction de votre propre mod\u00e8le d&rsquo;envoi effectif<\/li>\n<li>Si une limite par FAI est atteinte, les e-mails restants sont envoy\u00e9s via une IP partag\u00e9e ou envoy\u00e9s avec un d\u00e9lai<\/li>\n<\/ul>\n<p>Le prix comprend 1&nbsp;million d&rsquo;e-mails par mois.<\/p>\n","protected":false},"excerpt":{"rendered":"<p>Am\u00e9liorer le score de spam avec une adresse IP d\u00e9di\u00e9e.<\/p>\n","protected":false},"featured_media":10752,"comment_status":"closed","ping_status":"closed","template":"","meta":{"_acf_changed":false},"product_brand":[],"product_cat":[1281],"product_tag":[],"class_list":{"0":"post-26799","1":"product","2":"type-product","3":"status-publish","4":"has-post-thumbnail","6":"product_cat-add-on","8":"first","9":"instock","10":"virtual","11":"taxable","12":"purchasable","13":"product-type-subscription"},"acf":[],"featured_image_urls_v2":{"full":["https:\/\/cdn.aivie.ch\/media\/wp\/2022\/06\/28114312\/Eigene-IP.webp",800,800,false],"thumbnail":["https:\/\/cdn.aivie.ch\/media\/wp\/2022\/06\/28114312\/Eigene-IP-240x240.webp",240,240,true],"medium":["https:\/\/cdn.aivie.ch\/media\/wp\/2022\/06\/28114312\/Eigene-IP.webp",800,800,false],"medium_large":["https:\/\/cdn.aivie.ch\/media\/wp\/2022\/06\/28114312\/Eigene-IP-768x768.webp",768,768,true],"large":["https:\/\/cdn.aivie.ch\/media\/wp\/2022\/06\/28114312\/Eigene-IP.webp",800,800,false],"post-thumbnail":["https:\/\/cdn.aivie.ch\/media\/wp\/2022\/06\/28114312\/Eigene-IP.webp",800,800,false],"aiv_480w":["https:\/\/cdn.aivie.ch\/media\/wp\/2022\/06\/28114312\/Eigene-IP-480x480.webp",480,480,true],"woocommerce_thumbnail":["https:\/\/cdn.aivie.ch\/media\/wp\/2022\/06\/28114312\/Eigene-IP-240x240.webp",240,240,true],"woocommerce_single":["https:\/\/cdn.aivie.ch\/media\/wp\/2022\/06\/28114312\/Eigene-IP.webp",800,800,false],"woocommerce_gallery_thumbnail":["https:\/\/cdn.aivie.ch\/media\/wp\/2022\/06\/28114312\/Eigene-IP-240x240.webp",240,240,true]},"post_excerpt_stackable_v2":"<p>Am\u00e9liorer le score de spam avec une adresse IP d\u00e9di\u00e9e.<\/p>\n","category_list_v2":"","author_info_v2":{"name":"","url":""},"comments_num_v2":"0 commentaire","_links":{"self":[{"href":"https:\/\/aivie.ch\/fr\/wp-json\/wp\/v2\/product\/26799","targetHints":{"allow":["GET"]}}],"collection":[{"href":"https:\/\/aivie.ch\/fr\/wp-json\/wp\/v2\/product"}],"about":[{"href":"https:\/\/aivie.ch\/fr\/wp-json\/wp\/v2\/types\/product"}],"replies":[{"embeddable":true,"href":"https:\/\/aivie.ch\/fr\/wp-json\/wp\/v2\/comments?post=26799"}],"wp:featuredmedia":[{"embeddable":true,"href":"https:\/\/aivie.ch\/fr\/wp-json\/wp\/v2\/media\/10752"}],"wp:attachment":[{"href":"https:\/\/aivie.ch\/fr\/wp-json\/wp\/v2\/media?parent=26799"}],"wp:term":[{"taxonomy":"product_brand","embeddable":true,"href":"https:\/\/aivie.ch\/fr\/wp-json\/wp\/v2\/product_brand?post=26799"},{"taxonomy":"product_cat","embeddable":true,"href":"https:\/\/aivie.ch\/fr\/wp-json\/wp\/v2\/product_cat?post=26799"},{"taxonomy":"product_tag","embeddable":true,"href":"https:\/\/aivie.ch\/fr\/wp-json\/wp\/v2\/product_tag?post=26799"}],"curies":[{"name":"wp","href":"https:\/\/api.w.org\/{rel}","templated":true}]}}