{"id":26792,"date":"2022-08-05T09:09:58","date_gmt":"2022-08-05T07:09:58","guid":{"rendered":"https:\/\/aivie.ch\/product\/add-on-donnees-aivie-dans-google-looker-studio\/"},"modified":"2026-01-11T14:26:14","modified_gmt":"2026-01-11T12:26:14","slug":"add-on-donnees-aivie-dans-google-looker-studio","status":"publish","type":"product","link":"https:\/\/aivie.ch\/fr\/produit\/add-on-donnees-aivie-dans-google-looker-studio\/","title":{"rendered":"Add-on&nbsp;: Donn\u00e9es Aivie dans Google Looker Studio"},"content":{"rendered":"<p data-pm-slice=\"1 1 []\">Faites passer l&rsquo;analyse de donn\u00e9es au niveau sup\u00e9rieur. Acc\u00e9dez directement aux donn\u00e9es brutes de votre instance Aivie. Combinez les donn\u00e9es de Google avec vos donn\u00e9es d&rsquo;Aivie pour obtenir des informations encore plus pertinentes et cr\u00e9ez des rapports complets dans Google Looker Studio (anciennement Google Data Studio).  <\/p>\n<p data-pm-slice=\"1 1 []\">\n","protected":false},"excerpt":{"rendered":"<p>Vos donn\u00e9es entre vos mains.<\/p>\n","protected":false},"featured_media":10760,"comment_status":"closed","ping_status":"closed","template":"","meta":{"_acf_changed":false},"product_brand":[],"product_cat":[1281],"product_tag":[],"class_list":{"0":"post-26792","1":"product","2":"type-product","3":"status-publish","4":"has-post-thumbnail","6":"product_cat-add-on","8":"first","9":"instock","10":"virtual","11":"taxable","12":"purchasable","13":"product-type-subscription"},"acf":[],"featured_image_urls_v2":{"full":["https:\/\/cdn.aivie.ch\/media\/wp\/2022\/07\/28123913\/Direkter-Zugriff-auf-die-Datenbank-von-Google-Data-Studio.webp",800,800,false],"thumbnail":["https:\/\/cdn.aivie.ch\/media\/wp\/2022\/07\/28123913\/Direkter-Zugriff-auf-die-Datenbank-von-Google-Data-Studio-240x240.webp",240,240,true],"medium":["https:\/\/cdn.aivie.ch\/media\/wp\/2022\/07\/28123913\/Direkter-Zugriff-auf-die-Datenbank-von-Google-Data-Studio.webp",800,800,false],"medium_large":["https:\/\/cdn.aivie.ch\/media\/wp\/2022\/07\/28123913\/Direkter-Zugriff-auf-die-Datenbank-von-Google-Data-Studio-768x768.webp",768,768,true],"large":["https:\/\/cdn.aivie.ch\/media\/wp\/2022\/07\/28123913\/Direkter-Zugriff-auf-die-Datenbank-von-Google-Data-Studio.webp",800,800,false],"post-thumbnail":["https:\/\/cdn.aivie.ch\/media\/wp\/2022\/07\/28123913\/Direkter-Zugriff-auf-die-Datenbank-von-Google-Data-Studio.webp",800,800,false],"aiv_480w":["https:\/\/cdn.aivie.ch\/media\/wp\/2022\/07\/28123913\/Direkter-Zugriff-auf-die-Datenbank-von-Google-Data-Studio-480x480.webp",480,480,true],"woocommerce_thumbnail":["https:\/\/cdn.aivie.ch\/media\/wp\/2022\/07\/28123913\/Direkter-Zugriff-auf-die-Datenbank-von-Google-Data-Studio-240x240.webp",240,240,true],"woocommerce_single":["https:\/\/cdn.aivie.ch\/media\/wp\/2022\/07\/28123913\/Direkter-Zugriff-auf-die-Datenbank-von-Google-Data-Studio.webp",800,800,false],"woocommerce_gallery_thumbnail":["https:\/\/cdn.aivie.ch\/media\/wp\/2022\/07\/28123913\/Direkter-Zugriff-auf-die-Datenbank-von-Google-Data-Studio-240x240.webp",240,240,true]},"post_excerpt_stackable_v2":"<p>Vos donn\u00e9es entre vos mains.<\/p>\n","category_list_v2":"","author_info_v2":{"name":"","url":""},"comments_num_v2":"0 commentaire","_links":{"self":[{"href":"https:\/\/aivie.ch\/fr\/wp-json\/wp\/v2\/product\/26792","targetHints":{"allow":["GET"]}}],"collection":[{"href":"https:\/\/aivie.ch\/fr\/wp-json\/wp\/v2\/product"}],"about":[{"href":"https:\/\/aivie.ch\/fr\/wp-json\/wp\/v2\/types\/product"}],"replies":[{"embeddable":true,"href":"https:\/\/aivie.ch\/fr\/wp-json\/wp\/v2\/comments?post=26792"}],"wp:featuredmedia":[{"embeddable":true,"href":"https:\/\/aivie.ch\/fr\/wp-json\/wp\/v2\/media\/10760"}],"wp:attachment":[{"href":"https:\/\/aivie.ch\/fr\/wp-json\/wp\/v2\/media?parent=26792"}],"wp:term":[{"taxonomy":"product_brand","embeddable":true,"href":"https:\/\/aivie.ch\/fr\/wp-json\/wp\/v2\/product_brand?post=26792"},{"taxonomy":"product_cat","embeddable":true,"href":"https:\/\/aivie.ch\/fr\/wp-json\/wp\/v2\/product_cat?post=26792"},{"taxonomy":"product_tag","embeddable":true,"href":"https:\/\/aivie.ch\/fr\/wp-json\/wp\/v2\/product_tag?post=26792"}],"curies":[{"name":"wp","href":"https:\/\/api.w.org\/{rel}","templated":true}]}}