{"id":26791,"date":"2022-08-05T09:15:53","date_gmt":"2022-08-05T07:15:53","guid":{"rendered":"https:\/\/aivie.ch\/product\/mise-en-place-de-lintegration-aivie-mautic-zapier-make-ou-n8n\/"},"modified":"2026-01-11T14:26:12","modified_gmt":"2026-01-11T12:26:12","slug":"mise-en-place-de-lintegration-aivie-mautic-zapier-make-ou-n8n","status":"publish","type":"product","link":"https:\/\/aivie.ch\/fr\/produit\/mise-en-place-de-lintegration-aivie-mautic-zapier-make-ou-n8n\/","title":{"rendered":"Mise en place de l&rsquo;int\u00e9gration Aivie\/Mautic Zapier, Make ou n8n"},"content":{"rendered":"<p>Vous n&rsquo;\u00eates pas tout \u00e0 fait s\u00fbr de la mani\u00e8re de connecter d&rsquo;autres outils \u00e0 Aivie&nbsp;? Par exemple, votre outil CRM, ERP, de webinaire, de billetterie ou de publication&nbsp;? Nous \u00e9tudions vos besoins, effectuons la configuration et testons tout pour vous.  <\/p>\n<p>Vous obtenez&nbsp;:<\/p>\n<ul class=\"ak-ul\">\n<li>Int\u00e9gration optimale via Zapier, Make ou n8n<\/li>\n<li>Segments individuels (par exemple, webinaire manqu\u00e9, webinaire termin\u00e9)<\/li>\n<li>Cr\u00e9ation des donn\u00e9es de contact via des champs et\/ou des balises personnalis\u00e9s<\/li>\n<\/ul>\n","protected":false},"excerpt":{"rendered":"<p>Int\u00e9gr\u00e9 directement dans Aivie.<\/p>\n","protected":false},"featured_media":10770,"comment_status":"closed","ping_status":"closed","template":"","meta":{"_acf_changed":false},"product_brand":[],"product_cat":[947],"product_tag":[],"class_list":{"0":"post-26791","1":"product","2":"type-product","3":"status-publish","4":"has-post-thumbnail","6":"product_cat-services-instantanes","8":"first","9":"instock","10":"virtual","11":"taxable","12":"purchasable","13":"product-type-simple"},"acf":[],"featured_image_urls_v2":{"full":["https:\/\/cdn.aivie.ch\/media\/wp\/2022\/07\/28151147\/Aivie-Marketing-Automation-Mautic-Zapier-Verbindung-aufsetzen-.webp",800,800,false],"thumbnail":["https:\/\/cdn.aivie.ch\/media\/wp\/2022\/07\/28151147\/Aivie-Marketing-Automation-Mautic-Zapier-Verbindung-aufsetzen--240x240.webp",240,240,true],"medium":["https:\/\/cdn.aivie.ch\/media\/wp\/2022\/07\/28151147\/Aivie-Marketing-Automation-Mautic-Zapier-Verbindung-aufsetzen-.webp",800,800,false],"medium_large":["https:\/\/cdn.aivie.ch\/media\/wp\/2022\/07\/28151147\/Aivie-Marketing-Automation-Mautic-Zapier-Verbindung-aufsetzen--768x768.webp",768,768,true],"large":["https:\/\/cdn.aivie.ch\/media\/wp\/2022\/07\/28151147\/Aivie-Marketing-Automation-Mautic-Zapier-Verbindung-aufsetzen-.webp",800,800,false],"post-thumbnail":["https:\/\/cdn.aivie.ch\/media\/wp\/2022\/07\/28151147\/Aivie-Marketing-Automation-Mautic-Zapier-Verbindung-aufsetzen-.webp",800,800,false],"aiv_480w":["https:\/\/cdn.aivie.ch\/media\/wp\/2022\/07\/28151147\/Aivie-Marketing-Automation-Mautic-Zapier-Verbindung-aufsetzen--480x480.webp",480,480,true],"woocommerce_thumbnail":["https:\/\/cdn.aivie.ch\/media\/wp\/2022\/07\/28151147\/Aivie-Marketing-Automation-Mautic-Zapier-Verbindung-aufsetzen--240x240.webp",240,240,true],"woocommerce_single":["https:\/\/cdn.aivie.ch\/media\/wp\/2022\/07\/28151147\/Aivie-Marketing-Automation-Mautic-Zapier-Verbindung-aufsetzen-.webp",800,800,false],"woocommerce_gallery_thumbnail":["https:\/\/cdn.aivie.ch\/media\/wp\/2022\/07\/28151147\/Aivie-Marketing-Automation-Mautic-Zapier-Verbindung-aufsetzen--240x240.webp",240,240,true]},"post_excerpt_stackable_v2":"<p>Int\u00e9gr\u00e9 directement dans Aivie.<\/p>\n","category_list_v2":"","author_info_v2":{"name":"","url":""},"comments_num_v2":"0 commentaire","_links":{"self":[{"href":"https:\/\/aivie.ch\/fr\/wp-json\/wp\/v2\/product\/26791","targetHints":{"allow":["GET"]}}],"collection":[{"href":"https:\/\/aivie.ch\/fr\/wp-json\/wp\/v2\/product"}],"about":[{"href":"https:\/\/aivie.ch\/fr\/wp-json\/wp\/v2\/types\/product"}],"replies":[{"embeddable":true,"href":"https:\/\/aivie.ch\/fr\/wp-json\/wp\/v2\/comments?post=26791"}],"wp:featuredmedia":[{"embeddable":true,"href":"https:\/\/aivie.ch\/fr\/wp-json\/wp\/v2\/media\/10770"}],"wp:attachment":[{"href":"https:\/\/aivie.ch\/fr\/wp-json\/wp\/v2\/media?parent=26791"}],"wp:term":[{"taxonomy":"product_brand","embeddable":true,"href":"https:\/\/aivie.ch\/fr\/wp-json\/wp\/v2\/product_brand?post=26791"},{"taxonomy":"product_cat","embeddable":true,"href":"https:\/\/aivie.ch\/fr\/wp-json\/wp\/v2\/product_cat?post=26791"},{"taxonomy":"product_tag","embeddable":true,"href":"https:\/\/aivie.ch\/fr\/wp-json\/wp\/v2\/product_tag?post=26791"}],"curies":[{"name":"wp","href":"https:\/\/api.w.org\/{rel}","templated":true}]}}