{"id":26769,"date":"2023-03-28T14:22:57","date_gmt":"2023-03-28T12:22:57","guid":{"rendered":"https:\/\/aivie.ch\/product\/pack-de-protection-des-donnees-pour-site-web-lexr\/"},"modified":"2026-01-11T14:24:26","modified_gmt":"2026-01-11T12:24:26","slug":"pack-de-protection-des-donnees-pour-site-web-lexr","status":"publish","type":"product","link":"https:\/\/aivie.ch\/fr\/produit\/pack-de-protection-des-donnees-pour-site-web-lexr\/","title":{"rendered":"Pack de protection des donn\u00e9es pour site web LEXR"},"content":{"rendered":"<p>La protection des donn\u00e9es sur les sites web est au centre de l&rsquo;attention, non seulement des autorit\u00e9s de surveillance, mais aussi des visiteurs des sites web. Nous v\u00e9rifions la conformit\u00e9 du site web de l&rsquo;entreprise avec les exigences de protection des donn\u00e9es du RGPD et de la nouvelle loi suisse sur la protection des donn\u00e9es, et nous cr\u00e9ons les documents n\u00e9cessaires. <\/p>\n<p>Le pack comprend :<\/p>\n<ul>\n<li>Un entretien de 30 minutes avec nos experts juridiques, au cours duquel nous analysons ensemble les besoins de modification et recueillons toutes les informations n\u00e9cessaires \u00e0 la cr\u00e9ation des documents.<\/li>\n<li>Cr\u00e9ation ou adaptation d&rsquo;une d\u00e9claration de protection des donn\u00e9es pour le site web.<\/li>\n<li>Cr\u00e9ation ou adaptation d&rsquo;une politique en mati\u00e8re de cookies et, si une banni\u00e8re de cookies est utilis\u00e9e, du texte n\u00e9cessaire \u00e0 cet effet.<\/li>\n<li>Cr\u00e9ation de mentions l\u00e9gales.<\/li>\n<li>Un entretien final de 30 minutes pour r\u00e9pondre aux \u00e9ventuelles questions.<\/li>\n<\/ul>\n<p>Les <a href=\"https:\/\/www.lexr.com\/de-ch\/allgemeine-geschaeftsbedingungen\/\" target=\"_blank\" rel=\"noopener\">CGV de LEXR<\/a> s&rsquo;appliquent<\/p>\n","protected":false},"excerpt":{"rendered":"<p>Toutes les questions de protection des donn\u00e9es du site web de l&rsquo;entreprise dans un pack complet \u2013 de la d\u00e9claration de protection des donn\u00e9es \u00e0 la politique en mati\u00e8re de cookies, en passant par les mentions l\u00e9gales.<\/p>\n","protected":false},"featured_media":13630,"comment_status":"open","ping_status":"closed","template":"","meta":{"_acf_changed":false},"product_brand":[],"product_cat":[983],"product_tag":[],"class_list":{"0":"post-26769","1":"product","2":"type-product","3":"status-publish","4":"has-post-thumbnail","6":"product_cat-protection-des-donnees","8":"first","9":"instock","10":"taxable","11":"shipping-taxable","12":"purchasable","13":"product-type-simple"},"acf":[],"featured_image_urls_v2":{"full":["https:\/\/cdn.aivie.ch\/media\/wp\/2023\/03\/14104239\/LEXR-Visual-1.png",800,800,false],"thumbnail":["https:\/\/cdn.aivie.ch\/media\/wp\/2023\/03\/14104239\/LEXR-Visual-1-240x240.png",240,240,true],"medium":["https:\/\/cdn.aivie.ch\/media\/wp\/2023\/03\/14104239\/LEXR-Visual-1.png",800,800,false],"medium_large":["https:\/\/cdn.aivie.ch\/media\/wp\/2023\/03\/14104239\/LEXR-Visual-1-768x768.png",768,768,true],"large":["https:\/\/cdn.aivie.ch\/media\/wp\/2023\/03\/14104239\/LEXR-Visual-1.png",800,800,false],"post-thumbnail":["https:\/\/cdn.aivie.ch\/media\/wp\/2023\/03\/14104239\/LEXR-Visual-1.png",800,800,false],"aiv_480w":["https:\/\/cdn.aivie.ch\/media\/wp\/2023\/03\/14104239\/LEXR-Visual-1-480x480.png",480,480,true],"woocommerce_thumbnail":["https:\/\/cdn.aivie.ch\/media\/wp\/2023\/03\/14104239\/LEXR-Visual-1-240x240.png",240,240,true],"woocommerce_single":["https:\/\/cdn.aivie.ch\/media\/wp\/2023\/03\/14104239\/LEXR-Visual-1.png",800,800,false],"woocommerce_gallery_thumbnail":["https:\/\/cdn.aivie.ch\/media\/wp\/2023\/03\/14104239\/LEXR-Visual-1-240x240.png",240,240,true]},"post_excerpt_stackable_v2":"<p>Toutes les questions de protection des donn\u00e9es du site web de l&rsquo;entreprise dans un pack complet \u2013 de la d\u00e9claration de protection des donn\u00e9es \u00e0 la politique en mati\u00e8re de cookies, en passant par les mentions l\u00e9gales.<\/p>\n","category_list_v2":"","author_info_v2":{"name":"","url":""},"comments_num_v2":"0 commentaire","_links":{"self":[{"href":"https:\/\/aivie.ch\/fr\/wp-json\/wp\/v2\/product\/26769","targetHints":{"allow":["GET"]}}],"collection":[{"href":"https:\/\/aivie.ch\/fr\/wp-json\/wp\/v2\/product"}],"about":[{"href":"https:\/\/aivie.ch\/fr\/wp-json\/wp\/v2\/types\/product"}],"replies":[{"embeddable":true,"href":"https:\/\/aivie.ch\/fr\/wp-json\/wp\/v2\/comments?post=26769"}],"wp:featuredmedia":[{"embeddable":true,"href":"https:\/\/aivie.ch\/fr\/wp-json\/wp\/v2\/media\/13630"}],"wp:attachment":[{"href":"https:\/\/aivie.ch\/fr\/wp-json\/wp\/v2\/media?parent=26769"}],"wp:term":[{"taxonomy":"product_brand","embeddable":true,"href":"https:\/\/aivie.ch\/fr\/wp-json\/wp\/v2\/product_brand?post=26769"},{"taxonomy":"product_cat","embeddable":true,"href":"https:\/\/aivie.ch\/fr\/wp-json\/wp\/v2\/product_cat?post=26769"},{"taxonomy":"product_tag","embeddable":true,"href":"https:\/\/aivie.ch\/fr\/wp-json\/wp\/v2\/product_tag?post=26769"}],"curies":[{"name":"wp","href":"https:\/\/api.w.org\/{rel}","templated":true}]}}