{"id":26763,"date":"2023-03-28T14:27:24","date_gmt":"2023-03-28T12:27:24","guid":{"rendered":"https:\/\/aivie.ch\/product\/kit-de-demarrage-pour-levaluation-et-la-mise-en-oeuvre-de-la-protection-des-donnees\/"},"modified":"2026-01-11T14:24:14","modified_gmt":"2026-01-11T12:24:14","slug":"kit-de-demarrage-pour-levaluation-et-la-mise-en-oeuvre-de-la-protection-des-donnees","status":"publish","type":"product","link":"https:\/\/aivie.ch\/fr\/produit\/kit-de-demarrage-pour-levaluation-et-la-mise-en-oeuvre-de-la-protection-des-donnees\/","title":{"rendered":"Kit de d\u00e9marrage pour l&rsquo;\u00e9valuation et la mise en \u0153uvre de la protection des donn\u00e9es"},"content":{"rendered":"<p>Le kit id\u00e9al pour tous ceux qui souhaitent obtenir un premier aper\u00e7u rapide de l&rsquo;\u00e9tat actuel de la protection des donn\u00e9es dans l&rsquo;entreprise et qui n&rsquo;ont besoin que de premi\u00e8res directives de base en mati\u00e8re de bonnes pratiques.<\/p>\n<p style=\"font-weight: 400;\">Le kit comprend :<\/p>\n<ul style=\"font-weight: 400;\">\n<li>Atelier de lancement d&rsquo;une heure avec un expert LEXR pour un inventaire initial. La situation g\u00e9n\u00e9rale actuelle est analys\u00e9e, les profils de risque de l&rsquo;entreprise sont d\u00e9finis et toutes les questions relatives \u00e0 la protection des donn\u00e9es sont trait\u00e9es. <\/li>\n<li>R\u00e9sum\u00e9 des principaux r\u00e9sultats et des t\u00e2ches \u00e0 accomplir par e-mail.<\/li>\n<li>Si n\u00e9cessaire, adaptation de la d\u00e9claration de confidentialit\u00e9 et de la politique en mati\u00e8re de cookies<\/li>\n<li>Transmission des mod\u00e8les standard suivants :\n<ul>\n<li>Directive sur la gestion des violations de la protection des donn\u00e9es<\/li>\n<li>Directive sur le traitement des demandes de protection des donn\u00e9es<\/li>\n<li>Directive sur le traitement du marketing conform\u00e9ment \u00e0 la loi<\/li>\n<\/ul>\n<\/li>\n<li>Discussion des r\u00e9sultats lors d&rsquo;un atelier d&rsquo;une heure avec un expert LEXR et clarification des questions en suspens ainsi que des perspectives<\/li>\n<\/ul>\n<p>Les <a href=\"https:\/\/www.lexr.com\/de-ch\/allgemeine-geschaeftsbedingungen\/\" target=\"_blank\" rel=\"noopener\">CGV de LEXR<\/a> s&rsquo;appliquent<\/p>\n","protected":false},"excerpt":{"rendered":"<p>Identifiez rapidement et facilement les lacunes en mati\u00e8re de protection des donn\u00e9es gr\u00e2ce \u00e0 l&rsquo;analyse juridique compl\u00e8te de nos conseillers juridiques pragmatiques et recevez des propositions de solutions bas\u00e9es sur les risques pour les exigences de conformit\u00e9 n\u00e9cessaires.<\/p>\n","protected":false},"featured_media":13626,"comment_status":"open","ping_status":"closed","template":"","meta":{"_acf_changed":false},"product_brand":[],"product_cat":[983],"product_tag":[],"class_list":{"0":"post-26763","1":"product","2":"type-product","3":"status-publish","4":"has-post-thumbnail","6":"product_cat-protection-des-donnees","8":"first","9":"instock","10":"taxable","11":"shipping-taxable","12":"purchasable","13":"product-type-simple"},"acf":[],"featured_image_urls_v2":{"full":["https:\/\/cdn.aivie.ch\/media\/wp\/2023\/03\/14104129\/LEXR-Visual-2.png",800,800,false],"thumbnail":["https:\/\/cdn.aivie.ch\/media\/wp\/2023\/03\/14104129\/LEXR-Visual-2-240x240.png",240,240,true],"medium":["https:\/\/cdn.aivie.ch\/media\/wp\/2023\/03\/14104129\/LEXR-Visual-2.png",800,800,false],"medium_large":["https:\/\/cdn.aivie.ch\/media\/wp\/2023\/03\/14104129\/LEXR-Visual-2-768x768.png",768,768,true],"large":["https:\/\/cdn.aivie.ch\/media\/wp\/2023\/03\/14104129\/LEXR-Visual-2.png",800,800,false],"post-thumbnail":["https:\/\/cdn.aivie.ch\/media\/wp\/2023\/03\/14104129\/LEXR-Visual-2.png",800,800,false],"aiv_480w":["https:\/\/cdn.aivie.ch\/media\/wp\/2023\/03\/14104129\/LEXR-Visual-2-480x480.png",480,480,true],"woocommerce_thumbnail":["https:\/\/cdn.aivie.ch\/media\/wp\/2023\/03\/14104129\/LEXR-Visual-2-240x240.png",240,240,true],"woocommerce_single":["https:\/\/cdn.aivie.ch\/media\/wp\/2023\/03\/14104129\/LEXR-Visual-2.png",800,800,false],"woocommerce_gallery_thumbnail":["https:\/\/cdn.aivie.ch\/media\/wp\/2023\/03\/14104129\/LEXR-Visual-2-240x240.png",240,240,true]},"post_excerpt_stackable_v2":"<p>Identifiez rapidement et facilement les lacunes en mati\u00e8re de protection des donn\u00e9es gr\u00e2ce \u00e0 l&rsquo;analyse juridique compl\u00e8te de nos conseillers juridiques pragmatiques et recevez des propositions de solutions bas\u00e9es sur les risques pour les exigences de conformit\u00e9 n\u00e9cessaires.<\/p>\n","category_list_v2":"","author_info_v2":{"name":"","url":""},"comments_num_v2":"0 commentaire","_links":{"self":[{"href":"https:\/\/aivie.ch\/fr\/wp-json\/wp\/v2\/product\/26763","targetHints":{"allow":["GET"]}}],"collection":[{"href":"https:\/\/aivie.ch\/fr\/wp-json\/wp\/v2\/product"}],"about":[{"href":"https:\/\/aivie.ch\/fr\/wp-json\/wp\/v2\/types\/product"}],"replies":[{"embeddable":true,"href":"https:\/\/aivie.ch\/fr\/wp-json\/wp\/v2\/comments?post=26763"}],"wp:featuredmedia":[{"embeddable":true,"href":"https:\/\/aivie.ch\/fr\/wp-json\/wp\/v2\/media\/13626"}],"wp:attachment":[{"href":"https:\/\/aivie.ch\/fr\/wp-json\/wp\/v2\/media?parent=26763"}],"wp:term":[{"taxonomy":"product_brand","embeddable":true,"href":"https:\/\/aivie.ch\/fr\/wp-json\/wp\/v2\/product_brand?post=26763"},{"taxonomy":"product_cat","embeddable":true,"href":"https:\/\/aivie.ch\/fr\/wp-json\/wp\/v2\/product_cat?post=26763"},{"taxonomy":"product_tag","embeddable":true,"href":"https:\/\/aivie.ch\/fr\/wp-json\/wp\/v2\/product_tag?post=26763"}],"curies":[{"name":"wp","href":"https:\/\/api.w.org\/{rel}","templated":true}]}}