{"id":26758,"date":"2023-09-11T16:28:04","date_gmt":"2023-09-11T14:28:04","guid":{"rendered":"https:\/\/aivie.ch\/product\/connecteur-bexio-vers-google-looker-studio\/"},"modified":"2026-01-11T14:23:33","modified_gmt":"2026-01-11T12:23:33","slug":"connecteur-bexio-vers-google-looker-studio","status":"publish","type":"product","link":"https:\/\/aivie.ch\/fr\/produit\/connecteur-bexio-vers-google-looker-studio\/","title":{"rendered":"Connecteur Bexio vers Google Looker Studio"},"content":{"rendered":"<h2>Utilisez les donn\u00e9es de Bexio dans Google Looker<\/h2>\n<p>Tirez le meilleur parti des donn\u00e9es de votre entreprise et prenez des d\u00e9cisions commerciales \u00e9clair\u00e9es gr\u00e2ce \u00e0 notre connecteur Bexio vers Google Looker Studio. Cette int\u00e9gration puissante vous permet d&rsquo;acc\u00e9der de mani\u00e8re transparente aux ressources et aux champs les plus importants de votre entreprise afin d&rsquo;optimiser vos performances financi\u00e8res. Voici quelques-unes des caract\u00e9ristiques exceptionnelles de notre connecteur :  <\/p>\n<ul>\n<li><strong>Champs pertinents<\/strong><br \/>\nL&rsquo;int\u00e9gration vous permet d&rsquo;acc\u00e9der aux ressources et aux champs les plus importants, notamment : factures, offres, commandes, d\u00e9penses <\/li>\n<li><strong>Rapport de flux de tr\u00e9sorerie inclus<\/strong><br \/>\nL&rsquo;int\u00e9gration est livr\u00e9e avec un rapport de flux de tr\u00e9sorerie facile \u00e0 lire. Il vous permet de voir combien d&rsquo;argent vous avez gagn\u00e9 et quel est le montant des d\u00e9penses. Le rapport contient \u00e9galement une pr\u00e9vision.  <\/li>\n<li><strong>S\u00e9curit\u00e9<\/strong><br \/>\nLe connecteur ne re\u00e7oit qu&rsquo;un acc\u00e8s en lecture aux ressources sp\u00e9cifi\u00e9es. D\u00e9velopp\u00e9 par la soci\u00e9t\u00e9 suisse Idea 2. <\/li>\n<li><strong>Installation facile<\/strong><br \/>\nConnectez-vous \u00e0 Bexio et obtenez instantan\u00e9ment des informations sur vos donn\u00e9es. Utilisez le rapport existant, d\u00e9veloppez-le ou cr\u00e9ez le v\u00f4tre. Int\u00e9grez Bexio avec d&rsquo;autres donn\u00e9es externes et cr\u00e9ez ainsi votre tableau de bord ultime.  <\/li>\n<\/ul>\n<p>Plus d&rsquo;informations ici : <a href=\"https:\/\/www.idea2.ch\/bexio-zu-google-looker-studio-connector\/\" target=\"_blank\" rel=\"noopener\">https:\/\/www.idea2.ch\/bexio-zu-google-looker-studio-connector\/<\/a><\/p>\n<p>&nbsp;<\/p>\n<h3>Bexio<\/h3>\n<p>Bexio, le logiciel d&rsquo;entreprise. Plus de 50 000 petites entreprises, startups et ind\u00e9pendants font confiance au logiciel de gestion d&rsquo;entreprise de bexio. <\/p>\n<h3>Google Looker Studio<\/h3>\n<p>Exploitez le potentiel de vos donn\u00e9es avec des tableaux de bord interactifs et des rapports attrayants, et prenez ainsi des d\u00e9cisions commerciales plus intelligentes et fond\u00e9es sur des donn\u00e9es. C&rsquo;est simple et gratuit. <\/p>\n<h3>Protection des donn\u00e9es<\/h3>\n<p>Le connecteur ne transf\u00e8re que les donn\u00e9es de Bexio vers Google Looker Studio. Les informations re\u00e7ues ne sont ni stock\u00e9es ni utilis\u00e9es d&rsquo;une autre mani\u00e8re. <\/p>\n","protected":false},"excerpt":{"rendered":"<p>Cr\u00e9ez des rapports faciles \u00e0 comprendre \u00e0 partir de vos donn\u00e9es Bexio.<\/p>\n","protected":false},"featured_media":15308,"comment_status":"open","ping_status":"closed","template":"","meta":{"_acf_changed":false},"product_brand":[],"product_cat":[1281],"product_tag":[],"class_list":{"0":"post-26758","1":"product","2":"type-product","3":"status-publish","4":"has-post-thumbnail","6":"product_cat-add-on","8":"first","9":"instock","10":"taxable","11":"shipping-taxable","12":"purchasable","13":"product-type-variable-subscription"},"acf":[],"featured_image_urls_v2":{"full":["https:\/\/cdn.aivie.ch\/media\/wp\/2023\/09\/12093616\/BEXIO-TO-GOOGLE-LOOKER-STUDIO-CONNECTOR-.png",800,800,false],"thumbnail":["https:\/\/cdn.aivie.ch\/media\/wp\/2023\/09\/12093616\/BEXIO-TO-GOOGLE-LOOKER-STUDIO-CONNECTOR--240x240.png",240,240,true],"medium":["https:\/\/cdn.aivie.ch\/media\/wp\/2023\/09\/12093616\/BEXIO-TO-GOOGLE-LOOKER-STUDIO-CONNECTOR-.png",800,800,false],"medium_large":["https:\/\/cdn.aivie.ch\/media\/wp\/2023\/09\/12093616\/BEXIO-TO-GOOGLE-LOOKER-STUDIO-CONNECTOR--768x768.png",768,768,true],"large":["https:\/\/cdn.aivie.ch\/media\/wp\/2023\/09\/12093616\/BEXIO-TO-GOOGLE-LOOKER-STUDIO-CONNECTOR-.png",800,800,false],"post-thumbnail":["https:\/\/cdn.aivie.ch\/media\/wp\/2023\/09\/12093616\/BEXIO-TO-GOOGLE-LOOKER-STUDIO-CONNECTOR-.png",800,800,false],"aiv_480w":["https:\/\/cdn.aivie.ch\/media\/wp\/2023\/09\/12093616\/BEXIO-TO-GOOGLE-LOOKER-STUDIO-CONNECTOR--480x480.png",480,480,true],"woocommerce_thumbnail":["https:\/\/cdn.aivie.ch\/media\/wp\/2023\/09\/12093616\/BEXIO-TO-GOOGLE-LOOKER-STUDIO-CONNECTOR--240x240.png",240,240,true],"woocommerce_single":["https:\/\/cdn.aivie.ch\/media\/wp\/2023\/09\/12093616\/BEXIO-TO-GOOGLE-LOOKER-STUDIO-CONNECTOR-.png",800,800,false],"woocommerce_gallery_thumbnail":["https:\/\/cdn.aivie.ch\/media\/wp\/2023\/09\/12093616\/BEXIO-TO-GOOGLE-LOOKER-STUDIO-CONNECTOR--240x240.png",240,240,true]},"post_excerpt_stackable_v2":"<p>Cr\u00e9ez des rapports faciles \u00e0 comprendre \u00e0 partir de vos donn\u00e9es Bexio.<\/p>\n","category_list_v2":"","author_info_v2":{"name":"","url":""},"comments_num_v2":"0 commentaire","_links":{"self":[{"href":"https:\/\/aivie.ch\/fr\/wp-json\/wp\/v2\/product\/26758","targetHints":{"allow":["GET"]}}],"collection":[{"href":"https:\/\/aivie.ch\/fr\/wp-json\/wp\/v2\/product"}],"about":[{"href":"https:\/\/aivie.ch\/fr\/wp-json\/wp\/v2\/types\/product"}],"replies":[{"embeddable":true,"href":"https:\/\/aivie.ch\/fr\/wp-json\/wp\/v2\/comments?post=26758"}],"wp:featuredmedia":[{"embeddable":true,"href":"https:\/\/aivie.ch\/fr\/wp-json\/wp\/v2\/media\/15308"}],"wp:attachment":[{"href":"https:\/\/aivie.ch\/fr\/wp-json\/wp\/v2\/media?parent=26758"}],"wp:term":[{"taxonomy":"product_brand","embeddable":true,"href":"https:\/\/aivie.ch\/fr\/wp-json\/wp\/v2\/product_brand?post=26758"},{"taxonomy":"product_cat","embeddable":true,"href":"https:\/\/aivie.ch\/fr\/wp-json\/wp\/v2\/product_cat?post=26758"},{"taxonomy":"product_tag","embeddable":true,"href":"https:\/\/aivie.ch\/fr\/wp-json\/wp\/v2\/product_tag?post=26758"}],"curies":[{"name":"wp","href":"https:\/\/api.w.org\/{rel}","templated":true}]}}