{"id":26734,"date":"2024-01-02T11:47:40","date_gmt":"2024-01-02T09:47:40","guid":{"rendered":"https:\/\/aivie.ch\/product\/modele-de-page-de-destination-mautic-register\/"},"modified":"2026-01-11T14:22:43","modified_gmt":"2026-01-11T12:22:43","slug":"modele-de-page-de-destination-mautic-register","status":"publish","type":"product","link":"https:\/\/aivie.ch\/fr\/produit\/modele-de-page-de-destination-mautic-register\/","title":{"rendered":"Mod\u00e8le de page de destination Mautic \u00ab&nbsp;Register&nbsp;\u00bb"},"content":{"rendered":"<p>Gagne du temps sans renoncer \u00e0 la diversit\u00e9 et aux possibilit\u00e9s de cr\u00e9ativit\u00e9. Cr\u00e9ez rapidement et facilement la page de destination souhait\u00e9e avec notre mod\u00e8le.<\/p>\n<p>Le mod\u00e8le de page de destination est mis \u00e0 votre disposition en tant que th\u00e8me Mautic standard au format ZIP. Il est 100&nbsp;% compatible avec le nouvel \u00e9diteur de pages de destination Mautic (\u00e0 partir de la version&nbsp;4). <\/p>\n<p>Tous les contenus sont con\u00e7us pour s&rsquo;afficher correctement sur tous les appareils. Ils sont responsive, et optimis\u00e9s pour l&rsquo;affichage sur les \u00e9crans Retina.<\/p>\n<p>Les mod\u00e8les de pages de destination sont d\u00e9velopp\u00e9s conform\u00e9ment aux normes et aux meilleures pratiques les plus r\u00e9centes et leur qualit\u00e9 est contr\u00f4l\u00e9e.<\/p>\n<p>La modification et l\u2019extension simples et ind\u00e9pendantes des mod\u00e8les sont garanties.<\/p>\n<h3>Inclus dans le mod\u00e8le<\/h3>\n<ol>\n<li>Page d&rsquo;atterrissage<\/li>\n<li>Adaptation de la page de destination \u00e0 votre CI\/CD<\/li>\n<li>Styles pour les formulaires<\/li>\n<li>Instructions pour la cr\u00e9ation des formulaires<\/li>\n<li>Assistance par e-mail<\/li>\n<\/ol>\n<h3>Tes avantages<\/h3>\n<ul>\n<li>Optimis\u00e9 pour le g\u00e9n\u00e9rateur de pages de destination Mautic actuel (GrapesJs)<\/li>\n<li>Cr\u00e9ation simple et rapide de pages de destination.<\/li>\n<li>La meilleure exp\u00e9rience utilisateur<\/li>\n<li>Prise en charge des images Retina haute r\u00e9solution<\/li>\n<li>HTML de haute qualit\u00e9<\/li>\n<li>6 mois de mises \u00e0 jour et d&rsquo;assistance gratuites<\/li>\n<li>Aucune expertise informatique ni connaissance en code n&rsquo;est requise<\/li>\n<\/ul>\n<h3>Acc\u00e9dez au plus vite \u00e0 votre nouveau mod\u00e8le de page de destination Mautic<\/h3>\n<ol>\n<li>Achetez vos mod\u00e8les<\/li>\n<li>Donne les indications appropri\u00e9es concernant la couleur, le logo, l&rsquo;\u00e9criture, etc.<\/li>\n<li>Nous vous enverrons les mod\u00e8les en quelques jours ouvrables. Normalement, sous 24&nbsp;h. <\/li>\n<li>Vous cr\u00e9ez de nouvelles pages de destination exceptionnelles en un tour de main.<\/li>\n<\/ol>\n<p>Nos <a href=\"https:\/\/www.idea2.ch\/allgemeine-geschaeftsbedingungen\/\" target=\"_blank\" rel=\"noopener noreferrer\">conditions g\u00e9n\u00e9rales de vente<\/a> s&rsquo;appliquent.<\/p>\n","protected":false},"excerpt":{"rendered":"<p>Mod\u00e8le de page de destination Mautic optimis\u00e9 pour l\u2019enregistrement.<\/p>\n","protected":false},"featured_media":17776,"comment_status":"closed","ping_status":"closed","template":"","meta":{"_acf_changed":false},"product_brand":[],"product_cat":[1276],"product_tag":[],"class_list":{"0":"post-26734","1":"product","2":"type-product","3":"status-publish","4":"has-post-thumbnail","6":"product_cat-modeles-de-pages-de-destination-mautic","8":"first","9":"instock","10":"virtual","11":"taxable","12":"purchasable","13":"product-type-simple"},"acf":[],"featured_image_urls_v2":{"full":["https:\/\/cdn.aivie.ch\/media\/wp\/2024\/01\/02115921\/landing-page-thumbnail.png",800,800,false],"thumbnail":["https:\/\/cdn.aivie.ch\/media\/wp\/2024\/01\/02115921\/landing-page-thumbnail-240x240.png",240,240,true],"medium":["https:\/\/cdn.aivie.ch\/media\/wp\/2024\/01\/02115921\/landing-page-thumbnail.png",800,800,false],"medium_large":["https:\/\/cdn.aivie.ch\/media\/wp\/2024\/01\/02115921\/landing-page-thumbnail-768x768.png",768,768,true],"large":["https:\/\/cdn.aivie.ch\/media\/wp\/2024\/01\/02115921\/landing-page-thumbnail.png",800,800,false],"post-thumbnail":["https:\/\/cdn.aivie.ch\/media\/wp\/2024\/01\/02115921\/landing-page-thumbnail.png",800,800,false],"aiv_480w":["https:\/\/cdn.aivie.ch\/media\/wp\/2024\/01\/02115921\/landing-page-thumbnail-480x480.png",480,480,true],"woocommerce_thumbnail":["https:\/\/cdn.aivie.ch\/media\/wp\/2024\/01\/02115921\/landing-page-thumbnail-240x240.png",240,240,true],"woocommerce_single":["https:\/\/cdn.aivie.ch\/media\/wp\/2024\/01\/02115921\/landing-page-thumbnail.png",800,800,false],"woocommerce_gallery_thumbnail":["https:\/\/cdn.aivie.ch\/media\/wp\/2024\/01\/02115921\/landing-page-thumbnail-240x240.png",240,240,true]},"post_excerpt_stackable_v2":"<p>Mod\u00e8le de page de destination Mautic optimis\u00e9 pour l\u2019enregistrement.<\/p>\n","category_list_v2":"","author_info_v2":{"name":"","url":""},"comments_num_v2":"0 commentaire","_links":{"self":[{"href":"https:\/\/aivie.ch\/fr\/wp-json\/wp\/v2\/product\/26734","targetHints":{"allow":["GET"]}}],"collection":[{"href":"https:\/\/aivie.ch\/fr\/wp-json\/wp\/v2\/product"}],"about":[{"href":"https:\/\/aivie.ch\/fr\/wp-json\/wp\/v2\/types\/product"}],"replies":[{"embeddable":true,"href":"https:\/\/aivie.ch\/fr\/wp-json\/wp\/v2\/comments?post=26734"}],"wp:featuredmedia":[{"embeddable":true,"href":"https:\/\/aivie.ch\/fr\/wp-json\/wp\/v2\/media\/17776"}],"wp:attachment":[{"href":"https:\/\/aivie.ch\/fr\/wp-json\/wp\/v2\/media?parent=26734"}],"wp:term":[{"taxonomy":"product_brand","embeddable":true,"href":"https:\/\/aivie.ch\/fr\/wp-json\/wp\/v2\/product_brand?post=26734"},{"taxonomy":"product_cat","embeddable":true,"href":"https:\/\/aivie.ch\/fr\/wp-json\/wp\/v2\/product_cat?post=26734"},{"taxonomy":"product_tag","embeddable":true,"href":"https:\/\/aivie.ch\/fr\/wp-json\/wp\/v2\/product_tag?post=26734"}],"curies":[{"name":"wp","href":"https:\/\/api.w.org\/{rel}","templated":true}]}}