{"id":26724,"date":"2024-09-04T13:03:12","date_gmt":"2024-09-04T11:03:12","guid":{"rendered":"https:\/\/aivie.ch\/product\/plugin-mautic-trello-votre-pipeline-de-vente-mautic-dans-trello\/"},"modified":"2026-03-16T10:34:38","modified_gmt":"2026-03-16T08:34:38","slug":"plugin-mautic-trello-votre-pipeline-de-vente-mautic-dans-trello","status":"publish","type":"product","link":"https:\/\/aivie.ch\/fr\/produit\/plugin-mautic-trello-votre-pipeline-de-vente-mautic-dans-trello\/","title":{"rendered":"Plugin Mautic Trello&nbsp;: votre pipeline de vente Mautic dans Trello"},"content":{"rendered":"<h2>\u00c9crire les contacts de Mautic vers Trello<\/h2>\n<p>Avec le <strong>plugin Trello Mautic<\/strong> d\u2019Aivie, optimisez votre pipeline de vente et gardez un \u0153il sur vos t\u00e2ches et vos suivis.<\/p>\n<p>Le plugin vous permet de cr\u00e9er des cartes Trello pour des contacts individuels directement dans Mautic. Vous pouvez d\u00e9finir des dates d\u2019\u00e9ch\u00e9ance pour vous assurer d\u2019effectuer les suivis \u00e0 temps et organiser efficacement votre processus de vente gr\u00e2ce au tableau glisser-d\u00e9poser convivial de Trello. Vous voyez ainsi \u00e0 tout moment dans quelle phase se trouve un contact.  <\/p>\n<p>Que ce soit pour la gestion des prospects, le suivi des progr\u00e8s ou l\u2019organisation des transactions, le plugin Mautic Trello vous offre une solution visuelle et intuitive pour toujours ma\u00eetriser vos t\u00e2ches.<\/p>\n<p>Augmentez votre productivit\u00e9 et ne manquez aucune opportunit\u00e9 gr\u00e2ce au plugin Mautic Trello&nbsp;: votre nouvelle solution pour une gestion efficace des ventes.<\/p>\n<p>Le plugin est pr\u00e9install\u00e9 pour tous les <a href=\"https:\/\/aivie.ch\/fr\/hebergement-mautic\/\">clients Aivie<\/a> et disponible gratuitement sur GitHub pour tous les autres.<\/p>\n<p><a style=\"color: #0a9d77!important;\" href=\"https:\/\/github.com\/adiux\/mautic-trello\" target=\"_blank\" rel=\"noopener\">Vers le plugin Mautic Trello sur GitHub<\/a><\/p>\n<p><a style=\"color: #0a9d77!important;\" href=\"https:\/\/packagist.org\/packages\/aiviemarketing\/mautic-trello\" target=\"_blank\" rel=\"noopener\">Vers le plugin Mautic Trello sur Packagist<\/a><\/p>\n<p>&nbsp;<\/p>\n<h2>Informations Aivie\/Mautic dans Trello<\/h2>\n<p><img loading=\"lazy\" decoding=\"async\" class=\"alignnone wp-image-13854\" src=\"https:\/\/cdn.aivie.ch\/media\/wp\/2023\/06\/07123100\/add-mautic-contact-to-trello-card-min-1.gif\" alt=\"ajouter un contact Aivie ou Mautic \u00e0 une carte Trello\" width=\"592\" height=\"382\" title=\"\"><\/p>\n<p>Si vous souhaitez voir les informations Mautic dans Trello, nous vous recommandons notre <a style=\"color: #0a9d77!important;\" href=\"https:\/\/aivie.ch\/fr\/aide-du-plugin-trello-mautic\/\">PowerUp Aivie\/Mautic sur Trello<\/a>.<\/p>\n<p>&nbsp;<\/p>\n\n<div class=\"alignfull wp-block-ugb-columns ugb-columns ugb-091e990 ugb-columns--design-plain ugb-columns--columns-2 ugb-main-block ugb-main-block--inner-center ugb--has-block-background\"><style>.ugb-091e990-content-wrapper{grid-column-gap:60px !important}.ugb-091e990.ugb-columns{background-color:#cfe7e1}.ugb-091e990.ugb-columns:before{background-color:#cfe7e1}<\/style><div class=\"ugb-inner-block ugb-inner-block--center\"><div class=\"ugb-block-content\"><div class=\"ugb-columns__item ugb-091e990-content-wrapper\">\n<div class=\"wp-block-ugb-column ugb-column ugb-d6f33f0 ugb-column--design-plain ugb-main-block\"><style>@media screen and (min-width:768px){.ugb-d6f33f0.ugb-column{margin-top:0px !important}.ugb-d6f33f0 > .ugb-inner-block > .ugb-block-content > *{justify-content:flex-end}}.ugb-d6f33f0 > .ugb-inner-block > .ugb-block-content > *{justify-content:flex-end !important}@media screen and (min-width:768px){.ugb-d6f33f0 > .ugb-inner-block > .ugb-block-content > *{padding-top:0px !important;padding-bottom:0px !important;padding-right:0px !important;padding-left:0px !important}}<\/style><div class=\"ugb-inner-block\"><div class=\"ugb-block-content\"><div class=\"ugb-column__item ugb-d6f33f0-column-wrapper\"><div class=\"ugb-column__content-wrapper\">\n<div class=\"wp-block-ugb-heading ugb-heading ugb-48550e9 ugb-main-block\"><div class=\"ugb-inner-block\"><div class=\"ugb-block-content\"><h2 class=\"ugb-heading__title\"><span style=\"color: #e63312;\" class=\"stk-highlight\">Lass deine Kontakte nicht warten.<\/span><\/h2><\/div><\/div><\/div>\n\n\n\n<figure class=\"wp-block-image size-full is-style-default\"><img decoding=\"async\" src=\"https:\/\/cdn.aivie.ch\/media\/wp\/2022\/09\/06100554\/Aivie-Free.webp\" alt=\"Marketing Automation Aivie-Free\" class=\"wp-image-11417\" title=\"\"><\/figure>\n<\/div><\/div><\/div><\/div><\/div>\n\n\n\n<div class=\"wp-block-ugb-column ugb-column ugb-6da6590 ugb-column--design-plain ugb-main-block\"><div class=\"ugb-inner-block\"><div class=\"ugb-block-content\"><div class=\"ugb-column__item ugb-6da6590-column-wrapper\"><div class=\"ugb-column__content-wrapper\">\n<div class=\"wp-block-ugb-heading ugb-heading ugb-dab8255 ugb-main-block\"><style>.ugb-dab8255 .ugb-heading__title{color:#283e4c}<\/style><div class=\"ugb-inner-block\"><div class=\"ugb-block-content\"><h2 class=\"ugb-heading__title\"><span style=\"color: #283e4c;\" class=\"ugb-highlight\">Kostenlos mit Aivie starten<\/span>.<\/h2><p class=\"ugb-heading__subtitle\">Nutze Aivie 30 Tage lang kostenlos und pr\u00fcfe wie du dank Aivie deine Kontakte gezielt erreichen kannst. Aivie bietet dir schon im Trial alle M\u00f6glichkeiten der Vollversion.<br><br>Probier es jetzt einfach aus.<\/p><\/div><\/div><\/div>\n\n\n\n<div class=\"wp-block-ugb-button ugb-button-wrapper ugb-f7ceaee ugb-main-block\"><style>.ugb-f7ceaee .ugb-block-content{justify-content:flex-start !important}.ugb-f7ceaee .ugb-inner-block{text-align:left}<\/style><div class=\"ugb-inner-block\"><div class=\"ugb-block-content\"><div class=\"ugb-button-container\"><a class=\"ugb-button1 ugb-button ugb-button--size-normal\" href=\"https:\/\/aivie.ch\/preise-pakete\/#price\" rel=\"\" title=\"\"><span class=\"ugb-button--inner\">Kostenlos starten<\/span><\/a><\/div><div class=\"ugb-button-container\"><a class=\"ugb-button2 ugb-button ugb-button--size-normal ugb-button--design-plain\" href=\"https:\/\/aivie.ch\/author\/martin\/\" rel=\"\" title=\"\"><span class=\"ugb-button--inner\">Demo vereinbaren<\/span><\/a><\/div><\/div><\/div><\/div>\n<\/div><\/div><\/div><\/div><\/div>\n<\/div><\/div><\/div><\/div>\n\n","protected":false},"excerpt":{"rendered":"<p>Connectez vos contacts Mautic \u00e0 Trello afin de planifier efficacement les suivis et de contr\u00f4ler clairement votre processus de vente par glisser-d\u00e9poser.<\/p>\n","protected":false},"featured_media":9313,"comment_status":"closed","ping_status":"closed","template":"","meta":{"_acf_changed":false},"product_brand":[],"product_cat":[828],"product_tag":[1268,1270,1267,1269],"class_list":{"0":"post-26724","1":"product","2":"type-product","3":"status-publish","4":"has-post-thumbnail","6":"product_cat-plugin-mautic","7":"product_tag-crm","8":"product_tag-pipeline","9":"product_tag-trello","10":"product_tag-ventes","12":"first","13":"instock","14":"virtual","15":"taxable","16":"purchasable","17":"product-type-simple"},"acf":[],"featured_image_urls_v2":{"full":["https:\/\/cdn.aivie.ch\/media\/wp\/2022\/01\/24153916\/Mautic-mit-Trello-verbinden.png",1920,1080,false],"thumbnail":["https:\/\/cdn.aivie.ch\/media\/wp\/2022\/01\/24153916\/Mautic-mit-Trello-verbinden-240x240.png",240,240,true],"medium":["https:\/\/cdn.aivie.ch\/media\/wp\/2022\/01\/24153916\/Mautic-mit-Trello-verbinden-960x540.png",960,540,true],"medium_large":["https:\/\/cdn.aivie.ch\/media\/wp\/2022\/01\/24153916\/Mautic-mit-Trello-verbinden-768x432.png",768,432,true],"large":["https:\/\/cdn.aivie.ch\/media\/wp\/2022\/01\/24153916\/Mautic-mit-Trello-verbinden.png",990,557,false],"post-thumbnail":["https:\/\/cdn.aivie.ch\/media\/wp\/2022\/01\/24153916\/Mautic-mit-Trello-verbinden-1200x675.png",1200,675,true],"aiv_480w":["https:\/\/cdn.aivie.ch\/media\/wp\/2022\/01\/24153916\/Mautic-mit-Trello-verbinden-480x270.png",480,270,true],"woocommerce_thumbnail":["https:\/\/cdn.aivie.ch\/media\/wp\/2022\/01\/24153916\/Mautic-mit-Trello-verbinden-240x240.png",240,240,true],"woocommerce_single":["https:\/\/cdn.aivie.ch\/media\/wp\/2022\/01\/24153916\/Mautic-mit-Trello-verbinden-960x540.png",960,540,true],"woocommerce_gallery_thumbnail":["https:\/\/cdn.aivie.ch\/media\/wp\/2022\/01\/24153916\/Mautic-mit-Trello-verbinden-240x240.png",240,240,true]},"post_excerpt_stackable_v2":"<p>Connectez vos contacts Mautic \u00e0 Trello afin de planifier efficacement les suivis et de contr\u00f4ler clairement votre processus de vente par glisser-d\u00e9poser.<\/p>\n","category_list_v2":"","author_info_v2":{"name":"","url":""},"comments_num_v2":"0 commentaire","_links":{"self":[{"href":"https:\/\/aivie.ch\/fr\/wp-json\/wp\/v2\/product\/26724","targetHints":{"allow":["GET"]}}],"collection":[{"href":"https:\/\/aivie.ch\/fr\/wp-json\/wp\/v2\/product"}],"about":[{"href":"https:\/\/aivie.ch\/fr\/wp-json\/wp\/v2\/types\/product"}],"replies":[{"embeddable":true,"href":"https:\/\/aivie.ch\/fr\/wp-json\/wp\/v2\/comments?post=26724"}],"wp:featuredmedia":[{"embeddable":true,"href":"https:\/\/aivie.ch\/fr\/wp-json\/wp\/v2\/media\/9313"}],"wp:attachment":[{"href":"https:\/\/aivie.ch\/fr\/wp-json\/wp\/v2\/media?parent=26724"}],"wp:term":[{"taxonomy":"product_brand","embeddable":true,"href":"https:\/\/aivie.ch\/fr\/wp-json\/wp\/v2\/product_brand?post=26724"},{"taxonomy":"product_cat","embeddable":true,"href":"https:\/\/aivie.ch\/fr\/wp-json\/wp\/v2\/product_cat?post=26724"},{"taxonomy":"product_tag","embeddable":true,"href":"https:\/\/aivie.ch\/fr\/wp-json\/wp\/v2\/product_tag?post=26724"}],"curies":[{"name":"wp","href":"https:\/\/api.w.org\/{rel}","templated":true}]}}