{"id":26551,"date":"2021-06-23T07:30:32","date_gmt":"2021-06-23T05:30:32","guid":{"rendered":"https:\/\/aivie.ch\/product\/atelier-comment-envoyer-des-newsletters-reussies-avec-aivie-mautic\/"},"modified":"2026-01-11T14:18:17","modified_gmt":"2026-01-11T12:18:17","slug":"atelier-comment-envoyer-des-newsletters-reussies-avec-aivie-mautic","status":"publish","type":"product","link":"https:\/\/aivie.ch\/fr\/produit\/atelier-comment-envoyer-des-newsletters-reussies-avec-aivie-mautic\/","title":{"rendered":"Atelier \u00ab\u00a0Comment envoyer des newsletters r\u00e9ussies avec Aivie\/Mautic ?\u00a0\u00bb"},"content":{"rendered":"<p>Apprenez les bases du marketing par newsletter, comment augmenter la distribution et comment configurer des newsletters avec Aivie.<\/p>\n<ul>\n<li>Comment cr\u00e9er des e-mails efficaces&nbsp;?<\/li>\n<li>Comment concevoir des newsletters de campagne pertinentes&nbsp;?<\/li>\n<li>Comment fixer les bons objectifs (marketing de performance)&nbsp;?<\/li>\n<li>Comment mesurer le succ\u00e8s (suivi des performances)&nbsp;?<\/li>\n<\/ul>\n<p>Formation en ligne d&rsquo;une demi-journ\u00e9e. Tous les documents sont inclus.  Nos <a href=\"https:\/\/www.idea2.ch\/allgemeine-geschaeftsbedingungen\/\" target=\"_blank\" rel=\"noopener noreferrer\">conditions g\u00e9n\u00e9rales de vente<\/a> s&rsquo;appliquent.<\/p>\n","protected":false},"excerpt":{"rendered":"<p>Apprenez les bases du marketing par newsletter, comment augmenter la distribution et comment configurer des newsletters avec Aivie. Comment cr\u00e9er des e-mails efficaces&nbsp;? Comment concevoir des newsletters de campagne pertinentes&nbsp;? Comment fixer les bons objectifs (marketing de performance)&nbsp;? Comment mesurer le succ\u00e8s (suivi des performances)&nbsp;? Formation en ligne d&rsquo;une demi-journ\u00e9e. Tous les documents sont inclus. &hellip; <a href=\"https:\/\/aivie.ch\/fr\/produit\/atelier-comment-envoyer-des-newsletters-reussies-avec-aivie-mautic\/\" class=\"more-link\">Continuer la lecture de <span class=\"screen-reader-text\">Atelier \u00ab\u00a0Comment envoyer des newsletters r\u00e9ussies avec Aivie\/Mautic ?\u00a0\u00bb<\/span><\/a><\/p>\n","protected":false},"featured_media":9211,"comment_status":"closed","ping_status":"closed","template":"","meta":{"_acf_changed":false},"product_brand":[],"product_cat":[955],"product_tag":[],"class_list":{"0":"post-26551","1":"product","2":"type-product","3":"status-publish","4":"has-post-thumbnail","6":"product_cat-ateliers-et-formations-aivie-mautic","7":"pa_brand-aivie-fr","8":"pa_manufacturer-idea2-fr","10":"first","11":"instock","12":"virtual","13":"taxable","14":"purchasable","15":"product-type-simple"},"acf":[],"featured_image_urls_v2":{"full":["https:\/\/cdn.aivie.ch\/media\/wp\/2021\/06\/19131423\/workshop4.png",800,800,false],"thumbnail":["https:\/\/cdn.aivie.ch\/media\/wp\/2021\/06\/19131423\/workshop4-240x240.png",240,240,true],"medium":["https:\/\/cdn.aivie.ch\/media\/wp\/2021\/06\/19131423\/workshop4.png",800,800,false],"medium_large":["https:\/\/cdn.aivie.ch\/media\/wp\/2021\/06\/19131423\/workshop4-768x768.png",768,768,true],"large":["https:\/\/cdn.aivie.ch\/media\/wp\/2021\/06\/19131423\/workshop4.png",800,800,false],"post-thumbnail":["https:\/\/cdn.aivie.ch\/media\/wp\/2021\/06\/19131423\/workshop4.png",800,800,false],"aiv_480w":["https:\/\/cdn.aivie.ch\/media\/wp\/2021\/06\/19131423\/workshop4-480x480.png",480,480,true],"woocommerce_thumbnail":["https:\/\/cdn.aivie.ch\/media\/wp\/2021\/06\/19131423\/workshop4-240x240.png",240,240,true],"woocommerce_single":["https:\/\/cdn.aivie.ch\/media\/wp\/2021\/06\/19131423\/workshop4.png",800,800,false],"woocommerce_gallery_thumbnail":["https:\/\/cdn.aivie.ch\/media\/wp\/2021\/06\/19131423\/workshop4-240x240.png",240,240,true]},"post_excerpt_stackable_v2":"<p>Apprenez les bases du marketing par newsletter, comment augmenter la distribution et comment configurer des newsletters avec Aivie. Comment cr\u00e9er des e-mails efficaces&nbsp;? Comment concevoir des newsletters de campagne pertinentes&nbsp;? Comment fixer les bons objectifs (marketing de performance)&nbsp;? Comment mesurer le succ\u00e8s (suivi des performances)&nbsp;? Formation en ligne d&rsquo;une demi-journ\u00e9e. Tous les documents sont inclus. Nos conditions g\u00e9n\u00e9rales de vente s&rsquo;appliquent.<\/p>\n","category_list_v2":"","author_info_v2":{"name":"","url":""},"comments_num_v2":"0 commentaire","_links":{"self":[{"href":"https:\/\/aivie.ch\/fr\/wp-json\/wp\/v2\/product\/26551","targetHints":{"allow":["GET"]}}],"collection":[{"href":"https:\/\/aivie.ch\/fr\/wp-json\/wp\/v2\/product"}],"about":[{"href":"https:\/\/aivie.ch\/fr\/wp-json\/wp\/v2\/types\/product"}],"replies":[{"embeddable":true,"href":"https:\/\/aivie.ch\/fr\/wp-json\/wp\/v2\/comments?post=26551"}],"wp:featuredmedia":[{"embeddable":true,"href":"https:\/\/aivie.ch\/fr\/wp-json\/wp\/v2\/media\/9211"}],"wp:attachment":[{"href":"https:\/\/aivie.ch\/fr\/wp-json\/wp\/v2\/media?parent=26551"}],"wp:term":[{"taxonomy":"product_brand","embeddable":true,"href":"https:\/\/aivie.ch\/fr\/wp-json\/wp\/v2\/product_brand?post=26551"},{"taxonomy":"product_cat","embeddable":true,"href":"https:\/\/aivie.ch\/fr\/wp-json\/wp\/v2\/product_cat?post=26551"},{"taxonomy":"product_tag","embeddable":true,"href":"https:\/\/aivie.ch\/fr\/wp-json\/wp\/v2\/product_tag?post=26551"}],"curies":[{"name":"wp","href":"https:\/\/api.w.org\/{rel}","templated":true}]}}