{"id":26547,"date":"2021-06-23T07:30:32","date_gmt":"2021-06-23T05:30:32","guid":{"rendered":"https:\/\/aivie.ch\/product\/atelier-que-sont-les-sales-funnels-et-comment-les-mettre-en-place-avec-aivie-mautic\/"},"modified":"2026-01-11T14:18:07","modified_gmt":"2026-01-11T12:18:07","slug":"atelier-que-sont-les-sales-funnels-et-comment-les-mettre-en-place-avec-aivie-mautic","status":"publish","type":"product","link":"https:\/\/aivie.ch\/fr\/produit\/atelier-que-sont-les-sales-funnels-et-comment-les-mettre-en-place-avec-aivie-mautic\/","title":{"rendered":"Atelier \u00ab\u00a0Que sont les Sales Funnels et comment les mettre en place avec Aivie\/Mautic\u00a0\u00bb ?"},"content":{"rendered":"<p>D\u00e9couvrez tout sur les bases th\u00e9oriques des entonnoirs de vente et comment les configurer avec Aivie.<\/p>\n<ul>\n<li>Connaissances de pointe sur le th\u00e8me des entonnoirs de vente<\/li>\n<li>Automatiser \/ configurer automatiquement les processus de marketing<\/li>\n<li>Outil pour le marketing num\u00e9rique<\/li>\n<li>Campagnes automatis\u00e9es<\/li>\n<li>Configurer un entonnoir de vente<\/li>\n<li>Marketing \u00e0 la performance<\/li>\n<\/ul>\n<p>Formation en ligne d&rsquo;une demi-journ\u00e9e. Tous les documents sont inclus.  Nos <a href=\"https:\/\/www.idea2.ch\/allgemeine-geschaeftsbedingungen\/\" target=\"_blank\" rel=\"noopener noreferrer\">conditions g\u00e9n\u00e9rales de vente<\/a> s&rsquo;appliquent.<\/p>\n","protected":false},"excerpt":{"rendered":"<p>D\u00e9couvrez tout sur les bases th\u00e9oriques des entonnoirs de vente et comment les configurer avec Aivie. Connaissances de pointe sur le th\u00e8me des entonnoirs de vente Automatiser \/ configurer automatiquement les processus de marketing Outil pour le marketing num\u00e9rique Campagnes automatis\u00e9es Configurer un entonnoir de vente Marketing \u00e0 la performance Formation en ligne d&rsquo;une demi-journ\u00e9e. &hellip; <a href=\"https:\/\/aivie.ch\/fr\/produit\/atelier-que-sont-les-sales-funnels-et-comment-les-mettre-en-place-avec-aivie-mautic\/\" class=\"more-link\">Continuer la lecture de <span class=\"screen-reader-text\">Atelier \u00ab\u00a0Que sont les Sales Funnels et comment les mettre en place avec Aivie\/Mautic\u00a0\u00bb ?<\/span><\/a><\/p>\n","protected":false},"featured_media":9213,"comment_status":"closed","ping_status":"closed","template":"","meta":{"_acf_changed":false},"product_brand":[],"product_cat":[955],"product_tag":[956],"class_list":{"0":"post-26547","1":"product","2":"type-product","3":"status-publish","4":"has-post-thumbnail","6":"product_cat-ateliers-et-formations-aivie-mautic","7":"product_tag-formation","9":"first","10":"instock","11":"virtual","12":"taxable","13":"purchasable","14":"product-type-simple"},"acf":[],"featured_image_urls_v2":{"full":["https:\/\/cdn.aivie.ch\/media\/wp\/2021\/06\/19131423\/workshop3.png",800,800,false],"thumbnail":["https:\/\/cdn.aivie.ch\/media\/wp\/2021\/06\/19131423\/workshop3-240x240.png",240,240,true],"medium":["https:\/\/cdn.aivie.ch\/media\/wp\/2021\/06\/19131423\/workshop3.png",800,800,false],"medium_large":["https:\/\/cdn.aivie.ch\/media\/wp\/2021\/06\/19131423\/workshop3-768x768.png",768,768,true],"large":["https:\/\/cdn.aivie.ch\/media\/wp\/2021\/06\/19131423\/workshop3.png",800,800,false],"post-thumbnail":["https:\/\/cdn.aivie.ch\/media\/wp\/2021\/06\/19131423\/workshop3.png",800,800,false],"aiv_480w":["https:\/\/cdn.aivie.ch\/media\/wp\/2021\/06\/19131423\/workshop3-480x480.png",480,480,true],"woocommerce_thumbnail":["https:\/\/cdn.aivie.ch\/media\/wp\/2021\/06\/19131423\/workshop3-240x240.png",240,240,true],"woocommerce_single":["https:\/\/cdn.aivie.ch\/media\/wp\/2021\/06\/19131423\/workshop3.png",800,800,false],"woocommerce_gallery_thumbnail":["https:\/\/cdn.aivie.ch\/media\/wp\/2021\/06\/19131423\/workshop3-240x240.png",240,240,true]},"post_excerpt_stackable_v2":"<p>D\u00e9couvrez tout sur les bases th\u00e9oriques des entonnoirs de vente et comment les configurer avec Aivie. Connaissances de pointe sur le th\u00e8me des entonnoirs de vente Automatiser \/ configurer automatiquement les processus de marketing Outil pour le marketing num\u00e9rique Campagnes automatis\u00e9es Configurer un entonnoir de vente Marketing \u00e0 la performance Formation en ligne d&rsquo;une demi-journ\u00e9e. Tous les documents sont inclus. Nos conditions g\u00e9n\u00e9rales de vente s&rsquo;appliquent.<\/p>\n","category_list_v2":"","author_info_v2":{"name":"","url":""},"comments_num_v2":"0 commentaire","_links":{"self":[{"href":"https:\/\/aivie.ch\/fr\/wp-json\/wp\/v2\/product\/26547","targetHints":{"allow":["GET"]}}],"collection":[{"href":"https:\/\/aivie.ch\/fr\/wp-json\/wp\/v2\/product"}],"about":[{"href":"https:\/\/aivie.ch\/fr\/wp-json\/wp\/v2\/types\/product"}],"replies":[{"embeddable":true,"href":"https:\/\/aivie.ch\/fr\/wp-json\/wp\/v2\/comments?post=26547"}],"wp:featuredmedia":[{"embeddable":true,"href":"https:\/\/aivie.ch\/fr\/wp-json\/wp\/v2\/media\/9213"}],"wp:attachment":[{"href":"https:\/\/aivie.ch\/fr\/wp-json\/wp\/v2\/media?parent=26547"}],"wp:term":[{"taxonomy":"product_brand","embeddable":true,"href":"https:\/\/aivie.ch\/fr\/wp-json\/wp\/v2\/product_brand?post=26547"},{"taxonomy":"product_cat","embeddable":true,"href":"https:\/\/aivie.ch\/fr\/wp-json\/wp\/v2\/product_cat?post=26547"},{"taxonomy":"product_tag","embeddable":true,"href":"https:\/\/aivie.ch\/fr\/wp-json\/wp\/v2\/product_tag?post=26547"}],"curies":[{"name":"wp","href":"https:\/\/api.w.org\/{rel}","templated":true}]}}