{"id":26542,"date":"2021-06-23T07:30:32","date_gmt":"2021-06-23T05:30:32","guid":{"rendered":"https:\/\/aivie.ch\/product\/atelier-que-sont-les-campagnes-de-nurturing-et-comment-les-mettre-en-place-avec-aivie-mautic\/"},"modified":"2026-01-11T14:17:51","modified_gmt":"2026-01-11T12:17:51","slug":"atelier-que-sont-les-campagnes-de-nurturing-et-comment-les-mettre-en-place-avec-aivie-mautic","status":"publish","type":"product","link":"https:\/\/aivie.ch\/fr\/produit\/atelier-que-sont-les-campagnes-de-nurturing-et-comment-les-mettre-en-place-avec-aivie-mautic\/","title":{"rendered":"Atelier \u00ab\u00a0Que sont les campagnes de nurturing et comment les mettre en place avec Aivie\/Mautic ?\u00a0\u00bb"},"content":{"rendered":"<p>Les bases du nurturing, votre premi\u00e8re campagne et comment la mettre en place avec Mautic. Nous travaillerons avec vos produits et services existants. <\/p>\n<ul>\n<li>Connaissances de pointe sur le th\u00e8me de la conception de campagnes.<\/li>\n<li>Logique de l&rsquo;entonnoir de vente comprise, appliqu\u00e9e et transf\u00e9rable \u00e0 d&rsquo;autres produits ou services.<\/li>\n<li>Conception de campagnes r\u00e9alis\u00e9e avec l&rsquo;automatisation du marketing.<\/li>\n<li>Acquisition des bases de connaissances pour les d\u00e9cisions strat\u00e9giques et leur feuille de route.<\/li>\n<\/ul>\n<p>Formation en ligne d&rsquo;une demi-journ\u00e9e. Tous les documents sont inclus.  Nos <a href=\"https:\/\/www.idea2.ch\/allgemeine-geschaeftsbedingungen\/\" target=\"_blank\" rel=\"noopener noreferrer\">conditions g\u00e9n\u00e9rales de vente<\/a> s&rsquo;appliquent.<\/p>\n","protected":false},"excerpt":{"rendered":"<p>Les bases du nurturing, votre premi\u00e8re campagne et comment la mettre en place avec Mautic. Nous travaillerons avec vos produits et services existants. Connaissances de pointe sur le th\u00e8me de la conception de campagnes. Logique de l&rsquo;entonnoir de vente comprise, appliqu\u00e9e et transf\u00e9rable \u00e0 d&rsquo;autres produits ou services. Conception de campagnes r\u00e9alis\u00e9e avec l&rsquo;automatisation du &hellip; <a href=\"https:\/\/aivie.ch\/fr\/produit\/atelier-que-sont-les-campagnes-de-nurturing-et-comment-les-mettre-en-place-avec-aivie-mautic\/\" class=\"more-link\">Continuer la lecture de <span class=\"screen-reader-text\">Atelier \u00ab\u00a0Que sont les campagnes de nurturing et comment les mettre en place avec Aivie\/Mautic ?\u00a0\u00bb<\/span><\/a><\/p>\n","protected":false},"featured_media":9215,"comment_status":"closed","ping_status":"closed","template":"","meta":{"_acf_changed":false},"product_brand":[],"product_cat":[955],"product_tag":[956],"class_list":{"0":"post-26542","1":"product","2":"type-product","3":"status-publish","4":"has-post-thumbnail","6":"product_cat-ateliers-et-formations-aivie-mautic","7":"product_tag-formation","9":"first","10":"instock","11":"virtual","12":"taxable","13":"purchasable","14":"product-type-simple"},"acf":[],"featured_image_urls_v2":{"full":["https:\/\/cdn.aivie.ch\/media\/wp\/2021\/06\/19131422\/workshop6.png",800,800,false],"thumbnail":["https:\/\/cdn.aivie.ch\/media\/wp\/2021\/06\/19131422\/workshop6-240x240.png",240,240,true],"medium":["https:\/\/cdn.aivie.ch\/media\/wp\/2021\/06\/19131422\/workshop6.png",800,800,false],"medium_large":["https:\/\/cdn.aivie.ch\/media\/wp\/2021\/06\/19131422\/workshop6-768x768.png",768,768,true],"large":["https:\/\/cdn.aivie.ch\/media\/wp\/2021\/06\/19131422\/workshop6.png",800,800,false],"post-thumbnail":["https:\/\/cdn.aivie.ch\/media\/wp\/2021\/06\/19131422\/workshop6.png",800,800,false],"aiv_480w":["https:\/\/cdn.aivie.ch\/media\/wp\/2021\/06\/19131422\/workshop6-480x480.png",480,480,true],"woocommerce_thumbnail":["https:\/\/cdn.aivie.ch\/media\/wp\/2021\/06\/19131422\/workshop6-240x240.png",240,240,true],"woocommerce_single":["https:\/\/cdn.aivie.ch\/media\/wp\/2021\/06\/19131422\/workshop6.png",800,800,false],"woocommerce_gallery_thumbnail":["https:\/\/cdn.aivie.ch\/media\/wp\/2021\/06\/19131422\/workshop6-240x240.png",240,240,true]},"post_excerpt_stackable_v2":"<p>Les bases du nurturing, votre premi\u00e8re campagne et comment la mettre en place avec Mautic. Nous travaillerons avec vos produits et services existants. Connaissances de pointe sur le th\u00e8me de la conception de campagnes. Logique de l&rsquo;entonnoir de vente comprise, appliqu\u00e9e et transf\u00e9rable \u00e0 d&rsquo;autres produits ou services. Conception de campagnes r\u00e9alis\u00e9e avec l&rsquo;automatisation du marketing. Acquisition des bases de connaissances pour les d\u00e9cisions strat\u00e9giques et leur feuille de route. Formation en ligne d&rsquo;une demi-journ\u00e9e. Tous les documents sont inclus. Nos conditions g\u00e9n\u00e9rales de vente s&rsquo;appliquent.<\/p>\n","category_list_v2":"","author_info_v2":{"name":"","url":""},"comments_num_v2":"0 commentaire","_links":{"self":[{"href":"https:\/\/aivie.ch\/fr\/wp-json\/wp\/v2\/product\/26542","targetHints":{"allow":["GET"]}}],"collection":[{"href":"https:\/\/aivie.ch\/fr\/wp-json\/wp\/v2\/product"}],"about":[{"href":"https:\/\/aivie.ch\/fr\/wp-json\/wp\/v2\/types\/product"}],"replies":[{"embeddable":true,"href":"https:\/\/aivie.ch\/fr\/wp-json\/wp\/v2\/comments?post=26542"}],"wp:featuredmedia":[{"embeddable":true,"href":"https:\/\/aivie.ch\/fr\/wp-json\/wp\/v2\/media\/9215"}],"wp:attachment":[{"href":"https:\/\/aivie.ch\/fr\/wp-json\/wp\/v2\/media?parent=26542"}],"wp:term":[{"taxonomy":"product_brand","embeddable":true,"href":"https:\/\/aivie.ch\/fr\/wp-json\/wp\/v2\/product_brand?post=26542"},{"taxonomy":"product_cat","embeddable":true,"href":"https:\/\/aivie.ch\/fr\/wp-json\/wp\/v2\/product_cat?post=26542"},{"taxonomy":"product_tag","embeddable":true,"href":"https:\/\/aivie.ch\/fr\/wp-json\/wp\/v2\/product_tag?post=26542"}],"curies":[{"name":"wp","href":"https:\/\/api.w.org\/{rel}","templated":true}]}}