{"id":26527,"date":"2021-06-23T07:31:39","date_gmt":"2021-06-23T05:31:39","guid":{"rendered":"https:\/\/aivie.ch\/product\/3-modeles-de-mail-mautic-contenu\/"},"modified":"2026-01-11T14:16:45","modified_gmt":"2026-01-11T12:16:45","slug":"3-modeles-de-mail-mautic-contenu","status":"publish","type":"product","link":"https:\/\/aivie.ch\/fr\/produit\/3-modeles-de-mail-mautic-contenu\/","title":{"rendered":"3 mod\u00e8les d&rsquo;e-mail Mautic \u00ab\u00a0Contenu\u00a0\u00bb"},"content":{"rendered":"<p>Gagnez du temps sans avoir \u00e0 renoncer \u00e0 la diversit\u00e9 et aux possibilit\u00e9s de cr\u00e9ativit\u00e9.<br \/>\nUtilisez les mod\u00e8les d&rsquo;e-mail Aivie dans votre instance Mautic. Cr\u00e9ez rapidement et facilement l&rsquo;e-mail souhait\u00e9. <\/p>\n<p>Les mod\u00e8les ont \u00e9t\u00e9 optimis\u00e9s pour tous les clients de messagerie courants et sont magnifiques. M\u00eame avec Outlook. Tous les contenus sont con\u00e7us pour s&rsquo;afficher correctement sur tous les appareils. Ils sont responsive, et optimis\u00e9s pour l&rsquo;affichage sur les \u00e9crans Retina.<\/p>\n<p>Les mod\u00e8les d&rsquo;e-mail sont conformes aux normes les plus r\u00e9centes et sont d\u00e9velopp\u00e9s selon les meilleures pratiques courantes et sont test\u00e9s en termes de qualit\u00e9. On veillera en particulier \u00e0 ce qu&rsquo;ils n&rsquo;\u00e9veillent pas inutilement le soup\u00e7on de spam.<\/p>\n<p>Les mod\u00e8les d&rsquo;e-mail sont utilis\u00e9s quotidiennement par les clients Aivie.<\/p>\n<p>Les mod\u00e8les d&rsquo;e-mail Mautic sont mis \u00e0 votre disposition sous forme de fichier de th\u00e8me Mautic.<\/p>\n<p>La modification et l&rsquo;extension simples des mod\u00e8les sont assur\u00e9es.<\/p>\n<p>Les mod\u00e8les d&rsquo;e-mail sont test\u00e9s pour tous les terminaux. Ici, tu peux<a href=\"https:\/\/cdn.aivie.ch\/media\/wp\/2021\/06\/13160219\/blank-two-choices-c1d9060a-5393-4808-872c-8fa6315a046d-3.zip\"><strong> t\u00e9l\u00e9charger un aper\u00e7u du mod\u00e8le sur diff\u00e9rents terminaux. <\/strong><\/a><\/p>\n<h3>Tes avantages<\/h3>\n<ul>\n<li>Optimis\u00e9 pour le g\u00e9n\u00e9rateur d&rsquo;e-mails Mautic 4 (GrapesJs, MJML)<\/li>\n<li>Cr\u00e9ation simple et rapide d&rsquo;e-mails.<\/li>\n<li>La meilleure exp\u00e9rience utilisateur<\/li>\n<li>Les e-mails s&rsquo;affichent correctement sur les programmes de messagerie populaires (Responsive)<\/li>\n<li>Prise en charge des images Retina haute r\u00e9solution<\/li>\n<li>MJML\/HTML de haute qualit\u00e9<\/li>\n<li>Optimis\u00e9 pour r\u00e9duire les soup\u00e7ons de SPAM<\/li>\n<li>6 mois de mises \u00e0 jour et d&rsquo;assistance gratuites<\/li>\n<li>Pas besoin d&rsquo;\u00eatre un expert en informatique ou de conna\u00eetre le code<\/li>\n<\/ul>\n<h3>Le plus rapidement possible vers le nouveau mod\u00e8le d&rsquo;e-mail Mautic<\/h3>\n<ol>\n<li>Achetez vos 3 mod\u00e8les d&rsquo;e-mail Mautic<\/li>\n<li>Donne les indications appropri\u00e9es concernant la couleur, le logo, l&rsquo;\u00e9criture, etc.<\/li>\n<li>Nous l&rsquo;installons dans le d\u00e9lai que tu souhaites (ou nous t&rsquo;envoyons le fichier ZIP pour que tu l&rsquo;installes toi-m\u00eame, si l&rsquo;h\u00e9bergement n&rsquo;est pas chez nous).<\/li>\n<li>Tu cr\u00e9es de nouveaux e-mails g\u00e9niaux<\/li>\n<\/ol>\n<p>Nos <a href=\"https:\/\/www.idea2.ch\/allgemeine-geschaeftsbedingungen\/\" target=\"_blank\" rel=\"noopener noreferrer\">conditions g\u00e9n\u00e9rales de vente<\/a> s&rsquo;appliquent.<\/p>\n","protected":false},"excerpt":{"rendered":"<p>Mod\u00e8les d&rsquo;e-mail Mautic optimis\u00e9s pour le contenu<\/p>\n","protected":false},"featured_media":10420,"comment_status":"closed","ping_status":"closed","template":"","meta":{"_acf_changed":false},"product_brand":[],"product_cat":[498],"product_tag":[],"class_list":{"0":"post-26527","1":"product","2":"type-product","3":"status-publish","4":"has-post-thumbnail","6":"product_cat-modeles-de-mail-aivie","7":"pa_brand-aivie-fr","8":"pa_manufacturer-idea2-fr","10":"first","11":"instock","12":"sale","13":"virtual","14":"taxable","15":"purchasable","16":"product-type-simple"},"acf":[],"featured_image_urls_v2":{"full":["https:\/\/cdn.aivie.ch\/media\/wp\/2021\/06\/14161704\/Woocommerce-Product-Pic-Mautic-Email-Template.webp",800,800,false],"thumbnail":["https:\/\/cdn.aivie.ch\/media\/wp\/2021\/06\/14161704\/Woocommerce-Product-Pic-Mautic-Email-Template-240x240.webp",240,240,true],"medium":["https:\/\/cdn.aivie.ch\/media\/wp\/2021\/06\/14161704\/Woocommerce-Product-Pic-Mautic-Email-Template.webp",800,800,false],"medium_large":["https:\/\/cdn.aivie.ch\/media\/wp\/2021\/06\/14161704\/Woocommerce-Product-Pic-Mautic-Email-Template-768x768.webp",768,768,true],"large":["https:\/\/cdn.aivie.ch\/media\/wp\/2021\/06\/14161704\/Woocommerce-Product-Pic-Mautic-Email-Template.webp",800,800,false],"post-thumbnail":["https:\/\/cdn.aivie.ch\/media\/wp\/2021\/06\/14161704\/Woocommerce-Product-Pic-Mautic-Email-Template.webp",800,800,false],"aiv_480w":["https:\/\/cdn.aivie.ch\/media\/wp\/2021\/06\/14161704\/Woocommerce-Product-Pic-Mautic-Email-Template-480x480.webp",480,480,true],"woocommerce_thumbnail":["https:\/\/cdn.aivie.ch\/media\/wp\/2021\/06\/14161704\/Woocommerce-Product-Pic-Mautic-Email-Template-240x240.webp",240,240,true],"woocommerce_single":["https:\/\/cdn.aivie.ch\/media\/wp\/2021\/06\/14161704\/Woocommerce-Product-Pic-Mautic-Email-Template.webp",800,800,false],"woocommerce_gallery_thumbnail":["https:\/\/cdn.aivie.ch\/media\/wp\/2021\/06\/14161704\/Woocommerce-Product-Pic-Mautic-Email-Template-240x240.webp",240,240,true]},"post_excerpt_stackable_v2":"<p>Mod\u00e8les d&rsquo;e-mail Mautic optimis\u00e9s pour le contenu<\/p>\n","category_list_v2":"","author_info_v2":{"name":"","url":""},"comments_num_v2":"0 commentaire","_links":{"self":[{"href":"https:\/\/aivie.ch\/fr\/wp-json\/wp\/v2\/product\/26527","targetHints":{"allow":["GET"]}}],"collection":[{"href":"https:\/\/aivie.ch\/fr\/wp-json\/wp\/v2\/product"}],"about":[{"href":"https:\/\/aivie.ch\/fr\/wp-json\/wp\/v2\/types\/product"}],"replies":[{"embeddable":true,"href":"https:\/\/aivie.ch\/fr\/wp-json\/wp\/v2\/comments?post=26527"}],"wp:featuredmedia":[{"embeddable":true,"href":"https:\/\/aivie.ch\/fr\/wp-json\/wp\/v2\/media\/10420"}],"wp:attachment":[{"href":"https:\/\/aivie.ch\/fr\/wp-json\/wp\/v2\/media?parent=26527"}],"wp:term":[{"taxonomy":"product_brand","embeddable":true,"href":"https:\/\/aivie.ch\/fr\/wp-json\/wp\/v2\/product_brand?post=26527"},{"taxonomy":"product_cat","embeddable":true,"href":"https:\/\/aivie.ch\/fr\/wp-json\/wp\/v2\/product_cat?post=26527"},{"taxonomy":"product_tag","embeddable":true,"href":"https:\/\/aivie.ch\/fr\/wp-json\/wp\/v2\/product_tag?post=26527"}],"curies":[{"name":"wp","href":"https:\/\/api.w.org\/{rel}","templated":true}]}}