{"id":26516,"date":"2025-08-19T14:38:19","date_gmt":"2025-08-19T12:38:19","guid":{"rendered":"https:\/\/aivie.ch\/product\/services-de-croissance\/"},"modified":"2026-01-11T14:15:17","modified_gmt":"2026-01-11T12:15:17","slug":"services-de-croissance","status":"publish","type":"product","link":"https:\/\/aivie.ch\/fr\/produit\/services-de-croissance\/","title":{"rendered":"Services de croissance"},"content":{"rendered":"<p><span style=\"font-weight: 400;\">Le commerce en ligne est devenu l&rsquo;un des canaux les plus importants dans le monde des affaires d&rsquo;aujourd&rsquo;hui.<\/span><\/p>\n<p><span style=\"font-weight: 400;\">Gr\u00e2ce \u00e0 nos services de croissance, nous offrons \u00e0 nos clients la tranquillit\u00e9 d&rsquo;esprit de savoir que quelqu&rsquo;un s&rsquo;occupe de leur pr\u00e9sence en ligne et veille \u00e0 ce qu&rsquo;elle contribue \u00e0 leurs objectifs commerciaux.<\/span><\/p>\n<p><span style=\"font-weight: 400;\">Les packs sont propos\u00e9s en trois configurations standard, mais sont adaptables aux besoins sp\u00e9cifiques de chaque entreprise. <\/span><\/p>\n<h2><b>Services de croissance de contenu<\/b><\/h2>\n<ul>\n<li style=\"font-weight: 400;\" aria-level=\"1\"><b>Conseil et assistance strat\u00e9giques&nbsp;:<\/b><span style=\"font-weight: 400;\">Pour que vous ayez votre interlocuteur num\u00e9rique qui connaisse votre entreprise<\/span><\/li>\n<li style=\"font-weight: 400;\" aria-level=\"1\"><b>Marketing en ligne&nbsp;:<\/b><span style=\"font-weight: 400;\">Pour que vous ayez une publicit\u00e9 pertinente l\u00e0 o\u00f9 se trouvent vos clients<\/span><\/li>\n<li style=\"font-weight: 400;\" aria-level=\"1\"><b>Marketing de contenu&nbsp;:<\/b><span style=\"font-weight: 400;\">Pour que vous receviez un flux constant de prospects via les moteurs de recherche<\/span> <\/li>\n<li style=\"font-weight: 400;\" aria-level=\"1\"><b>Automatisation du marketing&nbsp;:<\/b><span style=\"font-weight: 400;\">Pour que vous puissiez atteindre vos clients avec un contenu personnalis\u00e9<\/span><\/li>\n<li style=\"font-weight: 400;\" aria-level=\"1\"><b>Analyses et rapports&nbsp;:<\/b><span style=\"font-weight: 400;\">Pour que vous sachiez comment se porte votre activit\u00e9 num\u00e9rique<\/span><\/li>\n<li style=\"font-weight: 400;\" aria-level=\"1\"><b>Fonctionnalit\u00e9s et corrections sur le site web&nbsp;:<\/b><span style=\"font-weight: 400;\">Afin que nous puissions exploiter votre activit\u00e9 num\u00e9rique et l&rsquo;am\u00e9liorer constamment,<\/span><\/li>\n<\/ul>\n","protected":false},"excerpt":{"rendered":"<p>Le commerce en ligne est devenu l&rsquo;un des canaux les plus importants dans le monde des affaires d&rsquo;aujourd&rsquo;hui. Gr\u00e2ce \u00e0 nos services de croissance, nous offrons \u00e0 nos clients la tranquillit\u00e9 d&rsquo;esprit de savoir que quelqu&rsquo;un s&rsquo;occupe de leur pr\u00e9sence en ligne et veille \u00e0 ce qu&rsquo;elle contribue \u00e0 leurs objectifs commerciaux. Les packs sont &hellip; <a href=\"https:\/\/aivie.ch\/fr\/produit\/services-de-croissance\/\" class=\"more-link\">Continuer la lecture de <span class=\"screen-reader-text\">Services de croissance<\/span><\/a><\/p>\n","protected":false},"featured_media":0,"comment_status":"closed","ping_status":"closed","template":"","meta":{"_acf_changed":false},"product_brand":[],"product_cat":[1225],"product_tag":[],"class_list":{"0":"post-26516","1":"product","2":"type-product","3":"status-publish","5":"product_cat-non-classe","7":"first","8":"instock","9":"virtual","10":"taxable","11":"purchasable","12":"product-type-simple"},"acf":[],"featured_image_urls_v2":{"full":"","thumbnail":"","medium":"","medium_large":"","large":"","post-thumbnail":"","aiv_480w":"","woocommerce_thumbnail":"","woocommerce_single":"","woocommerce_gallery_thumbnail":""},"post_excerpt_stackable_v2":"<p>Le commerce en ligne est devenu l&rsquo;un des canaux les plus importants dans le monde des affaires d&rsquo;aujourd&rsquo;hui. Gr\u00e2ce \u00e0 nos services de croissance, nous offrons \u00e0 nos clients la tranquillit\u00e9 d&rsquo;esprit de savoir que quelqu&rsquo;un s&rsquo;occupe de leur pr\u00e9sence en ligne et veille \u00e0 ce qu&rsquo;elle contribue \u00e0 leurs objectifs commerciaux. Les packs sont propos\u00e9s en trois configurations standard, mais sont adaptables aux besoins sp\u00e9cifiques de chaque entreprise. Services de croissance de contenu Conseil et assistance strat\u00e9giques&nbsp;:Pour que vous ayez votre interlocuteur num\u00e9rique qui connaisse votre entreprise Marketing en ligne&nbsp;:Pour que vous ayez une publicit\u00e9 pertinente l\u00e0 o\u00f9 se\u2026<\/p>\n","category_list_v2":"","author_info_v2":{"name":"","url":""},"comments_num_v2":"0 commentaire","_links":{"self":[{"href":"https:\/\/aivie.ch\/fr\/wp-json\/wp\/v2\/product\/26516","targetHints":{"allow":["GET"]}}],"collection":[{"href":"https:\/\/aivie.ch\/fr\/wp-json\/wp\/v2\/product"}],"about":[{"href":"https:\/\/aivie.ch\/fr\/wp-json\/wp\/v2\/types\/product"}],"replies":[{"embeddable":true,"href":"https:\/\/aivie.ch\/fr\/wp-json\/wp\/v2\/comments?post=26516"}],"wp:attachment":[{"href":"https:\/\/aivie.ch\/fr\/wp-json\/wp\/v2\/media?parent=26516"}],"wp:term":[{"taxonomy":"product_brand","embeddable":true,"href":"https:\/\/aivie.ch\/fr\/wp-json\/wp\/v2\/product_brand?post=26516"},{"taxonomy":"product_cat","embeddable":true,"href":"https:\/\/aivie.ch\/fr\/wp-json\/wp\/v2\/product_cat?post=26516"},{"taxonomy":"product_tag","embeddable":true,"href":"https:\/\/aivie.ch\/fr\/wp-json\/wp\/v2\/product_tag?post=26516"}],"curies":[{"name":"wp","href":"https:\/\/api.w.org\/{rel}","templated":true}]}}