{"id":26515,"date":"2021-06-23T07:32:23","date_gmt":"2021-06-23T05:32:23","guid":{"rendered":"https:\/\/aivie.ch\/product\/atelier-comment-assurer-ma-securite-en-tant-quutilisateur-daivie-mautic\/"},"modified":"2026-01-13T11:09:54","modified_gmt":"2026-01-13T09:09:54","slug":"atelier-comment-assurer-ma-securite-en-tant-quutilisateur-daivie-mautic","status":"publish","type":"product","link":"https:\/\/aivie.ch\/fr\/produit\/atelier-comment-assurer-ma-securite-en-tant-quutilisateur-daivie-mautic\/","title":{"rendered":"Atelier \u00ab&nbsp;Comment assurer ma s\u00e9curit\u00e9 en tant qu\u2019utilisateur d\u2019Aivie\/Mautic&nbsp;?&nbsp;\u00bb"},"content":{"rendered":"<p>Communiquer dans le respect de la protection des donn\u00e9es ou simplement traiter vos contacts de mani\u00e8re \u00e9quitable.<\/p>\n<ul>\n<li>E-mail marketing&nbsp;: ce qui est possible et ce qui ne l\u2019est pas<\/li>\n<li>Politique d\u2019utilisation loyale des donn\u00e9es<\/li>\n<li>Politique de confidentialit\u00e9 et conditions d\u2019utilisation<\/li>\n<\/ul>\n<p>Vous recevrez un mod\u00e8le pour votre politique de confidentialit\u00e9 et serez ainsi parfaitement \u00e9quip\u00e9(e) apr\u00e8s l\u2019atelier.<\/p>\n<p>Atelier de deux heures, comprenant tous les documents. Nos <a href=\"https:\/\/www.idea2.ch\/allgemeine-geschaeftsbedingungen\/\" target=\"_blank\" rel=\"noopener noreferrer\">conditions g\u00e9n\u00e9rales de vente<\/a> s&rsquo;appliquent.<\/p>\n","protected":false},"excerpt":{"rendered":"<p>Communiquer dans le respect de la protection des donn\u00e9es ou simplement traiter vos contacts de mani\u00e8re \u00e9quitable. E-mail marketing&nbsp;: ce qui est possible et ce qui ne l\u2019est pas Politique d\u2019utilisation loyale des donn\u00e9es Politique de confidentialit\u00e9 et conditions d\u2019utilisation Vous recevrez un mod\u00e8le pour votre politique de confidentialit\u00e9 et serez ainsi parfaitement \u00e9quip\u00e9(e) apr\u00e8s &hellip; <a href=\"https:\/\/aivie.ch\/fr\/produit\/atelier-comment-assurer-ma-securite-en-tant-quutilisateur-daivie-mautic\/\" class=\"more-link\">Continuer la lecture de <span class=\"screen-reader-text\">Atelier \u00ab&nbsp;Comment assurer ma s\u00e9curit\u00e9 en tant qu\u2019utilisateur d\u2019Aivie\/Mautic&nbsp;?&nbsp;\u00bb<\/span><\/a><\/p>\n","protected":false},"featured_media":9207,"comment_status":"closed","ping_status":"closed","template":"","meta":{"_acf_changed":false},"product_brand":[],"product_cat":[955,983],"product_tag":[],"class_list":{"0":"post-26515","1":"product","2":"type-product","3":"status-publish","4":"has-post-thumbnail","6":"product_cat-ateliers-et-formations-aivie-mautic","7":"product_cat-protection-des-donnees","9":"first","10":"instock","11":"virtual","12":"taxable","13":"purchasable","14":"product-type-simple"},"acf":[],"featured_image_urls_v2":{"full":["https:\/\/cdn.aivie.ch\/media\/wp\/2021\/06\/19131424\/workshop5.png",800,800,false],"thumbnail":["https:\/\/cdn.aivie.ch\/media\/wp\/2021\/06\/19131424\/workshop5-240x240.png",240,240,true],"medium":["https:\/\/cdn.aivie.ch\/media\/wp\/2021\/06\/19131424\/workshop5.png",800,800,false],"medium_large":["https:\/\/cdn.aivie.ch\/media\/wp\/2021\/06\/19131424\/workshop5-768x768.png",768,768,true],"large":["https:\/\/cdn.aivie.ch\/media\/wp\/2021\/06\/19131424\/workshop5.png",800,800,false],"post-thumbnail":["https:\/\/cdn.aivie.ch\/media\/wp\/2021\/06\/19131424\/workshop5.png",800,800,false],"aiv_480w":["https:\/\/cdn.aivie.ch\/media\/wp\/2021\/06\/19131424\/workshop5-480x480.png",480,480,true],"woocommerce_thumbnail":["https:\/\/cdn.aivie.ch\/media\/wp\/2021\/06\/19131424\/workshop5-240x240.png",240,240,true],"woocommerce_single":["https:\/\/cdn.aivie.ch\/media\/wp\/2021\/06\/19131424\/workshop5.png",800,800,false],"woocommerce_gallery_thumbnail":["https:\/\/cdn.aivie.ch\/media\/wp\/2021\/06\/19131424\/workshop5-240x240.png",240,240,true]},"post_excerpt_stackable_v2":"<p>Communiquer dans le respect de la protection des donn\u00e9es ou simplement traiter vos contacts de mani\u00e8re \u00e9quitable. E-mail marketing&nbsp;: ce qui est possible et ce qui ne l\u2019est pas Politique d\u2019utilisation loyale des donn\u00e9es Politique de confidentialit\u00e9 et conditions d\u2019utilisation Vous recevrez un mod\u00e8le pour votre politique de confidentialit\u00e9 et serez ainsi parfaitement \u00e9quip\u00e9(e) apr\u00e8s l\u2019atelier. Atelier de deux heures, comprenant tous les documents. Nos conditions g\u00e9n\u00e9rales de vente s&rsquo;appliquent.<\/p>\n","category_list_v2":"","author_info_v2":{"name":"","url":""},"comments_num_v2":"0 commentaire","_links":{"self":[{"href":"https:\/\/aivie.ch\/fr\/wp-json\/wp\/v2\/product\/26515","targetHints":{"allow":["GET"]}}],"collection":[{"href":"https:\/\/aivie.ch\/fr\/wp-json\/wp\/v2\/product"}],"about":[{"href":"https:\/\/aivie.ch\/fr\/wp-json\/wp\/v2\/types\/product"}],"replies":[{"embeddable":true,"href":"https:\/\/aivie.ch\/fr\/wp-json\/wp\/v2\/comments?post=26515"}],"wp:featuredmedia":[{"embeddable":true,"href":"https:\/\/aivie.ch\/fr\/wp-json\/wp\/v2\/media\/9207"}],"wp:attachment":[{"href":"https:\/\/aivie.ch\/fr\/wp-json\/wp\/v2\/media?parent=26515"}],"wp:term":[{"taxonomy":"product_brand","embeddable":true,"href":"https:\/\/aivie.ch\/fr\/wp-json\/wp\/v2\/product_brand?post=26515"},{"taxonomy":"product_cat","embeddable":true,"href":"https:\/\/aivie.ch\/fr\/wp-json\/wp\/v2\/product_cat?post=26515"},{"taxonomy":"product_tag","embeddable":true,"href":"https:\/\/aivie.ch\/fr\/wp-json\/wp\/v2\/product_tag?post=26515"}],"curies":[{"name":"wp","href":"https:\/\/api.w.org\/{rel}","templated":true}]}}