{"id":26508,"date":"2025-12-02T14:59:57","date_gmt":"2025-12-02T12:59:57","guid":{"rendered":"https:\/\/aivie.ch\/product\/plugin-mautic-createur-de-mails-et-de-pages-de-destination\/"},"modified":"2026-03-27T15:24:40","modified_gmt":"2026-03-27T13:24:40","slug":"plugin-mautic-createur-de-mails-et-de-pages-de-destination","status":"publish","type":"product","link":"https:\/\/aivie.ch\/fr\/produit\/plugin-mautic-createur-de-mails-et-de-pages-de-destination\/","title":{"rendered":"Builder Mautic pour e-mails et landing pages"},"content":{"rendered":"<h2>Cr\u00e9ateur d\u2019e-mails et de pages de destination pour Mautic<\/h2>\n<p>Le cr\u00e9ateur d\u2019e-mails Aivie enrichit la solution open source Mautic en lui ajoutant un environnement moderne, flexible et intuitif pour la cr\u00e9ation d\u2019e-mails professionnels. Con\u00e7u pour les sp\u00e9cialistes du marketing, les d\u00e9veloppeurs et les \u00e9quipes qui souhaitent cr\u00e9er des e-mails esth\u00e9tiques, fonctionnels et conformes \u00e0 l\u2019identit\u00e9 visuelle sans d\u00e9tour. <\/p>\n<h3>Cr\u00e9ation d\u2019e-mails conviviale<\/h3>\n<p>Le cr\u00e9ateur offre une interface claire avec des fonctions que vous connaissez gr\u00e2ce aux outils modernes \u2013 directement dans Mautic :<\/p>\n<ul>\n<li>D\u00e9finir et g\u00e9rer facilement les liens<\/li>\n<li>Couleurs et typographie automatiquement bas\u00e9es sur votre CI\/CD<\/li>\n<li>Nouvelles options de r\u00e9glage telles que les options de mise en page, par exemple des images en pleine largeur sur mobile<\/li>\n<li>Logique am\u00e9lior\u00e9e de copier-coller pour un travail fluide<\/li>\n<\/ul>\n<h3>Intelligent et structur\u00e9 : les calques<\/h3>\n<p>Gardez \u00e0 tout moment une vue d\u2019ensemble de chaque niveau de votre e-mail. Dans le gestionnaire de calques, vous voyez \u00e0 tout moment comment votre e-mail est structur\u00e9. De plus, vous pouvez masquer ou d\u00e9placer des calques individuels.  <\/p>\n<h3>Contenus dynamiques pour plus de pertinence<\/h3>\n<p>Misez sur des modules automatis\u00e9s tels que :<\/p>\n<ul>\n<li><strong>Blocs de flux RSS<\/strong> pour les actualit\u00e9s et les articles de blog<\/li>\n<li><strong>Compte \u00e0 rebours<\/strong> \u2013 id\u00e9al pour les actions urgentes telles que le Black Friday<\/li>\n<li><strong>Prise en charge TWIG<\/strong> compl\u00e8te pour votre propre logique et vos propres conditions<\/li>\n<\/ul>\n<h3>Modules r\u00e9utilisables<\/h3>\n<p>Enregistrez les blocs fr\u00e9quemment utilis\u00e9s, r\u00e9utilisez-les dans les campagnes futures et maintenez la coh\u00e9rence de votre design.<\/p>\n<h3>Mobile ou ordinateur ? Vous d\u00e9cidez <\/h3>\n<p>Affichez ou masquez des \u00e9l\u00e9ments de mani\u00e8re cibl\u00e9e en fonction du terminal. Ainsi, votre mise en page reste propre et clairement lisible partout. <\/p>\n<h3>Aper\u00e7u du client e-mail<\/h3>\n<p>Visualisez le rendu de votre e-mail directement dans l\u2019E-mail Builder \u2013 avant de le tester ou de l\u2019envoyer.<\/p>\n<h3>D\u00e9sactiver le suivi en un clic<\/h3>\n<p>Flexibilit\u00e9 pour la protection des donn\u00e9es ou les cas d\u2019utilisation sp\u00e9ciaux : activer ou d\u00e9sactiver le suivi, directement dans l\u2019\u00e9diteur.<\/p>\n<h3>\u00c9dition de code : Visual Studio Code directement int\u00e9gr\u00e9<\/h3>\n<p>Pour les d\u00e9veloppeurs, il existe le mode code avec Visual Studio Code. Parfait pour la finition, Custom MJML, TWIG et les mises en page complexes. <\/p>\n<ul>\n<li data-section-id=\"1rm5chk\" data-start=\"1809\" data-end=\"1865\">\u00c9diteur de code plus stable avec validation de code (Linting) pour MJML, TWIG et HTML<\/li>\n<li data-section-id=\"vapp9s\" data-start=\"1925\" data-end=\"1980\">Coloration syntaxique pour MJML, HTML, TWIG, JavaScript et CSS<\/li>\n<li>S\u00e9paration plus claire entre l&rsquo;\u00e9dition de texte et la structure<\/li>\n<li data-section-id=\"11vvjp1\" data-start=\"1981\" data-end=\"2034\">Blocs de code fr\u00e9quemment utilis\u00e9s int\u00e9gr\u00e9s pour un travail plus rapide (salutation, appartenance \u00e0 un segment, etc.)<\/li>\n<li data-section-id=\"11vvjp1\" data-start=\"1981\" data-end=\"2034\">Support JavaScript s\u00e9curis\u00e9 pour les pages de destination dynamiques<\/li>\n<\/ul>\n<h3 data-section-id=\"u5wded\" data-start=\"514\" data-end=\"579\">Contenus dynamiques (TWIG)<\/h3>\n<p data-start=\"581\" data-end=\"698\">Cr\u00e9ez des contenus hautement personnalis\u00e9s qui sont \u00e9valu\u00e9s lors de l&rsquo;envoi. Gr\u00e2ce \u00e0 l&rsquo;int\u00e9gration de TWIG dans le Builder et l&rsquo;\u00e9diteur de code, votre cr\u00e9ativit\u00e9 n&rsquo;a pas de limites : <\/p>\n<p data-start=\"922\" data-end=\"1049\">De plus, les contenus dynamiques sont affich\u00e9s de mani\u00e8re r\u00e9aliste dans le Builder, par exemple pour les flux RSS ou les contenus r\u00e9utilisables.<\/p>\n<h3>GrapesJS<\/h3>\n<p>Le builder Mautic d&rsquo;Aivie repose sur l&rsquo;\u00e9diteur open source GrapesJS. Il l&rsquo;enrichit de fonctionnalit\u00e9s sp\u00e9cifiquement adapt\u00e9es \u00e0 Mautic. Il en r\u00e9sulte un environnement d&rsquo;\u00e9dition fluide dans lequel les \u00e9quipes marketing peuvent cr\u00e9er et personnaliser du contenu de mani\u00e8re intuitive, tandis que l&rsquo;int\u00e9gration technique s&rsquo;harmonise parfaitement en arri\u00e8re-plan avec les structures de donn\u00e9es et les fonctionnalit\u00e9s de Mautic.  <\/p>\n<p>Pour les responsables marketing, cela signifie : les campagnes, les e-mails et les contenus se cr\u00e9ent plus rapidement et plus facilement. Parall\u00e8lement, les \u00e9quipes techniques b\u00e9n\u00e9ficient d&rsquo;une int\u00e9gration approfondie dans Mautic, de structures de donn\u00e9es claires et d&rsquo;une architecture qui s&rsquo;\u00e9tend de mani\u00e8re flexible et s&rsquo;adapte aux exigences individuelles. <\/p>\n<h3>D\u00e9mo vid\u00e9o de l&rsquo;Aivie Builder<\/h3>\n<p>[embedyt]<br \/>\n<iframe loading=\"lazy\" title=\"The new Aivie Email- and Landingpage Builder\" width=\"990\" height=\"557\" src=\"https:\/\/www.youtube.com\/embed\/8Cw4FtI8nYc?feature=oembed\" frameborder=\"0\" allow=\"accelerometer; autoplay; clipboard-write; encrypted-media; gyroscope; picture-in-picture; web-share\" referrerpolicy=\"strict-origin-when-cross-origin\" allowfullscreen><\/iframe><\/p>\n<p>Nos <a href=\"https:\/\/aivie.ch\/fr\/conditions-generales-de-vente\/\" target=\"_blank\" rel=\"noopener noreferrer\">conditions g\u00e9n\u00e9rales de vente<\/a> s&rsquo;appliquent.<\/p>\n\n<div class=\"alignfull wp-block-ugb-columns ugb-columns ugb-091e990 ugb-columns--design-plain ugb-columns--columns-2 ugb-main-block ugb-main-block--inner-center ugb--has-block-background\"><style>.ugb-091e990-content-wrapper{grid-column-gap:60px !important}.ugb-091e990.ugb-columns{background-color:#cfe7e1}.ugb-091e990.ugb-columns:before{background-color:#cfe7e1}<\/style><div class=\"ugb-inner-block ugb-inner-block--center\"><div class=\"ugb-block-content\"><div class=\"ugb-columns__item ugb-091e990-content-wrapper\">\n<div class=\"wp-block-ugb-column ugb-column ugb-d6f33f0 ugb-column--design-plain ugb-main-block\"><style>@media screen and (min-width:768px){.ugb-d6f33f0.ugb-column{margin-top:0px !important}.ugb-d6f33f0 > .ugb-inner-block > .ugb-block-content > *{justify-content:flex-end}}.ugb-d6f33f0 > .ugb-inner-block > .ugb-block-content > *{justify-content:flex-end !important}@media screen and (min-width:768px){.ugb-d6f33f0 > .ugb-inner-block > .ugb-block-content > *{padding-top:0px !important;padding-bottom:0px !important;padding-right:0px !important;padding-left:0px !important}}<\/style><div class=\"ugb-inner-block\"><div class=\"ugb-block-content\"><div class=\"ugb-column__item ugb-d6f33f0-column-wrapper\"><div class=\"ugb-column__content-wrapper\">\n<div class=\"wp-block-ugb-heading ugb-heading ugb-48550e9 ugb-main-block\"><div class=\"ugb-inner-block\"><div class=\"ugb-block-content\"><h2 class=\"ugb-heading__title\"><span style=\"color: #e63312;\" class=\"stk-highlight\">Lass deine Kontakte nicht warten.<\/span><\/h2><\/div><\/div><\/div>\n\n\n\n<figure class=\"wp-block-image size-full is-style-default\"><img decoding=\"async\" src=\"https:\/\/cdn.aivie.ch\/media\/wp\/2022\/09\/06100554\/Aivie-Free.webp\" alt=\"Marketing Automation Aivie-Free\" class=\"wp-image-11417\" title=\"\"><\/figure>\n<\/div><\/div><\/div><\/div><\/div>\n\n\n\n<div class=\"wp-block-ugb-column ugb-column ugb-6da6590 ugb-column--design-plain ugb-main-block\"><div class=\"ugb-inner-block\"><div class=\"ugb-block-content\"><div class=\"ugb-column__item ugb-6da6590-column-wrapper\"><div class=\"ugb-column__content-wrapper\">\n<div class=\"wp-block-ugb-heading ugb-heading ugb-dab8255 ugb-main-block\"><style>.ugb-dab8255 .ugb-heading__title{color:#283e4c}<\/style><div class=\"ugb-inner-block\"><div class=\"ugb-block-content\"><h2 class=\"ugb-heading__title\"><span style=\"color: #283e4c;\" class=\"ugb-highlight\">Kostenlos mit Aivie starten<\/span>.<\/h2><p class=\"ugb-heading__subtitle\">Nutze Aivie 30 Tage lang kostenlos und pr\u00fcfe wie du dank Aivie deine Kontakte gezielt erreichen kannst. Aivie bietet dir schon im Trial alle M\u00f6glichkeiten der Vollversion.<br><br>Probier es jetzt einfach aus.<\/p><\/div><\/div><\/div>\n\n\n\n<div class=\"wp-block-ugb-button ugb-button-wrapper ugb-f7ceaee ugb-main-block\"><style>.ugb-f7ceaee .ugb-block-content{justify-content:flex-start !important}.ugb-f7ceaee .ugb-inner-block{text-align:left}<\/style><div class=\"ugb-inner-block\"><div class=\"ugb-block-content\"><div class=\"ugb-button-container\"><a class=\"ugb-button1 ugb-button ugb-button--size-normal\" href=\"https:\/\/aivie.ch\/preise-pakete\/#price\" rel=\"\" title=\"\"><span class=\"ugb-button--inner\">Kostenlos starten<\/span><\/a><\/div><div class=\"ugb-button-container\"><a class=\"ugb-button2 ugb-button ugb-button--size-normal ugb-button--design-plain\" href=\"https:\/\/aivie.ch\/author\/martin\/\" rel=\"\" title=\"\"><span class=\"ugb-button--inner\">Demo vereinbaren<\/span><\/a><\/div><\/div><\/div><\/div>\n<\/div><\/div><\/div><\/div><\/div>\n<\/div><\/div><\/div><\/div>\n\n<h3 data-section-id=\"72bw7i\" data-start=\"1702\" data-end=\"1747\">Cr\u00e9ation assist\u00e9e par l&rsquo;IA avec l&rsquo;Assistant E-mail<\/h3>\n<p data-start=\"1748\" data-end=\"1860\">Cr\u00e9ez du contenu plus rapidement gr\u00e2ce \u00e0 l\u2019IA :<br \/>\n<a href=\"https:\/\/aivie.ch\/fr\/produit\/plugin-mautic-chatgpt\/\">https:\/\/aivie.ch\/product\/mautic-chatgpt-plugin\/<\/a><\/p>\n","protected":false},"excerpt":{"rendered":"<p>Cr\u00e9ez des e-mails et pages de destination Mautic modernes, dynamiques et conformes \u00e0 votre charte graphique plus vite que jamais \u2013 avec le Mautic Builder d\u2019Aivie.<\/p>\n","protected":false},"featured_media":24895,"comment_status":"closed","ping_status":"closed","template":"","meta":{"_acf_changed":false},"product_brand":[],"product_cat":[828],"product_tag":[1216,734,1217,1215,1694],"class_list":{"0":"post-26508","1":"product","2":"type-product","3":"status-publish","4":"has-post-thumbnail","6":"product_cat-plugin-mautic","7":"product_tag-courrier-electronique","8":"product_tag-mautic-fr","9":"product_tag-mjml","10":"product_tag-page-de-destination","11":"product_tag-twig","13":"first","14":"instock","15":"downloadable","16":"virtual","17":"taxable","18":"purchasable","19":"product-type-subscription"},"acf":[],"featured_image_urls_v2":{"full":["https:\/\/cdn.aivie.ch\/media\/wp\/2025\/10\/14211523\/aivie-upgrade-neue-features-mehr-usability-und-ein-modernes-nutzererlebnis.png",1500,1000,false],"thumbnail":["https:\/\/cdn.aivie.ch\/media\/wp\/2025\/10\/14211523\/aivie-upgrade-neue-features-mehr-usability-und-ein-modernes-nutzererlebnis-240x240.png",240,240,true],"medium":["https:\/\/cdn.aivie.ch\/media\/wp\/2025\/10\/14211523\/aivie-upgrade-neue-features-mehr-usability-und-ein-modernes-nutzererlebnis-960x640.png",960,640,true],"medium_large":["https:\/\/cdn.aivie.ch\/media\/wp\/2025\/10\/14211523\/aivie-upgrade-neue-features-mehr-usability-und-ein-modernes-nutzererlebnis-768x512.png",768,512,true],"large":["https:\/\/cdn.aivie.ch\/media\/wp\/2025\/10\/14211523\/aivie-upgrade-neue-features-mehr-usability-und-ein-modernes-nutzererlebnis.png",990,660,false],"post-thumbnail":["https:\/\/cdn.aivie.ch\/media\/wp\/2025\/10\/14211523\/aivie-upgrade-neue-features-mehr-usability-und-ein-modernes-nutzererlebnis-1200x800.png",1200,800,true],"aiv_480w":["https:\/\/cdn.aivie.ch\/media\/wp\/2025\/10\/14211523\/aivie-upgrade-neue-features-mehr-usability-und-ein-modernes-nutzererlebnis-480x320.png",480,320,true],"woocommerce_thumbnail":["https:\/\/cdn.aivie.ch\/media\/wp\/2025\/10\/14211523\/aivie-upgrade-neue-features-mehr-usability-und-ein-modernes-nutzererlebnis-240x240.png",240,240,true],"woocommerce_single":["https:\/\/cdn.aivie.ch\/media\/wp\/2025\/10\/14211523\/aivie-upgrade-neue-features-mehr-usability-und-ein-modernes-nutzererlebnis-960x640.png",960,640,true],"woocommerce_gallery_thumbnail":["https:\/\/cdn.aivie.ch\/media\/wp\/2025\/10\/14211523\/aivie-upgrade-neue-features-mehr-usability-und-ein-modernes-nutzererlebnis-240x240.png",240,240,true]},"post_excerpt_stackable_v2":"<p>Cr\u00e9ez des e-mails et pages de destination Mautic modernes, dynamiques et conformes \u00e0 votre charte graphique plus vite que jamais \u2013 avec le Mautic Builder d\u2019Aivie.<\/p>\n","category_list_v2":"","author_info_v2":{"name":"","url":""},"comments_num_v2":"0 commentaire","_links":{"self":[{"href":"https:\/\/aivie.ch\/fr\/wp-json\/wp\/v2\/product\/26508","targetHints":{"allow":["GET"]}}],"collection":[{"href":"https:\/\/aivie.ch\/fr\/wp-json\/wp\/v2\/product"}],"about":[{"href":"https:\/\/aivie.ch\/fr\/wp-json\/wp\/v2\/types\/product"}],"replies":[{"embeddable":true,"href":"https:\/\/aivie.ch\/fr\/wp-json\/wp\/v2\/comments?post=26508"}],"wp:featuredmedia":[{"embeddable":true,"href":"https:\/\/aivie.ch\/fr\/wp-json\/wp\/v2\/media\/24895"}],"wp:attachment":[{"href":"https:\/\/aivie.ch\/fr\/wp-json\/wp\/v2\/media?parent=26508"}],"wp:term":[{"taxonomy":"product_brand","embeddable":true,"href":"https:\/\/aivie.ch\/fr\/wp-json\/wp\/v2\/product_brand?post=26508"},{"taxonomy":"product_cat","embeddable":true,"href":"https:\/\/aivie.ch\/fr\/wp-json\/wp\/v2\/product_cat?post=26508"},{"taxonomy":"product_tag","embeddable":true,"href":"https:\/\/aivie.ch\/fr\/wp-json\/wp\/v2\/product_tag?post=26508"}],"curies":[{"name":"wp","href":"https:\/\/api.w.org\/{rel}","templated":true}]}}